{"id":109,"date":"2016-01-18T11:18:58","date_gmt":"2016-01-18T10:18:58","guid":{"rendered":"http:\/\/new.sgs-sss.ch\/new\/?page_id=109"},"modified":"2025-09-02T12:32:55","modified_gmt":"2025-09-02T10:32:55","slug":"werden-sie-mitglied","status":"publish","type":"page","link":"https:\/\/www.sgs-sss.ch\/de\/die-gesellschaft\/werden-sie-mitglied\/","title":{"rendered":"Werden Sie Mitglied"},"content":{"rendered":"\n<style type=\"text\/css\" data-created_by=\"avia_inline_auto\" id=\"style-css-av-6kfpdp-0d1dadbf558398d436e07e2effb630e1\">\n.avia-section.av-6kfpdp-0d1dadbf558398d436e07e2effb630e1{\nbackground-color:#ffffff;\nbackground-image:unset;\n}\n<\/style>\n<div id='av_section_1'  class='avia-section av-6kfpdp-0d1dadbf558398d436e07e2effb630e1 main_color avia-section-default avia-no-shadow  avia-builder-el-0  el_before_av_section  avia-builder-el-first  avia-bg-style-scroll container_wrap fullsize'  ><div class='container av-section-cont-open' ><main  role=\"main\" itemprop=\"mainContentOfPage\"  class='template-page content  av-content-full alpha units'><div class='post-entry post-entry-type-page post-entry-109'><div class='entry-content-wrapper clearfix'>\n\n<style type=\"text\/css\" data-created_by=\"avia_inline_auto\" id=\"style-css-av-6baefx-3cb2628b465f90064c93fe3727f5c970\">\n#top .av-special-heading.av-6baefx-3cb2628b465f90064c93fe3727f5c970{\npadding-bottom:25px;\n}\nbody .av-special-heading.av-6baefx-3cb2628b465f90064c93fe3727f5c970 .av-special-heading-tag .heading-char{\nfont-size:25px;\n}\n.av-special-heading.av-6baefx-3cb2628b465f90064c93fe3727f5c970 .av-subheading{\nfont-size:15px;\n}\n<\/style>\n<div  class='av-special-heading av-6baefx-3cb2628b465f90064c93fe3727f5c970 av-special-heading-h2  avia-builder-el-1  el_before_av_two_third  avia-builder-el-first '><h2 class='av-special-heading-tag '  itemprop=\"headline\"  >WERDEN SIE MITGLIED<\/h2><div class=\"special-heading-border\"><div class=\"special-heading-inner-border\"><\/div><\/div><\/div>\n\n<style type=\"text\/css\" data-created_by=\"avia_inline_auto\" id=\"style-css-av-md5f9-a64c8f1ea230896487f0226719a71c97\">\n.flex_column.av-md5f9-a64c8f1ea230896487f0226719a71c97{\nborder-radius:0px 0px 0px 0px;\npadding:20px 20px 20px 20px;\n}\n<\/style>\n<div  class='flex_column av-md5f9-a64c8f1ea230896487f0226719a71c97 av_two_third  avia-builder-el-2  el_after_av_heading  el_before_av_one_third  first flex_column_div  '     ><section  class='av_textblock_section av-63ny1h-46e26585a115302a51e24d073b56af1b '   itemscope=\"itemscope\" itemtype=\"https:\/\/schema.org\/CreativeWork\" ><div class='avia_textblock'  itemprop=\"text\" ><p style=\"font-weight: 400;\">Jede Soziolog:in oder Freund:in der Soziologie ist herzlich eingeladen, Mitglied der SGS zu werden!<\/p>\n<p>Schauen Sie sich den <a href=\"https:\/\/www.sgs-sss.ch\/wp-content\/uploads\/2023\/11\/doc_A5_DE.pdf\">Flyer der SGS<\/a> an.<\/p>\n<p style=\"font-weight: 400;\">Die SGS freut sich, ab 2023 neue Mitgliedschaftsbeitr\u00e4ge bekannt zu geben. Ab jetzt gibt es erm\u00e4ssigte Tarife f\u00fcr Studenten und alle Mitglieder sowie eine Vereinfachung der Mitgliedschaftskategorien.<\/p>\n<p><span style=\"font-weight: 400;\">Ausserdem wird die Schweizerische Zeitschrift f\u00fcr Soziologie im Laufe des Jahres 2023 nur noch online erscheinen. Im Zuge dieser Umstellung wird die\u00a0Schweizerische Zeitschrift f\u00fcr Soziologie in gedruckter Form nur noch gegen eine zus\u00e4tzliche Geb\u00fchr (+50 CHF pro Mitglied) erh\u00e4ltlich sein.<\/span><\/p>\n<h3>J\u00e4hrlicher Mitgliedsbeitrag:<\/h3>\n<\/div><\/section><br \/>\n<div class='avia-data-table-wrap av-5v2c7h-1909ef82d50466416011c23ead5931a4 avia_responsive_table avia-table-1'><table  class='avia-table avia-data-table avia_pricing_default  avia-builder-el-4  el_after_av_textblock  el_before_av_textblock '  itemscope=\"itemscope\" itemtype=\"https:\/\/schema.org\/Table\" ><tbody><tr class=''><td class=''>Studierende (Bachelor- oder Masterstudierende, Doktorand:innen)<\/td><td class=''>CHF 50.-<\/td><\/tr><tr class=''><td class=''>Mitglieder mit befristetem Arbeitsvertrag,<br \/>\nMitglieder ohne Arbeitsvertrag (in Pension, erwerbslos)<\/td><td class=''>CHF 150.-<\/td><\/tr><tr class=''><td class=''>Mitglieder mit unbefristetem Arbeitsvertrag<\/td><td class=''>CHF 200.-<\/td><\/tr><tr class=''><td class=''>Zusatzgeb\u00fchr f\u00fcr die gedruckte Ausgabe der Schweizerischen Zeitschrift f\u00fcr Soziologie (3 Ausgaben pro Jahr) <\/td><td class=''>CHF 50.-<\/td><\/tr><tr class=''><td class=''>Institutionelle Mitgliedschaft (inkl. Schweizerische Zeitschrift f\u00fcr Soziologie)<br \/>\n(nur f\u00fcr Institutionen; dies gilt nicht f\u00fcr die Einzelmitgliedschaft von Institutsmitarbeitenden)<\/td><td class=''>CHF 300.-<\/td><\/tr><\/tbody><\/table><\/div><br \/>\n<section  class='av_textblock_section av-39bset-e12acaf11cb7cd65e4f8e5001e44bcbe '   itemscope=\"itemscope\" itemtype=\"https:\/\/schema.org\/CreativeWork\" ><div class='avia_textblock'  itemprop=\"text\" ><p style=\"font-weight: 400;\">Institutionelle Spenden sind willkommen, bitte wenden Sie sich an unser Sekretariat, um weitere Informationen zu erhalten, wie Sie eine Spende t\u00e4tigen k\u00f6nnen (info@sgs-sss.ch).<\/p>\n<h3>Im Jahresbeitrag sind inbegriffen:<\/h3>\n<ul style=\"margin-left: 20px; margin-top: 20px;\">\n<li>Regelm\u00e4ssige Informationen \u00fcber die Schweizerischen Zeitschrift f\u00fcr Soziologie (3 \u00a0Hefte pro Jahr, online only)<\/li>\n<li>das elektronische Bulletin der Gesellschaft (2 Ausgaben pro Jahr)<\/li>\n<li>der elektronische Newsletter (mind. 3 Vers\u00e4nde pro Jahr)<\/li>\n<li>verg\u00fcnstigte Tarife an Kongressen und Tagungen der SGS<\/li>\n<li>50% Rabatt auf ein Buch des Seismo Verlags pro Jahr<\/li>\n<li>Mitgliedschaft in unseren Forschungskomitees (je nach Interesse)<\/li>\n<\/ul>\n<p>Werden Sie Mitglied und unterst\u00fctzen Sie die Stimme der Soziologie in der schweizerischen \u00d6ffentlichkeit!<\/p>\n<\/div><\/section><\/p><\/div>\n<style type=\"text\/css\" data-created_by=\"avia_inline_auto\" id=\"style-css-av-3323et-41b938d736924e018c83238625df3787\">\n.flex_column.av-3323et-41b938d736924e018c83238625df3787{\nborder-radius:0px 0px 0px 0px;\npadding:20px 20px 20px 20px;\n}\n<\/style>\n<div  class='flex_column av-3323et-41b938d736924e018c83238625df3787 av_one_third  avia-builder-el-6  el_after_av_two_third  avia-builder-el-last  flex_column_div  '     ><section  class='av_textblock_section av-2vvucd-f8fe5d57db37833313828c213fbee418 '   itemscope=\"itemscope\" itemtype=\"https:\/\/schema.org\/CreativeWork\" ><div class='avia_textblock'  itemprop=\"text\" ><p><a href=\"https:\/\/www.sgs-sss.ch\/wp-content\/uploads\/2023\/12\/Bildschirmfoto-2023-12-04-um-17.40.19.png\"><img loading=\"lazy\" decoding=\"async\" class=\"alignnone size-full wp-image-20078\" src=\"https:\/\/www.sgs-sss.ch\/wp-content\/uploads\/2023\/12\/Bildschirmfoto-2023-12-04-um-17.40.19.png\" alt=\"\" width=\"926\" height=\"1310\" srcset=\"https:\/\/www.sgs-sss.ch\/wp-content\/uploads\/2023\/12\/Bildschirmfoto-2023-12-04-um-17.40.19.png 926w, https:\/\/www.sgs-sss.ch\/wp-content\/uploads\/2023\/12\/Bildschirmfoto-2023-12-04-um-17.40.19-212x300.png 212w, https:\/\/www.sgs-sss.ch\/wp-content\/uploads\/2023\/12\/Bildschirmfoto-2023-12-04-um-17.40.19-728x1030.png 728w, https:\/\/www.sgs-sss.ch\/wp-content\/uploads\/2023\/12\/Bildschirmfoto-2023-12-04-um-17.40.19-768x1086.png 768w, https:\/\/www.sgs-sss.ch\/wp-content\/uploads\/2023\/12\/Bildschirmfoto-2023-12-04-um-17.40.19-498x705.png 498w, https:\/\/www.sgs-sss.ch\/wp-content\/uploads\/2023\/12\/Bildschirmfoto-2023-12-04-um-17.40.19-450x637.png 450w\" sizes=\"auto, (max-width: 926px) 100vw, 926px\" \/><\/a><\/p>\n<\/div><\/section><\/div>\n\n<\/div><\/div><\/main><!-- close content main element --><\/div><\/div>\n<style type=\"text\/css\" data-created_by=\"avia_inline_auto\" id=\"style-css-av-2s92s5-5ea97e430cff48ec05fc00a1d3f60665\">\n.avia-section.av-2s92s5-5ea97e430cff48ec05fc00a1d3f60665{\nbackground-color:#eeeeee;\nbackground-image:unset;\n}\n<\/style>\n<div id='av_section_2'  class='avia-section av-2s92s5-5ea97e430cff48ec05fc00a1d3f60665 main_color avia-section-default avia-no-shadow  avia-builder-el-8  el_after_av_section  avia-builder-el-last  avia-bg-style-scroll container_wrap fullsize'  ><div class='container av-section-cont-open' ><div class='template-page content  av-content-full alpha units'><div class='post-entry post-entry-type-page post-entry-109'><div class='entry-content-wrapper clearfix'>\n\n<style type=\"text\/css\" data-created_by=\"avia_inline_auto\" id=\"style-css-av-2kfujx-42b4e9891ab3f8a6366427abb7a91fd0\">\n#top .av-special-heading.av-2kfujx-42b4e9891ab3f8a6366427abb7a91fd0{\npadding-bottom:25px;\n}\nbody .av-special-heading.av-2kfujx-42b4e9891ab3f8a6366427abb7a91fd0 .av-special-heading-tag .heading-char{\nfont-size:25px;\n}\n.av-special-heading.av-2kfujx-42b4e9891ab3f8a6366427abb7a91fd0 .av-subheading{\nfont-size:15px;\n}\n<\/style>\n<div  class='av-special-heading av-2kfujx-42b4e9891ab3f8a6366427abb7a91fd0 av-special-heading-h3  avia-builder-el-9  el_before_av_contact  avia-builder-el-first '><h3 class='av-special-heading-tag '  itemprop=\"headline\"  >Einschreibung<\/h3><div class=\"special-heading-border\"><div class=\"special-heading-inner-border\"><\/div><\/div><\/div>\n<form action=\"https:\/\/www.sgs-sss.ch\/de\/die-gesellschaft\/werden-sie-mitglied\/\" method=\"post\" data-fields-with-error=\"Fehler wurden in folgenden Feld(ern) gefunden:\" class=\"avia_ajax_form av-form-labels-hidden   avia-builder-el-10  el_after_av_heading  el_before_av_hr   \" data-avia-form-id=\"1\" data-avia-redirect='' ><fieldset><p class='  first_form  form_element form_element_half' id='element_avia_1_1'><label for=\"avia_1_1\">Name <abbr class=\"required\" title=\"ben\u00f6tigt\">*<\/abbr><\/label> <input name=\"avia_1_1\" class=\"text_input is_empty\" type=\"text\" id=\"avia_1_1\" value=\"\"  placeholder='Name*'\/><\/p><p class='  form_element form_element_half' id='element_avia_2_1'><label for=\"avia_2_1\">Vorname(n) <abbr class=\"required\" title=\"ben\u00f6tigt\">*<\/abbr><\/label> <input name=\"avia_2_1\" class=\"text_input is_empty\" type=\"text\" id=\"avia_2_1\" value=\"\"  placeholder='Vorname(n)*'\/><\/p><p class='  first_form  form_element form_element_half' id='element_avia_3_1'><label for=\"avia_3_1\">Akademischer Titel<\/label> <input name=\"avia_3_1\" class=\"text_input \" type=\"text\" id=\"avia_3_1\" value=\"\"  placeholder='Akademischer Titel'\/><\/p><p class='  form_element form_element_half' id='element_avia_4_1'><label for=\"avia_4_1\">Beruf <abbr class=\"required\" title=\"ben\u00f6tigt\">*<\/abbr><\/label> <input name=\"avia_4_1\" class=\"text_input is_empty\" type=\"text\" id=\"avia_4_1\" value=\"\"  placeholder='Beruf*'\/><\/p><p class='  first_form  form_element form_element_half' id='element_avia_5_1'><label for=\"avia_5_1\">Strasse <abbr class=\"required\" title=\"ben\u00f6tigt\">*<\/abbr><\/label> <input name=\"avia_5_1\" class=\"text_input is_empty\" type=\"text\" id=\"avia_5_1\" value=\"\"  placeholder='Strasse*'\/><\/p><p class='  form_element form_element_half' id='element_avia_6_1'><label for=\"avia_6_1\">PLZ und Stadt <abbr class=\"required\" title=\"ben\u00f6tigt\">*<\/abbr><\/label> <input name=\"avia_6_1\" class=\"text_input is_empty\" type=\"text\" id=\"avia_6_1\" value=\"\"  placeholder='PLZ und Stadt*'\/><\/p><p class='  first_form  form_element form_element_half' id='element_avia_7_1'><label for=\"avia_7_1\">E-Mail <abbr class=\"required\" title=\"ben\u00f6tigt\">*<\/abbr><\/label> <input name=\"avia_7_1\" class=\"text_input is_email\" type=\"text\" id=\"avia_7_1\" value=\"\"  placeholder='E-Mail*'\/><\/p><p class='  form_element form_element_half' id='element_avia_8_1'><label for=\"avia_8_1\">Homepage<\/label> <input name=\"avia_8_1\" class=\"text_input \" type=\"text\" id=\"avia_8_1\" value=\"\"  placeholder='Homepage'\/><\/p><p class='  first_form  form_element form_fullwidth' id='element_avia_9_1'><label for=\"avia_9_1\">Mitgliedschaft \/ Entrichteter Jahresbeitrag <abbr class=\"required\" title=\"ben\u00f6tigt\">*<\/abbr><\/label><select  name=\"avia_9_1\" class=\"select is_empty\" id=\"avia_9_1\"><option class=\"av-placeholder\" disabled=\"disabled\" selected=\"selected\" value=''>Mitgliedschaft \/ Entrichteter Jahresbeitrag*<\/option><option   value='Studierende \/ Doktorand:innen: CHF 50.-'>Studierende \/ Doktorand:innen: CHF 50.-<\/option><option   value='Mitglieder mit befristetem Arbeitsvertrag \/ Mitglieder ohne Arbeitsvertrag (in Pension \/ erwerbslos): CHF 150.-'>Mitglieder mit befristetem Arbeitsvertrag \/ Mitglieder ohne Arbeitsvertrag (in Pension \/ erwerbslos): CHF 150.-<\/option><option   value='Mitglieder mit unbefristetem Arbeitsvertrag: CHF 200.-'>Mitglieder mit unbefristetem Arbeitsvertrag: CHF 200.-<\/option><option   value='Kollektivmitglied: CHF 300.-'>Kollektivmitglied: CHF 300.-<\/option><\/select><\/p><p class='  first_form  form_element form_fullwidth' id='element_avia_10_1'><input  name=\"avia_10_1\" class=\"input_checkbox \" type=\"checkbox\" id=\"avia_10_1\" value=\"true\"\/><label class=\"input_checkbox_label\" for=\"avia_10_1\">Zus\u00e4tzliche Kosten f\u00fcr das gedruckte Exemplar der Zeitschrift (3 Ausgaben pro Jahr) CHF 50.00<\/label><\/p><p class='  first_form  form_element form_fullwidth av-last-visible-form-element' id='element_avia_11_1'><label for=\"avia_11_1\">F\u00fcr welches Forschungskomitee sind Sie interessiert ?<\/label><select  name=\"avia_11_1\" class=\"select \" id=\"avia_11_1\"><option class=\"av-placeholder\" disabled=\"disabled\" selected=\"selected\" value=''>F\u00fcr welches Forschungskomitee sind Sie interessiert ?<\/option><option   value='Bildungssoziologie'>Bildungssoziologie<\/option><option   value='Geschlechterforschung'>Geschlechterforschung<\/option><option   value='Gesundheit- und Medizinsoziologie'>Gesundheit- und Medizinsoziologie<\/option><option   value='Interpretative Sozialforschung'>Interpretative Sozialforschung<\/option><option   value='Kunst- und Kultursoziologie'>Kunst- und Kultursoziologie<\/option><option   value='Lebenslauf'>Lebenslauf<\/option><option   value='Migration-Minderheiten'>Migration-Minderheiten<\/option><option   value='Organisation und Gesellschaft'>Organisation und Gesellschaft<\/option><option   value='Rechtssoziologie'>Rechtssoziologie<\/option><option   value='Religion und Gesellschaft'>Religion und Gesellschaft<\/option><option   value='Soziale Probleme'>Soziale Probleme<\/option><option   value='Soziologische Theorie'>Soziologische Theorie<\/option><option   value='Sportsoziologie'>Sportsoziologie<\/option><option   value='Stadtsoziologie'>Stadtsoziologie<\/option><option   value='Wirtschaftssoziologie'>Wirtschaftssoziologie<\/option><\/select><\/p><p class=\"hidden\"><input type=\"text\" name=\"avia_12_1\" class=\"hidden \" id=\"avia_12_1\" value=\"\" \/><\/p><p class=\"form_element \"><input type=\"hidden\" value=\"1\" name=\"avia_generated_form1\" \/><input type=\"submit\" value=\"Mitglied werden\" class=\"button\"  data-sending-label=\"Sende\"\/><\/p><\/fieldset><\/form><div id=\"ajaxresponse_1\" class=\"ajaxresponse ajaxresponse_1 hidden\"><\/div>\n<div  class='hr av-g5j9p-24281a52f717e21fd1a0dc41729e88b0 hr-default  avia-builder-el-11  el_after_av_contact  el_before_av_textblock '><span class='hr-inner '><span class=\"hr-inner-style\"><\/span><\/span><\/div>\n<section  class='av_textblock_section av-9kcot-f6b840df59a319971aea358950695fdd '   itemscope=\"itemscope\" itemtype=\"https:\/\/schema.org\/CreativeWork\" ><div class='avia_textblock'  itemprop=\"text\" ><h4>Ihre Beitrittserkl\u00e4rung in Papierform k\u00f6nnen Sie an folgende Adresse senden:<\/h4>\n<p style=\"padding-left: 30px; padding-top: 20px;\">Schweizerische Gesellschaft f\u00fcr Soziologie<br \/>\nSekretariat<br \/>\nc\/o Seismo Verlag<br \/>\nSozialwissenschaften und Gesellschaftsfragen AG<br \/>\nZeltweg 27<br \/>\nCH-8032 Z\u00fcrich<\/p>\n<p><strong>Oder per Mail an: info@sgs-sss.ch<\/strong><\/p>\n<\/div><\/section>\n\n","protected":false},"excerpt":{"rendered":"","protected":false},"author":1,"featured_media":0,"parent":21,"menu_order":0,"comment_status":"closed","ping_status":"closed","template":"","meta":{"footnotes":""},"class_list":["post-109","page","type-page","status-publish","hentry"],"_links":{"self":[{"href":"https:\/\/www.sgs-sss.ch\/de\/wp-json\/wp\/v2\/pages\/109","targetHints":{"allow":["GET"]}}],"collection":[{"href":"https:\/\/www.sgs-sss.ch\/de\/wp-json\/wp\/v2\/pages"}],"about":[{"href":"https:\/\/www.sgs-sss.ch\/de\/wp-json\/wp\/v2\/types\/page"}],"author":[{"embeddable":true,"href":"https:\/\/www.sgs-sss.ch\/de\/wp-json\/wp\/v2\/users\/1"}],"replies":[{"embeddable":true,"href":"https:\/\/www.sgs-sss.ch\/de\/wp-json\/wp\/v2\/comments?post=109"}],"version-history":[{"count":69,"href":"https:\/\/www.sgs-sss.ch\/de\/wp-json\/wp\/v2\/pages\/109\/revisions"}],"predecessor-version":[{"id":22081,"href":"https:\/\/www.sgs-sss.ch\/de\/wp-json\/wp\/v2\/pages\/109\/revisions\/22081"}],"up":[{"embeddable":true,"href":"https:\/\/www.sgs-sss.ch\/de\/wp-json\/wp\/v2\/pages\/21"}],"wp:attachment":[{"href":"https:\/\/www.sgs-sss.ch\/de\/wp-json\/wp\/v2\/media?parent=109"}],"curies":[{"name":"wp","href":"https:\/\/api.w.org\/{rel}","templated":true}]}}