{"id":18751,"date":"2023-06-01T17:54:00","date_gmt":"2023-06-01T15:54:00","guid":{"rendered":"https:\/\/www.sgs-sss.ch\/?page_id=18751"},"modified":"2023-06-13T10:25:22","modified_gmt":"2023-06-13T08:25:22","slug":"kongress-2024-in-basel","status":"publish","type":"page","link":"https:\/\/www.sgs-sss.ch\/de\/die-gesellschaft\/kongresse\/kongress-2024-in-basel\/","title":{"rendered":"Kongress 2024 in Basel"},"content":{"rendered":"\n<style type=\"text\/css\" data-created_by=\"avia_inline_auto\" id=\"style-css-av-av_section-fb37fa88fbca848c7e29aff3fecdfcf1\">\n.avia-section.av-av_section-fb37fa88fbca848c7e29aff3fecdfcf1{\nbackground-color:#ffffff;\nbackground-image:unset;\n}\n<\/style>\n<div id='av_section_1'  class='avia-section av-av_section-fb37fa88fbca848c7e29aff3fecdfcf1 main_color avia-section-default avia-no-shadow  avia-builder-el-0  avia-builder-el-no-sibling  avia-bg-style-scroll container_wrap fullsize'  ><div class='container av-section-cont-open' ><main  role=\"main\" itemprop=\"mainContentOfPage\"  class='template-page content  av-content-full alpha units'><div class='post-entry post-entry-type-page post-entry-18751'><div class='entry-content-wrapper clearfix'>\n\n<style type=\"text\/css\" data-created_by=\"avia_inline_auto\" id=\"style-css-av-av_heading-b85bcf7aca73a0afe83db27d3334c5f1\">\n#top .av-special-heading.av-av_heading-b85bcf7aca73a0afe83db27d3334c5f1{\npadding-bottom:25px;\n}\nbody .av-special-heading.av-av_heading-b85bcf7aca73a0afe83db27d3334c5f1 .av-special-heading-tag .heading-char{\nfont-size:25px;\n}\n.av-special-heading.av-av_heading-b85bcf7aca73a0afe83db27d3334c5f1 .av-subheading{\nfont-size:15px;\n}\n<\/style>\n<div  class='av-special-heading av-av_heading-b85bcf7aca73a0afe83db27d3334c5f1 av-special-heading-h2  avia-builder-el-1  el_before_av_one_fourth  avia-builder-el-first '><h2 class='av-special-heading-tag '  itemprop=\"headline\"  >Basel 2024<\/h2><div class=\"special-heading-border\"><div class=\"special-heading-inner-border\"><\/div><\/div><\/div>\n<div class='flex_column_table av-av_one_fourth-b049c6ec7158fc12ec54afea5920189d sc-av_one_fourth av-equal-height-column-flextable'>\n<style type=\"text\/css\" data-created_by=\"avia_inline_auto\" id=\"style-css-av-av_one_fourth-b049c6ec7158fc12ec54afea5920189d\">\n.flex_column.av-av_one_fourth-b049c6ec7158fc12ec54afea5920189d{\nborder-radius:0px 0px 0px 0px;\npadding:20px 0px 0px 0px;\n}\n<\/style>\n<div  class='flex_column av-av_one_fourth-b049c6ec7158fc12ec54afea5920189d av_one_fourth  avia-builder-el-2  el_after_av_heading  el_before_av_three_fourth  first flex_column_table_cell av-equal-height-column av-align-top  '     ><style type=\"text\/css\" data-created_by=\"avia_inline_auto\" id=\"style-css-av-av_image-bd2b101037dffd68f484d29732306a04\">\n.avia-image-container.av-av_image-bd2b101037dffd68f484d29732306a04 img.avia_image{\nbox-shadow:none;\n}\n.avia-image-container.av-av_image-bd2b101037dffd68f484d29732306a04 .av-image-caption-overlay-center{\ncolor:#ffffff;\n}\n<\/style>\n<div  class='avia-image-container av-av_image-bd2b101037dffd68f484d29732306a04 av-styling- avia-align-center  avia-builder-el-3  avia-builder-el-no-sibling '   itemprop=\"image\" itemscope=\"itemscope\" itemtype=\"https:\/\/schema.org\/ImageObject\" ><div class=\"avia-image-container-inner\"><div class=\"avia-image-overlay-wrap\"><img decoding=\"async\" fetchpriority=\"high\" class='wp-image-18870 avia-img-lazy-loading-not-18870 avia_image ' src=\"https:\/\/www.sgs-sss.ch\/wp-content\/uploads\/2023\/06\/3D80238F-24C2-4837-9C47-FB77E48AD2A7_4_5005_c-300x77.jpeg\" alt='' title='3D80238F-24C2-4837-9C47-FB77E48AD2A7_4_5005_c'  height=\"77\" width=\"300\"  itemprop=\"thumbnailUrl\" srcset=\"https:\/\/www.sgs-sss.ch\/wp-content\/uploads\/2023\/06\/3D80238F-24C2-4837-9C47-FB77E48AD2A7_4_5005_c-300x77.jpeg 300w, https:\/\/www.sgs-sss.ch\/wp-content\/uploads\/2023\/06\/3D80238F-24C2-4837-9C47-FB77E48AD2A7_4_5005_c-1030x263.jpeg 1030w, https:\/\/www.sgs-sss.ch\/wp-content\/uploads\/2023\/06\/3D80238F-24C2-4837-9C47-FB77E48AD2A7_4_5005_c-768x196.jpeg 768w, https:\/\/www.sgs-sss.ch\/wp-content\/uploads\/2023\/06\/3D80238F-24C2-4837-9C47-FB77E48AD2A7_4_5005_c-705x180.jpeg 705w, https:\/\/www.sgs-sss.ch\/wp-content\/uploads\/2023\/06\/3D80238F-24C2-4837-9C47-FB77E48AD2A7_4_5005_c-450x115.jpeg 450w, https:\/\/www.sgs-sss.ch\/wp-content\/uploads\/2023\/06\/3D80238F-24C2-4837-9C47-FB77E48AD2A7_4_5005_c.jpeg 1330w\" sizes=\"(max-width: 300px) 100vw, 300px\" \/><\/div><\/div><\/div><\/div><div class='av-flex-placeholder'><\/div>\n<style type=\"text\/css\" data-created_by=\"avia_inline_auto\" id=\"style-css-av-av_three_fourth-fd6197d87f9fe96eba1c21efdee9f10b\">\n.flex_column.av-av_three_fourth-fd6197d87f9fe96eba1c21efdee9f10b{\nborder-radius:0px 0px 0px 0px;\npadding:20px 20px 20px 20px;\n}\n<\/style>\n<div  class='flex_column av-av_three_fourth-fd6197d87f9fe96eba1c21efdee9f10b av_three_fourth  avia-builder-el-4  el_after_av_one_fourth  el_before_av_toggle_container  flex_column_table_cell av-equal-height-column av-align-top  '     ><section  class='av_textblock_section av-av_textblock-0366cc7376be6c9e82a3e9cc8987b64f '   itemscope=\"itemscope\" itemtype=\"https:\/\/schema.org\/CreativeWork\" ><div class='avia_textblock'  itemprop=\"text\" ><blockquote>\n<h3><strong>Kongress der Schweizerischen Gesellschaft f\u00fcr Soziologie in Basel<\/strong><\/h3>\n<h3><strong>Vulnerable Gesellschaften: Risiken und Reaktionen<\/strong><\/h3>\n<p>FHNW in Basel (FHNW Campus Muttenz), 9. bis 11. September 2024<\/p>\n<p><a href=\"https:\/\/www.fhnw.ch\/plattformen\/sgs-kongress\/de\/\" target=\"_blank\" rel=\"noopener\">Webseite Kongress<\/a><\/p>\n<\/blockquote>\n<\/div><\/section><\/div><\/div><!--close column table wrapper. Autoclose: 1 --><div  class='togglecontainer av-av_toggle_container-1c5f05ce43bbf21457da42746a25c01a  avia-builder-el-6  el_after_av_three_fourth  el_before_av_hr ' >\n<section class='av_toggle_section av-av_toggle-7a7caf8c43caa53dc9325447b1a54cb2'  itemscope=\"itemscope\" itemtype=\"https:\/\/schema.org\/CreativeWork\" ><div role=\"tablist\" class=\"single_toggle\" data-tags=\"{Alle} \"  ><p id='toggle-toggle-id-1' data-fake-id='#toggle-id-1' class='toggler  activeTitle av-title-above '  itemprop=\"headline\"  role='tab' tabindex='0' aria-controls='toggle-id-1' data-slide-speed=\"200\" data-title=\"\u00dcber den Kongress\" data-title-open=\"\" data-aria_collapsed=\"Click to expand: \u00dcber den Kongress\" data-aria_expanded=\"Click to collapse: \u00dcber den Kongress\">\u00dcber den Kongress<span class=\"toggle_icon\"><span class=\"vert_icon\"><\/span><span class=\"hor_icon\"><\/span><\/span><\/p><div id='toggle-id-1' aria-labelledby='toggle-toggle-id-1' role='region' class='toggle_wrap  active_tc av-title-above' style='display:block;' ><div class='toggle_content invers-color '  itemprop=\"text\" ><p>Organisiert von der Schweizerischen Gesellschaft f\u00fcr Soziologie und der Fachhochschule Nordwestschweiz FHNW, Hochschule f\u00fcr Soziale Arbeit<\/p>\n<h2><strong>Kongressthema: Vulnerable Gesellschaften: Risiken und Reaktionen<\/strong><\/h2>\n<p>Dass wir in unsicheren Zeiten leben, scheint eine soziologische Binsenwahrheit zu sein. Allerdings wurden Gesellschaften rund um den Globus in j\u00fcngster Zeit von einer ausserordentlichen H\u00e4ufung von akuten und persistenten Krisen und Katastrophen mit globalen Auswirkungen ersch\u00fcttert wie z.B. von der Covid 19-Pandemie, dem Krieg in der Ukraine, sich beschleunigenden Effekten des Klimawandels wie Hitzewellen, D\u00fcrren und \u00dcberflutungen, von Lieferkettenunterbr\u00fcchen und Energiemangel und der massiven Zunahme von Hunger, um nur einige Stichworte zu nennen. Jede dieser Krisen stellt f\u00fcr sich allein schon enorme soziale, politische, \u00f6konomische und \u00f6kologische Herausforderungen dar. Zusammengenommen erzeugen sie eine erh\u00f6hte Wahrnehmung und Betroffenheit von allgemeiner Verletzlichkeit. Vor diesem Hintergrund ist Vulnerabilit\u00e4t zu einem breit verwendeten Begriff in \u00f6ffentlichen und politischen Diskursen geworden. In aller Regel wird er nicht lediglich deskriptiv verwendet \u2013 vielmehr kommt ihm gleichzeitig eine pr\u00e4skriptive Funktion zu. Vulnerabilit\u00e4t oder Fragilit\u00e4t festzustellen ist unweigerlich verbunden mit dem moralischen und politischen Aufruf zu handeln, um potenziellen Sch\u00e4digungen vorzubeugen oder sie zu mildern und soziale Ungerechtigkeiten zu beseitigen. Eine soziale Gruppe als \u00abvulnerabel\u00bb zu charakterisieren, impliziert die Zuschreibung eines speziellen Bedarfs an Schutz und Unterst\u00fctzung. Vulnerabilit\u00e4t wird mit einer breiten Palette von physischen, sozialen, \u00f6konomischen oder kulturellen Faktoren, Bedingungen und Prozessen in Verbindung gebracht. In der einschl\u00e4gigen Literatur werden nicht nur Menschen als verletzlich betrachtet. Der Terminus findet auch Anwendung f\u00fcr die Gef\u00e4hrdung von technischen Infrastrukturen und \u00f6kologischen, \u00f6konomischen, politischen und gesellschaftlichen Systemen. Entsprechend ist Vulnerabilit\u00e4t zum Gegenstand verschiedener akademischer Disziplinen geworden: von Medizin bis Katastrophenforschung, \u00d6kologie, Philosophie, Psychologie, Gerontologie und P\u00e4dagogik, Recht oder Sozialer Arbeit. Was also k\u00f6nnten genuin soziologische Perspektiven und Beitr\u00e4ge zur Analyse von Vulnerabilit\u00e4t sein?<\/p>\n<p>Im Rahmen des Kongresses soll der Begriff der Vulnerabilit\u00e4t in seiner Bedeutung f\u00fcr die soziologische Theoriebildung und Forschung kritisch sondiert werden. Zum einen wird er systematisch mit verwandten und in der Soziologie fest verankerten konzeptionellen Begriffen wie Risiko, Ungewissheit, Krise oder Prekarit\u00e4t respektive zu Gegenbegriffen wie Resilienz, Agency, Anpassung u.\u00e4. in Beziehung gesetzt. Zum anderen gilt es, anhand empirischer Studien aus unterschiedlichen Feldern den gegenw\u00e4rtigen Stellenwert sowie das Potenzial des Konzepts der Vulnerabilit\u00e4t f\u00fcr die soziologische Forschung zu reflektieren. Was sind die Ursachen, Formen und Folgen von Vulnerabilit\u00e4t? Wie reagieren Individuen, Gruppen, Organisationen, soziale Bewegungen, Staaten oder supranationale Organisationen auf unterschiedliche Formen von Vulnerabilit\u00e4t? Schliesslich sollen die politischen und praktischen Ertr\u00e4ge der soziologischen Analyse von Vulnerabilit\u00e4t ausgelotet werden.<\/p>\n<p>Der Kongress wird dreisprachig auf Deutsch, Franz\u00f6sisch und Englisch durchgef\u00fchrt.<\/p>\n<\/div><\/div><\/div><\/section>\n<\/div>\n\n<style type=\"text\/css\" data-created_by=\"avia_inline_auto\" id=\"style-css-av-av_hr-0688d0b0b6ed2f8b057db7a8270206df\">\n#top .hr.hr-invisible.av-av_hr-0688d0b0b6ed2f8b057db7a8270206df{\nheight:50px;\n}\n<\/style>\n<div  class='hr av-av_hr-0688d0b0b6ed2f8b057db7a8270206df hr-invisible  avia-builder-el-7  el_after_av_toggle_container  el_before_av_partner '><span class='hr-inner '><span class=\"hr-inner-style\"><\/span><\/span><\/div>\n\n<style type=\"text\/css\" data-created_by=\"avia_inline_auto\" id=\"style-css-av-av_partner-a47e1e9213bf5752fabf9b315cb9af5d\">\n.avia-logo-element-container.av-av_partner-a47e1e9213bf5752fabf9b315cb9af5d .av-partner-fake-img{\nbackground-size:cover;\n}\n<\/style>\n<div  class='avia-logo-element-container av-av_partner-a47e1e9213bf5752fabf9b315cb9af5d avia-logo-slider avia-content-slider avia-smallarrow-slider avia-content-slider-active noHover avia-content-slider-odd  avia-builder-el-8  el_after_av_hr  avia-builder-el-last  av-slideshow-ui av-control-default av-nav-arrows-visible av-nav-dots-visible av-no-slider-navigation av-slideshow-autoplay av-loop-endless av-loop-manual-endless avia-content-slider1' data-slideshow-options=\"{&quot;animation&quot;:&quot;slide&quot;,&quot;autoplay&quot;:true,&quot;loop_autoplay&quot;:&quot;endless&quot;,&quot;interval&quot;:5,&quot;loop_manual&quot;:&quot;manual-endless&quot;,&quot;autoplay_stopper&quot;:false,&quot;noNavigation&quot;:false,&quot;bg_slider&quot;:false,&quot;keep_padding&quot;:&quot;&quot;,&quot;hoverpause&quot;:false,&quot;show_slide_delay&quot;:0}\"><div class='avia-smallarrow-slider-heading '><div class='new-special-heading'><h3 class='av-logo-special-heading-text '>Sponsoren<\/h3><\/div><\/div><div class=\"avia-content-slider-inner\"><div class=\"slide-entry-wrap\"><div  class='slide-entry av-av_partner_logo-6252ef09205e3b136ff4025f5cc8504a flex_column no_margin av_one_third real-thumbnail post-entry slide-entry-overview slide-loop-1 slide-parity-odd  first'><span class='av-partner-fake-img' style='padding-bottom:57.983193277311%; background-image:url(https:\/\/www.sgs-sss.ch\/wp-content\/uploads\/2016\/10\/sagw-1.png);'><\/span><\/div><div  class='slide-entry av-av_partner_logo-5e0398d3f88bb9d188bdab3d26f8caa6 flex_column no_margin av_one_third real-thumbnail post-entry slide-entry-overview slide-loop-2 slide-parity-even  '><span class='av-partner-fake-img' style='padding-bottom:57.983193277311%; background-image:url(https:\/\/www.sgs-sss.ch\/wp-content\/uploads\/2016\/10\/sgs.jpg);'><\/span><\/div><div  class='slide-entry av-av_partner_logo-f761352091c3fac703984be6ca718818 flex_column no_margin av_one_third real-thumbnail post-entry slide-entry-overview slide-loop-3 slide-parity-odd post-entry-last '><span class='av-partner-fake-img' style='padding-bottom:57.983193277311%; background-image:url(https:\/\/www.sgs-sss.ch\/wp-content\/uploads\/2023\/06\/061_FHNW_HSA_DE.png);'><\/span><\/div><\/div><\/div><\/div>\n\n","protected":false},"excerpt":{"rendered":"","protected":false},"author":71,"featured_media":18870,"parent":130,"menu_order":0,"comment_status":"closed","ping_status":"closed","template":"","meta":{"footnotes":""},"class_list":["post-18751","page","type-page","status-publish","has-post-thumbnail","hentry"],"_links":{"self":[{"href":"https:\/\/www.sgs-sss.ch\/de\/wp-json\/wp\/v2\/pages\/18751","targetHints":{"allow":["GET"]}}],"collection":[{"href":"https:\/\/www.sgs-sss.ch\/de\/wp-json\/wp\/v2\/pages"}],"about":[{"href":"https:\/\/www.sgs-sss.ch\/de\/wp-json\/wp\/v2\/types\/page"}],"author":[{"embeddable":true,"href":"https:\/\/www.sgs-sss.ch\/de\/wp-json\/wp\/v2\/users\/71"}],"replies":[{"embeddable":true,"href":"https:\/\/www.sgs-sss.ch\/de\/wp-json\/wp\/v2\/comments?post=18751"}],"version-history":[{"count":8,"href":"https:\/\/www.sgs-sss.ch\/de\/wp-json\/wp\/v2\/pages\/18751\/revisions"}],"predecessor-version":[{"id":20805,"href":"https:\/\/www.sgs-sss.ch\/de\/wp-json\/wp\/v2\/pages\/18751\/revisions\/20805"}],"up":[{"embeddable":true,"href":"https:\/\/www.sgs-sss.ch\/de\/wp-json\/wp\/v2\/pages\/130"}],"wp:featuredmedia":[{"embeddable":true,"href":"https:\/\/www.sgs-sss.ch\/de\/wp-json\/wp\/v2\/media\/18870"}],"wp:attachment":[{"href":"https:\/\/www.sgs-sss.ch\/de\/wp-json\/wp\/v2\/media?parent=18751"}],"curies":[{"name":"wp","href":"https:\/\/api.w.org\/{rel}","templated":true}]}}