{"id":205,"date":"2016-01-19T15:34:03","date_gmt":"2016-01-19T14:34:03","guid":{"rendered":"http:\/\/new.sgs-sss.ch\/new\/?page_id=205"},"modified":"2023-10-18T14:10:53","modified_gmt":"2023-10-18T12:10:53","slug":"links","status":"publish","type":"page","link":"https:\/\/www.sgs-sss.ch\/de\/links\/","title":{"rendered":"Links"},"content":{"rendered":"\n<style type=\"text\/css\" data-created_by=\"avia_inline_auto\" id=\"style-css-av-av_section-fb37fa88fbca848c7e29aff3fecdfcf1\">\n.avia-section.av-av_section-fb37fa88fbca848c7e29aff3fecdfcf1{\nbackground-color:#ffffff;\nbackground-image:unset;\n}\n<\/style>\n<div id='av_section_1'  class='avia-section av-av_section-fb37fa88fbca848c7e29aff3fecdfcf1 main_color avia-section-default avia-no-shadow  avia-builder-el-0  avia-builder-el-no-sibling  avia-bg-style-scroll container_wrap fullsize'  ><div class='container av-section-cont-open' ><main  role=\"main\" itemprop=\"mainContentOfPage\"  class='template-page content  av-content-full alpha units'><div class='post-entry post-entry-type-page post-entry-205'><div class='entry-content-wrapper clearfix'>\n\n<style type=\"text\/css\" data-created_by=\"avia_inline_auto\" id=\"style-css-av-av_heading-4590c4beeaf69cfe9da431bd7961506a\">\n#top .av-special-heading.av-av_heading-4590c4beeaf69cfe9da431bd7961506a{\npadding-bottom:25px;\n}\nbody .av-special-heading.av-av_heading-4590c4beeaf69cfe9da431bd7961506a .av-special-heading-tag .heading-char{\nfont-size:25px;\n}\n.av-special-heading.av-av_heading-4590c4beeaf69cfe9da431bd7961506a .av-subheading{\nfont-size:15px;\n}\n<\/style>\n<div  class='av-special-heading av-av_heading-4590c4beeaf69cfe9da431bd7961506a av-special-heading-h2  avia-builder-el-1  el_before_av_toggle_container  avia-builder-el-first '><h2 class='av-special-heading-tag '  itemprop=\"headline\"  >LINKS<\/h2><div class=\"special-heading-border\"><div class=\"special-heading-inner-border\"><\/div><\/div><\/div>\n<div  class='togglecontainer av-av_toggle_container-1c5f05ce43bbf21457da42746a25c01a  avia-builder-el-2  el_after_av_heading  avia-builder-el-last ' >\n<section class='av_toggle_section av-av_toggle-53db24a12100689cdc9fc2af2ad94c50'  itemscope=\"itemscope\" itemtype=\"https:\/\/schema.org\/CreativeWork\" ><div role=\"tablist\" class=\"single_toggle\" data-tags=\"{Alle} \"  ><p id='toggle-toggle-id-1' data-fake-id='#toggle-id-1' class='toggler  activeTitle av-title-above '  itemprop=\"headline\"  role='tab' tabindex='0' aria-controls='toggle-id-1' data-slide-speed=\"200\" data-title=\"Soziologische Institute \/ Departemente an Schweizerischen Universit\u00e4ten\" data-title-open=\"\" data-aria_collapsed=\"Click to expand: Soziologische Institute \/ Departemente an Schweizerischen Universit\u00e4ten\" data-aria_expanded=\"Click to collapse: Soziologische Institute \/ Departemente an Schweizerischen Universit\u00e4ten\">Soziologische Institute \/ Departemente an Schweizerischen Universit\u00e4ten<span class=\"toggle_icon\"><span class=\"vert_icon\"><\/span><span class=\"hor_icon\"><\/span><\/span><\/p><div id='toggle-id-1' aria-labelledby='toggle-toggle-id-1' role='region' class='toggle_wrap  active_tc av-title-above' style='display:block;' ><div class='toggle_content invers-color '  itemprop=\"text\" ><ul>\n<li><a title=\"http:\/\/www.soz.unibe.ch\/\" href=\"http:\/\/www.soz.unibe.ch\/\" target=\"_blank\" rel=\"noopener\">Bern<\/a><\/li>\n<li><a title=\"http:\/\/www.soziologie.unibas.ch\/\" href=\"http:\/\/www.soziologie.unibas.ch\/\" target=\"_blank\" rel=\"noopener\">Basel<\/a><\/li>\n<li><a href=\"https:\/\/www.unifr.ch\/dss-dsw\/de\/\">Fribourg<\/a><\/li>\n<li><a href=\"https:\/\/www.unige.ch\/sciences-societe\/socio\/fr\/bienvenue\/\">Genf<\/a><\/li>\n<li><a title=\"http:\/\/www.unil.ch\/ias\" href=\"http:\/\/www.unil.ch\/iss\" target=\"_blank\" rel=\"noopener\">Lausanne<\/a><\/li>\n<li><a href=\"https:\/\/www.unilu.ch\/studium\/studienangebot\/bachelor\/kultur-und-sozialwissenschaftliche-fakultaet\/soziologie\/\">Luzern<\/a><\/li>\n<li><a title=\"http:\/\/www.unine.ch\/socio\/welcome.html\" href=\"http:\/\/www2.unine.ch\/socio\/cms\/op\/edit\/lang\/fr\/pid\/3243\" target=\"_blank\" rel=\"noopener\">Neuch\u00e2tel<\/a><\/li>\n<li><a title=\"http:\/\/www.sfs.unisg.ch\" href=\"http:\/\/www.sfs.unisg.ch\/\" target=\"_blank\" rel=\"noopener\">St.Gallen<\/a><\/li>\n<li><a href=\"https:\/\/www.suz.uzh.ch\/de.html\">Z\u00fcrich<\/a><\/li>\n<\/ul>\n<\/div><\/div><\/div><\/section>\n<section class='av_toggle_section av-av_toggle-93ac0cb0330df48eaf8723b746ca6b64'  itemscope=\"itemscope\" itemtype=\"https:\/\/schema.org\/CreativeWork\" ><div role=\"tablist\" class=\"single_toggle\" data-tags=\"{Alle} \"  ><p id='toggle-toggle-id-2' data-fake-id='#toggle-id-2' class='toggler  av-title-above '  itemprop=\"headline\"  role='tab' tabindex='0' aria-controls='toggle-id-2' data-slide-speed=\"200\" data-title=\"Soziologische Abteilungen an Fachhochschulen und P\u00e4dagogischen Hochschulen\" data-title-open=\"\" data-aria_collapsed=\"Click to expand: Soziologische Abteilungen an Fachhochschulen und P\u00e4dagogischen Hochschulen\" data-aria_expanded=\"Click to collapse: Soziologische Abteilungen an Fachhochschulen und P\u00e4dagogischen Hochschulen\">Soziologische Abteilungen an Fachhochschulen und P\u00e4dagogischen Hochschulen<span class=\"toggle_icon\"><span class=\"vert_icon\"><\/span><span class=\"hor_icon\"><\/span><\/span><\/p><div id='toggle-id-2' aria-labelledby='toggle-toggle-id-2' role='region' class='toggle_wrap  av-title-above'  ><div class='toggle_content invers-color '  itemprop=\"text\" ><ul>\n<li><a href=\"https:\/\/www.hes-so.ch\/recherche-innovation\/instituts-de-recherche\/detail-institut\/laress-laboratoire-de-recherche-sante-social-de-la-haute-ecole-de-travail-social-et-de-la-sante-lausanne\">Laboratoire de Recherche Sant\u00e9-Social (LaReSS)<\/a> an der Haute \u00e9cole de travail social et de la sant\u00e9 EESP Lausanne (HES\u00b7SO)<\/li>\n<li><a href=\"https:\/\/www.hesge.ch\/hets\/recherche\/ceres\">Centre de recherche sociale (CERES)<\/a> an der Haute \u00e9cole de travail social de Gen\u00e8ve (HES\u00b7SO)<\/li>\n<li><a href=\"https:\/\/www.hes-so.ch\/recherche-innovation\/instituts-de-recherche\/detail-institut\/departement-de-recherche-appliquee-et-developpement-de-la-hets-fr\">D\u00e9partement de Recherche appliqu\u00e9e et D\u00e9veloppement<\/a> an der Haute \u00e9cole fribourgeoise de travail social (HES\u00b7SO)<\/li>\n<li><a href=\"https:\/\/www.hevs.ch\/de\/Hochschule\/hochschule-fur-soziale-arbeit\/\">Hochschule und H\u00f6here Fachschule f\u00fcr Soziale Arbeit<\/a> der Fachhochschule Wallis (HES\u00b7SO Valais)<\/li>\n<li><a href=\"https:\/\/www.fhnw.ch\/de\/forschung-und-dienstleistungen\/soziale-arbeit\">Abteilung Forschung und Dienstleistungen &#8211; Soziale Arbeit<\/a> an der Fachhochschule Nordwestschweiz (FHNW)<\/li>\n<li><a href=\"https:\/\/www.fhnw.ch\/de\/die-fhnw\/hochschulen\/ph\/institute\/institut-sekundarstufe-1-und-2\/professuren-am-isek\/professur-bildungssoziologie\">Professur f\u00fcr Bildungssoziologie<\/a>, an der Fachhochschule Nordwestschweiz (FHNW)<\/li>\n<li><a href=\"https:\/\/www.bfh.ch\/fr\/recherche\/domaines-de-recherche\/pole-recherche-travail-social\/\">Forschungsschwerpunkt Soziale Arbeit <\/a>an der Berner Fachhochschule (BFH)<\/li>\n<li><a href=\"https:\/\/www.hslu.ch\/de-ch\/soziale-arbeit\/forschung\/\">Abteilung Forschung &#8211; Soziale Arbeit<\/a> an der Hochschule Luzern (HSLU)<\/li>\n<li><a href=\"https:\/\/www.zhaw.ch\/de\/sozialearbeit\/forschung\/\">Abteilung Forschung und Entwicklung &#8211; Soziale Arbeit\u00a0<\/a> an der Z\u00fcrcher Hochschule f\u00fcr Angewandte Wissenschaften (ZHAW)<\/li>\n<li><a href=\"https:\/\/www.ost.ch\/de\/forschung-und-dienstleistungen\/soziale-arbeit\/ifsar-institut-fuer-soziale-arbeit-und-raeume\">IFSAR Institut f\u00fcr Soziale Arbeit und R\u00e4ume<\/a> an der Ostschweizer Fachhochschule (OST)<\/li>\n<li><a href=\"https:\/\/www.supsi.ch\/it\/clws\">Centro competenze lavoro, welfare e societ\u00e0 (CLWS)<\/a> de la \u00a0Scuola universitaria professionale della Svizzera italiana (SUPSI)<\/li>\n<li><a href=\"https:\/\/www.supsi.ch\/it\/cpps\">Centro competenze pratiche e politiche sanitarie (CPPS)<\/a> de la \u00a0Scuola universitaria professionale della Svizzera italiana (SUPSI)<\/li>\n<li><a href=\"https:\/\/phzh.ch\/de\/Forschung\/forschungsschwerpunkte\/\">Forschungsschwerpunkt Bildungswissenschaftliche Forschung<\/a> an der P\u00e4dagogischen Hochschule Z\u00fcrich (PHZH)<\/li>\n<\/ul>\n<\/div><\/div><\/div><\/section>\n<section class='av_toggle_section av-av_toggle-10a592f743ce7f9a559ab712e64b19b3'  itemscope=\"itemscope\" itemtype=\"https:\/\/schema.org\/CreativeWork\" ><div role=\"tablist\" class=\"single_toggle\" data-tags=\"{Alle} \"  ><p id='toggle-toggle-id-3' data-fake-id='#toggle-id-3' class='toggler  av-title-above '  itemprop=\"headline\"  role='tab' tabindex='0' aria-controls='toggle-id-3' data-slide-speed=\"200\" data-title=\" Private Forschungsb\u00fcros- und Institute\" data-title-open=\"\" data-aria_collapsed=\"Click to expand:  Private Forschungsb\u00fcros- und Institute\" data-aria_expanded=\"Click to collapse:  Private Forschungsb\u00fcros- und Institute\"> Private Forschungsb\u00fcros- und Institute<span class=\"toggle_icon\"><span class=\"vert_icon\"><\/span><span class=\"hor_icon\"><\/span><\/span><\/p><div id='toggle-id-3' aria-labelledby='toggle-toggle-id-3' role='region' class='toggle_wrap  av-title-above'  ><div class='toggle_content invers-color '  itemprop=\"text\" ><ul>\n<li><a href=\"http:\/\/www.culturprospectiv.ch\/\" target=\"_blank\" rel=\"noopener\">cultur prospectiv<\/a><\/li>\n<li><a title=\"CUE SOZIALFORSCHUNG\" href=\"http:\/\/www.cue-sozialforschung.ch\/\" target=\"_blank\" rel=\"noopener\">Cue Sozialforschung<\/a><\/li>\n<li><a title=\"LANDERT &amp; PARTNER\" href=\"http:\/\/www.lfp.ch\/\" target=\"_blank\" rel=\"noopener\">Landert &amp; Partner<\/a><\/li>\n<li><a title=\"SOZIOANALYSE\" href=\"http:\/\/www.sozioanalyse.ch\" target=\"_blank\" rel=\"noopener\">B\u00fcro f\u00fcr Sozioanalyse<\/a><\/li>\n<\/ul>\n<\/div><\/div><\/div><\/section>\n<section class='av_toggle_section av-av_toggle-634b7c70ac6dcb0162c00721261881bb'  itemscope=\"itemscope\" itemtype=\"https:\/\/schema.org\/CreativeWork\" ><div role=\"tablist\" class=\"single_toggle\" data-tags=\"{Alle} \"  ><p id='toggle-toggle-id-4' data-fake-id='#toggle-id-4' class='toggler  av-title-above '  itemprop=\"headline\"  role='tab' tabindex='0' aria-controls='toggle-id-4' data-slide-speed=\"200\" data-title=\"Forschungsinstitutionen und Datenbanken\" data-title-open=\"\" data-aria_collapsed=\"Click to expand: Forschungsinstitutionen und Datenbanken\" data-aria_expanded=\"Click to collapse: Forschungsinstitutionen und Datenbanken\">Forschungsinstitutionen und Datenbanken<span class=\"toggle_icon\"><span class=\"vert_icon\"><\/span><span class=\"hor_icon\"><\/span><\/span><\/p><div id='toggle-id-4' aria-labelledby='toggle-toggle-id-4' role='region' class='toggle_wrap  av-title-above'  ><div class='toggle_content invers-color '  itemprop=\"text\" ><ul>\n<li><a title=\"http:\/\/www.swisspanel.ch\/\" href=\"http:\/\/www.swisspanel.ch\/\" target=\"_blank\" rel=\"noopener\">FORS SwissPanel<\/a><\/li>\n<li><a title=\"http:\/\/www.snf.ch\" href=\"http:\/\/www.snf.ch\/\" target=\"_blank\" rel=\"noopener\">Schweizerischer Nationalfonds<\/a><\/li>\n<li><a href=\"https:\/\/www.bfs.admin.ch\/bfs\/de\/home.html\">Bundesamt f\u00fcr Statistik<\/a><\/li>\n<li><a title=\"http:\/\/www.ec.europa.eu\/erc\/index_en.cfm\" href=\"http:\/\/ec.europa.eu\/index_en.htm\" target=\"_blank\" rel=\"noopener\">European Research Council<\/a><\/li>\n<\/ul>\n<\/div><\/div><\/div><\/section>\n<section class='av_toggle_section av-av_toggle-8c91366bae6ec54736fb5db197626a23'  itemscope=\"itemscope\" itemtype=\"https:\/\/schema.org\/CreativeWork\" ><div role=\"tablist\" class=\"single_toggle\" data-tags=\"{Alle} \"  ><p id='toggle-toggle-id-5' data-fake-id='#toggle-id-5' class='toggler  av-title-above '  itemprop=\"headline\"  role='tab' tabindex='0' aria-controls='toggle-id-5' data-slide-speed=\"200\" data-title=\" Schweizerische sozialwissenschaftliche Verlage\" data-title-open=\"\" data-aria_collapsed=\"Click to expand:  Schweizerische sozialwissenschaftliche Verlage\" data-aria_expanded=\"Click to collapse:  Schweizerische sozialwissenschaftliche Verlage\"> Schweizerische sozialwissenschaftliche Verlage<span class=\"toggle_icon\"><span class=\"vert_icon\"><\/span><span class=\"hor_icon\"><\/span><\/span><\/p><div id='toggle-id-5' aria-labelledby='toggle-toggle-id-5' role='region' class='toggle_wrap  av-title-above'  ><div class='toggle_content invers-color '  itemprop=\"text\" ><ul>\n<li><a href=\"https:\/\/seismoverlag.ch\">Seismo Verlag<\/a><\/li>\n<li><a href=\"https:\/\/www.socialinfo.ch\">Editions Socialinfo<\/a><\/li>\n<li><a title=\"http:\/\/www.soziothek.ch\" href=\"http:\/\/www.soziothek.ch\/\" target=\"_blank\" rel=\"noopener\">Edition Soziothek<\/a><\/li>\n<li><a href=\"http:\/\/antipodes.ch\">Editions Antipodes<\/a><\/li>\n<li><a href=\"https:\/\/www.alphil.com\">Editions Alphil<\/a><\/li>\n<\/ul>\n<\/div><\/div><\/div><\/section>\n<section class='av_toggle_section av-av_toggle-9c8de3e198964c653a507097757af55c'  itemscope=\"itemscope\" itemtype=\"https:\/\/schema.org\/CreativeWork\" ><div role=\"tablist\" class=\"single_toggle\" data-tags=\"{Alle} \"  ><p id='toggle-toggle-id-6' data-fake-id='#toggle-id-6' class='toggler  av-title-above '  itemprop=\"headline\"  role='tab' tabindex='0' aria-controls='toggle-id-6' data-slide-speed=\"200\" data-title=\"Soziologische Organisationen\" data-title-open=\"\" data-aria_collapsed=\"Click to expand: Soziologische Organisationen\" data-aria_expanded=\"Click to collapse: Soziologische Organisationen\">Soziologische Organisationen<span class=\"toggle_icon\"><span class=\"vert_icon\"><\/span><span class=\"hor_icon\"><\/span><\/span><\/p><div id='toggle-id-6' aria-labelledby='toggle-toggle-id-6' role='region' class='toggle_wrap  av-title-above'  ><div class='toggle_content invers-color '  itemprop=\"text\" ><p>Der SGS ist Mitglied der folgenden Internationalen soziologischen Vereine:<\/p>\n<ul>\n<li><a title=\"http:\/\/www.valt.helsinki.fi\/esa\/\" href=\"http:\/\/www.europeansociology.org\/\" target=\"_blank\" rel=\"noopener\">ESA: European Sociological Association<\/a><\/li>\n<li><a title=\"http:\/\/www.ucm.es\/info\/isa\/\" href=\"http:\/\/www.isa-sociology.org\/\" target=\"_blank\" rel=\"noopener\">ISA: International Sociological Association<\/a><\/li>\n<\/ul>\n<p>Andere Vereine:<\/p>\n<ul>\n<li><a href=\"https:\/\/afs-socio.fr\">AFS: Association Fran\u00e7aise de Sociologie<\/a><\/li>\n<li><a title=\"http:\/\/www.ais-sociologia.it\" href=\"http:\/\/www.ais-sociologia.it\/\" target=\"_blank\" rel=\"noopener noreferrer\">AIS: Associazione Italiana di Sociologia <\/a><\/li>\n<li><a title=\"http:\/\/www.univ-tlse2.fr\/aislf\" href=\"http:\/\/www.aislf.org\/\" target=\"_blank\" rel=\"noopener noreferrer\">AISLF: L\u2019Association internationale des sociologies de langue fran\u00e7aise <\/a><\/li>\n<li><a title=\"http:\/\/www.asanet.org\" href=\"http:\/\/www.asanet.org\/\" target=\"_blank\" rel=\"noopener noreferrer\">ASA: American Sociological Association<\/a><\/li>\n<li><a title=\"http:\/\/www.aacsnet.org\/wp\" href=\"http:\/\/www.aacsnet.net\/\" target=\"_blank\" rel=\"noopener noreferrer\">Association for Applied and Clinical Sociology<\/a><\/li>\n<li><a href=\"https:\/\/www.soziologie-deutschland.net\">Berufsverband Deutscher Soziologinnen und Soziologen<\/a><\/li>\n<li><a href=\"http:\/\/www.britsoc.co.uk\/\" target=\"_blank\" rel=\"noopener noreferrer\">BSA: British Sociological Association<\/a><\/li>\n<li><a title=\"http:\/\/www.soziologie.de\" href=\"http:\/\/www.soziologie.de\/\" target=\"_blank\" rel=\"noopener noreferrer\">DGS: Deutsche Gesellschaft f\u00fcr Soziologie<\/a><\/li>\n<li><a title=\"http:\/\/www.oegs.ac.at\" href=\"http:\/\/www.oegs.ac.at\/\" target=\"_blank\" rel=\"noopener noreferrer\">\u00d6GS: \u00d6sterreichische Gesellschaft f\u00fcr Soziologie<\/a><\/li>\n<\/ul>\n<\/div><\/div><\/div><\/section>\n<section class='av_toggle_section av-av_toggle-f5e97596061bbca394bcce00c93e3b59'  itemscope=\"itemscope\" itemtype=\"https:\/\/schema.org\/CreativeWork\" ><div role=\"tablist\" class=\"single_toggle\" data-tags=\"{Alle} \"  ><p id='toggle-toggle-id-7' data-fake-id='#toggle-id-7' class='toggler  av-title-above '  itemprop=\"headline\"  role='tab' tabindex='0' aria-controls='toggle-id-7' data-slide-speed=\"200\" data-title=\"Varia\" data-title-open=\"\" data-aria_collapsed=\"Click to expand: Varia\" data-aria_expanded=\"Click to collapse: Varia\">Varia<span class=\"toggle_icon\"><span class=\"vert_icon\"><\/span><span class=\"hor_icon\"><\/span><\/span><\/p><div id='toggle-id-7' aria-labelledby='toggle-toggle-id-7' role='region' class='toggle_wrap  av-title-above'  ><div class='toggle_content invers-color '  itemprop=\"text\" ><div id=\"main_content\">\n<ul>\n<li><a title=\"http:\/\/www.socio.ch\" href=\"http:\/\/www.socio.ch\/\" target=\"_blank\" rel=\"noopener\">Sociology in Switzerland<\/a><\/li>\n<li><a title=\"World Society Foundation\" href=\"http:\/\/www.worldsociety.ch\/doku.php\" target=\"_blank\" rel=\"noopener\">World Society Foundation<\/a><\/li>\n<li><a href=\"http:\/\/www.orlux-ag.ch\/?page_id=32\" target=\"_blank\" rel=\"noopener\">Orlux AG<\/a><\/li>\n<\/ul>\n<\/div>\n<div class=\"spacer\"><\/div>\n<div id=\"footer\"><\/div>\n<\/div><\/div><\/div><\/section>\n<\/div>\n\n","protected":false},"excerpt":{"rendered":"","protected":false},"author":1,"featured_media":0,"parent":0,"menu_order":0,"comment_status":"closed","ping_status":"closed","template":"","meta":{"footnotes":""},"class_list":["post-205","page","type-page","status-publish","hentry"],"_links":{"self":[{"href":"https:\/\/www.sgs-sss.ch\/de\/wp-json\/wp\/v2\/pages\/205","targetHints":{"allow":["GET"]}}],"collection":[{"href":"https:\/\/www.sgs-sss.ch\/de\/wp-json\/wp\/v2\/pages"}],"about":[{"href":"https:\/\/www.sgs-sss.ch\/de\/wp-json\/wp\/v2\/types\/page"}],"author":[{"embeddable":true,"href":"https:\/\/www.sgs-sss.ch\/de\/wp-json\/wp\/v2\/users\/1"}],"replies":[{"embeddable":true,"href":"https:\/\/www.sgs-sss.ch\/de\/wp-json\/wp\/v2\/comments?post=205"}],"version-history":[{"count":39,"href":"https:\/\/www.sgs-sss.ch\/de\/wp-json\/wp\/v2\/pages\/205\/revisions"}],"predecessor-version":[{"id":19659,"href":"https:\/\/www.sgs-sss.ch\/de\/wp-json\/wp\/v2\/pages\/205\/revisions\/19659"}],"wp:attachment":[{"href":"https:\/\/www.sgs-sss.ch\/de\/wp-json\/wp\/v2\/media?parent=205"}],"curies":[{"name":"wp","href":"https:\/\/api.w.org\/{rel}","templated":true}]}}