{"id":21,"date":"2016-01-16T14:56:05","date_gmt":"2016-01-16T13:56:05","guid":{"rendered":"http:\/\/new.sgs-sss.ch\/new\/?page_id=21"},"modified":"2025-09-26T15:25:33","modified_gmt":"2025-09-26T13:25:33","slug":"die-gesellschaft","status":"publish","type":"page","link":"https:\/\/www.sgs-sss.ch\/de\/die-gesellschaft\/","title":{"rendered":"Die Gesellschaft"},"content":{"rendered":"\n<style type=\"text\/css\" data-created_by=\"avia_inline_auto\" id=\"style-css-av-jkcq9-926f7c62d5f50b0f8fad199c1eb5ef28\">\n.avia-section.av-jkcq9-926f7c62d5f50b0f8fad199c1eb5ef28{\nbackground-color:#ffffff;\nbackground-image:unset;\n}\n<\/style>\n<div id='av_section_1'  class='avia-section av-jkcq9-926f7c62d5f50b0f8fad199c1eb5ef28 main_color avia-section-default avia-no-shadow  avia-builder-el-0  el_before_av_section  avia-builder-el-first  avia-bg-style-scroll container_wrap fullsize'  ><div class='container av-section-cont-open' ><main  role=\"main\" itemprop=\"mainContentOfPage\"  class='template-page content  av-content-full alpha units'><div class='post-entry post-entry-type-page post-entry-21'><div class='entry-content-wrapper clearfix'>\n\n<style type=\"text\/css\" data-created_by=\"avia_inline_auto\" id=\"style-css-av-1uv1d-1eae04ae7f7a175aefd257f43313d282\">\n#top .av-special-heading.av-1uv1d-1eae04ae7f7a175aefd257f43313d282{\npadding-bottom:25px;\n}\nbody .av-special-heading.av-1uv1d-1eae04ae7f7a175aefd257f43313d282 .av-special-heading-tag .heading-char{\nfont-size:25px;\n}\n.av-special-heading.av-1uv1d-1eae04ae7f7a175aefd257f43313d282 .av-subheading{\nfont-size:15px;\n}\n<\/style>\n<div  class='av-special-heading av-1uv1d-1eae04ae7f7a175aefd257f43313d282 av-special-heading-h2  avia-builder-el-1  el_before_av_one_full  avia-builder-el-first '><h2 class='av-special-heading-tag '  itemprop=\"headline\"  >ZIELSETZUNGEN<\/h2><div class=\"special-heading-border\"><div class=\"special-heading-inner-border\"><\/div><\/div><\/div>\n<div class='flex_column_table av-icfbp-51bfae0bd0eaae15716c028efc80ccd3 sc-av_one_full av-equal-height-column-flextable'>\n<style type=\"text\/css\" data-created_by=\"avia_inline_auto\" id=\"style-css-av-icfbp-51bfae0bd0eaae15716c028efc80ccd3\">\n.flex_column.av-icfbp-51bfae0bd0eaae15716c028efc80ccd3{\nborder-radius:0px 0px 0px 0px;\npadding:20px 20px 20px 0px;\n}\n<\/style>\n<div  class='flex_column av-icfbp-51bfae0bd0eaae15716c028efc80ccd3 av_one_full  avia-builder-el-2  el_after_av_heading  avia-builder-el-last  first flex_column_table_cell av-equal-height-column av-align-top  '     ><style type=\"text\/css\" data-created_by=\"avia_inline_auto\" id=\"style-css-av-hc68d-595bc9976c8791023cf035bdc8e1391b\">\n#top .avia-icon-list-container.av-hc68d-595bc9976c8791023cf035bdc8e1391b .iconlist_icon{\ncolor:#ffffff;\nbackground-color:#77addb;\n}\n#top .avia-icon-list-container.av-hc68d-595bc9976c8791023cf035bdc8e1391b .iconlist_icon svg:first-child{\nstroke:#ffffff;\nfill:#ffffff;\n}\n#top #wrap_all .avia-icon-list-container.av-hc68d-595bc9976c8791023cf035bdc8e1391b .av_iconlist_title{\ncolor:#000000;\n}\n.avia-icon-list-container.av-hc68d-595bc9976c8791023cf035bdc8e1391b .iconlist_content{\ncolor:#000000;\n}\n<\/style>\n<div  class='avia-icon-list-container av-hc68d-595bc9976c8791023cf035bdc8e1391b  avia-builder-el-3  avia-builder-el-no-sibling '><ul class='avia-icon-list avia_animate_when_almost_visible avia-icon-list-left av-iconlist-big av-hc68d-595bc9976c8791023cf035bdc8e1391b avia-iconlist-animate'>\n<li><div class='iconlist_icon av-gqjlt-d12f313bb9e67948bd163e52c37269d9 avia-font-entypo-fontello avia-iconfont avia-font-entypo-fontello'><span class='av-icon-char' data-av_icon='\ue8c5' data-av_iconfont='entypo-fontello' aria-hidden=\"true\"><\/span><\/div><article class=\"article-icon-entry \"  itemscope=\"itemscope\" itemtype=\"https:\/\/schema.org\/CreativeWork\" ><div class=\"iconlist_content_wrap\"><header class=\"entry-content-header\" aria-label=\"Icon: F\u00f6rderung der Soziologie in der Schweiz\"><h4 class='av_iconlist_title iconlist_title  av_inherit_color'  itemprop=\"headline\" >F\u00f6rderung der Soziologie in der Schweiz<\/h4><\/header><div class='iconlist_content av_inherit_color'  itemprop=\"text\" ><p>Die SGS verbindet die Soziologinnen und Soziologen der Schweiz und stellt als Mitglied der ISA (International Sociological Association) und der ESA (European Sociological Association) Beziehungen zu den ausl\u00e4ndischen Kolleginnen und Kollegen her. Sie vertritt als wissenschaftliche Gesellschaft die Interessen der schweizerischen Soziologie gegen\u00fcber den wissenschaftspolitischen Institutionen der Schweiz, dem Schweizerischen Wissenschafts- und Technologierat (SWTR) und der Schweizerischen Akademie der Geistes- und Sozialwissenschaften (SAGW).<\/p>\n<\/div><\/div><footer class=\"entry-footer\"><\/footer><\/article><div class=\"iconlist-timeline\"><\/div><\/li>\n<li><div class='iconlist_icon av-gcwpl-07f8d01be5c3f8388fa8eb59ecf0ed40 avia-font-entypo-fontello avia-iconfont avia-font-entypo-fontello'><span class='av-icon-char' data-av_icon='\ue8c9' data-av_iconfont='entypo-fontello' aria-hidden=\"true\"><\/span><\/div><article class=\"article-icon-entry \"  itemscope=\"itemscope\" itemtype=\"https:\/\/schema.org\/CreativeWork\" ><div class=\"iconlist_content_wrap\"><header class=\"entry-content-header\" aria-label=\"Icon: Unterst\u00fctzung der Forschung, der Lehre und der Verbreitung soziologischen Wissens\"><h4 class='av_iconlist_title iconlist_title  av_inherit_color'  itemprop=\"headline\" >Unterst\u00fctzung der Forschung, der Lehre und der Verbreitung soziologischen Wissens<\/h4><\/header><div class='iconlist_content av_inherit_color'  itemprop=\"text\" ><p>Die SGS ist Herausgeberin der Schweizerischen Zeitschrift f\u00fcr Soziologie sowie des Bulletins. Mit dem eigenen Verlagshaus \u00abSeismo Verlag, Sozialwissenschaften und Gesellschaftsfragen\u00bb verf\u00fcgt die Gesellschaft \u00fcber ein weiteres wichtiges Instrument f\u00fcr die Verbreitung soziologischen Wissens.<\/p>\n<\/div><\/div><footer class=\"entry-footer\"><\/footer><\/article><div class=\"iconlist-timeline\"><\/div><\/li>\n<li><div class='iconlist_icon av-5s71-b664313f9c215bf5df2ba7bd0904d3df avia-font-entypo-fontello avia-iconfont avia-font-entypo-fontello'><span class='av-icon-char' data-av_icon='\ue8bb' data-av_iconfont='entypo-fontello' aria-hidden=\"true\"><\/span><\/div><article class=\"article-icon-entry \"  itemscope=\"itemscope\" itemtype=\"https:\/\/schema.org\/CreativeWork\" ><div class=\"iconlist_content_wrap\"><header class=\"entry-content-header\" aria-label=\"Icon: Auseinandersetzung mit den allgemeinen Problemen der Soziologie in der beruflichen Praxis\"><h4 class='av_iconlist_title iconlist_title  av_inherit_color'  itemprop=\"headline\" >Auseinandersetzung mit den allgemeinen Problemen der Soziologie in der beruflichen Praxis<\/h4><\/header><div class='iconlist_content av_inherit_color'  itemprop=\"text\" ><p>Mit dem Bulletin und der Homepage werden die Mitglieder \u00fcber aktuelle Ereignisse, Tagungen, Stellenangebote und wissenschaftspolitische Fragen informiert.<\/p>\n<p>In den Forschungskomitees, die eigene Tagungen organisieren, treffen sich Soziologinnen mit \u00e4hnlichen Forschungsinteressen und -gebieten.<\/p>\n<p>Die SGS ist Mitglied der Schweizerischen Akademie der Geistes- und Sozialwissenschaften (SAGW) und wird durch sie gef\u00f6rdert.<\/p>\n<\/div><\/div><footer class=\"entry-footer\"><\/footer><\/article><div class=\"iconlist-timeline\"><\/div><\/li>\n<\/ul><\/div><\/div><\/div><!--close column table wrapper. Autoclose: 1 -->\n\n<\/div><\/div><\/main><!-- close content main element --><\/div><\/div>\n<style type=\"text\/css\" data-created_by=\"avia_inline_auto\" id=\"style-css-av-fb889-bec14e6c7cd8c93833fd20345f174164\">\n.avia-section.av-fb889-bec14e6c7cd8c93833fd20345f174164{\nbackground-color:#eeeeee;\nbackground-image:unset;\n}\n<\/style>\n<div id='av_section_2'  class='avia-section av-fb889-bec14e6c7cd8c93833fd20345f174164 main_color avia-section-default avia-no-shadow  avia-builder-el-4  el_after_av_section  el_before_av_section  avia-bg-style-scroll container_wrap fullsize'  ><div class='container av-section-cont-open' ><div class='template-page content  av-content-full alpha units'><div class='post-entry post-entry-type-page post-entry-21'><div class='entry-content-wrapper clearfix'>\n<div class='flex_column_table av-ermad-66faa81ddeace0edf16df3d56a936896 sc-av_one_half av-equal-height-column-flextable'>\n<style type=\"text\/css\" data-created_by=\"avia_inline_auto\" id=\"style-css-av-ermad-66faa81ddeace0edf16df3d56a936896\">\n.flex_column.av-ermad-66faa81ddeace0edf16df3d56a936896{\nborder-radius:0px 0px 0px 0px;\npadding:0px 30px 0px 0px;\n}\n<\/style>\n<div  class='flex_column av-ermad-66faa81ddeace0edf16df3d56a936896 av_one_half  avia-builder-el-5  el_before_av_one_half  avia-builder-el-first  first no_margin flex_column_table_cell av-equal-height-column av-align-top  '     ><p>\n<style type=\"text\/css\" data-created_by=\"avia_inline_auto\" id=\"style-css-av-e6p79-625c95d3a055c782c5acc5c61836b3cf\">\n#top .av-special-heading.av-e6p79-625c95d3a055c782c5acc5c61836b3cf{\npadding-bottom:25px;\n}\nbody .av-special-heading.av-e6p79-625c95d3a055c782c5acc5c61836b3cf .av-special-heading-tag .heading-char{\nfont-size:25px;\n}\n.av-special-heading.av-e6p79-625c95d3a055c782c5acc5c61836b3cf .av-subheading{\nfont-size:15px;\n}\n<\/style>\n<div  class='av-special-heading av-e6p79-625c95d3a055c782c5acc5c61836b3cf av-special-heading-h2  avia-builder-el-6  el_before_av_textblock  avia-builder-el-first '><h2 class='av-special-heading-tag '  itemprop=\"headline\"  >FORSCHUNGSKOMITEES<\/h2><div class=\"special-heading-border\"><div class=\"special-heading-inner-border\"><\/div><\/div><\/div><br \/>\n<section  class='av_textblock_section av-dk45t-3c28bbab1bb72afd0779f6cd8682dc58 '   itemscope=\"itemscope\" itemtype=\"https:\/\/schema.org\/CreativeWork\" ><div class='avia_textblock'  itemprop=\"text\" ><p style=\"padding-left: 20px;\">Soziologinnen und Soziologen, die sich f\u00fcr ein spezifisches Thema interessieren, k\u00f6nnen sich in einem Forschungskomitee organisieren.<\/p>\n<p style=\"padding-left: 20px;\">Eine Liste von diesen Forschungskomitees ist verf\u00fcgbar <a href=\"https:\/\/www.sgs-sss.ch\/forschungskomitees\/\" target=\"_blank\" rel=\"noopener\">hier<\/a>.<\/p>\n<\/div><\/section><\/p><\/div>\n<style type=\"text\/css\" data-created_by=\"avia_inline_auto\" id=\"style-css-av-19uh9-d8c467af9504c01e5bea62cf5370ca4b\">\n.flex_column.av-19uh9-d8c467af9504c01e5bea62cf5370ca4b{\nborder-radius:0px 0px 0px 0px;\npadding:0px 30px 0px 0px;\n}\n<\/style>\n<div  class='flex_column av-19uh9-d8c467af9504c01e5bea62cf5370ca4b av_one_half  avia-builder-el-8  el_after_av_one_half  avia-builder-el-last  no_margin flex_column_table_cell av-equal-height-column av-align-top  '     ><p>\n<style type=\"text\/css\" data-created_by=\"avia_inline_auto\" id=\"style-css-av-cg9il-a0ec0f5d1b2c24cfd6323f5bb8b0ddec\">\n#top .av-special-heading.av-cg9il-a0ec0f5d1b2c24cfd6323f5bb8b0ddec{\npadding-bottom:25px;\n}\nbody .av-special-heading.av-cg9il-a0ec0f5d1b2c24cfd6323f5bb8b0ddec .av-special-heading-tag .heading-char{\nfont-size:25px;\n}\n.av-special-heading.av-cg9il-a0ec0f5d1b2c24cfd6323f5bb8b0ddec .av-subheading{\nfont-size:15px;\n}\n<\/style>\n<div  class='av-special-heading av-cg9il-a0ec0f5d1b2c24cfd6323f5bb8b0ddec av-special-heading-h2  avia-builder-el-9  el_before_av_textblock  avia-builder-el-first '><h2 class='av-special-heading-tag '  itemprop=\"headline\"  >KONGRESSE<\/h2><div class=\"special-heading-border\"><div class=\"special-heading-inner-border\"><\/div><\/div><\/div><br \/>\n<section  class='av_textblock_section av-bvv6h-acdcd4204c530a33bce7ad5f3d9c7ac9 '   itemscope=\"itemscope\" itemtype=\"https:\/\/schema.org\/CreativeWork\" ><div class='avia_textblock'  itemprop=\"text\" ><p style=\"padding-left: 20px;\">Die SGS veranstaltet regelm\u00e4ssig Kongresse. Diese dienen dem Informationsaustausch zwischen den einzelnen Forschungsbereichen und f\u00f6rdern den Kontakt zwischen den Soziologinnen aus der ganzen Schweiz wie auch aus dem Ausland. <a href=\"https:\/\/www.sgs-sss.ch\/die-gesellschaft\/kongresse\/\" target=\"_blank\" rel=\"noopener\">Weiter lesen&#8230;<\/a><\/p>\n<\/div><\/section><\/p><\/div><\/div><!--close column table wrapper. Autoclose: 1 -->\n\n<\/div><\/div><\/div><!-- close content main div --><\/div><\/div>\n<style type=\"text\/css\" data-created_by=\"avia_inline_auto\" id=\"style-css-av-b5qo5-0a2d29167281fad28d9e12583aef0a88\">\n.avia-section.av-b5qo5-0a2d29167281fad28d9e12583aef0a88{\nbackground-color:#ffffff;\nbackground-image:unset;\n}\n<\/style>\n<div id='av_section_3'  class='avia-section av-b5qo5-0a2d29167281fad28d9e12583aef0a88 main_color avia-section-default avia-no-shadow  avia-builder-el-11  el_after_av_section  el_before_av_section  avia-bg-style-scroll container_wrap fullsize'  ><div class='container av-section-cont-open' ><div class='template-page content  av-content-full alpha units'><div class='post-entry post-entry-type-page post-entry-21'><div class='entry-content-wrapper clearfix'>\n\n<style type=\"text\/css\" data-created_by=\"avia_inline_auto\" id=\"style-css-av-aeg9h-23367d400d1aaf130fbc5aace969f5d5\">\n#top .av-special-heading.av-aeg9h-23367d400d1aaf130fbc5aace969f5d5{\npadding-bottom:25px;\n}\nbody .av-special-heading.av-aeg9h-23367d400d1aaf130fbc5aace969f5d5 .av-special-heading-tag .heading-char{\nfont-size:25px;\n}\n.av-special-heading.av-aeg9h-23367d400d1aaf130fbc5aace969f5d5 .av-subheading{\nfont-size:15px;\n}\n<\/style>\n<div  class='av-special-heading av-aeg9h-23367d400d1aaf130fbc5aace969f5d5 av-special-heading-h2  avia-builder-el-12  el_before_av_one_full  avia-builder-el-first '><h2 class='av-special-heading-tag '  itemprop=\"headline\"  >PUBLIKATIONEN<\/h2><div class=\"special-heading-border\"><div class=\"special-heading-inner-border\"><\/div><\/div><\/div>\n<div class='flex_column_table av-9woal-9cbd266fb3456deecccda731a853560e sc-av_one_full av-equal-height-column-flextable'>\n<style type=\"text\/css\" data-created_by=\"avia_inline_auto\" id=\"style-css-av-9woal-9cbd266fb3456deecccda731a853560e\">\n.flex_column.av-9woal-9cbd266fb3456deecccda731a853560e{\nborder-radius:0px 0px 0px 0px;\npadding:0px 20px 20px 20px;\n}\n<\/style>\n<div  class='flex_column av-9woal-9cbd266fb3456deecccda731a853560e av_one_full  avia-builder-el-13  el_after_av_heading  el_before_av_one_fifth  first no_margin flex_column_table_cell av-equal-height-column av-align-top  '     ><section  class='av_textblock_section av-936et-0943e84a063aa8cf44a52760058d04ac '   itemscope=\"itemscope\" itemtype=\"https:\/\/schema.org\/CreativeWork\" ><div class='avia_textblock'  itemprop=\"text\" ><p>Ohne wissenschaftliche Zeitschriften und Publikationen ist der wissenschaftliche Austausch kaum m\u00f6glich. Die SGS misst deshalb den Publikationen eine grosse Bedeutung zu und ist in diesem Bereich besonders aktiv. Sie gibt regelm\u00e4ssig eigene Publikationen heraus (die Schweizerische Zeitschrift f\u00fcr Soziologie sowie das Bulletin). Zur F\u00f6rderung der Publikationen hat sie im Jahr 1989 \u00fcberdies den Verlag \u00abSeismo\u00bb gegr\u00fcndet.<\/p>\n<h3>Schweizerische Zeitschrift f\u00fcr Soziologie<\/h3>\n<\/div><\/section><\/div><\/div><!--close column table wrapper. Autoclose: 1 --><div class='flex_column_table av-vd3t-b56ea53439ccb7120af74f96887435cd sc-av_one_fifth av-equal-height-column-flextable'>\n<style type=\"text\/css\" data-created_by=\"avia_inline_auto\" id=\"style-css-av-vd3t-b56ea53439ccb7120af74f96887435cd\">\n.flex_column.av-vd3t-b56ea53439ccb7120af74f96887435cd{\nborder-radius:0px 0px 0px 0px;\npadding:0px 20px 20px 20px;\n}\n<\/style>\n<div  class='flex_column av-vd3t-b56ea53439ccb7120af74f96887435cd av_one_fifth  avia-builder-el-15  el_after_av_one_full  el_before_av_four_fifth  first no_margin flex_column_table_cell av-equal-height-column av-align-top  column-top-margin'     ><style type=\"text\/css\" data-created_by=\"avia_inline_auto\" id=\"style-css-av-867wx-7a1474e737527edc2888008fcf125ca5\">\n.avia-image-container.av-867wx-7a1474e737527edc2888008fcf125ca5 img.avia_image{\nbox-shadow:none;\n}\n.avia-image-container.av-867wx-7a1474e737527edc2888008fcf125ca5 .av-caption-image-overlay-bg{\nopacity:0.8;\nbackground-color:#ffffff;\n}\n.avia-image-container.av-867wx-7a1474e737527edc2888008fcf125ca5 .av-image-caption-overlay-center{\ncolor:#000000;\nfont-size:15px;\n}\n<\/style>\n<div  class='avia-image-container av-867wx-7a1474e737527edc2888008fcf125ca5 av-styling- av-img-linked avia-align-center  avia-builder-el-16  avia-builder-el-no-sibling  noHover av-overlay-on-hover'   itemprop=\"image\" itemscope=\"itemscope\" itemtype=\"https:\/\/schema.org\/ImageObject\" ><div class=\"avia-image-container-inner\"><div class=\"avia-image-overlay-wrap\"><a href=\"http:\/\/www.sociojournal.ch\/\" class='avia_image '  target=\"_blank\"  rel=\"noopener noreferrer\" aria-label='zeitschrift fuer soziologie'><div class=\"av-image-caption-overlay\"><div class=\"av-caption-image-overlay-bg\"><\/div><div class=\"av-image-caption-overlay-position\"><div class=\"av-image-caption-overlay-center\"><p><strong>Schweizerische Zeitschrift f\u00fcr Soziologie<\/strong><\/p>\n<p>www.sociojournal.ch<\/p>\n<\/div><\/div><\/div><img decoding=\"async\" fetchpriority=\"high\" class='wp-image-69 avia-img-lazy-loading-not-69 avia_image ' src=\"https:\/\/www.sgs-sss.ch\/wp-content\/uploads\/2016\/01\/zeitschrift-fuer-soziologie-1.jpg\" alt='' title='zeitschrift fuer soziologie'  height=\"272\" width=\"194\"  itemprop=\"thumbnailUrl\"  \/><\/a><\/div><\/div><\/div><\/div>\n<style type=\"text\/css\" data-created_by=\"avia_inline_auto\" id=\"style-css-av-7iaf1-41ea1d13b734fba9ba903b90d150ab84\">\n.flex_column.av-7iaf1-41ea1d13b734fba9ba903b90d150ab84{\nborder-radius:0px 0px 0px 0px;\npadding:0px 20px 20px 20px;\n}\n<\/style>\n<div  class='flex_column av-7iaf1-41ea1d13b734fba9ba903b90d150ab84 av_four_fifth  avia-builder-el-17  el_after_av_one_fifth  el_before_av_one_full  no_margin flex_column_table_cell av-equal-height-column av-align-top  column-top-margin'     ><section  class='av_textblock_section av-6s0nt-25ad92d6da58b0e56f569f248e35713f '   itemscope=\"itemscope\" itemtype=\"https:\/\/schema.org\/CreativeWork\" ><div class='avia_textblock'  itemprop=\"text\" ><p>Die Schweizerische Zeitschrift f\u00fcr Soziologie wurde 1975 auf Anregung der Schweizerischen Gesellschaft f\u00fcr Soziologie (SGS) gegr\u00fcndet. Sie erscheint dreimal j\u00e4hrlich mit der Unterst\u00fctzung der Schweizerischen Akademie der Geistes- und Sozialwissenschaften.<\/p>\n<p>Die Zeitschrift versteht sich als mehrsprachige Stimme f\u00fcr soziologische Analyse und Forschung. Sie ver\u00f6ffentlicht Arbeiten zu Theorie, Methode, Praxis und Geschichte der Sozialwissenschaften in Englisch, Franz\u00f6sisch und Deutsch.<\/p>\n<p>2017 werden zwei Sonderhefte erscheinen: die Nummer 43(2) zum Thema \u201eKunst, Arbeit und (De-)regulierung\u201c und die Nummer 43(3) zum Thema \u201eBildungsexpansion, Partnerschaft und Familie\u201c.<\/p>\n<p>Seit 2016 sind alle Artikel der Schweizerischen Zeitschrift f\u00fcr Soziologie als Open Access Dokumente auf De Gruyter Open zug\u00e4nglich: <a href=\"https:\/\/www.degruyter.com\/view\/j\/sjs\">https:\/\/www.degruyter.com\/view\/j\/sjs<\/a><\/p>\n<\/div><\/section><\/div><\/div><!--close column table wrapper. Autoclose: 1 --><div class='flex_column_table av-6eadd-75cf9404d4cd70b05f7a088ab75801f9 sc-av_one_full av-equal-height-column-flextable'>\n<style type=\"text\/css\" data-created_by=\"avia_inline_auto\" id=\"style-css-av-6eadd-75cf9404d4cd70b05f7a088ab75801f9\">\n.flex_column.av-6eadd-75cf9404d4cd70b05f7a088ab75801f9{\nborder-radius:0px 0px 0px 0px;\npadding:20px 20px 20px 20px;\n}\n<\/style>\n<div  class='flex_column av-6eadd-75cf9404d4cd70b05f7a088ab75801f9 av_one_full  avia-builder-el-19  el_after_av_four_fifth  avia-builder-el-last  first no_margin flex_column_table_cell av-equal-height-column av-align-top  '     ><section  class='av_textblock_section av-5f96l-8880f41dd965e933e2093794db099a12 '   itemscope=\"itemscope\" itemtype=\"https:\/\/schema.org\/CreativeWork\" ><div class='avia_textblock'  itemprop=\"text\" ><h3>Seismo Verlag: Sozialwissenschaften und Gesellschaftsfragen<\/h3>\n<p>Der Seismo Verlag ver\u00f6ffentlicht Arbeiten aller Sozialwissenschaften (auf Deutsch, Englisch und Franz\u00f6sisch). Er ist ein Fachverlag, dessen B\u00fccher vor dem Publikationsentscheid einer Peer Review unterzogen werden. Verlangen Sie den Verlagsprospekt bei der Gesch\u00e4ftsstelle Seismo Verlag, Zeltweg 27, 8032 Z\u00fcrich oder unter <a href=\"http:\/\/www.seismoverlag.ch\/\" target=\"_blank\" rel=\"noopener\">www.seismoverlag.ch<\/a>.<\/p>\n<h3>Bulletin<\/h3>\n<p>Das Bulletin ist das Informationsorgan der SGS. Es wird zwei Mal im Jahr herausgegeben und informiert \u00fcber Aktuelles aus Universit\u00e4ten und Berufswelt, \u00fcber wissenschaftspolitische Fragen, Tagungen, Veranstaltungen im In- und Ausland, Publikationen u.a.m. Es wird an alle Mitglieder der SGS sowie an Medienschaffende verschickt. Erg\u00e4nzend zum Bulletin verschickt die SGS einen elektronischen Newsletter, der auf aktuelle Tagungen, wichtige forschungspolitische Ereignisse und andere soziologisch bedeutsame Aspekte hinweist.<\/p>\n<\/div><\/section><\/div><\/div><!--close column table wrapper. Autoclose: 1 --><\/div><\/div><\/div><!-- close content main div --><\/div><\/div>\n<style type=\"text\/css\" data-created_by=\"avia_inline_auto\" id=\"style-css-av-56bt5-153ffefd39ac21fc24f723cd20fc72bc\">\n.avia-section.av-56bt5-153ffefd39ac21fc24f723cd20fc72bc{\nbackground-color:#eeeeee;\nbackground-image:unset;\n}\n<\/style>\n<div id='av_section_4'  class='avia-section av-56bt5-153ffefd39ac21fc24f723cd20fc72bc main_color avia-section-default avia-no-shadow  avia-builder-el-21  el_after_av_section  avia-builder-el-last  avia-bg-style-scroll container_wrap fullsize'  ><div class='container av-section-cont-open' ><div class='template-page content  av-content-full alpha units'><div class='post-entry post-entry-type-page post-entry-21'><div class='entry-content-wrapper clearfix'>\n\n<style type=\"text\/css\" data-created_by=\"avia_inline_auto\" id=\"style-css-av-4k7a5-0501c5f33845d14f8207ab8d3dc2a355\">\n#top .av-special-heading.av-4k7a5-0501c5f33845d14f8207ab8d3dc2a355{\npadding-bottom:25px;\n}\nbody .av-special-heading.av-4k7a5-0501c5f33845d14f8207ab8d3dc2a355 .av-special-heading-tag .heading-char{\nfont-size:25px;\n}\n.av-special-heading.av-4k7a5-0501c5f33845d14f8207ab8d3dc2a355 .av-subheading{\nfont-size:15px;\n}\n<\/style>\n<div  class='av-special-heading av-4k7a5-0501c5f33845d14f8207ab8d3dc2a355 av-special-heading-h2  avia-builder-el-22  el_before_av_three_fifth  avia-builder-el-first '><h2 class='av-special-heading-tag '  itemprop=\"headline\"  >F\u00d6RDERUNG<\/h2><div class=\"special-heading-border\"><div class=\"special-heading-inner-border\"><\/div><\/div><\/div>\n<div class='flex_column_table av-3nmip-bb599a670857fbacf7bf07847d2b49c3 sc-av_three_fifth av-equal-height-column-flextable'>\n<style type=\"text\/css\" data-created_by=\"avia_inline_auto\" id=\"style-css-av-3nmip-bb599a670857fbacf7bf07847d2b49c3\">\n.flex_column.av-3nmip-bb599a670857fbacf7bf07847d2b49c3{\nborder-radius:0px 0px 0px 0px;\npadding:20px 20px 20px 20px;\n}\n<\/style>\n<div  class='flex_column av-3nmip-bb599a670857fbacf7bf07847d2b49c3 av_three_fifth  avia-builder-el-23  el_after_av_heading  el_before_av_two_fifth  first no_margin flex_column_table_cell av-equal-height-column av-align-top  '     ><section  class='av_textblock_section av-3hkrt-005a1f1720a07aa78e6295059e05a255 '   itemscope=\"itemscope\" itemtype=\"https:\/\/schema.org\/CreativeWork\" ><div class='avia_textblock'  itemprop=\"text\" ><h3>Interdisziplin\u00e4re Projekte<\/h3>\n<p>Die SGS unterh\u00e4lt regelm\u00e4ssige Kontakte zu den wissenschaftlichen Gesellschaften der Nachbardisziplinen. Sie hat auch massgeblich dazu beigetragen, dass 1992 in Neuenburg das Archiv f\u00fcr sozialwissenschaftliche Daten SIDOS eingerichtet werden konnte.<\/p>\n<\/div><\/section><br \/>\n\n<style type=\"text\/css\" data-created_by=\"avia_inline_auto\" id=\"style-css-av-2vxdh-736f4be6517d323bc0559b62ba39af26\">\n#top .hr.hr-invisible.av-2vxdh-736f4be6517d323bc0559b62ba39af26{\nheight:20px;\n}\n<\/style>\n<div  class='hr av-2vxdh-736f4be6517d323bc0559b62ba39af26 hr-invisible  avia-builder-el-25  el_after_av_textblock  el_before_av_textblock '><span class='hr-inner '><span class=\"hr-inner-style\"><\/span><\/span><\/div><br \/>\n<section  class='av_textblock_section av-2a3yh-9d5f90f5a1c9664c7bd5055205f2a2df '   itemscope=\"itemscope\" itemtype=\"https:\/\/schema.org\/CreativeWork\" ><div class='avia_textblock'  itemprop=\"text\" ><h3>Wissenschaftspolitik<\/h3>\n<p>Die SGS ist Gespr\u00e4chspartnerin der Institutionen, die f\u00fcr Forschungspolitik und -finanzierung wichtig sind: z.B. der Schweizerischen Akademie der Geistes- und Sozialwissenschaften (SAGW) und des Schweizerischen Wissenschafts- und Technologierats (SWTR). Die SGS ist ebenso im Wissenschaftspolitischen Rat f\u00fcr die Sozialwissenschaften (WRS) der SAGW aktiv.<\/p>\n<\/div><\/section><\/p><\/div>\n<style type=\"text\/css\" data-created_by=\"avia_inline_auto\" id=\"style-css-av-1eeah-565a80e4bad198f289f26fe391118187\">\n.flex_column.av-1eeah-565a80e4bad198f289f26fe391118187{\nborder-radius:0px 0px 0px 0px;\npadding:20px 20px 20px 20px;\n}\n<\/style>\n<div  class='flex_column av-1eeah-565a80e4bad198f289f26fe391118187 av_two_fifth  avia-builder-el-27  el_after_av_three_fifth  avia-builder-el-last  no_margin flex_column_table_cell av-equal-height-column av-align-top  '     ><section  class='av_textblock_section av-wqc1-b69c7547ebeb24ab3898fa163bb2c24e '   itemscope=\"itemscope\" itemtype=\"https:\/\/schema.org\/CreativeWork\" ><div class='avia_textblock'  itemprop=\"text\" ><h3>Internationale T\u00e4tigkeiten<\/h3>\n<p style=\"text-align: left;\">Die SGS engagiert sich f\u00fcr den wissenschaftlichen Austausch zwischen den verschiedenen nationalen Gesellschaften: besonders mit der DGS (Deutsche Gesellschaft f\u00fcr Soziologie), der \u00d6GS (\u00d6sterreichische Gesellschaft f\u00fcr Soziologie) und der AISLF (Association internationale des sociologues de langue francaise).<\/p>\n<p style=\"text-align: left;\">Die SGS ist ferner Mitglied der ISA (International Sociological Association) und der ESA (European Sociological Association) und unterh\u00e4lt mit diesen Gesellschaften aktive Kontakte.<\/p>\n<\/div><\/section><\/div><\/div><!--close column table wrapper. Autoclose: 1 -->\n<\/p>\n","protected":false},"excerpt":{"rendered":"","protected":false},"author":1,"featured_media":0,"parent":0,"menu_order":0,"comment_status":"closed","ping_status":"closed","template":"","meta":{"footnotes":""},"class_list":["post-21","page","type-page","status-publish","hentry"],"_links":{"self":[{"href":"https:\/\/www.sgs-sss.ch\/de\/wp-json\/wp\/v2\/pages\/21","targetHints":{"allow":["GET"]}}],"collection":[{"href":"https:\/\/www.sgs-sss.ch\/de\/wp-json\/wp\/v2\/pages"}],"about":[{"href":"https:\/\/www.sgs-sss.ch\/de\/wp-json\/wp\/v2\/types\/page"}],"author":[{"embeddable":true,"href":"https:\/\/www.sgs-sss.ch\/de\/wp-json\/wp\/v2\/users\/1"}],"replies":[{"embeddable":true,"href":"https:\/\/www.sgs-sss.ch\/de\/wp-json\/wp\/v2\/comments?post=21"}],"version-history":[{"count":61,"href":"https:\/\/www.sgs-sss.ch\/de\/wp-json\/wp\/v2\/pages\/21\/revisions"}],"predecessor-version":[{"id":35,"href":"https:\/\/www.sgs-sss.ch\/de\/wp-json\/wp\/v2\/pages\/21\/revisions\/35"}],"wp:attachment":[{"href":"https:\/\/www.sgs-sss.ch\/de\/wp-json\/wp\/v2\/media?parent=21"}],"curies":[{"name":"wp","href":"https:\/\/api.w.org\/{rel}","templated":true}]}}