{"id":280,"date":"2016-01-19T21:57:52","date_gmt":"2016-01-19T20:57:52","guid":{"rendered":"http:\/\/new.sgs-sss.ch\/new\/?page_id=280"},"modified":"2024-05-03T10:59:05","modified_gmt":"2024-05-03T08:59:05","slug":"interpretative-sociologies","status":"publish","type":"page","link":"https:\/\/www.sgs-sss.ch\/de\/forschungskomitees\/interpretative-sociologies\/","title":{"rendered":"Interpretative Sozialforschung"},"content":{"rendered":"\n<style type=\"text\/css\" data-created_by=\"avia_inline_auto\" id=\"style-css-av-7cqb4-420aae842e05c32dbd0e1d9c15fe1f21\">\n.avia-section.av-7cqb4-420aae842e05c32dbd0e1d9c15fe1f21{\nbackground-color:#ffffff;\nbackground-image:unset;\n}\n<\/style>\n<div id='av_section_1'  class='avia-section av-7cqb4-420aae842e05c32dbd0e1d9c15fe1f21 main_color avia-section-default avia-no-shadow  avia-builder-el-0  avia-builder-el-no-sibling  avia-bg-style-scroll container_wrap fullsize'  ><div class='container av-section-cont-open' ><main  role=\"main\" itemprop=\"mainContentOfPage\"  class='template-page content  av-content-full alpha units'><div class='post-entry post-entry-type-page post-entry-280'><div class='entry-content-wrapper clearfix'>\n\n<style type=\"text\/css\" data-created_by=\"avia_inline_auto\" id=\"style-css-av-1x5xk8-b60cd79bc842cd124f053ee37e26eb86\">\n#top .av-special-heading.av-1x5xk8-b60cd79bc842cd124f053ee37e26eb86{\npadding-bottom:25px;\n}\nbody .av-special-heading.av-1x5xk8-b60cd79bc842cd124f053ee37e26eb86 .av-special-heading-tag .heading-char{\nfont-size:25px;\n}\n.av-special-heading.av-1x5xk8-b60cd79bc842cd124f053ee37e26eb86 .av-subheading{\nfont-size:15px;\n}\n<\/style>\n<div  class='av-special-heading av-1x5xk8-b60cd79bc842cd124f053ee37e26eb86 av-special-heading-h2  avia-builder-el-1  el_before_av_one_full  avia-builder-el-first '><h2 class='av-special-heading-tag '  itemprop=\"headline\"  >INTERPRETATIVE SOZIALFORSCHUNG<\/h2><div class=\"special-heading-border\"><div class=\"special-heading-inner-border\"><\/div><\/div><\/div>\n<div class='flex_column_table av-1qhutc-cc5b1bc24255e9607762fee779ba1379 sc-av_one_full av-equal-height-column-flextable'>\n<style type=\"text\/css\" data-created_by=\"avia_inline_auto\" id=\"style-css-av-1qhutc-cc5b1bc24255e9607762fee779ba1379\">\n.flex_column.av-1qhutc-cc5b1bc24255e9607762fee779ba1379{\nborder-radius:0px 0px 0px 0px;\npadding:20px 20px 20px 20px;\n}\n<\/style>\n<div  class='flex_column av-1qhutc-cc5b1bc24255e9607762fee779ba1379 av_one_full  avia-builder-el-2  el_after_av_heading  avia-builder-el-last  first no_margin flex_column_table_cell av-equal-height-column av-align-top  '     ><section  class='av_textblock_section av-1io5m0-4271d6540958fab51d90932f4e84a695 '   itemscope=\"itemscope\" itemtype=\"https:\/\/schema.org\/CreativeWork\" ><div class='avia_textblock'  itemprop=\"text\" ><blockquote>\n<h3><strong>Portrait \u00bb <\/strong><strong>Gr\u00fcndung<\/strong><\/h3>\n<p>Der Vorstand der SGS hat an seiner Sitzung vom 28.11.97 in Bern auf Antrag einer Gruppe von Angeh\u00f6rigen der Universit\u00e4ten St. Gallen, Bern und Fribourg die Gr\u00fcndung des Forschungskomitees \u201eInterpretative Sozialforschung\u201c beschlossen.<\/p>\n<\/blockquote>\n<\/div><\/section><br \/>\n\n<style type=\"text\/css\" data-created_by=\"avia_inline_auto\" id=\"style-css-av-1gth5c-f7b26beab85a56332172561fc13acb63\">\n#top .hr.hr-invisible.av-1gth5c-f7b26beab85a56332172561fc13acb63{\nheight:15px;\n}\n<\/style>\n<div  class='hr av-1gth5c-f7b26beab85a56332172561fc13acb63 hr-invisible  avia-builder-el-4  el_after_av_textblock  el_before_av_toggle_container '><span class='hr-inner '><span class=\"hr-inner-style\"><\/span><\/span><\/div><br \/>\n<div  class='togglecontainer av-185pds-87e31c5b552ea3b0d93511ff60b8365d  avia-builder-el-5  el_after_av_hr  avia-builder-el-last ' >\n<section class='av_toggle_section av-14q6mg-ea227e39effd17eea186befe7861d0d8'  itemscope=\"itemscope\" itemtype=\"https:\/\/schema.org\/CreativeWork\" ><div role=\"tablist\" class=\"single_toggle\" data-tags=\"{Alle} \"  ><p id='toggle-toggle-id-1' data-fake-id='#toggle-id-1' class='toggler  activeTitle av-title-above '  itemprop=\"headline\"  role='tab' tabindex='0' aria-controls='toggle-id-1' data-slide-speed=\"200\" data-title=\"Zielsetzung\" data-title-open=\"\" data-aria_collapsed=\"Click to expand: Zielsetzung\" data-aria_expanded=\"Click to collapse: Zielsetzung\">Zielsetzung<span class=\"toggle_icon\"><span class=\"vert_icon\"><\/span><span class=\"hor_icon\"><\/span><\/span><\/p><div id='toggle-id-1' aria-labelledby='toggle-toggle-id-1' role='region' class='toggle_wrap  active_tc av-title-above' style='display:block;' ><div class='toggle_content invers-color '  itemprop=\"text\" ><p>Das Ziel dieses Forschungskomitees ist es, ein Forum zu bilden f\u00fcr den wissenschaftlichen Erfahrungsaustausch unter SGS-Mitgliedern und allenfalls weiteren interessierten Forscherinnen, die sich einer interpretativen Sozialforschung verpflichtet f\u00fchlen. Mehr und mehr zeigt sich, dass es weniger die inhaltlichen Themenbereiche sind, welche einen vertiefenden wissenschaftlichen Dialog erm\u00f6glichen und die weitere Forschung befruchten, sondern vielmehr die Konvergenzen der theoretischen Paradigmata und der angewandten Forschungsmethoden. In den letzten Jahren haben sich auch in der Schweiz immer mehr SoziologInnen einer Variante des \u201ainterpretativen Paradigmas\u2018\u00a0zugewandt und begonnen, \u201ainterpretative\u2018 (oder \u201aqualitative\u2018) Methoden anzuwenden. Ein Forum, das den Erfahrungsaustausch unter diesen WissenschaftlerInnen f\u00f6rdert, fehlt bisher.<\/p>\n<p>Das Forschungskomitee soll vor allem den Erfahrungsaustausch im Bereich der empirischen Wissens- und Kultursoziologie f\u00f6rdern. In diesem Bereich haben sich in den letzten Jahren eine Reihe von Ans\u00e4tzen fest etabliert, die einer sozial-wissenschaftlichen Hermeneutik zugerechnet werden k\u00f6nnen, also etwa Ph\u00e4nomenologie, Ethnomethodologie, Symbolischer Interaktionismus, Ethnographie, Konversationsanalyse, Narrationsanalyse, Gattungsanalyse, Objektive Hermeneutik, Deutungsmusteranalyse, Ethnographische Semantikanalyse, (historisch)-rekonstruktive Hermeneutik usw.<\/p>\n<h4>Das Forschungskomitee \u201eInterpretative Sozialforschung\u201c bezweckt insbesondere:<\/h4>\n\n<style type=\"text\/css\" data-created_by=\"avia_inline_auto\" id=\"style-css-av-wc90w-ad9880540c80d2d3e3949d17ab27150a\">\n#top .hr.hr-invisible.av-wc90w-ad9880540c80d2d3e3949d17ab27150a{\nheight:15px;\n}\n<\/style>\n<div  class='hr av-wc90w-ad9880540c80d2d3e3949d17ab27150a hr-invisible  avia-builder-el-6  el_before_av_hr  avia-builder-el-first '><span class='hr-inner '><span class=\"hr-inner-style\"><\/span><\/span><\/div>\n<ul>\n<li>jene WissenschaftlerInnen, die sich einer empirisch orientierten sozialwissenschaftlichen Hermeutik verpflichtet f\u00fchlen, zu vernetzen und ihnen ein Forum f\u00fcr den gegenseitigen wissenschaftlichen Erfahrungsaustausch zu bieten;<\/li>\n<\/ul>\n<ul>\n<li>der interpretativen Sozialforschung sowohl in der wissenschaftlichen Forschung wie auch in der Ressortforschung und der Evaluationst\u00e4tigkeit der \u00f6ffentlichen Verwaltungen mehr Gewicht zu verschaffen.<\/li>\n<\/ul>\n<\/div><\/div><\/div><\/section>\n<section class='av_toggle_section av-qdzag-e4eaf39f6211b953b8d2a75dc90cb55d'  itemscope=\"itemscope\" itemtype=\"https:\/\/schema.org\/CreativeWork\" ><div role=\"tablist\" class=\"single_toggle\" data-tags=\"{Alle} \"  ><p id='toggle-toggle-id-2' data-fake-id='#toggle-id-2' class='toggler  av-title-above '  itemprop=\"headline\"  role='tab' tabindex='0' aria-controls='toggle-id-2' data-slide-speed=\"200\" data-title=\"Mitgliedschaft\" data-title-open=\"\" data-aria_collapsed=\"Click to expand: Mitgliedschaft\" data-aria_expanded=\"Click to collapse: Mitgliedschaft\">Mitgliedschaft<span class=\"toggle_icon\"><span class=\"vert_icon\"><\/span><span class=\"hor_icon\"><\/span><\/span><\/p><div id='toggle-id-2' aria-labelledby='toggle-toggle-id-2' role='region' class='toggle_wrap  av-title-above'  ><div class='toggle_content invers-color '  itemprop=\"text\" ><p>Wer sich von Zielsetzung und Thematik des Forschungskomitees \u201eInterpretative Sozialforschung\u201c angesprochen f\u00fchlt, ist eingeladen, sich bei untenstehender Kontaktperson zu melden. Bitte geben Sie Namen, Adresse, Telefon- und Fax-Nummern sowie Ihre E-Mail-Adresse an.<\/p>\n<p>In einem ersten Schritt sollen die Mitglieder des neuen Forschungskomitees virtuell vernetzt werden.<\/p>\n<\/div><\/div><\/div><\/section>\n<section class='av_toggle_section av-murtc-b7703f6ea7ce542b47c560db4896a4c7'  itemscope=\"itemscope\" itemtype=\"https:\/\/schema.org\/CreativeWork\" ><div role=\"tablist\" class=\"single_toggle\" data-tags=\"{Alle} \"  ><p id='toggle-toggle-id-3' data-fake-id='#toggle-id-3' class='toggler  av-title-above '  itemprop=\"headline\"  role='tab' tabindex='0' aria-controls='toggle-id-3' data-slide-speed=\"200\" data-title=\"Kontaktadressen\" data-title-open=\"\" data-aria_collapsed=\"Click to expand: Kontaktadressen\" data-aria_expanded=\"Click to collapse: Kontaktadressen\">Kontaktadressen<span class=\"toggle_icon\"><span class=\"vert_icon\"><\/span><span class=\"hor_icon\"><\/span><\/span><\/p><div id='toggle-id-3' aria-labelledby='toggle-toggle-id-3' role='region' class='toggle_wrap  av-title-above'  ><div class='toggle_content invers-color '  itemprop=\"text\" >\n<style type=\"text\/css\" data-created_by=\"avia_inline_auto\" id=\"style-css-av-flvu8-619e83fd46abc9c015bb9c27b8efda9b\">\n#top .hr.hr-invisible.av-flvu8-619e83fd46abc9c015bb9c27b8efda9b{\nheight:30px;\n}\n<\/style>\n<div  class='hr av-flvu8-619e83fd46abc9c015bb9c27b8efda9b hr-invisible  avia-builder-el-7  el_after_av_hr  avia-builder-el-last '><span class='hr-inner '><span class=\"hr-inner-style\"><\/span><\/span><\/div>\n<h3>Florian Elliker<\/h3>\n<p>Universit\u00e4t St. Gallen<br \/>\nSeminar f\u00fcr Soziologie (SfS-HSG)<br \/>\nM\u00fcller-Friedbergstrasse 8<br \/>\nCH-9000 St. Gallen<\/p>\n<p><a href=\"mailto:interpretive@sgs-sss.ch\">interpretive@sgs-sss.ch<\/a><\/p>\n<p>Tel +41 71 224 29 32<br \/>\nFax +41 71 224 28 28<\/p>\n<\/div><\/div><\/div><\/section>\n<section class='av_toggle_section av-6ldqo-814c7baa0956a49baae1e421915f052e'  itemscope=\"itemscope\" itemtype=\"https:\/\/schema.org\/CreativeWork\" ><div role=\"tablist\" class=\"single_toggle\" data-tags=\"{Alle} \"  ><p id='toggle-toggle-id-4' data-fake-id='#toggle-id-4' class='toggler  av-title-above '  itemprop=\"headline\"  role='tab' tabindex='0' aria-controls='toggle-id-4' data-slide-speed=\"200\" data-title=\"Aktuelles\" data-title-open=\"\" data-aria_collapsed=\"Click to expand: Aktuelles\" data-aria_expanded=\"Click to collapse: Aktuelles\">Aktuelles<span class=\"toggle_icon\"><span class=\"vert_icon\"><\/span><span class=\"hor_icon\"><\/span><\/span><\/p><div id='toggle-id-4' aria-labelledby='toggle-toggle-id-4' role='region' class='toggle_wrap  av-title-above'  ><div class='toggle_content invers-color '  itemprop=\"text\" ><p><strong>10. Schweizer Methodenfestival<\/strong><\/p>\n<p>Interessierte Personen k\u00f6nnen sich neu bis zum 26. Mai f\u00fcr das<strong> 10. Schweizer Methodenfestival f\u00fcr qualitative Forschungsmethoden <\/strong>anmelden, das<strong> 4.\/5. September 2024 <\/strong>in St. Gallen stattfinden wird. Wir bitten Sie, diese Ank\u00fcndigung an potentielle Interessentinnen und Interessenten weiterzuleiten.<\/p>\n<p>In insgesamt 15 Forschungsateliers k\u00f6nnen sich Interessierte \u00fcber den aktuellen Stand verschiedener Methoden informieren und ihre Fragen sowie teilweise auch ihre eigenen Projekte mit ausgewiesenen Expertinnen und Experten diskutieren. Am Methodenfestival sind qualitative Sozialforschende aus der Schweiz als auch aus dem Ausland willkommen.<\/p>\n<p>Mit einer Keynote und zwei Forschungsateliers bildet \u00abk\u00fcnstliche Intelligenz\u00bb in der qualitativen Sozialforschung dieses Jahr einen besonderen Schwerpunkt.<\/p>\n<p><strong>Programm und weitere Informationen:\u00a0<\/strong><\/p>\n<p><a href=\"https:\/\/qualitative-research.ch\/10-schweizer-methodenfestival\/\">https:\/\/qualitative-research.ch\/10-schweizer-methodenfestival\/<\/a><\/p>\n<p><strong>Anmeldung: <\/strong>ab sofort Uhr (<em>first come first<\/em> serve) unter <a href=\"https:\/\/forms.gle\/Ffof7zzxtjiSFrTW7\">https:\/\/forms.gle\/Ffof7zzxtjiSFrTW7<\/a><\/p>\n<p><strong>Anmeldungsschluss:<\/strong> 26. Mai 2024 (Mitternacht)<\/p>\n<\/div><\/div><\/div><\/section>\n<\/div><\/p><\/div><\/div><!--close column table wrapper. Autoclose: 1 -->\n","protected":false},"excerpt":{"rendered":"","protected":false},"author":1,"featured_media":0,"parent":231,"menu_order":0,"comment_status":"closed","ping_status":"closed","template":"","meta":{"footnotes":""},"class_list":["post-280","page","type-page","status-publish","hentry"],"_links":{"self":[{"href":"https:\/\/www.sgs-sss.ch\/de\/wp-json\/wp\/v2\/pages\/280","targetHints":{"allow":["GET"]}}],"collection":[{"href":"https:\/\/www.sgs-sss.ch\/de\/wp-json\/wp\/v2\/pages"}],"about":[{"href":"https:\/\/www.sgs-sss.ch\/de\/wp-json\/wp\/v2\/types\/page"}],"author":[{"embeddable":true,"href":"https:\/\/www.sgs-sss.ch\/de\/wp-json\/wp\/v2\/users\/1"}],"replies":[{"embeddable":true,"href":"https:\/\/www.sgs-sss.ch\/de\/wp-json\/wp\/v2\/comments?post=280"}],"version-history":[{"count":19,"href":"https:\/\/www.sgs-sss.ch\/de\/wp-json\/wp\/v2\/pages\/280\/revisions"}],"predecessor-version":[{"id":21472,"href":"https:\/\/www.sgs-sss.ch\/de\/wp-json\/wp\/v2\/pages\/280\/revisions\/21472"}],"up":[{"embeddable":true,"href":"https:\/\/www.sgs-sss.ch\/de\/wp-json\/wp\/v2\/pages\/231"}],"wp:attachment":[{"href":"https:\/\/www.sgs-sss.ch\/de\/wp-json\/wp\/v2\/media?parent=280"}],"curies":[{"name":"wp","href":"https:\/\/api.w.org\/{rel}","templated":true}]}}