{"id":289,"date":"2016-01-19T22:13:23","date_gmt":"2016-01-19T21:13:23","guid":{"rendered":"http:\/\/new.sgs-sss.ch\/new\/?page_id=289"},"modified":"2025-10-01T13:52:15","modified_gmt":"2025-10-01T11:52:15","slug":"kunst-und-kultursoziologie","status":"publish","type":"page","link":"https:\/\/www.sgs-sss.ch\/de\/forschungskomitees\/kunst-und-kultursoziologie\/","title":{"rendered":"Kunst- und Kultursoziologie (Foko-KUKUSO)"},"content":{"rendered":"\n<style type=\"text\/css\" data-created_by=\"avia_inline_auto\" id=\"style-css-av-131s8x-11dd837711602af7d3650495498514aa\">\n.avia-section.av-131s8x-11dd837711602af7d3650495498514aa{\nbackground-color:#ffffff;\nbackground-image:unset;\n}\n<\/style>\n<div id='av_section_1'  class='avia-section av-131s8x-11dd837711602af7d3650495498514aa main_color avia-section-default avia-no-shadow  avia-builder-el-0  avia-builder-el-no-sibling  avia-bg-style-scroll container_wrap fullsize'  ><div class='container av-section-cont-open' ><main  role=\"main\" itemprop=\"mainContentOfPage\"  class='template-page content  av-content-full alpha units'><div class='post-entry post-entry-type-page post-entry-289'><div class='entry-content-wrapper clearfix'>\n\n<style type=\"text\/css\" data-created_by=\"avia_inline_auto\" id=\"style-css-av-wei1t-7e5403a8a49050a52f1ddfe26065fa3e\">\n#top .av-special-heading.av-wei1t-7e5403a8a49050a52f1ddfe26065fa3e{\npadding-bottom:25px;\n}\nbody .av-special-heading.av-wei1t-7e5403a8a49050a52f1ddfe26065fa3e .av-special-heading-tag .heading-char{\nfont-size:25px;\n}\n.av-special-heading.av-wei1t-7e5403a8a49050a52f1ddfe26065fa3e .av-subheading{\nfont-size:15px;\n}\n<\/style>\n<div  class='av-special-heading av-wei1t-7e5403a8a49050a52f1ddfe26065fa3e av-special-heading-h2  avia-builder-el-1  el_before_av_one_full  avia-builder-el-first '><h2 class='av-special-heading-tag '  itemprop=\"headline\"  >KUNST- UND KULTURSOZIOLOGIE (Foko-KUKUSO)<\/h2><div class=\"special-heading-border\"><div class=\"special-heading-inner-border\"><\/div><\/div><\/div>\n<div class='flex_column_table av-scfk9-648fcc7c87d863b48f1a35450c0ab16b sc-av_one_full av-equal-height-column-flextable'>\n<style type=\"text\/css\" data-created_by=\"avia_inline_auto\" id=\"style-css-av-scfk9-648fcc7c87d863b48f1a35450c0ab16b\">\n.flex_column.av-scfk9-648fcc7c87d863b48f1a35450c0ab16b{\nborder-radius:0px 0px 0px 0px;\npadding:20px 20px 20px 20px;\n}\n<\/style>\n<div  class='flex_column av-scfk9-648fcc7c87d863b48f1a35450c0ab16b av_one_full  avia-builder-el-2  el_after_av_heading  avia-builder-el-last  first no_margin flex_column_table_cell av-equal-height-column av-align-top  '     ><div  class='togglecontainer av-njw55-1880dcd2483fe27ac339f9d723f2de74  avia-builder-el-3  avia-builder-el-no-sibling ' >\n<section class='av_toggle_section av-f2leh-e021646cd2358c8952f115a52107c531'  itemscope=\"itemscope\" itemtype=\"https:\/\/schema.org\/CreativeWork\" ><div role=\"tablist\" class=\"single_toggle\" data-tags=\"{Alle} \"  ><p id='toggle-toggle-id-1' data-fake-id='#toggle-id-1' class='toggler  activeTitle av-title-above '  itemprop=\"headline\"  role='tab' tabindex='0' aria-controls='toggle-id-1' data-slide-speed=\"200\" data-title=\"Aktuell\" data-title-open=\"\" data-aria_collapsed=\"Click to expand: Aktuell\" data-aria_expanded=\"Click to collapse: Aktuell\">Aktuell<span class=\"toggle_icon\"><span class=\"vert_icon\"><\/span><span class=\"hor_icon\"><\/span><\/span><\/p><div id='toggle-id-1' aria-labelledby='toggle-toggle-id-1' role='region' class='toggle_wrap  active_tc av-title-above' style='display:block;' ><div class='toggle_content invers-color '  itemprop=\"text\" ><p>Willkommen auf der Webseite des <strong>Foko-KUKUSO<\/strong> Forschungskomitees Kunst- und Kultursoziologie der SGS!<\/p>\n<p>Nur die Seite auf Englisch wird regelm\u00e4ssig aktualisiert:<\/p>\n<p><strong>\u00a0&gt; <a href=\"https:\/\/www.sgs-sss.ch\/en\/research-networks\/sociology-of-arts-and-culture\/#toggle-id-6\">Zur Foko-KUKUSO-Seite auf Englisch<\/a><br \/>\n<\/strong><\/p>\n<\/div><\/div><\/div><\/section>\n<section class='av_toggle_section av-bqivd-6e3c513cecda425486f61dce9c5270ec'  itemscope=\"itemscope\" itemtype=\"https:\/\/schema.org\/CreativeWork\" ><div role=\"tablist\" class=\"single_toggle\" data-tags=\"{Alle} \"  ><p id='toggle-toggle-id-2' data-fake-id='#toggle-id-2' class='toggler  av-title-above '  itemprop=\"headline\"  role='tab' tabindex='0' aria-controls='toggle-id-2' data-slide-speed=\"200\" data-title=\"Kontaktperson\" data-title-open=\"\" data-aria_collapsed=\"Click to expand: Kontaktperson\" data-aria_expanded=\"Click to collapse: Kontaktperson\">Kontaktperson<span class=\"toggle_icon\"><span class=\"vert_icon\"><\/span><span class=\"hor_icon\"><\/span><\/span><\/p><div id='toggle-id-2' aria-labelledby='toggle-toggle-id-2' role='region' class='toggle_wrap  av-title-above'  ><div class='toggle_content invers-color '  itemprop=\"text\" ><p>Wenn Sie im Bereich der Kunst- und Kultursoziologie arbeiten und beim Foko-KUKUSO <strong>Mitglied werden<\/strong>\u00a0oder \u00fcber dessen Aktivit\u00e4ten informiert sein m\u00f6chten, oder f\u00fcr jede andere Frage, bitte kontaktieren Sie<\/p>\n<p>Dr.<strong> Olivier MOESCHLER<br \/>\n<\/strong>Pr\u00e4sident<\/p>\n<p>LACCUS Laboratoire capitalisme, culture et soci\u00e9t\u00e9\u2028s<br \/>\nUniversit\u00e4t Lausanne<br \/>\nLACCUS-UNIL,\u2028 Batiment G\u00e9opolis, CH-1015 Lausanne, Schweiz<br \/>\n+41 79 566 70 27<\/p>\n<p><strong><a href=\"mailto:culture@sgs-sss.ch\">culture@sgs-sss.ch<\/a> <\/strong>oder <strong><a href=\"mailto:olivier.moeschler@unil.ch\">olivier.moeschler@unil.ch<\/a><\/strong><\/p>\n<p>Die Kontaktperson ist zweisprachig Deutsch-Franz\u00f6sisch und kommuniziert auch auf Englisch.<\/p>\n<\/div><\/div><\/div><\/section>\n<\/div><\/div><\/div><!--close column table wrapper. Autoclose: 1 -->\n","protected":false},"excerpt":{"rendered":"","protected":false},"author":1,"featured_media":0,"parent":231,"menu_order":0,"comment_status":"closed","ping_status":"closed","template":"","meta":{"footnotes":""},"class_list":["post-289","page","type-page","status-publish","hentry"],"_links":{"self":[{"href":"https:\/\/www.sgs-sss.ch\/de\/wp-json\/wp\/v2\/pages\/289","targetHints":{"allow":["GET"]}}],"collection":[{"href":"https:\/\/www.sgs-sss.ch\/de\/wp-json\/wp\/v2\/pages"}],"about":[{"href":"https:\/\/www.sgs-sss.ch\/de\/wp-json\/wp\/v2\/types\/page"}],"author":[{"embeddable":true,"href":"https:\/\/www.sgs-sss.ch\/de\/wp-json\/wp\/v2\/users\/1"}],"replies":[{"embeddable":true,"href":"https:\/\/www.sgs-sss.ch\/de\/wp-json\/wp\/v2\/comments?post=289"}],"version-history":[{"count":40,"href":"https:\/\/www.sgs-sss.ch\/de\/wp-json\/wp\/v2\/pages\/289\/revisions"}],"predecessor-version":[{"id":22773,"href":"https:\/\/www.sgs-sss.ch\/de\/wp-json\/wp\/v2\/pages\/289\/revisions\/22773"}],"up":[{"embeddable":true,"href":"https:\/\/www.sgs-sss.ch\/de\/wp-json\/wp\/v2\/pages\/231"}],"wp:attachment":[{"href":"https:\/\/www.sgs-sss.ch\/de\/wp-json\/wp\/v2\/media?parent=289"}],"curies":[{"name":"wp","href":"https:\/\/api.w.org\/{rel}","templated":true}]}}