{"id":305,"date":"2016-02-11T18:23:57","date_gmt":"2016-02-11T17:23:57","guid":{"rendered":"http:\/\/new.sgs-sss.ch\/new\/?page_id=305"},"modified":"2025-07-23T11:51:27","modified_gmt":"2025-07-23T09:51:27","slug":"religion","status":"publish","type":"page","link":"https:\/\/www.sgs-sss.ch\/de\/forschungskomitees\/religion\/","title":{"rendered":"Religion und Gesellschaft"},"content":{"rendered":"\n<style type=\"text\/css\" data-created_by=\"avia_inline_auto\" id=\"style-css-av-2cojx5-4799b8ff3f2fe400774b693bcb286db0\">\n.avia-section.av-2cojx5-4799b8ff3f2fe400774b693bcb286db0{\nbackground-color:#ffffff;\nbackground-image:unset;\n}\n<\/style>\n<div id='av_section_1'  class='avia-section av-2cojx5-4799b8ff3f2fe400774b693bcb286db0 main_color avia-section-default avia-no-shadow  avia-builder-el-0  avia-builder-el-no-sibling  avia-bg-style-scroll container_wrap fullsize'  ><div class='container av-section-cont-open' ><main  role=\"main\" itemprop=\"mainContentOfPage\"  class='template-page content  av-content-full alpha units'><div class='post-entry post-entry-type-page post-entry-305'><div class='entry-content-wrapper clearfix'>\n\n<style type=\"text\/css\" data-created_by=\"avia_inline_auto\" id=\"style-css-av-285tw9-cb0a6a51e39d3253df2307082d26106d\">\n#top .av-special-heading.av-285tw9-cb0a6a51e39d3253df2307082d26106d{\npadding-bottom:25px;\n}\nbody .av-special-heading.av-285tw9-cb0a6a51e39d3253df2307082d26106d .av-special-heading-tag .heading-char{\nfont-size:25px;\n}\n.av-special-heading.av-285tw9-cb0a6a51e39d3253df2307082d26106d .av-subheading{\nfont-size:15px;\n}\n<\/style>\n<div  class='av-special-heading av-285tw9-cb0a6a51e39d3253df2307082d26106d av-special-heading-h2  avia-builder-el-1  el_before_av_one_full  avia-builder-el-first '><h2 class='av-special-heading-tag '  itemprop=\"headline\"  >RELIGION UND GESELLSCHAFT<\/h2><div class=\"special-heading-border\"><div class=\"special-heading-inner-border\"><\/div><\/div><\/div>\n<div class='flex_column_table av-23x5r5-760c3026eb2de1f34a27c74c804a97af sc-av_one_full av-equal-height-column-flextable'>\n<style type=\"text\/css\" data-created_by=\"avia_inline_auto\" id=\"style-css-av-23x5r5-760c3026eb2de1f34a27c74c804a97af\">\n.flex_column.av-23x5r5-760c3026eb2de1f34a27c74c804a97af{\nborder-radius:0px 0px 0px 0px;\npadding:20px 20px 20px 20px;\n}\n<\/style>\n<div  class='flex_column av-23x5r5-760c3026eb2de1f34a27c74c804a97af av_one_full  avia-builder-el-2  el_after_av_heading  avia-builder-el-last  first no_margin flex_column_table_cell av-equal-height-column av-align-top  '     ><section  class='av_textblock_section av-1ye669-e9941a97ccea7e9d500212914ea171bf '   itemscope=\"itemscope\" itemtype=\"https:\/\/schema.org\/CreativeWork\" ><div class='avia_textblock'  itemprop=\"text\" ><blockquote>\n<h3><strong>Portrait \u00bb <\/strong><strong>Gr\u00fcndung<\/strong><\/h3>\n<p>Der Entscheid zu einer Gr\u00fcndung eines neuen Forschungskomitees wurde am 18. M\u00e4rz 2004 in Lausanne gef\u00e4llt. Das neue Komitee tritt die Nachfolge der ASSOREL an, welche am 22. Oktober 2004 in Lausanne aufgel\u00f6st wurde. Formell tritt die Gr\u00fcndung erst durch einen positiven Entscheid des Vorstands der Schweizerischen Gesellschaft f\u00fcr Soziologie in Kraft.<\/p>\n<\/blockquote>\n<\/div><\/section><br \/>\n\n<style type=\"text\/css\" data-created_by=\"avia_inline_auto\" id=\"style-css-av-1o70kx-a999a4a0faa4093860d87a64448ef7a0\">\n#top .hr.hr-invisible.av-1o70kx-a999a4a0faa4093860d87a64448ef7a0{\nheight:15px;\n}\n<\/style>\n<div  class='hr av-1o70kx-a999a4a0faa4093860d87a64448ef7a0 hr-invisible  avia-builder-el-4  el_after_av_textblock  el_before_av_toggle_container '><span class='hr-inner '><span class=\"hr-inner-style\"><\/span><\/span><\/div><br \/>\n<div  class='togglecontainer av-1kp9kp-1fae8f1a1d4b1d83154e07ea84403699  avia-builder-el-5  el_after_av_hr  avia-builder-el-last ' >\n<section class='av_toggle_section av-1g49rd-ceef978dac5c64fd688c1d03bac7f633'  itemscope=\"itemscope\" itemtype=\"https:\/\/schema.org\/CreativeWork\" ><div role=\"tablist\" class=\"single_toggle\" data-tags=\"{Alle} \"  ><p id='toggle-toggle-id-1' data-fake-id='#toggle-id-1' class='toggler  activeTitle av-title-above '  itemprop=\"headline\"  role='tab' tabindex='0' aria-controls='toggle-id-1' data-slide-speed=\"200\" data-title=\"Ziele\" data-title-open=\"\" data-aria_collapsed=\"Click to expand: Ziele\" data-aria_expanded=\"Click to collapse: Ziele\">Ziele<span class=\"toggle_icon\"><span class=\"vert_icon\"><\/span><span class=\"hor_icon\"><\/span><\/span><\/p><div id='toggle-id-1' aria-labelledby='toggle-toggle-id-1' role='region' class='toggle_wrap  active_tc av-title-above' style='display:block;' ><div class='toggle_content invers-color '  itemprop=\"text\" ><p>Ziele dieses Forschungskomitees sind:<\/p>\n<ul>\n<li>die F\u00f6rderung der Forschung auf dem Gebiet der Religionssoziologie und empirischen Religionsforschung in der Schweiz<\/li>\n<li>die Bildung eines internationalen Forums f\u00fcr Personen, die auf den genannten Gebieten arbeiten oder sich hierf\u00fcr interessieren.<\/li>\n<li>eine gemeinsame Pr\u00e4senz innerhalb der Schweizerischen Gesellschaft f\u00fcr Soziologie (SGS), innerhalb der Schweizerischen Gesellschaft f\u00fcr Religionswissenschaft (SGR) und gegen\u00fcber der Soci\u00e9t\u00e9 Internationale de Sociologie des Religions (ISSR)<\/li>\n<\/ul>\n<\/div><\/div><\/div><\/section>\n<section class='av_toggle_section av-16vloh-185f4308098d0ecda941ee19174341bd'  itemscope=\"itemscope\" itemtype=\"https:\/\/schema.org\/CreativeWork\" ><div role=\"tablist\" class=\"single_toggle\" data-tags=\"{Alle} \"  ><p id='toggle-toggle-id-2' data-fake-id='#toggle-id-2' class='toggler  av-title-above '  itemprop=\"headline\"  role='tab' tabindex='0' aria-controls='toggle-id-2' data-slide-speed=\"200\" data-title=\"Mittel\" data-title-open=\"\" data-aria_collapsed=\"Click to expand: Mittel\" data-aria_expanded=\"Click to collapse: Mittel\">Mittel<span class=\"toggle_icon\"><span class=\"vert_icon\"><\/span><span class=\"hor_icon\"><\/span><\/span><\/p><div id='toggle-id-2' aria-labelledby='toggle-toggle-id-2' role='region' class='toggle_wrap  av-title-above'  ><div class='toggle_content invers-color '  itemprop=\"text\" ><ul>\n<li>Kolloquien, in welchen Ergebnisse eigener oder fremder Forschungen vorgestellt werden<\/li>\n<li>Workshops, in welchen Theorien, qualitative u. quantitative Methoden vermittelt werden und\/oder Forschungswerkst\u00e4tten, in welchen konkrete Projekte besprochen werden<\/li>\n<li>Eine Website (zur Verf\u00fcgung gestellt von der SAGW)<\/li>\n<li>Eine zentrale Adressliste, mit Hilfe welcher Informationen \u00fcber Literatur und Aktivit\u00e4ten bekannt gemacht werden k\u00f6nnen<\/li>\n<\/ul>\n<\/div><\/div><\/div><\/section>\n<section class='av_toggle_section av-11uyld-018ca2b67e8808eb890c6dfb5d54f90d'  itemscope=\"itemscope\" itemtype=\"https:\/\/schema.org\/CreativeWork\" ><div role=\"tablist\" class=\"single_toggle\" data-tags=\"{Alle} \"  ><p id='toggle-toggle-id-3' data-fake-id='#toggle-id-3' class='toggler  av-title-above '  itemprop=\"headline\"  role='tab' tabindex='0' aria-controls='toggle-id-3' data-slide-speed=\"200\" data-title=\"Organisation\" data-title-open=\"\" data-aria_collapsed=\"Click to expand: Organisation\" data-aria_expanded=\"Click to collapse: Organisation\">Organisation<span class=\"toggle_icon\"><span class=\"vert_icon\"><\/span><span class=\"hor_icon\"><\/span><\/span><\/p><div id='toggle-id-3' aria-labelledby='toggle-toggle-id-3' role='region' class='toggle_wrap  av-title-above'  ><div class='toggle_content invers-color '  itemprop=\"text\" ><ul>\n<li>Das Forschungskomitee verf\u00fcgt \u00fcber 3 Koordinatoren (1 franz\u00f6sische Schweiz, 1 deutsche Schweiz, 1 ORS), welche von der Versammlung f\u00fcr eine Dauer von jeweils zwei Jahren gew\u00e4hlt werden.<\/li>\n<li>Das Forschungskomitee verf\u00fcgt \u00fcber ein Sekretariat, welches die administrativen Arbeiten und die Koordination der Website unterh\u00e4lt .<\/li>\n<li>Versammlungen des Forschungskomitees finden normalerweise j\u00e4hrlich aus Anlass von inhaltlich ausgerichteten Aktivit\u00e4ten statt.<\/li>\n<\/ul>\n<\/div><\/div><\/div><\/section>\n<section class='av_toggle_section av-z8z3t-b15bc0f280189d57a02cb7645a88a064'  itemscope=\"itemscope\" itemtype=\"https:\/\/schema.org\/CreativeWork\" ><div role=\"tablist\" class=\"single_toggle\" data-tags=\"{Alle} \"  ><p id='toggle-toggle-id-4' data-fake-id='#toggle-id-4' class='toggler  av-title-above '  itemprop=\"headline\"  role='tab' tabindex='0' aria-controls='toggle-id-4' data-slide-speed=\"200\" data-title=\"Mitgliedschaft\" data-title-open=\"\" data-aria_collapsed=\"Click to expand: Mitgliedschaft\" data-aria_expanded=\"Click to collapse: Mitgliedschaft\">Mitgliedschaft<span class=\"toggle_icon\"><span class=\"vert_icon\"><\/span><span class=\"hor_icon\"><\/span><\/span><\/p><div id='toggle-id-4' aria-labelledby='toggle-toggle-id-4' role='region' class='toggle_wrap  av-title-above'  ><div class='toggle_content invers-color '  itemprop=\"text\" ><p>Antrag auf Mitgliedschaft erfolgt schriftlich unter Beilage eines CV, einer Publikationsliste und der Angabe der Arbeits- und Interessengebiete. Interessenten sollten im Normalfall entweder studieren oder \u00fcber ein Universit\u00e4tsdiplom verf\u00fcgen. Ueber die Aufnahme entscheidet die Versammlung des Komitees.<\/p>\n<\/div><\/div><\/div><\/section>\n<section class='av_toggle_section av-pla4p-28e82eaa157b8139c7aa8acf4f9b2f16'  itemscope=\"itemscope\" itemtype=\"https:\/\/schema.org\/CreativeWork\" ><div role=\"tablist\" class=\"single_toggle\" data-tags=\"{Alle} \"  ><p id='toggle-toggle-id-5' data-fake-id='#toggle-id-5' class='toggler  av-title-above '  itemprop=\"headline\"  role='tab' tabindex='0' aria-controls='toggle-id-5' data-slide-speed=\"200\" data-title=\"Finanzierung\" data-title-open=\"\" data-aria_collapsed=\"Click to expand: Finanzierung\" data-aria_expanded=\"Click to collapse: Finanzierung\">Finanzierung<span class=\"toggle_icon\"><span class=\"vert_icon\"><\/span><span class=\"hor_icon\"><\/span><\/span><\/p><div id='toggle-id-5' aria-labelledby='toggle-toggle-id-5' role='region' class='toggle_wrap  av-title-above'  ><div class='toggle_content invers-color '  itemprop=\"text\" ><p>Die Aktivit\u00e4ten des Forschungskomitees durch verschiedene Quellen finanziert werden.<\/p>\n<\/div><\/div><\/div><\/section>\n<section class='av_toggle_section av-1ycn5-c15aeb6e4d5a3e656bd6917ef562dfb6'  itemscope=\"itemscope\" itemtype=\"https:\/\/schema.org\/CreativeWork\" ><div role=\"tablist\" class=\"single_toggle\" data-tags=\"{Alle} \"  ><p id='toggle-toggle-id-6' data-fake-id='#toggle-id-6' class='toggler  av-title-above '  itemprop=\"headline\"  role='tab' tabindex='0' aria-controls='toggle-id-6' data-slide-speed=\"200\" data-title=\"Koordinator:innen\" data-title-open=\"\" data-aria_collapsed=\"Click to expand: Koordinator:innen\" data-aria_expanded=\"Click to collapse: Koordinator:innen\">Koordinator:innen<span class=\"toggle_icon\"><span class=\"vert_icon\"><\/span><span class=\"hor_icon\"><\/span><\/span><\/p><div id='toggle-id-6' aria-labelledby='toggle-toggle-id-6' role='region' class='toggle_wrap  av-title-above'  ><div class='toggle_content invers-color '  itemprop=\"text\" ><p>Seit Januar 2025 sind die neuen Koordinatoren:<\/p>\n<ul>\n<li>Lo<span class=\"BxUVEf ILfuVd\" lang=\"de\"><span class=\"hgKElc\">\u00efc Bawidamann\u00a0<\/span><\/span><\/li>\n<li>Simon Michel<\/li>\n<\/ul>\n<p>Das Sekretariat wird vom Simon Michel \u00fcbernommen.<\/p>\n<\/div><\/div><\/div><\/section>\n<section class='av_toggle_section av-ee0dt-ce7ae643b7c763e8117b171f336ccfe5'  itemscope=\"itemscope\" itemtype=\"https:\/\/schema.org\/CreativeWork\" ><div role=\"tablist\" class=\"single_toggle\" data-tags=\"{Alle} \"  ><p id='toggle-toggle-id-7' data-fake-id='#toggle-id-7' class='toggler  av-title-above '  itemprop=\"headline\"  role='tab' tabindex='0' aria-controls='toggle-id-7' data-slide-speed=\"200\" data-title=\"Kontaktadresse\" data-title-open=\"\" data-aria_collapsed=\"Click to expand: Kontaktadresse\" data-aria_expanded=\"Click to collapse: Kontaktadresse\">Kontaktadresse<span class=\"toggle_icon\"><span class=\"vert_icon\"><\/span><span class=\"hor_icon\"><\/span><\/span><\/p><div id='toggle-id-7' aria-labelledby='toggle-toggle-id-7' role='region' class='toggle_wrap  av-title-above'  ><div class='toggle_content invers-color '  itemprop=\"text\" ><p style=\"text-align: left;\">Lo\u00efc Bawidamann, M. A.<\/p>\n<p>Universit\u00e4t Z\u00fcrich<\/p>\n<p>Religionswissenschaftliches Seminar<\/p>\n<p>Kantonsschulstrasse 1<\/p>\n<p>8001 Z\u00fcrich<\/p>\n<p><a href=\"mailto:religion@sgs-sss.ch\">religion@sgs-sss.ch<\/a><\/p>\n<\/div><\/div><\/div><\/section>\n<section class='av_toggle_section av-9pkc9-e409f073321f51748d3e92e671220274'  itemscope=\"itemscope\" itemtype=\"https:\/\/schema.org\/CreativeWork\" ><div role=\"tablist\" class=\"single_toggle\" data-tags=\"{Alle} \"  ><p id='toggle-toggle-id-8' data-fake-id='#toggle-id-8' class='toggler  av-title-above '  itemprop=\"headline\"  role='tab' tabindex='0' aria-controls='toggle-id-8' data-slide-speed=\"200\" data-title=\"Mitglieder\" data-title-open=\"\" data-aria_collapsed=\"Click to expand: Mitglieder\" data-aria_expanded=\"Click to collapse: Mitglieder\">Mitglieder<span class=\"toggle_icon\"><span class=\"vert_icon\"><\/span><span class=\"hor_icon\"><\/span><\/span><\/p><div id='toggle-id-8' aria-labelledby='toggle-toggle-id-8' role='region' class='toggle_wrap  av-title-above'  ><div class='toggle_content invers-color '  itemprop=\"text\" ><ul>\n<li>Amiotte-Suchet Laurent<\/li>\n<li>B\u00e4nziger Maria, <a href=\"mailto:maria.baenziger@uzh.ch\">maria.baenziger@uzh.ch<\/a><\/li>\n<li>Basset Jean-Claude (SSSR)<\/li>\n<li>Bastian Jean-Pierre<\/li>\n<li>Bovay Claude (SSS)<\/li>\n<li>Brandt Pierre-Yves, <a href=\"mailto:pierre-Yves.Brandt@.unil.ch\">pierre-Yves.Brandt@.unil.ch<\/a><\/li>\n<li>Campiche Roland, <a href=\"mailto:roland.campiche@unil.ch\">roland.campiche@unil.ch<\/a><\/li>\n<li>Dubach Alfred \u2020, <a href=\"mailto:alfred.dubach@kath.ch\">alfred.dubach@kath.ch<\/a><\/li>\n<li>Durisch Gauthier Nicole<\/li>\n<li>Favre Olivier, <a href=\"mailto:eea.ne@swissonline.ch\">eea.ne@swissonline.ch<\/a><\/li>\n<li>Frank, Katharina, <a href=\"mailto:katharina.frank@access.uzh.ch\">katharina.frank@access.uzh.ch<\/a><\/li>\n<li>Geiser Jo\u00ebl, <a href=\"mailto:joel.geiser@wanadoo.fr\">joel.geiser@wanadoo.fr<\/a><\/li>\n<li>Hassab Alla Waheed<\/li>\n<li>Hofer, Janina Maris, <a href=\"janina.m.hofer@gmail.com\">janina.m.hofer@gmail.com<\/a><\/li>\n<li>Jenny Magali<\/li>\n<li>J\u00f6dicke Ansgar (SGR), <a href=\"mailto:ansgar.joedicke@unifr.ch\">ansgar.joedicke@unifr.ch<\/a><\/li>\n<li>Jung Fran\u00e7ois<\/li>\n<li>Knobel Brigitte<\/li>\n<li>Kr\u00fcggeler Michael<\/li>\n<li>Lalive d\u2019Epinay Christian, <a href=\"mailto:christian.lalive@unige.ch\">christian.lalive@unige.ch<\/a><\/li>\n<li>Lambert Arthur<\/li>\n<li>Lathion St\u00e9phane<\/li>\n<li>L\u00fcddeckens Dorothea (SGR), <a href=\"mailto:dorothea.lueddeckens@uzh.ch\">dorothea.lueddeckens@uzh.ch<\/a><\/li>\n<li>Matter Christine, <a href=\"mailto:christine.matter@bluewin.ch\">christine.matter@bluewin.ch<\/a><\/li>\n<li>Michel Simon, <a href=\"seimnm@gmail.com\">seimnm@gmail.com<\/a><\/li>\n<li>Monnot Christophe, <a href=\"mailto:christophe.monnot@unil.ch\">christophe.monnot@unil.ch<\/a><\/li>\n<li>Morier-Genoud Eric<\/li>\n<li>Narbel Nathalie<\/li>\n<li>Odermatt Anastas, <a href=\"mailto:anastas.odermatt@unilu.ch\">anastas.odermatt@unilu.ch<\/a><\/li>\n<li>van Oord No\u00ebmi J., <a id=\"m_-1983960994110853066OWAbba4aa2b-619d-cbb4-c7dc-f6187b3e0cac\" href=\"mailto:noemijulia.vanoordt@uzh.ch\" target=\"_blank\" rel=\"noopener\">noemijulia.vanoordt@uzh.ch<\/a><\/li>\n<li>Pirri-Simonian Tenny<\/li>\n<li>Radvanszky Andrea<\/li>\n<li>Rota Andrea, <a href=\"mailto:andrea.rota@unifr.ch\">andrea.rota@unifr.ch<\/a><\/li>\n<li>Rudolph Ulrich, <a href=\"mailto:u.rudolph@access.uzh.ch\">u.rudolph@access.uzh.ch<\/a><\/li>\n<li>Schnurrenberger, Severin, <a class=\"\" href=\"mailto:severin.schnurrenberger@unilu.ch\">severin.schnurrenberger@unilu.ch<\/a><\/li>\n<li>Sheikhzadegan, Amir<\/li>\n<li>Stolz J\u00f6rg, <a href=\"mailto:joerg.stolz@unil.ch\">joerg.stolz@unil.ch<\/a><\/li>\n<li>Noemi Trucco <a href=\"mailto:noemitrucco@gmx.ne\">noemitrucco@gmx.ne<\/a>t<\/li>\n<li>Uelinger Christoph, <a href=\"mailto:christoph.uehlinger@access.uzh.ch\">christoph.uehlinger@access.uzh.ch<\/a><\/li>\n<li>Wagner\u00a0Constantin,\u00a0<a href=\"mailto:constantin.wagner@unisg.ch\">constantin.wagner@unisg.ch<\/a><\/li>\n<li>Walthert Rafael, <a href=\"mailto:rafael.walthert@uzh.ch\">rafael.walthert@uzh.ch<\/a><\/li>\n<li>Weibel Rolf, <a href=\"mailto:weibel-spirig@bluewin.ch\">weibel-spirig@bluewin.ch<\/a><\/li>\n<\/ul>\n<\/div><\/div><\/div><\/section>\n<\/div><\/p><\/div><\/div><!--close column table wrapper. Autoclose: 1 -->\n","protected":false},"excerpt":{"rendered":"","protected":false},"author":1,"featured_media":0,"parent":231,"menu_order":0,"comment_status":"closed","ping_status":"closed","template":"","meta":{"footnotes":""},"class_list":["post-305","page","type-page","status-publish","hentry"],"_links":{"self":[{"href":"https:\/\/www.sgs-sss.ch\/de\/wp-json\/wp\/v2\/pages\/305","targetHints":{"allow":["GET"]}}],"collection":[{"href":"https:\/\/www.sgs-sss.ch\/de\/wp-json\/wp\/v2\/pages"}],"about":[{"href":"https:\/\/www.sgs-sss.ch\/de\/wp-json\/wp\/v2\/types\/page"}],"author":[{"embeddable":true,"href":"https:\/\/www.sgs-sss.ch\/de\/wp-json\/wp\/v2\/users\/1"}],"replies":[{"embeddable":true,"href":"https:\/\/www.sgs-sss.ch\/de\/wp-json\/wp\/v2\/comments?post=305"}],"version-history":[{"count":29,"href":"https:\/\/www.sgs-sss.ch\/de\/wp-json\/wp\/v2\/pages\/305\/revisions"}],"predecessor-version":[{"id":22401,"href":"https:\/\/www.sgs-sss.ch\/de\/wp-json\/wp\/v2\/pages\/305\/revisions\/22401"}],"up":[{"embeddable":true,"href":"https:\/\/www.sgs-sss.ch\/de\/wp-json\/wp\/v2\/pages\/231"}],"wp:attachment":[{"href":"https:\/\/www.sgs-sss.ch\/de\/wp-json\/wp\/v2\/media?parent=305"}],"curies":[{"name":"wp","href":"https:\/\/api.w.org\/{rel}","templated":true}]}}