{"id":309,"date":"2016-02-11T19:59:03","date_gmt":"2016-02-11T18:59:03","guid":{"rendered":"http:\/\/new.sgs-sss.ch\/new\/?page_id=309"},"modified":"2025-03-26T11:32:41","modified_gmt":"2025-03-26T10:32:41","slug":"soziale-probleme","status":"publish","type":"page","link":"https:\/\/www.sgs-sss.ch\/de\/forschungskomitees\/soziale-probleme\/","title":{"rendered":"Soziale Probleme"},"content":{"rendered":"\n<style type=\"text\/css\" data-created_by=\"avia_inline_auto\" id=\"style-css-av-28ai3x-2fde09726389607a0e2ef97d4f2cfb54\">\n.avia-section.av-28ai3x-2fde09726389607a0e2ef97d4f2cfb54{\nbackground-color:#ffffff;\nbackground-image:unset;\n}\n<\/style>\n<div id='av_section_1'  class='avia-section av-28ai3x-2fde09726389607a0e2ef97d4f2cfb54 main_color avia-section-default avia-no-shadow  avia-builder-el-0  el_before_av_textblock  avia-builder-el-first  avia-bg-style-scroll container_wrap fullsize'  ><div class='container av-section-cont-open' ><main  role=\"main\" itemprop=\"mainContentOfPage\"  class='template-page content  av-content-full alpha units'><div class='post-entry post-entry-type-page post-entry-309'><div class='entry-content-wrapper clearfix'>\n\n<style type=\"text\/css\" data-created_by=\"avia_inline_auto\" id=\"style-css-av-202hh1-e228cbc53125a48d1f76932557434623\">\n#top .av-special-heading.av-202hh1-e228cbc53125a48d1f76932557434623{\npadding-bottom:25px;\n}\nbody .av-special-heading.av-202hh1-e228cbc53125a48d1f76932557434623 .av-special-heading-tag .heading-char{\nfont-size:25px;\n}\n.av-special-heading.av-202hh1-e228cbc53125a48d1f76932557434623 .av-subheading{\nfont-size:15px;\n}\n<\/style>\n<div  class='av-special-heading av-202hh1-e228cbc53125a48d1f76932557434623 av-special-heading-h2  avia-builder-el-1  el_before_av_one_full  avia-builder-el-first '><h2 class='av-special-heading-tag '  itemprop=\"headline\"  >SOZIALE PROBLEME<\/h2><div class=\"special-heading-border\"><div class=\"special-heading-inner-border\"><\/div><\/div><\/div>\n<div class='flex_column_table av-1vsqr1-3a1e7809ee9b2d55508afba587caf4e9 sc-av_one_full av-equal-height-column-flextable'>\n<style type=\"text\/css\" data-created_by=\"avia_inline_auto\" id=\"style-css-av-1vsqr1-3a1e7809ee9b2d55508afba587caf4e9\">\n.flex_column.av-1vsqr1-3a1e7809ee9b2d55508afba587caf4e9{\nborder-radius:0px 0px 0px 0px;\npadding:20px 20px 20px 20px;\n}\n<\/style>\n<div  class='flex_column av-1vsqr1-3a1e7809ee9b2d55508afba587caf4e9 av_one_full  avia-builder-el-2  el_after_av_heading  avia-builder-el-last  first no_margin flex_column_table_cell av-equal-height-column av-align-top  '     ><section  class='av_textblock_section av-1tbx7x-cefc0b6daa09866ceadb32e5cf3cb7cc '   itemscope=\"itemscope\" itemtype=\"https:\/\/schema.org\/CreativeWork\" ><div class='avia_textblock'  itemprop=\"text\" ><blockquote>\n<p><strong>Portrait<\/strong><\/p>\n<p>Der Vorstand der Schweizerischen Gesellschaft f\u00fcr Soziologie (SGS) hat im Fr\u00fchjahr 2002 auf Antrag von Angeh\u00f6rigen aus sechs Universit\u00e4ten (UNIZH, UNIFR, UNIBAS, UNISG, UNIGE, UNIBE) und von f\u00fcnf Fachhochschulen (FHSO, FHSG, FHLU, EESP, HSSAZ), die Gr\u00fcndung des Forschungskomitees \u201eSoziale Probleme\u201c beschlossen. Das Forschungskomitee f\u00f6rdert die Vernetzung der soziologischen Forschung an den Universit\u00e4ten, den Fachhochschulen und in den freien B\u00fcros. Es ist eine Austausch- und Entwicklungsplattform f\u00fcr all jene, die zu sozialen und sozialpolitischen Fragen in der Schweiz forschen.<\/p>\n<\/blockquote>\n<\/div><\/section><br \/>\n\n<style type=\"text\/css\" data-created_by=\"avia_inline_auto\" id=\"style-css-av-1n35ed-6a947fcc7139ae6a71d610050b5c74ab\">\n#top .hr.hr-invisible.av-1n35ed-6a947fcc7139ae6a71d610050b5c74ab{\nheight:15px;\n}\n<\/style>\n<div  class='hr av-1n35ed-6a947fcc7139ae6a71d610050b5c74ab hr-invisible  avia-builder-el-4  el_after_av_textblock  el_before_av_toggle_container '><span class='hr-inner '><span class=\"hr-inner-style\"><\/span><\/span><\/div><br \/>\n<div  class='togglecontainer av-ipul-81fad2c562a50584832b63720a662170  avia-builder-el-5  el_after_av_hr  avia-builder-el-last ' >\n<section class='av_toggle_section av-1aa3el-20cc4cb8714583a8237b6b8195a3b0f3'  itemscope=\"itemscope\" itemtype=\"https:\/\/schema.org\/CreativeWork\" ><div role=\"tablist\" class=\"single_toggle\" data-tags=\"{Alle} \"  ><p id='toggle-toggle-id-1' data-fake-id='#toggle-id-1' class='toggler  activeTitle av-title-above '  itemprop=\"headline\"  role='tab' tabindex='0' aria-controls='toggle-id-1' data-slide-speed=\"200\" data-title=\"Aktuell\" data-title-open=\"\" data-aria_collapsed=\"Click to expand: Aktuell\" data-aria_expanded=\"Click to collapse: Aktuell\">Aktuell<span class=\"toggle_icon\"><span class=\"vert_icon\"><\/span><span class=\"hor_icon\"><\/span><\/span><\/p><div id='toggle-id-1' aria-labelledby='toggle-toggle-id-1' role='region' class='toggle_wrap  active_tc av-title-above' style='display:block;' ><div class='toggle_content invers-color '  itemprop=\"text\" ><p><strong>Workshop des Forschungskomitees \u201eSoziale Probleme\u201c der Schweizerischen Gesellschaft f\u00fcr Soziologie (SGS), 12. September 2025, Bern <\/strong><\/p>\n<p>F\u00fcr den diesj\u00e4hrigen Workshop suchen wir Beitr\u00e4ge (Paper oder Pitches zu Dissertations- oder Projektskizzen), welche sich mit Themen rund um soziale Probleme, soziale Ungleichheiten und deren Intersektionalit\u00e4t, Sozialpolitik oder auch mit Adressat:innen sozialpolitischer Programme und Professionellen des Sozialwesens auseinandersetzen.<\/p>\n<p><a href=\"https:\/\/www.sgs-sss.ch\/wp-content\/uploads\/2025\/03\/cfp_Workshop_FoKo_2025-1.pdf\">cfp_Workshop_FoKo_2025<\/a><\/p>\n<p>Dieser Workshop richtet sich insbesondere an Nachwuchsforschende und kann auch zur Vernetzung in Hinblick auf neue Projektideen genutzt werden. Er wird am <strong>Freitag, 12. September 2025, von 13h30 bis 17h30<\/strong> an der <strong>Berner Fachhochschule Soziale Arbeit <\/strong>durchgef\u00fchrt.<\/p>\n<p><strong>Vorschl\u00e4ge f\u00fcr Beitr\u00e4ge <\/strong>(Abstract von ungef\u00e4hr 300 W\u00f6rtern) k\u00f6nnen bis zum<strong> 08. Juni 2025<\/strong> auf Deutsch, Franz\u00f6sisch oder Englisch unter <a href=\"mailto:problems@sgs-sss.ch\">problems@sgs-sss.ch<\/a> eingereicht werden. Bei der Eingabe ist anzumerken, ob bis sp\u00e4testens Ende Mai ein Paper eingereicht werden kann. Bis Ende Juni 2025 werden wir die Autor:innen informieren, ob und in welcher Form der vorgeschlagene Beitrag ausgew\u00e4hlt wurde. Dies h\u00e4ngt auch von der Art und Anzahl der eingegangenen Vorschl\u00e4ge ab. Bei Beitr\u00e4gen, die eine ausf\u00fchrliche Plattform f\u00fcr Pr\u00e4sentation und Co-Referat erhalten, erwarten wir bis<strong> am 24. August 2025 <\/strong>ein k\u00fcrzeres Paper (ca. 5-10 Seiten), das unter den Teilnehmenden des Workshops geteilt wird. F\u00fcr Beitr\u00e4ge, die in Form eines k\u00fcrzeren Pitches vorgestellt werden, ist die Abgabe einer schriftlichen Grundlage \u2013 \u00fcber das Abstract hinaus \u2013 fakultativ.<\/p>\n<\/div><\/div><\/div><\/section>\n<section class='av_toggle_section av-14agad-7e6f2456ac086f54602ce7ae668d1b6e'  itemscope=\"itemscope\" itemtype=\"https:\/\/schema.org\/CreativeWork\" ><div role=\"tablist\" class=\"single_toggle\" data-tags=\"{Alle} \"  ><p id='toggle-toggle-id-2' data-fake-id='#toggle-id-2' class='toggler  av-title-above '  itemprop=\"headline\"  role='tab' tabindex='0' aria-controls='toggle-id-2' data-slide-speed=\"200\" data-title=\"Inhalte\" data-title-open=\"\" data-aria_collapsed=\"Click to expand: Inhalte\" data-aria_expanded=\"Click to collapse: Inhalte\">Inhalte<span class=\"toggle_icon\"><span class=\"vert_icon\"><\/span><span class=\"hor_icon\"><\/span><\/span><\/p><div id='toggle-id-2' aria-labelledby='toggle-toggle-id-2' role='region' class='toggle_wrap  av-title-above'  ><div class='toggle_content invers-color '  itemprop=\"text\" ><p>Die Auseinandersetzung mit der \u00absozialen Frage\u00bb steht mit am Ursprung des soziologischen Denkens. Der Begriff gilt in den Sozialwissenschaften als Chiffre daf\u00fcr, was in einer Gesellschaft als derart problematisch im Hinblick auf den sozialen Zusammenhalt gilt, dass staatliche und\/oder private Sozialpolitik auf den Plan gerufen wird. Von den Klassiker:innen bis zur zeitgen\u00f6ssischen Soziologie hat die \u00absoziale Frage\u00bb bereits unterschiedliche Konjunkturen erlebt. Um die Jahrtausendwende diagnostizierten prominente Vertreter:innen der Disziplin eine R\u00fcckkehr der \u00absozialen Frage\u00bb ins Zentrum der Gesellschaft, nachdem sie einige Jahrzehnte lang in erster Linie an deren R\u00e4ndern untersucht wurde.<\/p>\n<p>Das Forschungskomitee Soziale Probleme besch\u00e4ftigt sich mit s\u00e4mtlichen Facetten der \u00absozialen Frage\u00bb und setzt dabei einen besonderen, wenn auch nicht ausschliesslichen Fokus auf die Schweiz. Es l\u00e4dt alle interessierten Kolleg:innen aus der Soziologie und verwandten Disziplinen zum Austausch ein sowie zur Durchf\u00fchrung sozialwissenschaftlicher Aktivit\u00e4ten und Veranstaltungen mit Bezug auf folgende Forschungsfelder:<\/p>\n<ul>\n<li>soziale Ungleichheiten und Intersektionalit\u00e4t (class, gender, race in ihrer Verschr\u00e4nkung sowie neue soziale Ungleichheiten) und deren Bedeutung f\u00fcr die Gesellschaft;<\/li>\n<li>sozialpolitische Programme, Institutionen und Entwicklungen;<\/li>\n<li>die Konstruktion sozialer Probleme und deren Ver\u00e4nderung;<\/li>\n<li>das Sozialwesen, dessen Organisationen und Fachpersonen und die Sozialberufe bzw. Professionen.<\/li>\n<\/ul>\n<p>Das Forschungskomitee setzt sich besonders f\u00fcr die F\u00f6rderung des wissenschaftlichen Nachwuchses ein. Es bevorzugt weder eine bestimmte theoretische noch methodische Ausrichtung. Zu seinen besonderen Zielen z\u00e4hlen:<\/p>\n<ul>\n<li>die Vernetzung von Forschenden aus den verschiedenen Sprachregionen der Schweiz;<\/li>\n<li>der Br\u00fcckenschlag zwischen der Forschung an Universit\u00e4ten und Fachhochschulen;<\/li>\n<li>die F\u00f6rderung des Dialogs zwischen Wissenschaft, Praxis und Politik<\/li>\n<li>die Positionierung und Profilierung soziologischer Untersuchungen mit Bezug zur Schweiz in der internationalen Forschung.<\/li>\n<\/ul>\n<\/div><\/div><\/div><\/section>\n<section class='av_toggle_section av-ysbkl-7bfce202e916a2ef85fbb6a50b9f48c2'  itemscope=\"itemscope\" itemtype=\"https:\/\/schema.org\/CreativeWork\" ><div role=\"tablist\" class=\"single_toggle\" data-tags=\"{Alle} \"  ><p id='toggle-toggle-id-3' data-fake-id='#toggle-id-3' class='toggler  av-title-above '  itemprop=\"headline\"  role='tab' tabindex='0' aria-controls='toggle-id-3' data-slide-speed=\"200\" data-title=\"T\u00e4tigkeit \/ Herausgeberschaft\" data-title-open=\"\" data-aria_collapsed=\"Click to expand: T\u00e4tigkeit \/ Herausgeberschaft\" data-aria_expanded=\"Click to collapse: T\u00e4tigkeit \/ Herausgeberschaft\">T\u00e4tigkeit \/ Herausgeberschaft<span class=\"toggle_icon\"><span class=\"vert_icon\"><\/span><span class=\"hor_icon\"><\/span><\/span><\/p><div id='toggle-id-3' aria-labelledby='toggle-toggle-id-3' role='region' class='toggle_wrap  av-title-above'  ><div class='toggle_content invers-color '  itemprop=\"text\" ><ul>\n<li><strong>&#8222;Schriften zur Sozialen Frage&#8220;<\/strong> Seismo<\/li>\n<li><strong>&#8222;Soziale Arbeit im Fokus&#8220;<\/strong> Seismo<\/li>\n<li><strong>&#8222;Nouvelles questions f\u00e9ministes&#8220;<\/strong> Antipodes<\/li>\n<\/ul>\n<\/div><\/div><\/div><\/section>\n<section class='av_toggle_section av-t9p3x-18536cace9ad614f89b9a20ef595d986'  itemscope=\"itemscope\" itemtype=\"https:\/\/schema.org\/CreativeWork\" ><div role=\"tablist\" class=\"single_toggle\" data-tags=\"{Alle} \"  ><p id='toggle-toggle-id-4' data-fake-id='#toggle-id-4' class='toggler  av-title-above '  itemprop=\"headline\"  role='tab' tabindex='0' aria-controls='toggle-id-4' data-slide-speed=\"200\" data-title=\"Vergangene Veranstaltungen\" data-title-open=\"\" data-aria_collapsed=\"Click to expand: Vergangene Veranstaltungen\" data-aria_expanded=\"Click to collapse: Vergangene Veranstaltungen\">Vergangene Veranstaltungen<span class=\"toggle_icon\"><span class=\"vert_icon\"><\/span><span class=\"hor_icon\"><\/span><\/span><\/p><div id='toggle-id-4' aria-labelledby='toggle-toggle-id-4' role='region' class='toggle_wrap  av-title-above'  ><div class='toggle_content invers-color '  itemprop=\"text\" ><ul>\n<li>Workshop &#8222;Vulnerabilit\u00e4t im Kontext sozialer Probleme&#8220;, SGS-Kongress, 9-11 September 2024, Muttenz<\/li>\n<li>Workshop f\u00fcr Nachwuchsforschende, 23. Juni 2023, Bern<\/li>\n<li>Workshop f\u00fcr Nachwuchsforschende, 10. Juni 2022, Bern<\/li>\n<li>Workshop \u201cWho deserves what? Social policy and deservingness in times of crisis\u201d, SGS-Kongress, 28-30 Juni 2021, Genf (online)<\/li>\n<li>Workshop &#8222;Soziale Probleme&#8220; f\u00fcr Nachwuchsforschende, 11 September 2020, Fribourg<\/li>\n<li>Workshop &#8222;Social Policies in the face of transforming Labor Regimes&#8220;,\u00a0SGS-Kongress, 10.-12. September 2019, Neuch\u00e2tel<\/li>\n<li>Tagung &#8222;Verh\u00e4rtung des Sozialstaats&#8220;, 21.\/22. Juni 2018, Olten<\/li>\n<li>Workshop &#8222;Sozialpolitik zwischen Gemeinwohl und Eigeninteresse&#8220;, SGS-Kongress, 21.-23. Juni 2017, Z\u00fcrich<\/li>\n<\/ul>\n<\/div><\/div><\/div><\/section>\n<section class='av_toggle_section av-24mq5-bf924d1713e8af6e32fe8fdfe3f05c38'  itemscope=\"itemscope\" itemtype=\"https:\/\/schema.org\/CreativeWork\" ><div role=\"tablist\" class=\"single_toggle\" data-tags=\"{Alle} \"  ><p id='toggle-toggle-id-5' data-fake-id='#toggle-id-5' class='toggler  av-title-above '  itemprop=\"headline\"  role='tab' tabindex='0' aria-controls='toggle-id-5' data-slide-speed=\"200\" data-title=\"Mitgliedschaft\" data-title-open=\"\" data-aria_collapsed=\"Click to expand: Mitgliedschaft\" data-aria_expanded=\"Click to collapse: Mitgliedschaft\">Mitgliedschaft<span class=\"toggle_icon\"><span class=\"vert_icon\"><\/span><span class=\"hor_icon\"><\/span><\/span><\/p><div id='toggle-id-5' aria-labelledby='toggle-toggle-id-5' role='region' class='toggle_wrap  av-title-above'  ><div class='toggle_content invers-color '  itemprop=\"text\" ><p>Wenn Sie dem Forschungskomitees &#8222;Soziale Probleme&#8220; beitreten m\u00f6chten, schicken Sie eine Mail an problems@sgs-sss.ch.<\/p>\n<\/div><\/div><\/div><\/section>\n<section class='av_toggle_section av-djn0t-45ab11918cf6b60228e6b682ce42aa2c'  itemscope=\"itemscope\" itemtype=\"https:\/\/schema.org\/CreativeWork\" ><div role=\"tablist\" class=\"single_toggle\" data-tags=\"{Alle} \"  ><p id='toggle-toggle-id-6' data-fake-id='#toggle-id-6' class='toggler  av-title-above '  itemprop=\"headline\"  role='tab' tabindex='0' aria-controls='toggle-id-6' data-slide-speed=\"200\" data-title=\"Kontakt \/ Vorstand\" data-title-open=\"\" data-aria_collapsed=\"Click to expand: Kontakt \/ Vorstand\" data-aria_expanded=\"Click to collapse: Kontakt \/ Vorstand\">Kontakt \/ Vorstand<span class=\"toggle_icon\"><span class=\"vert_icon\"><\/span><span class=\"hor_icon\"><\/span><\/span><\/p><div id='toggle-id-6' aria-labelledby='toggle-toggle-id-6' role='region' class='toggle_wrap  av-title-above'  ><div class='toggle_content invers-color '  itemprop=\"text\" ><p><a href=\"mailto:problems@sgs-sss.ch\">problems@sgs-sss.ch<\/a><\/p>\n<p>Vorstand:<\/p>\n<p>Michelle Beyeler<br \/>\nUniversit\u00e4t Z\u00fcrich<\/p>\n<p>Yann Bochsler<br \/>\nFachhochschule Nordwestschweiz, Hochschule f\u00fcr Soziale Arbeit, Muttenz<\/p>\n<p>Lisa Marie Borrelli<br \/>\nFachhochschule Wallis (HES-SO), Soziale Arbeit, Sierre<\/p>\n<p>Martina Koch<br \/>\nFachhochschule Nordwestschweiz, Hochschule f\u00fcr Soziale Arbeit, Olten<\/p>\n<p>Eva Nada<br \/>\nUniversity at Albany, State University of New York<\/p>\n<p>Emilie Rosenstein<br \/>\nHaute \u00e9cole de travail social et de la sant\u00e9 Lausanne (HETSL|HES-SO)<\/p>\n<p>Tobias Schalk<br \/>\nBerner Fachhochschule, Soziale Arbeit<\/p>\n<p>Peter Streckeisen<br \/>\nZHAW Soziale Arbeit, Z\u00fcrich \/ Universit\u00e4t Basel<\/p>\n<\/div><\/div><\/div><\/section>\n<\/div><\/p><\/div><\/div><!--close column table wrapper. Autoclose: 1 --><\/div><\/div><\/main><!-- close content main element --><\/div><\/div><div id='after_section_1'  class='main_color av_default_container_wrap container_wrap fullsize'  ><div class='container av-section-cont-open' ><div class='template-page content  av-content-full alpha units'><div class='post-entry post-entry-type-page post-entry-309'><div class='entry-content-wrapper clearfix'><section  class='av_textblock_section av-9dl0l-0a75b7b5eb91d750382c933cebb926b1 '   itemscope=\"itemscope\" itemtype=\"https:\/\/schema.org\/CreativeWork\" ><div class='avia_textblock'  itemprop=\"text\" ><p>Klicke hier, um Ihren eigenen Text einzuf\u00fcgen<\/p>\n<\/div><\/section><\/p>\n","protected":false},"excerpt":{"rendered":"","protected":false},"author":1,"featured_media":0,"parent":231,"menu_order":0,"comment_status":"closed","ping_status":"closed","template":"","meta":{"footnotes":""},"class_list":["post-309","page","type-page","status-publish","hentry"],"_links":{"self":[{"href":"https:\/\/www.sgs-sss.ch\/de\/wp-json\/wp\/v2\/pages\/309","targetHints":{"allow":["GET"]}}],"collection":[{"href":"https:\/\/www.sgs-sss.ch\/de\/wp-json\/wp\/v2\/pages"}],"about":[{"href":"https:\/\/www.sgs-sss.ch\/de\/wp-json\/wp\/v2\/types\/page"}],"author":[{"embeddable":true,"href":"https:\/\/www.sgs-sss.ch\/de\/wp-json\/wp\/v2\/users\/1"}],"replies":[{"embeddable":true,"href":"https:\/\/www.sgs-sss.ch\/de\/wp-json\/wp\/v2\/comments?post=309"}],"version-history":[{"count":39,"href":"https:\/\/www.sgs-sss.ch\/de\/wp-json\/wp\/v2\/pages\/309\/revisions"}],"predecessor-version":[{"id":21576,"href":"https:\/\/www.sgs-sss.ch\/de\/wp-json\/wp\/v2\/pages\/309\/revisions\/21576"}],"up":[{"embeddable":true,"href":"https:\/\/www.sgs-sss.ch\/de\/wp-json\/wp\/v2\/pages\/231"}],"wp:attachment":[{"href":"https:\/\/www.sgs-sss.ch\/de\/wp-json\/wp\/v2\/media?parent=309"}],"curies":[{"name":"wp","href":"https:\/\/api.w.org\/{rel}","templated":true}]}}