{"id":313,"date":"2016-02-11T20:27:11","date_gmt":"2016-02-11T19:27:11","guid":{"rendered":"http:\/\/new.sgs-sss.ch\/new\/?page_id=313"},"modified":"2016-09-19T18:08:03","modified_gmt":"2016-09-19T16:08:03","slug":"soziologische-theorie-und-theoriegeschichte","status":"publish","type":"page","link":"https:\/\/www.sgs-sss.ch\/de\/forschungskomitees\/soziologische-theorie-und-theoriegeschichte\/","title":{"rendered":"Soziologische Theorie und Theoriegeschichte"},"content":{"rendered":"\n<style type=\"text\/css\" data-created_by=\"avia_inline_auto\" id=\"style-css-av-av_section-fb37fa88fbca848c7e29aff3fecdfcf1\">\n.avia-section.av-av_section-fb37fa88fbca848c7e29aff3fecdfcf1{\nbackground-color:#ffffff;\nbackground-image:unset;\n}\n<\/style>\n<div id='av_section_1'  class='avia-section av-av_section-fb37fa88fbca848c7e29aff3fecdfcf1 main_color avia-section-default avia-no-shadow  avia-builder-el-0  avia-builder-el-no-sibling  avia-bg-style-scroll container_wrap fullsize'  ><div class='container av-section-cont-open' ><main  role=\"main\" itemprop=\"mainContentOfPage\"  class='template-page content  av-content-full alpha units'><div class='post-entry post-entry-type-page post-entry-313'><div class='entry-content-wrapper clearfix'>\n\n<style type=\"text\/css\" data-created_by=\"avia_inline_auto\" id=\"style-css-av-av_heading-f01bfbff847b0c7ad2baf561932fd3fa\">\n#top .av-special-heading.av-av_heading-f01bfbff847b0c7ad2baf561932fd3fa{\npadding-bottom:25px;\n}\nbody .av-special-heading.av-av_heading-f01bfbff847b0c7ad2baf561932fd3fa .av-special-heading-tag .heading-char{\nfont-size:25px;\n}\n.av-special-heading.av-av_heading-f01bfbff847b0c7ad2baf561932fd3fa .av-subheading{\nfont-size:15px;\n}\n<\/style>\n<div  class='av-special-heading av-av_heading-f01bfbff847b0c7ad2baf561932fd3fa av-special-heading-h2  avia-builder-el-1  el_before_av_one_full  avia-builder-el-first '><h2 class='av-special-heading-tag '  itemprop=\"headline\"  >SOZIOLOGISCHE THEORIE UND THEORIEGESCHICHTE<\/h2><div class=\"special-heading-border\"><div class=\"special-heading-inner-border\"><\/div><\/div><\/div>\n<div class='flex_column_table av-av_one_full-637497d8078788bf7892f1875f6d3165 sc-av_one_full av-equal-height-column-flextable'>\n<style type=\"text\/css\" data-created_by=\"avia_inline_auto\" id=\"style-css-av-av_one_full-637497d8078788bf7892f1875f6d3165\">\n.flex_column.av-av_one_full-637497d8078788bf7892f1875f6d3165{\nborder-radius:0px 0px 0px 0px;\npadding:20px 20px 20px 20px;\n}\n<\/style>\n<div  class='flex_column av-av_one_full-637497d8078788bf7892f1875f6d3165 av_one_full  avia-builder-el-2  el_after_av_heading  avia-builder-el-last  first no_margin flex_column_table_cell av-equal-height-column av-align-top  '     ><section  class='av_textblock_section av-av_textblock-0366cc7376be6c9e82a3e9cc8987b64f '   itemscope=\"itemscope\" itemtype=\"https:\/\/schema.org\/CreativeWork\" ><div class='avia_textblock'  itemprop=\"text\" ><blockquote>\n<h3><strong>Portrait <\/strong><\/h3>\n<p>Das Forschungskomitee &#8222;Soziologische Theorie und Theoriegeschichte&#8220; wurde im Sommer 2001 gegr\u00fcndet und an der darauf folgenden Vorstandssitzung desselben Jahres offiziell in den Kreis der Forschungskomitees der SGS aufgenommen. Die bisherige T\u00e4tigkeit des Forschungskomitees bestand in erster Linie in der Festlegung der Themenschwerpunkte f\u00fcr die Arbeit der kommenden Jahre. An diesem Prozess beteiligt waren die Gr\u00fcndungsmitglieder des Komitees.<\/p>\n<\/blockquote>\n<\/div><\/section><br \/>\n\n<style type=\"text\/css\" data-created_by=\"avia_inline_auto\" id=\"style-css-av-av_hr-bd84104f09c397338597807ab31c6aca\">\n#top .hr.hr-invisible.av-av_hr-bd84104f09c397338597807ab31c6aca{\nheight:15px;\n}\n<\/style>\n<div  class='hr av-av_hr-bd84104f09c397338597807ab31c6aca hr-invisible  avia-builder-el-4  el_after_av_textblock  el_before_av_toggle_container '><span class='hr-inner '><span class=\"hr-inner-style\"><\/span><\/span><\/div><br \/>\n<div  class='togglecontainer av-av_toggle_container-1c5f05ce43bbf21457da42746a25c01a  avia-builder-el-5  el_after_av_hr  avia-builder-el-last ' >\n<section class='av_toggle_section av-av_toggle-35dfdead5b5cfa9e1d94c780260fd73c'  itemscope=\"itemscope\" itemtype=\"https:\/\/schema.org\/CreativeWork\" ><div role=\"tablist\" class=\"single_toggle\" data-tags=\"{Alle} \"  ><p id='toggle-toggle-id-1' data-fake-id='#toggle-id-1' class='toggler  activeTitle av-title-above '  itemprop=\"headline\"  role='tab' tabindex='0' aria-controls='toggle-id-1' data-slide-speed=\"200\" data-title=\"Themen\" data-title-open=\"\" data-aria_collapsed=\"Click to expand: Themen\" data-aria_expanded=\"Click to collapse: Themen\">Themen<span class=\"toggle_icon\"><span class=\"vert_icon\"><\/span><span class=\"hor_icon\"><\/span><\/span><\/p><div id='toggle-id-1' aria-labelledby='toggle-toggle-id-1' role='region' class='toggle_wrap  active_tc av-title-above' style='display:block;' ><div class='toggle_content invers-color '  itemprop=\"text\" ><p>Folgende Themen wurden bestimmt:<\/p>\n<p><strong>Funktionalismus<br \/>\n<\/strong>Im Zentrum der Aufmerksamkeit stehen die in den letzten zehn Jahren in der Soziologie, vor allem aber in der analytischen Philosophie unternommenen Versuche, den sozialwissenschaftlichen Funktionalismus zu erneuern respektive als fachuniversale Theorie neu zu begr\u00fcnden;<\/p>\n<div  class='hr av-av_hr-7baa9936fe5691b53f4ae1c79d4cc23f hr-short  avia-builder-el-6  el_before_av_hr  avia-builder-el-first  hr-left'><span class='hr-inner '><span class=\"hr-inner-style\"><\/span><\/span><\/div>\n<p><strong>Karl August Wittfogels &#8222;Theorie der orientalischen Gesellschaft&#8220;<br \/>\n<\/strong>Angestrebt wird die systematische Erschlie\u00dfung des Werks eines beinahe vergessenen Vertreters der Kritischen Theorie. Vor allem im Ausgang von Wittfogels Konzeption des Verh\u00e4ltnisses von Gesellschaft und Natur er\u00f6ffnen sich interessante Bez\u00fcge sowohl zum Naturbegriff des Historischen Materialismus als auch zu Parsons\u2019 Bestimmung der organischen Basis des Sozialsystems;<\/p>\n<div  class='hr av-av_hr-7baa9936fe5691b53f4ae1c79d4cc23f hr-short  avia-builder-el-7  el_after_av_hr  avia-builder-el-last  hr-left'><span class='hr-inner '><span class=\"hr-inner-style\"><\/span><\/span><\/div>\n<p><strong>Der Begriff der &#8222;Gemeinschaft&#8220; in seiner \u2019klassischen\u2018 Fassung und als Grundbegriff des Kommunitarismus.<\/strong><br \/>\nDiesem Thema gilt unser Hauptinteresse, und mit einer entsprechenden Veranstaltung plant unser Forschungskomitee sich auch am SGS-Kongress 2003 in Z\u00fcrich zu beteiligen. Dass sich das Thema &#8222;Gemeinschaft&#8220; dem Kongressthema &#8222;Triumph und Elend der Neoliberalismus&#8220; sehr gut einf\u00fcgt, ist offenkundig. Ist das Handeln nach dem Vorbild des Neoliberalismus als &#8222;individualistisch-utilitaristisch-rationalistisch&#8220; zu verstehen, bildet das gemeinschaftsorientierte Handeln hierzu die Gegenthese. Dass und in welcher Weise der Triumph des Neoliberalismus im Elend m\u00fcnden muss, l\u00e4sst sich gerade vom gemeinschaftsorientierten Handeln aus ersichtlich machen.<\/p>\n<\/div><\/div><\/div><\/section>\n<section class='av_toggle_section av-av_toggle-d5886859a0b3e0b477cf95cf4d31b6f6'  itemscope=\"itemscope\" itemtype=\"https:\/\/schema.org\/CreativeWork\" ><div role=\"tablist\" class=\"single_toggle\" data-tags=\"{Alle} \"  ><p id='toggle-toggle-id-2' data-fake-id='#toggle-id-2' class='toggler  av-title-above '  itemprop=\"headline\"  role='tab' tabindex='0' aria-controls='toggle-id-2' data-slide-speed=\"200\" data-title=\" Kontakt \" data-title-open=\"\" data-aria_collapsed=\"Click to expand:  Kontakt \" data-aria_expanded=\"Click to collapse:  Kontakt \"> Kontakt <span class=\"toggle_icon\"><span class=\"vert_icon\"><\/span><span class=\"hor_icon\"><\/span><\/span><\/p><div id='toggle-id-2' aria-labelledby='toggle-toggle-id-2' role='region' class='toggle_wrap  av-title-above'  ><div class='toggle_content invers-color '  itemprop=\"text\" ><p>Peter-Ulrich Merz-Benz,<br \/>\nSoziologisches Institut der Universit\u00e4t Z\u00fcrich<\/p>\n<\/div><\/div><\/div><\/section>\n<\/div><\/p><\/div><\/div><!--close column table wrapper. Autoclose: 1 -->\n","protected":false},"excerpt":{"rendered":"","protected":false},"author":1,"featured_media":0,"parent":231,"menu_order":0,"comment_status":"closed","ping_status":"closed","template":"","meta":{"footnotes":""},"class_list":["post-313","page","type-page","status-publish","hentry"],"_links":{"self":[{"href":"https:\/\/www.sgs-sss.ch\/de\/wp-json\/wp\/v2\/pages\/313","targetHints":{"allow":["GET"]}}],"collection":[{"href":"https:\/\/www.sgs-sss.ch\/de\/wp-json\/wp\/v2\/pages"}],"about":[{"href":"https:\/\/www.sgs-sss.ch\/de\/wp-json\/wp\/v2\/types\/page"}],"author":[{"embeddable":true,"href":"https:\/\/www.sgs-sss.ch\/de\/wp-json\/wp\/v2\/users\/1"}],"replies":[{"embeddable":true,"href":"https:\/\/www.sgs-sss.ch\/de\/wp-json\/wp\/v2\/comments?post=313"}],"version-history":[{"count":3,"href":"https:\/\/www.sgs-sss.ch\/de\/wp-json\/wp\/v2\/pages\/313\/revisions"}],"predecessor-version":[{"id":21475,"href":"https:\/\/www.sgs-sss.ch\/de\/wp-json\/wp\/v2\/pages\/313\/revisions\/21475"}],"up":[{"embeddable":true,"href":"https:\/\/www.sgs-sss.ch\/de\/wp-json\/wp\/v2\/pages\/231"}],"wp:attachment":[{"href":"https:\/\/www.sgs-sss.ch\/de\/wp-json\/wp\/v2\/media?parent=313"}],"curies":[{"name":"wp","href":"https:\/\/api.w.org\/{rel}","templated":true}]}}