{"id":316,"date":"2016-02-11T20:36:35","date_gmt":"2016-02-11T19:36:35","guid":{"rendered":"http:\/\/new.sgs-sss.ch\/new\/?page_id=316"},"modified":"2019-09-28T18:53:41","modified_gmt":"2019-09-28T16:53:41","slug":"sportsoziologie","status":"publish","type":"page","link":"https:\/\/www.sgs-sss.ch\/de\/forschungskomitees\/sportsoziologie\/","title":{"rendered":"Sportsoziologie"},"content":{"rendered":"\n<style type=\"text\/css\" data-created_by=\"avia_inline_auto\" id=\"style-css-av-av_section-fb37fa88fbca848c7e29aff3fecdfcf1\">\n.avia-section.av-av_section-fb37fa88fbca848c7e29aff3fecdfcf1{\nbackground-color:#ffffff;\nbackground-image:unset;\n}\n<\/style>\n<div id='av_section_1'  class='avia-section av-av_section-fb37fa88fbca848c7e29aff3fecdfcf1 main_color avia-section-default avia-no-shadow  avia-builder-el-0  avia-builder-el-no-sibling  avia-bg-style-scroll container_wrap fullsize'  ><div class='container av-section-cont-open' ><main  role=\"main\" itemprop=\"mainContentOfPage\"  class='template-page content  av-content-full alpha units'><div class='post-entry post-entry-type-page post-entry-316'><div class='entry-content-wrapper clearfix'>\n\n<style type=\"text\/css\" data-created_by=\"avia_inline_auto\" id=\"style-css-av-av_heading-3425a807d35183788945287829e06c46\">\n#top .av-special-heading.av-av_heading-3425a807d35183788945287829e06c46{\npadding-bottom:25px;\n}\nbody .av-special-heading.av-av_heading-3425a807d35183788945287829e06c46 .av-special-heading-tag .heading-char{\nfont-size:25px;\n}\n.av-special-heading.av-av_heading-3425a807d35183788945287829e06c46 .av-subheading{\nfont-size:15px;\n}\n<\/style>\n<div  class='av-special-heading av-av_heading-3425a807d35183788945287829e06c46 av-special-heading-h2  avia-builder-el-1  el_before_av_one_full  avia-builder-el-first '><h2 class='av-special-heading-tag '  itemprop=\"headline\"  >SPORTSOZIOLOGIE<\/h2><div class=\"special-heading-border\"><div class=\"special-heading-inner-border\"><\/div><\/div><\/div>\n<div class='flex_column_table av-av_one_full-637497d8078788bf7892f1875f6d3165 sc-av_one_full av-equal-height-column-flextable'>\n<style type=\"text\/css\" data-created_by=\"avia_inline_auto\" id=\"style-css-av-av_one_full-637497d8078788bf7892f1875f6d3165\">\n.flex_column.av-av_one_full-637497d8078788bf7892f1875f6d3165{\nborder-radius:0px 0px 0px 0px;\npadding:20px 20px 20px 20px;\n}\n<\/style>\n<div  class='flex_column av-av_one_full-637497d8078788bf7892f1875f6d3165 av_one_full  avia-builder-el-2  el_after_av_heading  avia-builder-el-last  first no_margin flex_column_table_cell av-equal-height-column av-align-top  '     ><section  class='av_textblock_section av-av_textblock-0366cc7376be6c9e82a3e9cc8987b64f '   itemscope=\"itemscope\" itemtype=\"https:\/\/schema.org\/CreativeWork\" ><div class='avia_textblock'  itemprop=\"text\" ><blockquote>\n<h3><strong>Portrait <\/strong><\/h3>\n<p>Der Sport ist zu einem wichtigen Bestandteil unserer Gesellschaft geworden. Fast drei Viertel der Schweizer Wohnbev\u00f6lkerung treiben selber Sport; vier F\u00fcnftel verfolgen das Sportgeschehen in den Medien. Sport ist nicht nur Bewegung, Spass, Geselligkeit und Unterhaltung. Sport ist auch Lebensstil, Ritual, Spektakel, Markt und Gesch\u00e4ft. Der Schweizer Sport erwirtschaftet einen Gesamtumsatz von 15 Milliarden Franken und eine Bruttowertsch\u00f6pfung von 8 Milliarden. In dem Masse wie der Sport an gesellschaftlicher Bedeutung gewonnen hat, ist er auch f\u00fcr die Soziologie interessant geworden.<\/p>\n<\/blockquote>\n<\/div><\/section><br \/>\n\n<style type=\"text\/css\" data-created_by=\"avia_inline_auto\" id=\"style-css-av-av_hr-bd84104f09c397338597807ab31c6aca\">\n#top .hr.hr-invisible.av-av_hr-bd84104f09c397338597807ab31c6aca{\nheight:15px;\n}\n<\/style>\n<div  class='hr av-av_hr-bd84104f09c397338597807ab31c6aca hr-invisible  avia-builder-el-4  el_after_av_textblock  el_before_av_toggle_container '><span class='hr-inner '><span class=\"hr-inner-style\"><\/span><\/span><\/div><br \/>\n<div  class='togglecontainer av-av_toggle_container-1c5f05ce43bbf21457da42746a25c01a  avia-builder-el-5  el_after_av_hr  avia-builder-el-last ' >\n<section class='av_toggle_section av-av_toggle-2d8dc348d9a9ee8ab926d79decc4d49b'  itemscope=\"itemscope\" itemtype=\"https:\/\/schema.org\/CreativeWork\" ><div role=\"tablist\" class=\"single_toggle\" data-tags=\"{Alle} \"  ><p id='toggle-toggle-id-1' data-fake-id='#toggle-id-1' class='toggler  activeTitle av-title-above '  itemprop=\"headline\"  role='tab' tabindex='0' aria-controls='toggle-id-1' data-slide-speed=\"200\" data-title=\"Forschungskomitee Sportsoziologie\" data-title-open=\"\" data-aria_collapsed=\"Click to expand: Forschungskomitee Sportsoziologie\" data-aria_expanded=\"Click to collapse: Forschungskomitee Sportsoziologie\">Forschungskomitee Sportsoziologie<span class=\"toggle_icon\"><span class=\"vert_icon\"><\/span><span class=\"hor_icon\"><\/span><\/span><\/p><div id='toggle-id-1' aria-labelledby='toggle-toggle-id-1' role='region' class='toggle_wrap  active_tc av-title-above' style='display:block;' ><div class='toggle_content invers-color '  itemprop=\"text\" ><p>Das Forschungskomitee Sportsoziologie (Comit\u00e9 de recherche Sociologie des Sports) versteht sich als Kontakt- und Informationsnetzwerk von Sozialwissenschaftern, die sich f\u00fcr die gesellschaftlichen Bedingungen und Auswirkungen des Sports interessieren, und versucht, die soziologisch orientierte Sportforschung in der Schweiz zu f\u00f6rdern. Zu diesem Zweck organisiert das Komitee Tagungen und informelle Treffen zwischen seinen Mitgliedern und verschickt halbj\u00e4hrlich einen Newsletter mit aktuellen Informationen. Dar\u00fcber hinaus unterh\u00e4lt es eine Kartei mit den Interessen- und Forschungsgebieten seiner Mitglieder, um so den Erfahrungsaustausch und die Forschungskooperation zu erleichtern.<\/p>\n<\/div><\/div><\/div><\/section>\n<section class='av_toggle_section av-av_toggle-1aa6c3e54371c76ba12f9b49a784c19e'  itemscope=\"itemscope\" itemtype=\"https:\/\/schema.org\/CreativeWork\" ><div role=\"tablist\" class=\"single_toggle\" data-tags=\"{Alle} \"  ><p id='toggle-toggle-id-2' data-fake-id='#toggle-id-2' class='toggler  av-title-above '  itemprop=\"headline\"  role='tab' tabindex='0' aria-controls='toggle-id-2' data-slide-speed=\"200\" data-title=\"Mitgliedschaft \" data-title-open=\"\" data-aria_collapsed=\"Click to expand: Mitgliedschaft \" data-aria_expanded=\"Click to collapse: Mitgliedschaft \">Mitgliedschaft <span class=\"toggle_icon\"><span class=\"vert_icon\"><\/span><span class=\"hor_icon\"><\/span><\/span><\/p><div id='toggle-id-2' aria-labelledby='toggle-toggle-id-2' role='region' class='toggle_wrap  av-title-above'  ><div class='toggle_content invers-color '  itemprop=\"text\" ><p>Die Mitgliedschaft im Forschungskomitee Sportsoziologie ist gratis, wobei eine gleichzeitige Mitgliedschaft in der Schweizerischen Gesellschaft f\u00fcr Soziologie (SGS) erw\u00fcnscht ist.<\/p>\n<\/div><\/div><\/div><\/section>\n<section class='av_toggle_section av-av_toggle-142ab6d0499ecde0a83cfd83f7383663'  itemscope=\"itemscope\" itemtype=\"https:\/\/schema.org\/CreativeWork\" ><div role=\"tablist\" class=\"single_toggle\" data-tags=\"{Alle} \"  ><p id='toggle-toggle-id-3' data-fake-id='#toggle-id-3' class='toggler  av-title-above '  itemprop=\"headline\"  role='tab' tabindex='0' aria-controls='toggle-id-3' data-slide-speed=\"200\" data-title=\"Gr\u00fcndung\" data-title-open=\"\" data-aria_collapsed=\"Click to expand: Gr\u00fcndung\" data-aria_expanded=\"Click to collapse: Gr\u00fcndung\">Gr\u00fcndung<span class=\"toggle_icon\"><span class=\"vert_icon\"><\/span><span class=\"hor_icon\"><\/span><\/span><\/p><div id='toggle-id-3' aria-labelledby='toggle-toggle-id-3' role='region' class='toggle_wrap  av-title-above'  ><div class='toggle_content invers-color '  itemprop=\"text\" ><p>10. Januar 1992<\/p>\n<\/div><\/div><\/div><\/section>\n<section class='av_toggle_section av-av_toggle-83a5f40a03dced3611ad12164e285e2c'  itemscope=\"itemscope\" itemtype=\"https:\/\/schema.org\/CreativeWork\" ><div role=\"tablist\" class=\"single_toggle\" data-tags=\"{Alle} \"  ><p id='toggle-toggle-id-4' data-fake-id='#toggle-id-4' class='toggler  av-title-above '  itemprop=\"headline\"  role='tab' tabindex='0' aria-controls='toggle-id-4' data-slide-speed=\"200\" data-title=\" Anzahl Mitglieder\" data-title-open=\"\" data-aria_collapsed=\"Click to expand:  Anzahl Mitglieder\" data-aria_expanded=\"Click to collapse:  Anzahl Mitglieder\"> Anzahl Mitglieder<span class=\"toggle_icon\"><span class=\"vert_icon\"><\/span><span class=\"hor_icon\"><\/span><\/span><\/p><div id='toggle-id-4' aria-labelledby='toggle-toggle-id-4' role='region' class='toggle_wrap  av-title-above'  ><div class='toggle_content invers-color '  itemprop=\"text\" ><p>35 (Stand 30.6.2017)<\/p>\n<\/div><\/div><\/div><\/section>\n<section class='av_toggle_section av-av_toggle-76ae32f876c5be8a01442e1aa0f22f82'  itemscope=\"itemscope\" itemtype=\"https:\/\/schema.org\/CreativeWork\" ><div role=\"tablist\" class=\"single_toggle\" data-tags=\"{Alle} \"  ><p id='toggle-toggle-id-5' data-fake-id='#toggle-id-5' class='toggler  av-title-above '  itemprop=\"headline\"  role='tab' tabindex='0' aria-controls='toggle-id-5' data-slide-speed=\"200\" data-title=\" Formale Struktur\" data-title-open=\"\" data-aria_collapsed=\"Click to expand:  Formale Struktur\" data-aria_expanded=\"Click to collapse:  Formale Struktur\"> Formale Struktur<span class=\"toggle_icon\"><span class=\"vert_icon\"><\/span><span class=\"hor_icon\"><\/span><\/span><\/p><div id='toggle-id-5' aria-labelledby='toggle-toggle-id-5' role='region' class='toggle_wrap  av-title-above'  ><div class='toggle_content invers-color '  itemprop=\"text\" ><p>Markus Lamprecht ist der Koordinator f\u00fcr die Deutschschweiz, Monica Aceti f\u00fcr die franz\u00f6sisch- und italienischsprachige Schweiz. Ansonsten besteht keine formale Struktur.<\/p>\n<\/div><\/div><\/div><\/section>\n<section class='av_toggle_section av-av_toggle-4f2efe7445245a26f4ca6ae1ca91184a'  itemscope=\"itemscope\" itemtype=\"https:\/\/schema.org\/CreativeWork\" ><div role=\"tablist\" class=\"single_toggle\" data-tags=\"{Alle} \"  ><p id='toggle-toggle-id-6' data-fake-id='#toggle-id-6' class='toggler  av-title-above '  itemprop=\"headline\"  role='tab' tabindex='0' aria-controls='toggle-id-6' data-slide-speed=\"200\" data-title=\" Kooperationen mit anderen Forschungsorganisationen\" data-title-open=\"\" data-aria_collapsed=\"Click to expand:  Kooperationen mit anderen Forschungsorganisationen\" data-aria_expanded=\"Click to collapse:  Kooperationen mit anderen Forschungsorganisationen\"> Kooperationen mit anderen Forschungsorganisationen<span class=\"toggle_icon\"><span class=\"vert_icon\"><\/span><span class=\"hor_icon\"><\/span><\/span><\/p><div id='toggle-id-6' aria-labelledby='toggle-toggle-id-6' role='region' class='toggle_wrap  av-title-above'  ><div class='toggle_content invers-color '  itemprop=\"text\" ><p>Es bestehen enge personelle Kontakte mit der Sportwissenschaftlichen Gesellschaft der Schweiz (SGS), der International Sociology of Sport Association (ISSA) und der European Association for Sociology of Sport (EASS).<\/p>\n<\/div><\/div><\/div><\/section>\n<section class='av_toggle_section av-av_toggle-cb9a70891daf7950c1dd141cdbb1ce26'  itemscope=\"itemscope\" itemtype=\"https:\/\/schema.org\/CreativeWork\" ><div role=\"tablist\" class=\"single_toggle\" data-tags=\"{Alle} \"  ><p id='toggle-toggle-id-7' data-fake-id='#toggle-id-7' class='toggler  av-title-above '  itemprop=\"headline\"  role='tab' tabindex='0' aria-controls='toggle-id-7' data-slide-speed=\"200\" data-title=\"Kontaktadressen\" data-title-open=\"\" data-aria_collapsed=\"Click to expand: Kontaktadressen\" data-aria_expanded=\"Click to collapse: Kontaktadressen\">Kontaktadressen<span class=\"toggle_icon\"><span class=\"vert_icon\"><\/span><span class=\"hor_icon\"><\/span><\/span><\/p><div id='toggle-id-7' aria-labelledby='toggle-toggle-id-7' role='region' class='toggle_wrap  av-title-above'  ><div class='toggle_content invers-color '  itemprop=\"text\" ><p><strong> Markus Lamprecht<\/strong><br \/>\nL&amp;S Sozialforschung und Beratung<br \/>\nForchstrasse 212<br \/>\n8032 Z\u00fcrich<br \/>\nTel. 044-260 67 60<br \/>\nFax 044-260 67 61<\/p>\n<p><strong>Monica Aceti<br \/>\n<\/strong>Universit\u00e9 de Fribourg<br \/>\nUnit\u00e9 des sciences du mouvement et du sport<br \/>\nBd de P\u00e9rolles 90<br \/>\nCH-1700 Fribourg<br \/>\nTel. +41 78 751 39 31<\/p>\n<p><a href=\"mailto:sports@sgs-sss.ch\">sports@sgs-sss.ch<\/a><\/p>\n<\/div><\/div><\/div><\/section>\n<\/div><\/p><\/div><\/div><!--close column table wrapper. Autoclose: 1 -->\n","protected":false},"excerpt":{"rendered":"","protected":false},"author":1,"featured_media":0,"parent":231,"menu_order":0,"comment_status":"closed","ping_status":"closed","template":"","meta":{"footnotes":""},"class_list":["post-316","page","type-page","status-publish","hentry"],"_links":{"self":[{"href":"https:\/\/www.sgs-sss.ch\/de\/wp-json\/wp\/v2\/pages\/316","targetHints":{"allow":["GET"]}}],"collection":[{"href":"https:\/\/www.sgs-sss.ch\/de\/wp-json\/wp\/v2\/pages"}],"about":[{"href":"https:\/\/www.sgs-sss.ch\/de\/wp-json\/wp\/v2\/types\/page"}],"author":[{"embeddable":true,"href":"https:\/\/www.sgs-sss.ch\/de\/wp-json\/wp\/v2\/users\/1"}],"replies":[{"embeddable":true,"href":"https:\/\/www.sgs-sss.ch\/de\/wp-json\/wp\/v2\/comments?post=316"}],"version-history":[{"count":7,"href":"https:\/\/www.sgs-sss.ch\/de\/wp-json\/wp\/v2\/pages\/316\/revisions"}],"predecessor-version":[{"id":21476,"href":"https:\/\/www.sgs-sss.ch\/de\/wp-json\/wp\/v2\/pages\/316\/revisions\/21476"}],"up":[{"embeddable":true,"href":"https:\/\/www.sgs-sss.ch\/de\/wp-json\/wp\/v2\/pages\/231"}],"wp:attachment":[{"href":"https:\/\/www.sgs-sss.ch\/de\/wp-json\/wp\/v2\/media?parent=316"}],"curies":[{"name":"wp","href":"https:\/\/api.w.org\/{rel}","templated":true}]}}