{"id":73,"date":"2016-01-16T16:44:43","date_gmt":"2016-01-16T15:44:43","guid":{"rendered":"http:\/\/new.sgs-sss.ch\/new\/?page_id=73"},"modified":"2024-11-25T17:48:43","modified_gmt":"2024-11-25T16:48:43","slug":"statuten","status":"publish","type":"page","link":"https:\/\/www.sgs-sss.ch\/de\/die-gesellschaft\/statuten\/","title":{"rendered":"Statuten"},"content":{"rendered":"\n<style type=\"text\/css\" data-created_by=\"avia_inline_auto\" id=\"style-css-av-5xj0l-f665babcd9700a5837754df9cabc6af1\">\n.avia-section.av-5xj0l-f665babcd9700a5837754df9cabc6af1{\nbackground-color:#ffffff;\nbackground-image:unset;\n}\n<\/style>\n<div id='av_section_1'  class='avia-section av-5xj0l-f665babcd9700a5837754df9cabc6af1 main_color avia-section-default avia-no-shadow  avia-builder-el-0  avia-builder-el-no-sibling  avia-bg-style-scroll container_wrap fullsize'  ><div class='container av-section-cont-open' ><main  role=\"main\" itemprop=\"mainContentOfPage\"  class='template-page content  av-content-full alpha units'><div class='post-entry post-entry-type-page post-entry-73'><div class='entry-content-wrapper clearfix'>\n\n<style type=\"text\/css\" data-created_by=\"avia_inline_auto\" id=\"style-css-av-1vkl-42d27dca646816e82f43a87d9236a75a\">\n#top .av-special-heading.av-1vkl-42d27dca646816e82f43a87d9236a75a{\npadding-bottom:25px;\n}\nbody .av-special-heading.av-1vkl-42d27dca646816e82f43a87d9236a75a .av-special-heading-tag .heading-char{\nfont-size:25px;\n}\n.av-special-heading.av-1vkl-42d27dca646816e82f43a87d9236a75a .av-subheading{\nfont-size:15px;\n}\n<\/style>\n<div  class='av-special-heading av-1vkl-42d27dca646816e82f43a87d9236a75a av-special-heading-h2  avia-builder-el-1  el_before_av_toggle_container  avia-builder-el-first '><h2 class='av-special-heading-tag '  itemprop=\"headline\"  >STATUTEN DER SCHWEIZERISCHEN GESELLSCHAFT F\u00dcR SOZIOLOGIE<\/h2><div class=\"special-heading-border\"><div class=\"special-heading-inner-border\"><\/div><\/div><\/div>\n<div  class='togglecontainer av-4agxp-7890b50b85c364547e9ef8b81978c4ef  avia-builder-el-2  el_after_av_heading  avia-builder-el-last ' ><div class='taglist'><div class=\"tag-tab\"><a href=\"#\" data-tag=\"{Alle}\" class=\"activeFilter\">Alle<\/a><span class='tag-seperator'>\/<\/span><\/div><div class=\"tag-tab\"><a href=\"#\" data-tag=\"{Beirat}\" class=\"\">Beirat<\/a><span class='tag-seperator'>\/<\/span><\/div><div class=\"tag-tab\"><a href=\"#\" data-tag=\"{B\u00fcro}\" class=\"\">B\u00fcro<\/a><span class='tag-seperator'>\/<\/span><\/div><div class=\"tag-tab\"><a href=\"#\" data-tag=\"{Ehrenmitglieder}\" class=\"\">Ehrenmitglieder<\/a><span class='tag-seperator'>\/<\/span><\/div><div class=\"tag-tab\"><a href=\"#\" data-tag=\"{Finanzen}\" class=\"\">Finanzen<\/a><span class='tag-seperator'>\/<\/span><\/div><div class=\"tag-tab\"><a href=\"#\" data-tag=\"{Forschungskomitees}\" class=\"\">Forschungskomitees<\/a><span class='tag-seperator'>\/<\/span><\/div><div class=\"tag-tab\"><a href=\"#\" data-tag=\"{Generalversammlung}\" class=\"\">Generalversammlung<\/a><span class='tag-seperator'>\/<\/span><\/div><div class=\"tag-tab\"><a href=\"#\" data-tag=\"{Kollektivmitglieder}\" class=\"\">Kollektivmitglieder<\/a><span class='tag-seperator'>\/<\/span><\/div><div class=\"tag-tab\"><a href=\"#\" data-tag=\"{Kontrollstelle}\" class=\"\">Kontrollstelle<\/a><span class='tag-seperator'>\/<\/span><\/div><div class=\"tag-tab\"><a href=\"#\" data-tag=\"{Name}\" class=\"\">Name<\/a><span class='tag-seperator'>\/<\/span><\/div><div class=\"tag-tab\"><a href=\"#\" data-tag=\"{Sitz}\" class=\"\">Sitz<\/a><span class='tag-seperator'>\/<\/span><\/div><div class=\"tag-tab\"><a href=\"#\" data-tag=\"{Statuten\u00e4nderung}\" class=\"\">Statuten\u00e4nderung<\/a><span class='tag-seperator'>\/<\/span><\/div><div class=\"tag-tab\"><a href=\"#\" data-tag=\"{Vorstand}\" class=\"\">Vorstand<\/a><span class='tag-seperator'>\/<\/span><\/div><div class=\"tag-tab\"><a href=\"#\" data-tag=\"{Ziel}\" class=\"\">Ziel<\/a><span class='tag-seperator'>\/<\/span><\/div><div class=\"tag-tab\"><a href=\"#\" data-tag=\"{ordentliche Mitglieder}\" class=\"\">ordentliche Mitglieder<\/a><span class='tag-seperator'>\/<\/span><\/div><div class=\"tag-tab\"><a href=\"#\" data-tag=\"{studentische Mitglieder}\" class=\"\">studentische Mitglieder<\/a><span class='tag-seperator'>\/<\/span><\/div><\/div>\n<section class='av_toggle_section av-4374p-387ba396781e2370dda9ce93f3c566b6'  itemscope=\"itemscope\" itemtype=\"https:\/\/schema.org\/CreativeWork\" ><div role=\"tablist\" class=\"single_toggle\" data-tags=\"{Alle} {Name} {Ziel} {Sitz} \"  ><p id='toggle-toggle-id-1' data-fake-id='#toggle-id-1' class='toggler  activeTitle av-title-above '  itemprop=\"headline\"  role='tab' tabindex='0' aria-controls='toggle-id-1' data-slide-speed=\"200\" data-title=\"I Name, Ziel und Sitz\" data-title-open=\"\" data-aria_collapsed=\"Click to expand: I Name, Ziel und Sitz\" data-aria_expanded=\"Click to collapse: I Name, Ziel und Sitz\">I Name, Ziel und Sitz<span class=\"toggle_icon\"><span class=\"vert_icon\"><\/span><span class=\"hor_icon\"><\/span><\/span><\/p><div id='toggle-id-1' aria-labelledby='toggle-toggle-id-1' role='region' class='toggle_wrap  active_tc av-title-above' style='display:block;' ><div class='toggle_content invers-color '  itemprop=\"text\" ><p><strong>Art. 1<\/strong><\/p>\n<p>Unter dem Namen Schweizerische Gesellschaft f\u00fcr Soziologie (im folgenden Gesellschaft genannt) besteht ein Verein im Sinne von Artikel 60 ff. des Schweizerischen Zivilgesetzbuches.<\/p>\n<p><strong>Art. 2<\/strong><\/p>\n<p>Ziel der Gesellschaft ist die F\u00f6rderung der Soziologie in der Schweiz. Sie unterst\u00fctzt vor allem die soziologische Forschung, die Lehre und die Verbreitung der Soziologie.<\/p>\n<p>Sie kann diesem Zwecke dienende Einrichtungen gr\u00fcnden oder sich an solchen Einrichtungen beteiligen.<\/p>\n<p>Die Gesellschaft befasst sich mit den allgemeinen Problemen, welche die Berufsaus\u00fcbung der SoziologInnen stellt.<\/p>\n<p><strong>Art. 3<\/strong><\/p>\n<p style=\"font-weight: 400;\">Der Sitz der Gesellschaft befindet sich am Gesch\u00e4ftssitz des Sekretariats der Gesellschaft.<\/p>\n<\/div><\/div><\/div><\/section>\n<section class='av_toggle_section av-cjd9-00ed779d654c8a59aa6d6da54d95ec5e'  itemscope=\"itemscope\" itemtype=\"https:\/\/schema.org\/CreativeWork\" ><div role=\"tablist\" class=\"single_toggle\" data-tags=\"{Alle} {ordentliche Mitglieder} {studentische Mitglieder} {Ehrenmitglieder} {Kollektivmitglieder} \"  ><p id='toggle-toggle-id-2' data-fake-id='#toggle-id-2' class='toggler  av-title-above '  itemprop=\"headline\"  role='tab' tabindex='0' aria-controls='toggle-id-2' data-slide-speed=\"200\" data-title=\"II Mitglieder\" data-title-open=\"\" data-aria_collapsed=\"Click to expand: II Mitglieder\" data-aria_expanded=\"Click to collapse: II Mitglieder\">II Mitglieder<span class=\"toggle_icon\"><span class=\"vert_icon\"><\/span><span class=\"hor_icon\"><\/span><\/span><\/p><div id='toggle-id-2' aria-labelledby='toggle-toggle-id-2' role='region' class='toggle_wrap  av-title-above'  ><div class='toggle_content invers-color '  itemprop=\"text\" ><p><strong>Art. 4<\/strong><\/p>\n<p>1) Die Gesellschaft setzt sich zusammen aus<\/p>\n<ol>\n<li>ordentlichen Mitgliedern<\/li>\n<li>studentischen Mitgliedern<\/li>\n<li>Ehrenmitgliedern<\/li>\n<li>Kollektivmitgliedern<\/li>\n<\/ol>\n<p>2) Ordentliche Mitglieder<\/p>\n<p>Jede Person, die eine soziologische Ausbildung genossen hat oder eine T\u00e4tigkeit im Bereich der Soziologie aus\u00fcbt, kann als ordentliches Mitglied aufgenommen werden.<\/p>\n<p>3) Studentische Mitglieder<\/p>\n<p>Jede Person, die Soziologie studiert und zu diesem Zweck an einer Universit\u00e4t eingeschrieben ist, kann als studentisches Mitglied aufgenommen werden.<\/p>\n<p>4) Ehrenmitglieder<\/p>\n<p>Als Ehrenmitglieder k\u00f6nnen Pers\u00f6nlichkeiten aufgenommen werden, die auf besondere Weise zur F\u00f6rderung der Soziologie in der Schweiz beigetragen haben.<\/p>\n<p>5) Kollektivmitglieder<\/p>\n<p>Als Kollektivmitglieder k\u00f6nnen Institutionen aufgenommen werden, die sich f\u00fcr die T\u00e4tigkeit der Gesellschaft interessieren.<\/p>\n<p><strong>Art. 5<\/strong><\/p>\n<p>1) Personen oder Institutionen, die w\u00fcnschen, Mitglied der Gesellschaft zu werden, m\u00fcssen einen Antrag an das B\u00fcro stellen.<\/p>\n<p>2) Entscheide \u00fcber Aufnahmen werden vom B\u00fcro getroffen. Sie k\u00f6nnen Gegenstand eines Rekurses an den Vorstand und schliesslich an die Generalversammlung sein.<\/p>\n<p>3) Ehrenmitglieder werden aufgrund von Vorschl\u00e4gen des Vorstandes oder von mindestens zwanzig Mitgliedern der Gesellschaft durch die Generalversammlung ernannt.<\/p>\n<p>4) Der R\u00fccktritt aus der Gesellschaft muss schriftlich mitgeteilt werden und ist nur auf Ende eines Kalenderjahres m\u00f6glich.<\/p>\n<p><strong>Art. 6<\/strong><\/p>\n<p>Mitglieder, die den Interessen der Gesellschaft zuwiderhandeln oder w\u00e4hrend eines Jahres trotz zweimaliger Mahnung ihren finanziellen Verpflichtungen nicht nachkommen, k\u00f6nnen durch den Vorstand ausgeschlossen werden. Dazu ist eine Mehrheit von zwei Dritteln aller Vorstandsmitglieder notwendig. Ein auf diese Weise ausgeschlossenes Mitglied hat die M\u00f6glichkeit, Rekurs an die Generalversammlung einzureichen.<\/p>\n<\/div><\/div><\/div><\/section>\n<section class='av_toggle_section av-2jg6p-af0237ff5939fa6c5ab2b5ac00dbba54'  itemscope=\"itemscope\" itemtype=\"https:\/\/schema.org\/CreativeWork\" ><div role=\"tablist\" class=\"single_toggle\" data-tags=\"{Alle} {Generalversammlung} {Vorstand} {B\u00fcro} {Beirat} {Kontrollstelle} \"  ><p id='toggle-toggle-id-3' data-fake-id='#toggle-id-3' class='toggler  av-title-above '  itemprop=\"headline\"  role='tab' tabindex='0' aria-controls='toggle-id-3' data-slide-speed=\"200\" data-title=\"III Organe\" data-title-open=\"\" data-aria_collapsed=\"Click to expand: III Organe\" data-aria_expanded=\"Click to collapse: III Organe\">III Organe<span class=\"toggle_icon\"><span class=\"vert_icon\"><\/span><span class=\"hor_icon\"><\/span><\/span><\/p><div id='toggle-id-3' aria-labelledby='toggle-toggle-id-3' role='region' class='toggle_wrap  av-title-above'  ><div class='toggle_content invers-color '  itemprop=\"text\" ><p><strong>Art. 7<\/strong><\/p>\n<p>Die Organe der Gesellschaft sind: die Generalversammlung, der Vorstand, das B\u00fcro und die Kontrollstelle.<\/p>\n<p><strong>Generalversammlung<\/strong><\/p>\n<p><strong>Art. 8<\/strong><\/p>\n<p>1) Die Generalversammlung wird mindestens einmal pro Jahr durch den Vorstand zur ordentlichen Sitzung einberufen.<\/p>\n<p>2) Jeder Vorschlag, der durch mindestens zehn Mitglieder der Gesellschaft unterst\u00fctzt und dem Vorstand mindestens vier Wochen vor der Generalversammlung vorgelegt wird, muss in die Traktandenliste aufgenommen werden.<\/p>\n<p>3) Eine ausserordentliche Generalversammlung kann durch den Vorstand einberufen werden oder wenn sie von mindestens einem Zehntel der Mitglieder verlangt wird, sowie im Falle von Art. 10 Abs. 4.<\/p>\n<p>In den beiden letztgenannten F\u00e4llen muss die Versammlung sp\u00e4testens drei Monate nach der Hinterlegung des Gesuchs abgehalten werden.<\/p>\n<p>4) Die Traktandenliste einer ordentlichen oder ausserordentlichen Generalversammlung muss den Mitgliedern mindestens vier Wochen vor der Sitzung zugestellt werden.<\/p>\n<p>5) Jedes Mitglied hat eine Stimme.<\/p>\n<p><strong>Art. 9<\/strong><\/p>\n<p>Die Generalversammlung ist das h\u00f6chste Organ der Gesellschaft. Sie ist f\u00fcr die folgenden Gesch\u00e4fte zust\u00e4ndig:<\/p>\n<p>a) Wahl der Vorstandsmitglieder, der Pr\u00e4sidentin\/des Pr\u00e4sidenten und der Rechnungspr\u00fcferInnen, sowie deren Absetzung.<\/p>\n<p>b) Abnahme der T\u00e4tigkeitsberichte, der Jahresrechnung und des Berichtes der Rechnungspr\u00fcferInnen, Dechargeerteilung an den Vorstand.<\/p>\n<p>c) Festsetzung der Mitgliederbeitr\u00e4ge.<\/p>\n<p>d) Beschlussfassung \u00fcber die ihr durch den Vorstand vorgelegten oder aus ihrer Mitte stammenden Vorschl\u00e4ge.<\/p>\n<p>e) Ernennung von Ehrenmitgliedern.<\/p>\n<p>f) Verbindung mit andern Gesellschaften und Institutionen.<\/p>\n<p>g) Gr\u00fcndung und Aufl\u00f6sung von Einrichtungen, die dem Gesellschaftszweck dienen, sowie die Beteiligung an solchen Einrichtungen.<\/p>\n<p>h) \u00c4nderung der Statuten.<\/p>\n<p>i) Aufl\u00f6sung der Gesellschaft.<\/p>\n<p><strong>Art. 10<\/strong><\/p>\n<p>Die Beschl\u00fcsse der Versammlung werden aufgrund der Mehrheit der anwesenden Mitglieder getroffen, unter Vorbehalt von Art. 20 und 21.<\/p>\n<p>Die Pr\u00e4sidentin\/der Pr\u00e4sident wird von der absoluten Mehrheit der anwesenden Mitglieder gew\u00e4hlt; wenn kein(e) Kandidat(in) die Mehrheit erlangt, wird gew\u00e4hlt, wer im zweiten Wahlgang die einfache Mehrheit der Stimmen erh\u00e4lt.<\/p>\n<p>Die restlichen Vorstandsmitglieder werden in der Reihenfolge der erhaltenen Stimmen bis zur von der Versammlung beschlossenen Zahl der zu besetzenden Sitze gew\u00e4hlt.<\/p>\n<p>Beschl\u00fcsse einer Generalversammlung, die durch weniger als 20 Mitglieder besucht war, k\u00f6nnen innerhalb eines Monats durch 15 Mitglieder oder durch den Vorstand angefochten und an einer ausserordentlich einberufenen Generalversammlung erneut zur Abstimmung vorgelegt werden.<\/p>\n<p><strong>Vorstand<\/strong><\/p>\n<p><strong>Art. 11<\/strong><\/p>\n<p>1) Der Vorstand setzt sich aus mindestens f\u00fcnf Mitgliedern zusammen, die Pr\u00e4sidentin\/den Pr\u00e4sidenten eingeschlossen.<\/p>\n<p>2) Der Chefredaktor\/die Chefredaktorin der Schweizerischen Zeitschrift f\u00fcr Soziologie ist per Mandat ein Mitglied des Vorstandes.<\/p>\n<p>3) In den Vorstand w\u00e4hlbar sind ordentliche, studentische und Ehrenmitglieder.<\/p>\n<p>4) Die Vorstandsmitglieder werden f\u00fcr die Dauer von zwei Jahren gew\u00e4hlt. Bei vorzeitigem R\u00fccktritt eines Vorstandsmitgliedes kann der Vorstand f\u00fcr den Rest der Amtsperiode ein Ersatzmitglied bezeichnen.<\/p>\n<p><strong>Art. 12<\/strong><\/p>\n<p>1) Der Vorstand wahrt die Interessen der Gesellschaft und f\u00fchrt deren Gesch\u00e4fte. Er bereitet die Entscheidungen der Generalversammlung vor und f\u00fchrt die ihm von dieser erteilten Auftr\u00e4ge durch.<\/p>\n<p>2) Er kann Arbeitsgruppen einsetzen; er legt ihre Auftr\u00e4ge fest und \u00fcberwacht deren Ausf\u00fchrung.<\/p>\n<p>3) Der Vorstand ist f\u00fcr die F\u00fchrung der von der Gesellschaft gegr\u00fcndeten Einrichtungen und gegebenenfalls f\u00fcr die Wahrung von Beteiligungsrechten zust\u00e4ndig.<\/p>\n<p>4) Der Vorstand erstattet der Generalversammlung \u00fcber seine T\u00e4tigkeit Bericht.<\/p>\n<p><strong>B\u00fcro<\/strong><\/p>\n<p><strong>Art. 13<\/strong><\/p>\n<p>Der Vorstand bezeichnet ein B\u00fcro, welches aus der Pr\u00e4sidentin\/dem Pr\u00e4sidenten, der Vizepr\u00e4sidentin\/dem Vizepr\u00e4sidenten und der Sekret\u00e4rin\/dem Sekret\u00e4r besteht. Das B\u00fcro erledigt die laufenden oder dringenden Angelegenheiten, bereitet die Vorstandssitzungen vor, n\u00f6tigenfalls in Zusammenarbeit mit den Arbeitsgruppen, und trifft Entscheidungen im Rahmen der ihm vom Vorstand zugestandenen Kompetenzen.<\/p>\n<p>F\u00fcr die Ausf\u00fchrung der laufenden Gesch\u00e4fte kann eine Anstellung vorgenommen werden.<\/p>\n<p><strong>Kontrollstelle<\/strong><\/p>\n<p><strong>Art. 14<\/strong><\/p>\n<p>Die Kontrollstelle setzt sich aus zwei Rechnungspr\u00fcferInnen und einem\/einer StellvertreterIn zusammen. Sie werden f\u00fcr eine Amtszeit von zwei Jahren gew\u00e4hlt und sind wiederw\u00e4hlbar.<\/p>\n<p>Die Kontrollstelle pr\u00fcft die Jahresrechnung der Gesellschaft und erstattet der Generalversammlung Bericht.<\/p>\n<\/div><\/div><\/div><\/section>\n<section class='av_toggle_section av-1vbz5-234e28e026d697be26718c020291bc7f'  itemscope=\"itemscope\" itemtype=\"https:\/\/schema.org\/CreativeWork\" ><div role=\"tablist\" class=\"single_toggle\" data-tags=\"{Alle} {Forschungskomitees} \"  ><p id='toggle-toggle-id-4' data-fake-id='#toggle-id-4' class='toggler  av-title-above '  itemprop=\"headline\"  role='tab' tabindex='0' aria-controls='toggle-id-4' data-slide-speed=\"200\" data-title=\"IV Forschungskomitees\" data-title-open=\"\" data-aria_collapsed=\"Click to expand: IV Forschungskomitees\" data-aria_expanded=\"Click to collapse: IV Forschungskomitees\">IV Forschungskomitees<span class=\"toggle_icon\"><span class=\"vert_icon\"><\/span><span class=\"hor_icon\"><\/span><\/span><\/p><div id='toggle-id-4' aria-labelledby='toggle-toggle-id-4' role='region' class='toggle_wrap  av-title-above'  ><div class='toggle_content invers-color '  itemprop=\"text\" ><p><strong>Art. 15<\/strong><\/p>\n<p>Forschungskomitees sind wissenschaftliche Arbeitsgruppen. Ihr Ziel ist die F\u00f6rderung und Unterst\u00fctzung der Forschungsentwicklung in bestimmten Bereichen der Soziologie, die F\u00f6rderung des wissenschaftlichen Erfahrungsaustausches unter den an diesem Bereich interessierten SoziologInnen und die Intensivierung der Kommunikation zwischen SoziologInnen und den Zielgruppen, die an diesen wissenschaftlichen Aktivit\u00e4ten interessiert sind.<\/p>\n<p><strong>Art. 16<\/strong><\/p>\n<p>Die Forschungskomitees werden durch den Vorstand gegr\u00fcndet und aufgehoben. F\u00fcr die Gr\u00fcndung und die T\u00e4tigkeit der Forschungskomitees erl\u00e4sst der Vorstand Richtlinien.<\/p>\n<p><strong>Art. 17<\/strong><\/p>\n<p>Die Forschungskomitees informieren den Vorstand regelm\u00e4ssig \u00fcber ihre Arbeiten und verfassen einen Jahresbericht zuhanden der Generalversammlung.<\/p>\n<\/div><\/div><\/div><\/section>\n<section class='av_toggle_section av-1obfh-dc2ef411d87f0ac816ba3ade76b8490c'  itemscope=\"itemscope\" itemtype=\"https:\/\/schema.org\/CreativeWork\" ><div role=\"tablist\" class=\"single_toggle\" data-tags=\"{Alle} {Finanzen} \"  ><p id='toggle-toggle-id-5' data-fake-id='#toggle-id-5' class='toggler  av-title-above '  itemprop=\"headline\"  role='tab' tabindex='0' aria-controls='toggle-id-5' data-slide-speed=\"200\" data-title=\"V Finanzen\" data-title-open=\"\" data-aria_collapsed=\"Click to expand: V Finanzen\" data-aria_expanded=\"Click to collapse: V Finanzen\">V Finanzen<span class=\"toggle_icon\"><span class=\"vert_icon\"><\/span><span class=\"hor_icon\"><\/span><\/span><\/p><div id='toggle-id-5' aria-labelledby='toggle-toggle-id-5' role='region' class='toggle_wrap  av-title-above'  ><div class='toggle_content invers-color '  itemprop=\"text\" ><p><strong>Art. 18<\/strong><\/p>\n<p>Die Mittel der Gesellschaft setzen sich aus Mitgliederbeitr\u00e4gen, den Einnahmen aus Publikationen, Subventionen und eventuellen Spenden zusammen. Als Gesch\u00e4ftsjahr gilt das Kalenderjahr.<\/p>\n<p>Die Gesellschaft ist nur mit ihrem Verm\u00f6gen haftbar.<\/p>\n<\/div><\/div><\/div><\/section>\n<section class='av_toggle_section av-va7p-d6ad30dc4ad540ff5a9ccd870226606d'  itemscope=\"itemscope\" itemtype=\"https:\/\/schema.org\/CreativeWork\" ><div role=\"tablist\" class=\"single_toggle\" data-tags=\"{Alle} {Statuten\u00e4nderung} \"  ><p id='toggle-toggle-id-6' data-fake-id='#toggle-id-6' class='toggler  av-title-above '  itemprop=\"headline\"  role='tab' tabindex='0' aria-controls='toggle-id-6' data-slide-speed=\"200\" data-title=\"VI Statuten\u00e4nderung und Aufl\u00f6sung\" data-title-open=\"\" data-aria_collapsed=\"Click to expand: VI Statuten\u00e4nderung und Aufl\u00f6sung\" data-aria_expanded=\"Click to collapse: VI Statuten\u00e4nderung und Aufl\u00f6sung\">VI Statuten\u00e4nderung und Aufl\u00f6sung<span class=\"toggle_icon\"><span class=\"vert_icon\"><\/span><span class=\"hor_icon\"><\/span><\/span><\/p><div id='toggle-id-6' aria-labelledby='toggle-toggle-id-6' role='region' class='toggle_wrap  av-title-above'  ><div class='toggle_content invers-color '  itemprop=\"text\" ><p><strong>Art. 19<br \/>\n<\/strong><\/p>\n<p>Die Statuten k\u00f6nnen durch die Generalversammlung mit einer Mehrheit von zwei Dritteln der Stimmenden abge\u00e4ndert werden.<\/p>\n<p><strong>Art. 20<\/strong><\/p>\n<p>Die Aufl\u00f6sung der Gesellschaft kann durch die Generalversammlung mit einer Mehrheit von zwei Dritteln aller Mitglieder beschlossen werden.<\/p>\n<p>Im Falle der Aufl\u00f6sung wird das Verm\u00f6gen der Gesellschaft einer wissenschaftlichen Organisation mit \u00e4hnlichem Ziel zur Verf\u00fcgung gestellt.<\/p>\n<p><strong>Art. 21<\/strong><\/p>\n<p>Die vorliegenden Statuten ersetzen diejenigen vom 13. September 2007 und treten mit Beschluss der ordentlichen Generalversammlung vom 11. September 2019 in Kraft.<\/p>\n<p>Luzern, 23. Oktober 2019<\/p>\n<p><em>Rainer Diaz-Bone (Pr\u00e4sident)<\/em><br \/>\n<em>Ben Jann (Vizepr\u00e4sident)<\/em><\/p>\n<\/div><\/div><\/div><\/section>\n<\/div>\n\n","protected":false},"excerpt":{"rendered":"","protected":false},"author":1,"featured_media":0,"parent":21,"menu_order":0,"comment_status":"closed","ping_status":"closed","template":"","meta":{"footnotes":""},"class_list":["post-73","page","type-page","status-publish","hentry"],"_links":{"self":[{"href":"https:\/\/www.sgs-sss.ch\/de\/wp-json\/wp\/v2\/pages\/73","targetHints":{"allow":["GET"]}}],"collection":[{"href":"https:\/\/www.sgs-sss.ch\/de\/wp-json\/wp\/v2\/pages"}],"about":[{"href":"https:\/\/www.sgs-sss.ch\/de\/wp-json\/wp\/v2\/types\/page"}],"author":[{"embeddable":true,"href":"https:\/\/www.sgs-sss.ch\/de\/wp-json\/wp\/v2\/users\/1"}],"replies":[{"embeddable":true,"href":"https:\/\/www.sgs-sss.ch\/de\/wp-json\/wp\/v2\/comments?post=73"}],"version-history":[{"count":20,"href":"https:\/\/www.sgs-sss.ch\/de\/wp-json\/wp\/v2\/pages\/73\/revisions"}],"predecessor-version":[{"id":21197,"href":"https:\/\/www.sgs-sss.ch\/de\/wp-json\/wp\/v2\/pages\/73\/revisions\/21197"}],"up":[{"embeddable":true,"href":"https:\/\/www.sgs-sss.ch\/de\/wp-json\/wp\/v2\/pages\/21"}],"wp:attachment":[{"href":"https:\/\/www.sgs-sss.ch\/de\/wp-json\/wp\/v2\/media?parent=73"}],"curies":[{"name":"wp","href":"https:\/\/api.w.org\/{rel}","templated":true}]}}