{"id":873,"date":"2016-02-11T18:23:57","date_gmt":"2016-02-11T17:23:57","guid":{"rendered":"http:\/\/new.sgs-sss.ch\/new\/en\/research-networks\/religion\/"},"modified":"2016-10-14T13:01:23","modified_gmt":"2016-10-14T11:01:23","slug":"religion-and-society","status":"publish","type":"page","link":"https:\/\/www.sgs-sss.ch\/en\/research-networks\/religion-and-society\/","title":{"rendered":"Religion and society"},"content":{"rendered":"\n<style type=\"text\/css\" data-created_by=\"avia_inline_auto\" id=\"style-css-av-av_section-fb37fa88fbca848c7e29aff3fecdfcf1\">\n.avia-section.av-av_section-fb37fa88fbca848c7e29aff3fecdfcf1{\nbackground-color:#ffffff;\nbackground-image:unset;\n}\n<\/style>\n<div id='av_section_1'  class='avia-section av-av_section-fb37fa88fbca848c7e29aff3fecdfcf1 main_color avia-section-default avia-no-shadow  avia-builder-el-0  avia-builder-el-no-sibling  avia-bg-style-scroll container_wrap fullsize'  ><div class='container av-section-cont-open' ><main  role=\"main\" itemprop=\"mainContentOfPage\"  class='template-page content  av-content-full alpha units'><div class='post-entry post-entry-type-page post-entry-873'><div class='entry-content-wrapper clearfix'>\n\n<style type=\"text\/css\" data-created_by=\"avia_inline_auto\" id=\"style-css-av-av_heading-f0bf75fdd06257f9058f522d21f262d7\">\n#top .av-special-heading.av-av_heading-f0bf75fdd06257f9058f522d21f262d7{\npadding-bottom:25px;\n}\nbody .av-special-heading.av-av_heading-f0bf75fdd06257f9058f522d21f262d7 .av-special-heading-tag .heading-char{\nfont-size:25px;\n}\n.av-special-heading.av-av_heading-f0bf75fdd06257f9058f522d21f262d7 .av-subheading{\nfont-size:15px;\n}\n<\/style>\n<div  class='av-special-heading av-av_heading-f0bf75fdd06257f9058f522d21f262d7 av-special-heading-h2  avia-builder-el-1  el_before_av_one_full  avia-builder-el-first '><h2 class='av-special-heading-tag '  itemprop=\"headline\"  >RELIGION UND GESELLSCHAFT<\/h2><div class=\"special-heading-border\"><div class=\"special-heading-inner-border\"><\/div><\/div><\/div>\n<div class='flex_column_table av-av_one_full-637497d8078788bf7892f1875f6d3165 sc-av_one_full av-equal-height-column-flextable'>\n<style type=\"text\/css\" data-created_by=\"avia_inline_auto\" id=\"style-css-av-av_one_full-637497d8078788bf7892f1875f6d3165\">\n.flex_column.av-av_one_full-637497d8078788bf7892f1875f6d3165{\nborder-radius:0px 0px 0px 0px;\npadding:20px 20px 20px 20px;\n}\n<\/style>\n<div  class='flex_column av-av_one_full-637497d8078788bf7892f1875f6d3165 av_one_full  avia-builder-el-2  el_after_av_heading  avia-builder-el-last  first no_margin flex_column_table_cell av-equal-height-column av-align-top  '     ><section  class='av_textblock_section av-av_textblock-0366cc7376be6c9e82a3e9cc8987b64f '   itemscope=\"itemscope\" itemtype=\"https:\/\/schema.org\/CreativeWork\" ><div class='avia_textblock'  itemprop=\"text\" ><blockquote>\n<h3><strong>Portrait \u00bb <\/strong><strong>Gr\u00fcndung<\/strong><\/h3>\n<p>Der Entscheid zu einer Gr\u00fcndung eines neuen Forschungskomitees wurde am 18. M\u00e4rz 2004 in Lausanne gef\u00e4llt. Das neue Komitee tritt die Nachfolge der ASSOREL an, welche am 22. Oktober 2004 in Lausanne aufgel\u00f6st wurde. Formell tritt die Gr\u00fcndung erst durch einen positiven Entscheid des Vorstands der Schweizerischen Gesellschaft f\u00fcr Soziologie in Kraft.<\/p>\n<\/blockquote>\n<\/div><\/section><br \/>\n\n<style type=\"text\/css\" data-created_by=\"avia_inline_auto\" id=\"style-css-av-av_hr-bd84104f09c397338597807ab31c6aca\">\n#top .hr.hr-invisible.av-av_hr-bd84104f09c397338597807ab31c6aca{\nheight:15px;\n}\n<\/style>\n<div  class='hr av-av_hr-bd84104f09c397338597807ab31c6aca hr-invisible  avia-builder-el-4  el_after_av_textblock  el_before_av_toggle_container '><span class='hr-inner '><span class=\"hr-inner-style\"><\/span><\/span><\/div><br \/>\n<div  class='togglecontainer av-av_toggle_container-1c5f05ce43bbf21457da42746a25c01a  avia-builder-el-5  el_after_av_hr  avia-builder-el-last ' >\n<section class='av_toggle_section av-av_toggle-4c8b70fe344353050785ef0dd466a0ca'  itemscope=\"itemscope\" itemtype=\"https:\/\/schema.org\/CreativeWork\" ><div role=\"tablist\" class=\"single_toggle\" data-tags=\"{All} \"  ><p id='toggle-toggle-id-1' data-fake-id='#toggle-id-1' class='toggler  activeTitle av-title-above '  itemprop=\"headline\"  role='tab' tabindex='0' aria-controls='toggle-id-1' data-slide-speed=\"200\" data-title=\"Ziele\" data-title-open=\"\" data-aria_collapsed=\"Click to expand: Ziele\" data-aria_expanded=\"Click to collapse: Ziele\">Ziele<span class=\"toggle_icon\"><span class=\"vert_icon\"><\/span><span class=\"hor_icon\"><\/span><\/span><\/p><div id='toggle-id-1' aria-labelledby='toggle-toggle-id-1' role='region' class='toggle_wrap  active_tc av-title-above' style='display:block;' ><div class='toggle_content invers-color '  itemprop=\"text\" ><p>Ziele dieses Forschungskomitees sind:<\/p>\n<ul>\n<li>die F\u00f6rderung der Forschung auf dem Gebiet der Religionssoziologie und empirischen Religionsforschung in der Schweiz<\/li>\n<li>die Bildung eines internationalen Forums f\u00fcr Personen, die auf den genannten Gebieten arbeiten oder sich hierf\u00fcr interessieren.<\/li>\n<li>eine gemeinsame Pr\u00e4senz innerhalb der Schweizerischen Gesellschaft f\u00fcr Soziologie (SGS), innerhalb der Schweizerischen Gesellschaft f\u00fcr Religionswissenschaft (SGR) und gegen\u00fcber der Soci\u00e9t\u00e9 Internationale de Sociologie des Religions (ISSR)<\/li>\n<\/ul>\n<\/div><\/div><\/div><\/section>\n<section class='av_toggle_section av-av_toggle-5fc048c2f9e88116a8facacae46acb42'  itemscope=\"itemscope\" itemtype=\"https:\/\/schema.org\/CreativeWork\" ><div role=\"tablist\" class=\"single_toggle\" data-tags=\"{All} \"  ><p id='toggle-toggle-id-2' data-fake-id='#toggle-id-2' class='toggler  av-title-above '  itemprop=\"headline\"  role='tab' tabindex='0' aria-controls='toggle-id-2' data-slide-speed=\"200\" data-title=\"Mittel\" data-title-open=\"\" data-aria_collapsed=\"Click to expand: Mittel\" data-aria_expanded=\"Click to collapse: Mittel\">Mittel<span class=\"toggle_icon\"><span class=\"vert_icon\"><\/span><span class=\"hor_icon\"><\/span><\/span><\/p><div id='toggle-id-2' aria-labelledby='toggle-toggle-id-2' role='region' class='toggle_wrap  av-title-above'  ><div class='toggle_content invers-color '  itemprop=\"text\" ><ul>\n<li>Kolloquien, in welchen Ergebnisse eigener oder fremder Forschungen vorgestellt werden<\/li>\n<li>Workshops, in welchen Theorien, qualitative u. quantitative Methoden vermittelt werden und\/oder Forschungswerkst\u00e4tten, in welchen konkrete Projekte besprochen werden<\/li>\n<li>Eine Website (zur Verf\u00fcgung gestellt von der SAGW)<\/li>\n<li>Eine zentrale Adressliste, mit Hilfe welcher Informationen \u00fcber Literatur und Aktivit\u00e4ten bekannt gemacht werden k\u00f6nnen<\/li>\n<\/ul>\n<\/div><\/div><\/div><\/section>\n<section class='av_toggle_section av-av_toggle-280ffa8e504e63b49771945b6dc38590'  itemscope=\"itemscope\" itemtype=\"https:\/\/schema.org\/CreativeWork\" ><div role=\"tablist\" class=\"single_toggle\" data-tags=\"{All} \"  ><p id='toggle-toggle-id-3' data-fake-id='#toggle-id-3' class='toggler  av-title-above '  itemprop=\"headline\"  role='tab' tabindex='0' aria-controls='toggle-id-3' data-slide-speed=\"200\" data-title=\"Organisation\" data-title-open=\"\" data-aria_collapsed=\"Click to expand: Organisation\" data-aria_expanded=\"Click to collapse: Organisation\">Organisation<span class=\"toggle_icon\"><span class=\"vert_icon\"><\/span><span class=\"hor_icon\"><\/span><\/span><\/p><div id='toggle-id-3' aria-labelledby='toggle-toggle-id-3' role='region' class='toggle_wrap  av-title-above'  ><div class='toggle_content invers-color '  itemprop=\"text\" ><ul>\n<li>Das Forschungskomitee verf\u00fcgt \u00fcber 3 Koordinatoren (1 franz\u00f6sische Schweiz, 1 deutsche Schweiz, 1 ORS), welche von der Versammlung f\u00fcr eine Dauer von jeweils zwei Jahren gew\u00e4hlt werden.<\/li>\n<li>Das Forschungskomitee verf\u00fcgt \u00fcber ein Sekretariat, welches die administrativen Arbeiten und die Koordination der Website unterh\u00e4lt .<\/li>\n<li>Versammlungen des Forschungskomitees finden normalerweise j\u00e4hrlich aus Anlass von inhaltlich ausgerichteten Aktivit\u00e4ten statt.<\/li>\n<\/ul>\n<\/div><\/div><\/div><\/section>\n<section class='av_toggle_section av-av_toggle-ea0955fe95d37d550b920032f6b24f36'  itemscope=\"itemscope\" itemtype=\"https:\/\/schema.org\/CreativeWork\" ><div role=\"tablist\" class=\"single_toggle\" data-tags=\"{All} \"  ><p id='toggle-toggle-id-4' data-fake-id='#toggle-id-4' class='toggler  av-title-above '  itemprop=\"headline\"  role='tab' tabindex='0' aria-controls='toggle-id-4' data-slide-speed=\"200\" data-title=\"Mitgliedschaft\" data-title-open=\"\" data-aria_collapsed=\"Click to expand: Mitgliedschaft\" data-aria_expanded=\"Click to collapse: Mitgliedschaft\">Mitgliedschaft<span class=\"toggle_icon\"><span class=\"vert_icon\"><\/span><span class=\"hor_icon\"><\/span><\/span><\/p><div id='toggle-id-4' aria-labelledby='toggle-toggle-id-4' role='region' class='toggle_wrap  av-title-above'  ><div class='toggle_content invers-color '  itemprop=\"text\" ><p>Antrag auf Mitgliedschaft erfolgt schriftlich unter Beilage eines CV, einer Publikationsliste und der Angabe der Arbeits- und Interessengebiete. Interessenten sollten im Normalfall entweder studieren oder \u00fcber ein Universit\u00e4tsdiplom verf\u00fcgen. Ueber die Aufnahme entscheidet die Versammlung des Komitees.<\/p>\n<\/div><\/div><\/div><\/section>\n<section class='av_toggle_section av-av_toggle-db57d27a03685aa34b249e55cb76b34d'  itemscope=\"itemscope\" itemtype=\"https:\/\/schema.org\/CreativeWork\" ><div role=\"tablist\" class=\"single_toggle\" data-tags=\"{All} \"  ><p id='toggle-toggle-id-5' data-fake-id='#toggle-id-5' class='toggler  av-title-above '  itemprop=\"headline\"  role='tab' tabindex='0' aria-controls='toggle-id-5' data-slide-speed=\"200\" data-title=\"Finanzierung\" data-title-open=\"\" data-aria_collapsed=\"Click to expand: Finanzierung\" data-aria_expanded=\"Click to collapse: Finanzierung\">Finanzierung<span class=\"toggle_icon\"><span class=\"vert_icon\"><\/span><span class=\"hor_icon\"><\/span><\/span><\/p><div id='toggle-id-5' aria-labelledby='toggle-toggle-id-5' role='region' class='toggle_wrap  av-title-above'  ><div class='toggle_content invers-color '  itemprop=\"text\" ><p>Die Aktivit\u00e4ten des Forschungskomitees durch verschiedene Quellen finanziert werden.<\/p>\n<\/div><\/div><\/div><\/section>\n<section class='av_toggle_section av-av_toggle-8c03f3cfa3de7e8e9ff43013dcdaad48'  itemscope=\"itemscope\" itemtype=\"https:\/\/schema.org\/CreativeWork\" ><div role=\"tablist\" class=\"single_toggle\" data-tags=\"{All} \"  ><p id='toggle-toggle-id-6' data-fake-id='#toggle-id-6' class='toggler  av-title-above '  itemprop=\"headline\"  role='tab' tabindex='0' aria-controls='toggle-id-6' data-slide-speed=\"200\" data-title=\" Aktuelle Periode\" data-title-open=\"\" data-aria_collapsed=\"Click to expand:  Aktuelle Periode\" data-aria_expanded=\"Click to collapse:  Aktuelle Periode\"> Aktuelle Periode<span class=\"toggle_icon\"><span class=\"vert_icon\"><\/span><span class=\"hor_icon\"><\/span><\/span><\/p><div id='toggle-id-6' aria-labelledby='toggle-toggle-id-6' role='region' class='toggle_wrap  av-title-above'  ><div class='toggle_content invers-color '  itemprop=\"text\" ><p>In der aktuellen Periode sind die Koordinatoren:<\/p>\n<ul>\n<li>Andrea Rota, Fribourg<\/li>\n<li>Mallory Schneuwly Purdie (ORS), Lausanne<\/li>\n<li>Rafael Walthert, Z\u00fcrich<\/li>\n<\/ul>\n<p>Das Sekretariat wird vom ORS \u00fcbernommen.<\/p>\n<\/div><\/div><\/div><\/section>\n<section class='av_toggle_section av-av_toggle-fba86b0fc4eb94b7515b6d12f176c6c9'  itemscope=\"itemscope\" itemtype=\"https:\/\/schema.org\/CreativeWork\" ><div role=\"tablist\" class=\"single_toggle\" data-tags=\"{All} \"  ><p id='toggle-toggle-id-7' data-fake-id='#toggle-id-7' class='toggler  av-title-above '  itemprop=\"headline\"  role='tab' tabindex='0' aria-controls='toggle-id-7' data-slide-speed=\"200\" data-title=\"Kontaktadresse\" data-title-open=\"\" data-aria_collapsed=\"Click to expand: Kontaktadresse\" data-aria_expanded=\"Click to collapse: Kontaktadresse\">Kontaktadresse<span class=\"toggle_icon\"><span class=\"vert_icon\"><\/span><span class=\"hor_icon\"><\/span><\/span><\/p><div id='toggle-id-7' aria-labelledby='toggle-toggle-id-7' role='region' class='toggle_wrap  av-title-above'  ><div class='toggle_content invers-color '  itemprop=\"text\" ><p>Mallory Schneuwly Purdie<br \/>\nObservatoire des Religions en Suisse (ORS)<br \/>\nB\u00e2timent Provence<br \/>\n1015 Lausanne<br \/>\nTel.: 0041 (0)21 692 27 02<br \/>\n<a href=\"mailto:Mallory.schneuwlypurdie@unil.ch\">Mallory.schneuwlypurdie@unil.ch<\/a><\/p>\n<\/div><\/div><\/div><\/section>\n<section class='av_toggle_section av-av_toggle-93e5048a3e1f29d7a7e3342c30a5c11f'  itemscope=\"itemscope\" itemtype=\"https:\/\/schema.org\/CreativeWork\" ><div role=\"tablist\" class=\"single_toggle\" data-tags=\"{All} \"  ><p id='toggle-toggle-id-8' data-fake-id='#toggle-id-8' class='toggler  av-title-above '  itemprop=\"headline\"  role='tab' tabindex='0' aria-controls='toggle-id-8' data-slide-speed=\"200\" data-title=\"Mitglieder\" data-title-open=\"\" data-aria_collapsed=\"Click to expand: Mitglieder\" data-aria_expanded=\"Click to collapse: Mitglieder\">Mitglieder<span class=\"toggle_icon\"><span class=\"vert_icon\"><\/span><span class=\"hor_icon\"><\/span><\/span><\/p><div id='toggle-id-8' aria-labelledby='toggle-toggle-id-8' role='region' class='toggle_wrap  av-title-above'  ><div class='toggle_content invers-color '  itemprop=\"text\" ><ul>\n<li>Amiotte-Suchet Laurent, <a href=\"mailto:laurent.amiotte-suchet@unil.ch\">laurent.amiotte-suchet@unil.ch<\/a><\/li>\n<li>Basset Jean-Claude (SSSR), <a href=\"mailto:jean-Claude.Basset@dtheol.unil.ch\">jean-Claude.Basset@dtheol.unil.ch<\/a><\/li>\n<li>Bastian Jean-Pierre, <a href=\"mailto:bastian@umb.u-strasbg.fr\">bastian@umb.u-strasbg.fr<\/a><\/li>\n<li>Bovay Claude (SSS), <a href=\"mailto:cbovay@eesp.ch\">cbovay@eesp.ch<\/a><\/li>\n<li>Brandt Pierre-Yves, <a href=\"mailto:pierre-Yves.Brandt@.unil.ch\">pierre-Yves.Brandt@.unil.ch<\/a><\/li>\n<li>Campiche Roland, <a href=\"mailto:roland.campiche@unil.ch\">roland.campiche@unil.ch<\/a><\/li>\n<li>Dubach Alfred, <a href=\"mailto:alfred.dubach@kath.ch\">alfred.dubach@kath.ch<\/a><\/li>\n<li>Durisch Gauthier Nicole, <a href=\"mailto:nicole.durisch-gauthier@cic-info.ch\">nicole.durisch-gauthier@cic-info.ch<\/a><\/li>\n<li>Favre Olivier, <a href=\"mailto:eea.ne@swissonline.ch\">eea.ne@swissonline.ch<\/a><\/li>\n<li>Frank-Sp\u00f6rri, Katharina, <a href=\"mailto:katharina.frank@access.unizh.ch\">katharina.frank@access.unizh.ch<\/a><\/li>\n<li>Geiser Jo\u00ebl, <a href=\"mailto:joel.geiser@wanadoo.fr\">joel.geiser@wanadoo.fr<\/a><\/li>\n<li>Hassab Alla Waheed, <a href=\"mailto:waheed@urbanet.ch\">waheed@urbanet.ch<\/a><\/li>\n<li>Jenny Magali, <a href=\"mailto:magali.jenny@unifr.ch\">magali.jenny@unifr.ch<\/a><\/li>\n<li>J\u00f6dicke Ansgar (SGR), <a href=\"mailto:ansgar.joedicke@unifr.ch\">ansgar.joedicke@unifr.ch<\/a><\/li>\n<li>Jung Fran\u00e7ois, <a href=\"mailto:catchall@formations.ch\">catchall@formations.ch<\/a><\/li>\n<li>Knobel Brigitte, <a href=\"mailto:brigitte.knobel@cic-info.ch\">brigitte.knobel@cic-info.ch<\/a><\/li>\n<li>Kr\u00fcggeler Michael (SGS), <a href=\"mailto:m.krueggeler@kath.ch\">m.krueggeler@kath.ch<\/a><\/li>\n<li>Lalive d\u2019Epinay Christian, <a href=\"mailto:christian.lalive@unige.ch\">christian.lalive@unige.ch<\/a><\/li>\n<li>Lambert Arthur, <a href=\"mailto:arthurlambert@bluewin.ch\">arthurlambert@bluewin.ch<\/a><\/li>\n<li>Lathion St\u00e9phane, <a href=\"mailto:lathion_stephane@yahoo.com\">lathion_stephane@yahoo.com<\/a><\/li>\n<li>L\u00fcddeckens Dorothea (SGR), <a href=\"mailto:dorothea.lueddeckens@uzh.ch\">dorothea.lueddeckens@uzh.ch<\/a><\/li>\n<li>Matter Christine, <a href=\"mailto:christine.matter@bluewin.ch\">christine.matter@bluewin.ch<\/a><\/li>\n<li>Monnot Christophe, <a href=\"mailto:christophe.monnot@unil.ch\">christophe.monnot@unil.ch<\/a><\/li>\n<li>Morier-Genoud Eric, <a href=\"mailto:emorierd@bluewin.ch\">emorierd@bluewin.ch<\/a><\/li>\n<li>Narbel Nathalie, <a href=\"mailto:nathalie.narbel@cic-info.ch\">nathalie.narbel@cic-info.ch<\/a><\/li>\n<li>Pirri-Simonian Tenny, <a href=\"mailto:ourrusun@bluewin.ch\">ourrusun@bluewin.ch<\/a><\/li>\n<li>Radvanszky Andrea, <a href=\"mailto:radvansky@soz.unibe.ch\">radvansky@soz.unibe.ch<\/a><\/li>\n<li>Rota Andrea, <a href=\"mailto:andrea.rota@unifr.ch\">andrea.rota@unifr.ch<\/a><\/li>\n<li>Rudolph Ulrich, <a href=\"mailto:u.rudolph@access.uzh.ch\">u.rudolph@access.uzh.ch<\/a><\/li>\n<li>Stolz J\u00f6rg, <a href=\"mailto:joerg.stolz@unil.ch\">joerg.stolz@unil.ch<\/a><\/li>\n<li>Uelinger Christoph, <a href=\"mailto:christoph.uehlinger@access.uzh.ch\">christoph.uehlinger@access.uzh.ch<\/a><\/li>\n<li>Walthert Rafael, <a href=\"mailto:rafael.walthert@uzh.ch\">rafael.walthert@uzh.ch<\/a><\/li>\n<li>Weibel Rolf, <a href=\"mailto:weibel-spirig@bluewin.ch\">weibel-spirig@bluewin.ch<\/a><\/li>\n<\/ul>\n<\/div><\/div><\/div><\/section>\n<\/div><\/p><\/div><\/div><!--close column table wrapper. Autoclose: 1 -->\n","protected":false},"excerpt":{"rendered":"","protected":false},"author":1,"featured_media":0,"parent":853,"menu_order":0,"comment_status":"closed","ping_status":"closed","template":"","meta":{"footnotes":""},"class_list":["post-873","page","type-page","status-publish","hentry"],"_links":{"self":[{"href":"https:\/\/www.sgs-sss.ch\/en\/wp-json\/wp\/v2\/pages\/873","targetHints":{"allow":["GET"]}}],"collection":[{"href":"https:\/\/www.sgs-sss.ch\/en\/wp-json\/wp\/v2\/pages"}],"about":[{"href":"https:\/\/www.sgs-sss.ch\/en\/wp-json\/wp\/v2\/types\/page"}],"author":[{"embeddable":true,"href":"https:\/\/www.sgs-sss.ch\/en\/wp-json\/wp\/v2\/users\/1"}],"replies":[{"embeddable":true,"href":"https:\/\/www.sgs-sss.ch\/en\/wp-json\/wp\/v2\/comments?post=873"}],"version-history":[{"count":2,"href":"https:\/\/www.sgs-sss.ch\/en\/wp-json\/wp\/v2\/pages\/873\/revisions"}],"predecessor-version":[{"id":17034,"href":"https:\/\/www.sgs-sss.ch\/en\/wp-json\/wp\/v2\/pages\/873\/revisions\/17034"}],"up":[{"embeddable":true,"href":"https:\/\/www.sgs-sss.ch\/en\/wp-json\/wp\/v2\/pages\/853"}],"wp:attachment":[{"href":"https:\/\/www.sgs-sss.ch\/en\/wp-json\/wp\/v2\/media?parent=873"}],"curies":[{"name":"wp","href":"https:\/\/api.w.org\/{rel}","templated":true}]}}