{"id":893,"date":"2016-02-11T20:43:25","date_gmt":"2016-02-11T19:43:25","guid":{"rendered":"http:\/\/new.sgs-sss.ch\/new\/en\/research-networks\/wirtschaftssoziologie\/"},"modified":"2023-11-14T14:01:17","modified_gmt":"2023-11-14T13:01:17","slug":"economic-sociology","status":"publish","type":"page","link":"https:\/\/www.sgs-sss.ch\/en\/research-networks\/economic-sociology\/","title":{"rendered":"Economic sociology"},"content":{"rendered":"\n<style type=\"text\/css\" data-created_by=\"avia_inline_auto\" id=\"style-css-av-av_section-fb37fa88fbca848c7e29aff3fecdfcf1\">\n.avia-section.av-av_section-fb37fa88fbca848c7e29aff3fecdfcf1{\nbackground-color:#ffffff;\nbackground-image:unset;\n}\n<\/style>\n<div id='av_section_1'  class='avia-section av-av_section-fb37fa88fbca848c7e29aff3fecdfcf1 main_color avia-section-default avia-no-shadow  avia-builder-el-0  el_before_av_toggle_container  avia-builder-el-first  avia-bg-style-scroll container_wrap fullsize'  ><div class='container av-section-cont-open' ><main  role=\"main\" itemprop=\"mainContentOfPage\"  class='template-page content  av-content-full alpha units'><div class='post-entry post-entry-type-page post-entry-893'><div class='entry-content-wrapper clearfix'>\n\n<style type=\"text\/css\" data-created_by=\"avia_inline_auto\" id=\"style-css-av-av_heading-cafe9361a0cfa8cae6c190861db9ccc4\">\n#top .av-special-heading.av-av_heading-cafe9361a0cfa8cae6c190861db9ccc4{\npadding-bottom:25px;\n}\nbody .av-special-heading.av-av_heading-cafe9361a0cfa8cae6c190861db9ccc4 .av-special-heading-tag .heading-char{\nfont-size:25px;\n}\n.av-special-heading.av-av_heading-cafe9361a0cfa8cae6c190861db9ccc4 .av-subheading{\nfont-size:15px;\n}\n<\/style>\n<div  class='av-special-heading av-av_heading-cafe9361a0cfa8cae6c190861db9ccc4 av-special-heading-h2  avia-builder-el-1  el_before_av_textblock  avia-builder-el-first '><h2 class='av-special-heading-tag '  itemprop=\"headline\"  >ECONOMIC SOCIOLOGY<\/h2><div class=\"special-heading-border\"><div class=\"special-heading-inner-border\"><\/div><\/div><\/div>\n<section  class='av_textblock_section av-av_textblock-0366cc7376be6c9e82a3e9cc8987b64f '   itemscope=\"itemscope\" itemtype=\"https:\/\/schema.org\/CreativeWork\" ><div class='avia_textblock'  itemprop=\"text\" ><p>Established in the year 2000, the Research Committee on Economic Sociology aims to promote the exchange between economic sociologists working in Switzerland and thus to strengthen the position of economic sociology in the Swiss academic landscape. To this end, the committee organizes regular conferences and informal meetings of its members. The theoretical and thematic orientation of the economic sociology promoted by the committee is understood to be very broad in order to take into account the diversity of the discipline in Switzerland.<\/p>\n<p>The committee supports all researchers in Switzerland who analyze economic processes and structures at the micro- meso- or macro-level from a sociological perspective using theoretical reflection and qualitative and\/or quantitative methods. It does so in particular by organizing panels and semi-plenaries at the bi-annual conference of the Swiss Sociological Assocation, as well as by organizing mid-term conferences on specific topics, in collaboration with members of the research committee.<\/p>\n<p>As a meeting point of different language areas with their respective research traditions, Swiss economic sociology should also be established as a place of international dialogue and cross-linguistic inspiration. In addition, the committee aims to promote studies in economic sociology and publication projects in order to deepen empirical knowledge of the Swiss economy and make it more widely visible.<\/p>\n<p>Although the analysis of economic aspects of society is a core competence of sociology, its voice is rarely heard in political discourse and in the mass media. The committee aims to counteract this trend by offering researchers interested in economic sociology a forum for the exchange of experiences and dialogue, thus contributing to more resonance outside the university sphere. In particular, the committee aims to emphasize and cultivate a shared sociological identity beyond all intradisciplinary controversies.<\/p>\n<\/div><\/section>\n<\/div><\/div><\/main><!-- close content main element --><\/div><\/div><div id='after_section_1'  class='main_color av_default_container_wrap container_wrap fullsize'  ><div class='container av-section-cont-open' ><div class='template-page content  av-content-full alpha units'><div class='post-entry post-entry-type-page post-entry-893'><div class='entry-content-wrapper clearfix'>\n<div  class='togglecontainer av-av_toggle_container-9450f348ce62e26eb7feb2812d2cd68f  avia-builder-el-3  el_after_av_section  avia-builder-el-no-sibling ' >\n<section class='av_toggle_section av-av_toggle-eb38279de002f2cd9bd758d0bb817e66'  itemscope=\"itemscope\" itemtype=\"https:\/\/schema.org\/CreativeWork\" ><div role=\"tablist\" class=\"single_toggle\" data-tags=\"{All} \"  ><p id='toggle-toggle-id-1' data-fake-id='#toggle-id-1' class='toggler  av-title-above '  itemprop=\"headline\"  role='tab' tabindex='0' aria-controls='toggle-id-1' data-slide-speed=\"200\" data-title=\"Call for abstracts - SGS-SSS-SSA Congress 2024\" data-title-open=\"\" data-aria_collapsed=\"Click to expand: Call for abstracts - SGS-SSS-SSA Congress 2024\" data-aria_expanded=\"Click to collapse: Call for abstracts - SGS-SSS-SSA Congress 2024\">Call for abstracts - SGS-SSS-SSA Congress 2024<span class=\"toggle_icon\"><span class=\"vert_icon\"><\/span><span class=\"hor_icon\"><\/span><\/span><\/p><div id='toggle-id-1' aria-labelledby='toggle-toggle-id-1' role='region' class='toggle_wrap  av-title-above'  ><div class='toggle_content invers-color '  itemprop=\"text\" ><div id=\"av_section_1\" class=\"avia-section main_color avia-section-default avia-no-shadow avia-bg-style-scroll avia-builder-el-0 avia-builder-el-no-sibling container_wrap fullsize\">\n<div class=\"container\">\n<p>Call for abstracts: Congress of the Swiss Sociological Association 2024, September 9-11, Basel<\/p>\n<div class=\"post-entry post-entry-type-page post-entry-319\">\n<div class=\"entry-content-wrapper clearfix\">\n<div class=\"flex_column_table av-equal-height-column-flextable\">\n<div class=\"flex_column av_one_full no_margin flex_column_table_cell av-equal-height-column av-align-top first avia-builder-el-2 el_after_av_heading avia-builder-el-last \">\n<div class=\"togglecontainer avia-builder-el-5 el_after_av_hr avia-builder-el-last enable_toggles\">\n<section class=\"av_toggle_section\">\n<div class=\"single_toggle\" data-tags=\"{Alle} \">\n<div id=\"toggle-id-1-container\" class=\"toggle_wrap active_tc\">\n<div class=\"toggle_content invers-color\">\n<p>Panel organized by the Research Network Economic Sociology<\/p>\n<p>(L\u00e9na Pellandindi-Sim\u00e1nyi, Universit\u00e0 della Svizzera italiana, Philip Balsiger, University of Neuch\u00e2tel)<\/p>\n<p><strong>New vulnerabilities of market exclusion and inclusion<\/strong><\/p>\n<p>Economic sociologists have long been interested in studying the vulnerabilities created by markets. On the one hand, market inclusion has been shown to produce manifold vulnerabilities. Markets have been said to erode communities and create environmental risks and hazards. Neoliberalism has been criticized for extending the market logic to all realms of life and individualizing responsibility. The recent rise of digital platforms has been associated with new forms of data tracking and algorithmic control through which people are categorized, generally without their knowledge, which leads to the exacerbation of existing vulnerabilities and the creation of new ones. Furthermore, the structure of the platform economy where platforms act as gatekeepers creates forms of dependency that make market participants highly vulnerable to platform policies.<\/p>\n<p>On the other hand, market exclusion produces vulnerabilities, too. Being excluded from the use of certain goods and services is one of the historical forms of discrimination against ethnic minorities, women and the poor. Recently, unequal market access to financial products, produced by redlining, credit scoring, and other \u201cclassification situations\u201d have garnered attention as key vehicles for producing inequalities. Having access to digital platforms is increasingly a requirement for getting a job, having a business, and participating in social life generally \u2013 highlighting the vulnerabilities stemming from the lack of inclusion in specific markets.<\/p>\n<p>The goal of this panel is to look at different instances where markets create vulnerabilities around the tension of inclusion and exclusion from markets, in both digital markets and other contexts, such as financial markets, housing, healthcare, etc. We specifically want to look at a) how and when markets produce forms of vulnerabilities, b) processes of resistance to such vulnerabilities, and c) how they are addressed by different forms of regulation and social movements.<\/p>\n<p>Please submit your abstract of <strong>maximum 2000 characters<\/strong> <strong>by 5 January 2024<\/strong> to economy@sgs-sss.ch<\/p>\n<\/div>\n<\/div>\n<\/div>\n<\/section>\n<section class=\"av_toggle_section\">\n<div class=\"single_toggle\" data-tags=\"{Alle} \">\n<div id=\"toggle-id-3-container\" class=\"toggle_wrap \">\n<div class=\"toggle_content invers-color\"><\/div>\n<\/div>\n<\/div>\n<\/section>\n<\/div>\n<\/div>\n<\/div>\n<\/div>\n<\/div>\n<\/div>\n<\/div>\n<footer id=\"socket\" class=\"container_wrap socket_color\" role=\"contentinfo\">\n<div class=\"container\"><\/div>\n<\/footer>\n<\/div><\/div><\/div><\/section>\n<section class='av_toggle_section av-av_toggle-a70828ac3150c4f48d8b7780f7ae935c'  itemscope=\"itemscope\" itemtype=\"https:\/\/schema.org\/CreativeWork\" ><div role=\"tablist\" class=\"single_toggle\" data-tags=\"{All} \"  ><p id='toggle-toggle-id-2' data-fake-id='#toggle-id-2' class='toggler  av-title-above '  itemprop=\"headline\"  role='tab' tabindex='0' aria-controls='toggle-id-2' data-slide-speed=\"200\" data-title=\"Call for abstracts - Special issue Swiss Journal of Sociology\" data-title-open=\"\" data-aria_collapsed=\"Click to expand: Call for abstracts - Special issue Swiss Journal of Sociology\" data-aria_expanded=\"Click to collapse: Call for abstracts - Special issue Swiss Journal of Sociology\">Call for abstracts - Special issue Swiss Journal of Sociology<span class=\"toggle_icon\"><span class=\"vert_icon\"><\/span><span class=\"hor_icon\"><\/span><\/span><\/p><div id='toggle-id-2' aria-labelledby='toggle-toggle-id-2' role='region' class='toggle_wrap  av-title-above'  ><div class='toggle_content invers-color '  itemprop=\"text\" ><p>Call for Papers for a <strong>special issue of the Swiss Journal of Sociology<\/strong><\/p>\n<p><em><strong>\u201cThe Transformation of Banking from a Sociological Perspective\u201d <\/strong><\/em><\/p>\n<p>Special issue editors: Philip Balsiger, University of Neuch\u00e2tel, philip.balsiger@unine.ch L\u00e9na Pellandindi-Sim\u00e1nyi, Universit\u00e0 della Svizzera italiana, pellal@usi.ch<\/p>\n<p>Call for papers<\/p>\n<p>With the financialization of our societies, banking has become one of the key sectors of contemporary capitalism. In recent years, however, the role of banks in finance has been increasingly undermined and the taken-for-granted aim of banks as solely financial actors have been put into question. In the aftermath of the financial crisis in 2008, the traditional business model of banks came under pressure: 1. The political reaction to the crisis involved stricter regulation in areas such as capital requirements, consumer protection, anti-money laundering and tax evasion. At the same time, digital platforms and the proliferation of smart devices opened new avenues for the finance industry. These changes have shifted the advantage to emerging actors and business areas of the financial sector, such as fintech companies, alternative finance and crypto markets. The new actors of finance are smaller, rely on different organizational structures and champion future-oriented business models. While banks were the archetype of the large, bureaucratic and hierarchical corporation that nurtured stable and long-term relationships with the state, civil society and their clients, fintech and crypto firms are perceived as agile, lean and essentially digital firms that disrupt the traditional functioning of the financial system. 2. While previously banks were considered as primarily financial actors serving financial aims, the growing recognition of the impact of banks\u2019 (and other investors\u2019) investment decisions on climate change has placed them under increasing environmental scrutiny. Central to the sustainable finance debates is that civil society and state regulations are holding banks accountable for the climate change consequences of their investments. Responding to such criticism and to the rising demand to incorporate aims beyond finance into their business model, incumbent actors from the banking field have integrated sustainability criteria through ESG indicators. We particularly welcome papers on the following dimensions: a) Wealth management, inequality and taxation b) The organization, management and regulation of financial activities c) Changing relationships between financial institutions and their consumers and the everyday uses of finance d) The political organization, political strategies and lobby activities of financial institutions<\/p>\n<p>Please send your abstract to Philip Balsiger, philip.balsiger@unine.ch and L\u00e9na Pellandindi- Sim\u00e1nyi, pellal@usi.ch by the 5th January, 2024.<\/p>\n<p>Timeline: 5 Jan 2024: Deadline for the submission abstracts<\/p>\n<p>25 Jan 2024: Notification of accepted abstracts<\/p>\n<p>1 April 2024: Deadline for the full papers<\/p>\n<\/div><\/div><\/div><\/section>\n<section class='av_toggle_section av-av_toggle-5c46f1a65b9e7aa227d218e02c4e0f86'  itemscope=\"itemscope\" itemtype=\"https:\/\/schema.org\/CreativeWork\" ><div role=\"tablist\" class=\"single_toggle\" data-tags=\"{All} \"  ><p id='toggle-toggle-id-3' data-fake-id='#toggle-id-3' class='toggler  activeTitle av-title-above '  itemprop=\"headline\"  role='tab' tabindex='0' aria-controls='toggle-id-3' data-slide-speed=\"200\" data-title=\"Past activities\" data-title-open=\"\" data-aria_collapsed=\"Click to expand: Past activities\" data-aria_expanded=\"Click to collapse: Past activities\">Past activities<span class=\"toggle_icon\"><span class=\"vert_icon\"><\/span><span class=\"hor_icon\"><\/span><\/span><\/p><div id='toggle-id-3' aria-labelledby='toggle-toggle-id-3' role='region' class='toggle_wrap  active_tc av-title-above' style='display:block;' ><div class='toggle_content invers-color '  itemprop=\"text\" ><div id=\"av_section_1\" class=\"avia-section main_color avia-section-default avia-no-shadow avia-bg-style-scroll avia-builder-el-0 avia-builder-el-no-sibling container_wrap fullsize\">\n<div class=\"container\">\n<div class=\"post-entry post-entry-type-page post-entry-319\">\n<div class=\"entry-content-wrapper clearfix\">\n<div class=\"flex_column_table av-equal-height-column-flextable\">\n<div class=\"flex_column av_one_full no_margin flex_column_table_cell av-equal-height-column av-align-top first avia-builder-el-2 el_after_av_heading avia-builder-el-last \">\n<div class=\"togglecontainer avia-builder-el-5 el_after_av_hr avia-builder-el-last enable_toggles\">\n<section class=\"av_toggle_section\">\n<div class=\"single_toggle\" data-tags=\"{Alle} \">\n<div id=\"toggle-id-2-container\" class=\"toggle_wrap active_tc\">\n<div class=\"toggle_content invers-color\">\n<p>Mid-term workshops and conferences<\/p>\n<p>2023: The Transformation of Banking from a Sociological Perspective: Digital and Sustainable Challenges, University of Lausanne<\/p>\n<p>September 2022: The Economic Sociology of Market Places, University of St. Gallen<\/p>\n<p>September 2021: Markets and Power in the Digital Age, University of Neuch\u00e2tel<\/p>\n<\/div>\n<\/div>\n<\/div>\n<\/section>\n<section class=\"av_toggle_section\">\n<div class=\"single_toggle\" data-tags=\"{Alle} \">\n<div id=\"toggle-id-3-container\" class=\"toggle_wrap \">\n<div class=\"toggle_content invers-color\"><\/div>\n<\/div>\n<\/div>\n<\/section>\n<\/div>\n<\/div>\n<\/div>\n<\/div>\n<\/div>\n<\/div>\n<\/div>\n<footer id=\"socket\" class=\"container_wrap socket_color\" role=\"contentinfo\">\n<div class=\"container\"><\/div>\n<\/footer>\n<\/div><\/div><\/div><\/section>\n<section class='av_toggle_section av-av_toggle-eaa6f18706b58ac88c33853a1e1afafa'  itemscope=\"itemscope\" itemtype=\"https:\/\/schema.org\/CreativeWork\" ><div role=\"tablist\" class=\"single_toggle\" data-tags=\"{All} \"  ><p id='toggle-toggle-id-4' data-fake-id='#toggle-id-4' class='toggler  av-title-above '  itemprop=\"headline\"  role='tab' tabindex='0' aria-controls='toggle-id-4' data-slide-speed=\"200\" data-title=\"Contacts\" data-title-open=\"\" data-aria_collapsed=\"Click to expand: Contacts\" data-aria_expanded=\"Click to collapse: Contacts\">Contacts<span class=\"toggle_icon\"><span class=\"vert_icon\"><\/span><span class=\"hor_icon\"><\/span><\/span><\/p><div id='toggle-id-4' aria-labelledby='toggle-toggle-id-4' role='region' class='toggle_wrap  av-title-above'  ><div class='toggle_content invers-color '  itemprop=\"text\" ><p>Philip Balsiger, Universit\u00e9 de Neuch\u00e2tel<\/p>\n<p>L\u00e9na Pellandindi-Sim\u00e1nyi, Universit\u00e0 della Svizzera italiana<\/p>\n<p><a href=\"mailto:%20economy@sgs-sss.ch\">economy@sgs-sss.ch<\/a><\/p>\n<\/div><\/div><\/div><\/section>\n<\/div>\n","protected":false},"excerpt":{"rendered":"","protected":false},"author":1,"featured_media":0,"parent":853,"menu_order":0,"comment_status":"closed","ping_status":"closed","template":"","meta":{"footnotes":""},"class_list":["post-893","page","type-page","status-publish","hentry"],"_links":{"self":[{"href":"https:\/\/www.sgs-sss.ch\/en\/wp-json\/wp\/v2\/pages\/893","targetHints":{"allow":["GET"]}}],"collection":[{"href":"https:\/\/www.sgs-sss.ch\/en\/wp-json\/wp\/v2\/pages"}],"about":[{"href":"https:\/\/www.sgs-sss.ch\/en\/wp-json\/wp\/v2\/types\/page"}],"author":[{"embeddable":true,"href":"https:\/\/www.sgs-sss.ch\/en\/wp-json\/wp\/v2\/users\/1"}],"replies":[{"embeddable":true,"href":"https:\/\/www.sgs-sss.ch\/en\/wp-json\/wp\/v2\/comments?post=893"}],"version-history":[{"count":10,"href":"https:\/\/www.sgs-sss.ch\/en\/wp-json\/wp\/v2\/pages\/893\/revisions"}],"predecessor-version":[{"id":20966,"href":"https:\/\/www.sgs-sss.ch\/en\/wp-json\/wp\/v2\/pages\/893\/revisions\/20966"}],"up":[{"embeddable":true,"href":"https:\/\/www.sgs-sss.ch\/en\/wp-json\/wp\/v2\/pages\/853"}],"wp:attachment":[{"href":"https:\/\/www.sgs-sss.ch\/en\/wp-json\/wp\/v2\/media?parent=893"}],"curies":[{"name":"wp","href":"https:\/\/api.w.org\/{rel}","templated":true}]}}