{"id":1049,"date":"2016-08-03T16:41:12","date_gmt":"2016-08-03T14:41:12","guid":{"rendered":"http:\/\/new.sgs-sss.ch\/new\/fr\/stadtsoziologie\/"},"modified":"2026-03-09T18:12:34","modified_gmt":"2026-03-09T17:12:34","slug":"sociologie-urbaine","status":"publish","type":"page","link":"https:\/\/www.sgs-sss.ch\/fr\/comites-de-recherche\/sociologie-urbaine\/","title":{"rendered":"Sociologie urbaine"},"content":{"rendered":"<p>Par son h\u00e9t\u00e9rog\u00e9n\u00e9it\u00e9 constitutive, la ville a fascin\u00e9 les sociologues. De Friedrich Engels \u00e0 Bruno Latour en passant par Max Weber et l\u2019Ecole de Chicago, la ville fonctionne comme \u00ab malin g\u00e9nie \u00bb du sociologue, performant la complexit\u00e9 du social contre toute tentative de formalisation monolithique. Or, la ville se transforme radicalement. Ces m\u00e9tamorphoses contemporaines \u2013 passage de la ville industrielle \u00e0 l\u2019urbain sans fronti\u00e8res claires, du r\u00e9gime de la \u201c cit\u00e9 \u201d \u00e0 celui de la m\u00e9tropolisation \u2013 sont concomitantes des transformations des modes de production \u2013 passage du capitalisme industriel aux productions en r\u00e9seau, invisibilis\u00e9es et d\u00e9localis\u00e9es\u00a0\u2013 qu\u2019on les nomme capitalisme tardif, par projet, ou cognitif. De la ville industrielle \u00e0 la m\u00e9gapole s\u2019op\u00e8re une double dynamique d\u2019\u00e9talement urbain (suburbanisation, p\u00e9riurbanisation, rurbanisation, ville diffuse) et de concentration (constitution de centres de d\u00e9cision, de hubs infrastructurels, de clusters productifs, des zones urbaines). Alors que les grandes agglom\u00e9rations se polarisent et se constituent un r\u00e9seau \u00e0 l\u2019\u00e9chelle mondiale leurs aires m\u00e9tropolitaines se caract\u00e9risent par une fragmentation accrue, en termes de diff\u00e9renciations spatiales et de croissance des in\u00e9galit\u00e9s sociales. La pr\u00e9gnance des centres urbains dans les syst\u00e8mes de production contemporains implique une m\u00e9tamorphose des processus de valorisation de l\u2019espace et du territoire. Or, cette h\u00e9t\u00e9rog\u00e9n\u00e9it\u00e9 constitutive des villes s\u2019accro\u00eet sous l\u2019effet cumul\u00e9 de ces transformations auxquelles s\u2019associent des mobilit\u00e9s in\u00e9dites qui vont bien au-del\u00e0 des formats classiques de la migration. D\u00e8s lors, la ville plus que jamais conserve son caract\u00e8re de laboratoire pour enqu\u00eater sur le travail politique de constitution du commun, l\u2019expression de diff\u00e9rences ainsi que l\u2019\u00e9mergence de modalit\u00e9s in\u00e9dites de pouvoir et de domination.<\/p>\n<p>L\u2019\u00e9volution des prix du foncier et la globalisation de l\u2019\u00e9conomie, la transformation des modes de production, et donc des modes de production de l\u2019espace, des modes de vie, des habitudes et des subjectivit\u00e9s qui leurs sont associ\u00e9s, appellent \u00e0 une sociologie transversale : une sociologie capable de lier les m\u00e9canismes de pouvoir et d\u2019oppression avec l\u2019\u00e9volution des modes de vies, des spatialit\u00e9s et des exp\u00e9riences singuli\u00e8res.<\/p>\n<p>La sociologie urbaine regroupe ainsi des travaux originaux et multiformes. Si l\u2019urbain est toujours central, la focale se d\u00e9place et suit les m\u00e9andres de son objet :<\/p>\n<ol>\n<li>Pour suivre les interactions de la ville et de l\u2019urbain avec la soci\u00e9t\u00e9 globale, la sociologie urbaine est transdisciplinaire par nature et dialogue au plus pr\u00e8s avec les disciplines connexes (\u00ab urban studies \u00bb, urbanisme, g\u00e9ographie, philosophie et science politique en particulier).<\/li>\n<li>Cette transdiciplinarit\u00e9 doit permettre de forger des concepts et des m\u00e9thodes aptes \u00e0 rendre compte des trois paliers de l\u2019urbain et de leur entrelacs : les morphologies spatiales, les usages et les exp\u00e9riences et les syst\u00e8mes institutionnels.<\/li>\n<li>Or, l\u2019urbain oblige \u00e0 une attention accrue aux jeux d\u2019\u00e9chelle et de connexion qui traversent sa production : le regard doit porter autant sur le r\u00f4le des habitants dans la production urbaine que sur des enjeux structurels plus vastes, La sociologie urbaine se renouvelle ainsi dans une double attention \u2013 au c\u0153ur des sciences sociales contemporaines \u2013 \u00e0 l\u2019\u00e9paisseur des exp\u00e9riences humaines (spatialit\u00e9s complexes, affects, r\u00e9gimes d\u2019engagement) et \u00e0 l\u2019\u00e9mergences de formes in\u00e9dites du pouvoir (\u00e9volution des syst\u00e8mes normatifs et de contr\u00f4le, r\u00f4le des nouvelles technologies, proc\u00e9duralisation du droit, etc..)<\/li>\n<li>D\u2019o\u00f9 un d\u00e9passement intrins\u00e8que des notions de micro et macro sociologie.<\/li>\n<\/ol>\n<p>Ainsi, les m\u00e9tamorphoses de la ville appellent \u00e0 une interrogation renouvel\u00e9e du ph\u00e9nom\u00e8ne urbain par la sociologie qui n\u00e9cessite d\u2019en repenser les outils (concepts, m\u00e9thodes, enjeux).<\/p>\n<p>Luca Pattaroni et Maxime Felder<\/p>\n<p>Contact : urban@sgs-sss.ch<\/p>\n","protected":false},"excerpt":{"rendered":"<p>Par son h\u00e9t\u00e9rog\u00e9n\u00e9it\u00e9 constitutive, la ville a fascin\u00e9 les sociologues. De Friedrich Engels \u00e0 Bruno Latour en passant par Max Weber et l\u2019Ecole de Chicago, la ville fonctionne comme \u00ab malin g\u00e9nie \u00bb du sociologue, performant la complexit\u00e9 du social contre toute tentative de formalisation monolithique. Or, la ville se transforme radicalement. Ces m\u00e9tamorphoses contemporaines [&hellip;]<\/p>\n","protected":false},"author":1,"featured_media":0,"parent":655,"menu_order":0,"comment_status":"closed","ping_status":"closed","template":"","meta":{"footnotes":""},"class_list":["post-1049","page","type-page","status-publish","hentry"],"_links":{"self":[{"href":"https:\/\/www.sgs-sss.ch\/fr\/wp-json\/wp\/v2\/pages\/1049","targetHints":{"allow":["GET"]}}],"collection":[{"href":"https:\/\/www.sgs-sss.ch\/fr\/wp-json\/wp\/v2\/pages"}],"about":[{"href":"https:\/\/www.sgs-sss.ch\/fr\/wp-json\/wp\/v2\/types\/page"}],"author":[{"embeddable":true,"href":"https:\/\/www.sgs-sss.ch\/fr\/wp-json\/wp\/v2\/users\/1"}],"replies":[{"embeddable":true,"href":"https:\/\/www.sgs-sss.ch\/fr\/wp-json\/wp\/v2\/comments?post=1049"}],"version-history":[{"count":13,"href":"https:\/\/www.sgs-sss.ch\/fr\/wp-json\/wp\/v2\/pages\/1049\/revisions"}],"predecessor-version":[{"id":22695,"href":"https:\/\/www.sgs-sss.ch\/fr\/wp-json\/wp\/v2\/pages\/1049\/revisions\/22695"}],"up":[{"embeddable":true,"href":"https:\/\/www.sgs-sss.ch\/fr\/wp-json\/wp\/v2\/pages\/655"}],"wp:attachment":[{"href":"https:\/\/www.sgs-sss.ch\/fr\/wp-json\/wp\/v2\/media?parent=1049"}],"curies":[{"name":"wp","href":"https:\/\/api.w.org\/{rel}","templated":true}]}}