{"id":1057,"date":"2016-08-03T17:00:51","date_gmt":"2016-08-03T15:00:51","guid":{"rendered":"http:\/\/new.sgs-sss.ch\/new\/fr\/comites-de-recherche\/lebenslauf\/"},"modified":"2025-10-29T10:38:50","modified_gmt":"2025-10-29T09:38:50","slug":"parcours-de-vie","status":"publish","type":"page","link":"https:\/\/www.sgs-sss.ch\/fr\/comites-de-recherche\/parcours-de-vie\/","title":{"rendered":"Parcours de vie"},"content":{"rendered":"\n<style type=\"text\/css\" data-created_by=\"avia_inline_auto\" id=\"style-css-av-g6cbbl-aeec545b161f997e8239f2c11632790f\">\n.avia-section.av-g6cbbl-aeec545b161f997e8239f2c11632790f{\nbackground-color:#ffffff;\nbackground-image:unset;\n}\n<\/style>\n<div id='av_section_1'  class='avia-section av-g6cbbl-aeec545b161f997e8239f2c11632790f main_color avia-section-default avia-no-shadow  avia-builder-el-0  avia-builder-el-no-sibling  avia-bg-style-scroll container_wrap fullsize'  ><div class='container av-section-cont-open' ><main  role=\"main\" itemprop=\"mainContentOfPage\"  class='template-page content  av-content-full alpha units'><div class='post-entry post-entry-type-page post-entry-1057'><div class='entry-content-wrapper clearfix'>\n\n<style type=\"text\/css\" data-created_by=\"avia_inline_auto\" id=\"style-css-av-e853dt-71076ca87dd00f08850d465d5dd8d63b\">\n#top .av-special-heading.av-e853dt-71076ca87dd00f08850d465d5dd8d63b{\npadding-bottom:25px;\n}\nbody .av-special-heading.av-e853dt-71076ca87dd00f08850d465d5dd8d63b .av-special-heading-tag .heading-char{\nfont-size:25px;\n}\n.av-special-heading.av-e853dt-71076ca87dd00f08850d465d5dd8d63b .av-subheading{\nfont-size:15px;\n}\n<\/style>\n<div  class='av-special-heading av-e853dt-71076ca87dd00f08850d465d5dd8d63b av-special-heading-h2  avia-builder-el-1  el_before_av_one_full  avia-builder-el-first '><h2 class='av-special-heading-tag '  itemprop=\"headline\"  >PARCOURS DE VIE<\/h2><div class=\"special-heading-border\"><div class=\"special-heading-inner-border\"><\/div><\/div><\/div>\n<div class='flex_column_table av-d6js8x-75a8b6952e9a25c6ff678630b2482dfb sc-av_one_full av-equal-height-column-flextable'>\n<style type=\"text\/css\" data-created_by=\"avia_inline_auto\" id=\"style-css-av-d6js8x-75a8b6952e9a25c6ff678630b2482dfb\">\n.flex_column.av-d6js8x-75a8b6952e9a25c6ff678630b2482dfb{\nborder-radius:0px 0px 0px 0px;\npadding:20px 20px 20px 20px;\n}\n<\/style>\n<div  class='flex_column av-d6js8x-75a8b6952e9a25c6ff678630b2482dfb av_one_full  avia-builder-el-2  el_after_av_heading  avia-builder-el-last  first no_margin flex_column_table_cell av-equal-height-column av-align-top  '     ><section  class='av_textblock_section av-a5uw1t-df501883a0f1fd0b518890849ffe7d03 '   itemscope=\"itemscope\" itemtype=\"https:\/\/schema.org\/CreativeWork\" ><div class='avia_textblock'  itemprop=\"text\" ><blockquote>\n<h3><strong>Fondation<\/strong><\/h3>\n<p>Le 2 juillet 2012, le comit\u00e9 ex\u00e9cutif de la Soci\u00e9t\u00e9 suisse de sociologie (SSS) a approuv\u00e9 la constitution d&rsquo;un comit\u00e9 de recherche consacr\u00e9 \u00e0 la perspective du parcours de vie \u00e0 la demande d&rsquo;un groupe de membres de l&rsquo;Association provenant des universit\u00e9s de Lausanne, Gen\u00e8ve, B\u00e2le et Zurich, ainsi que de la haute \u00e9cole fribourgeoise en travail social.<\/p>\n<\/blockquote>\n<\/div><\/section><br \/>\n\n<style type=\"text\/css\" data-created_by=\"avia_inline_auto\" id=\"style-css-av-ycqf5-ddbba35e5cc05906f3c67da8a756932d\">\n#top .hr.hr-invisible.av-ycqf5-ddbba35e5cc05906f3c67da8a756932d{\nheight:15px;\n}\n<\/style>\n<div  class='hr av-ycqf5-ddbba35e5cc05906f3c67da8a756932d hr-invisible  avia-builder-el-4  el_after_av_textblock  el_before_av_toggle_container '><span class='hr-inner '><span class=\"hr-inner-style\"><\/span><\/span><\/div><br \/>\n<div  class='togglecontainer av-mhbswgmf-91914e54d8d744717b069d9cbff6e78b  avia-builder-el-5  el_after_av_hr  avia-builder-el-last ' >\n<section class='av_toggle_section av-mhbswfij-9d15957f6c4bec3bfdb18740ae6d48f3'  itemscope=\"itemscope\" itemtype=\"https:\/\/schema.org\/CreativeWork\" ><div role=\"tablist\" class=\"single_toggle\" data-tags=\"{Tout} \"  ><p id='toggle-toggle-id-1' data-fake-id='#toggle-id-1' class='toggler  activeTitle av-title-above '  itemprop=\"headline\"  role='tab' tabindex='0' aria-controls='toggle-id-1' data-slide-speed=\"200\" data-title=\"Pr\u00e9sentation\" data-title-open=\"\" data-aria_collapsed=\"Cliquez pour \u00e9tendre : Pr\u00e9sentation\" data-aria_expanded=\"Cliquez pour r\u00e9duire : Pr\u00e9sentation\">Pr\u00e9sentation<span class=\"toggle_icon\"><span class=\"vert_icon\"><\/span><span class=\"hor_icon\"><\/span><\/span><\/p><div id='toggle-id-1' aria-labelledby='toggle-toggle-id-1' role='region' class='toggle_wrap  active_tc av-title-above' style='display:block;' ><div class='toggle_content invers-color '  itemprop=\"text\" ><p style=\"font-weight: 400;\">La perspective du parcours de vie s&rsquo;impose depuis les ann\u00e9es 1980 comme un champ de recherche particuli\u00e8rement stimulant, n\u00e9 d\u2019un constat simple : les approches synchroniques ne suffisent plus \u00e0 comprendre la complexit\u00e9 des trajectoires humaines. En r\u00e9ponse, cette perspective s\u2019est construite autour de cinq dimensions cl\u00e9s de la variabilit\u00e9 interindividuelle : l\u2019ancrage des vies dans des contextes temporels et spatiaux sp\u00e9cifiques, le r\u00f4le du timing des \u00e9v\u00e9nements, la dynamique des vies interd\u00e9pendantes, ainsi que l\u2019intentionnalit\u00e9 des acteurs.<\/p>\n<p style=\"font-weight: 400;\">Ce changement de regard a progressivement d\u00e9plac\u00e9 l\u2019attention des chercheurs : plut\u00f4t que d\u2019analyser des structures sociales fig\u00e9es comme la famille ou le travail, il s\u2019agit d\u00e9sormais de suivre les parcours singuliers des individus et les liens qu\u2019ils tissent, modifient ou rompent au fil du temps. Ce tournant invite \u00e0 consid\u00e9rer les personnes non comme des porteurs passifs de r\u00f4les sociaux, mais comme des acteurs inscrits dans des configurations sociales mouvantes.<\/p>\n<p style=\"font-weight: 400;\">Pour appr\u00e9hender cette complexit\u00e9, des outils conceptuels adapt\u00e9s se r\u00e9v\u00e8lent essentiels. Ils permettent de d\u00e9passer l\u2019opposition classique entre l\u2019individu et la soci\u00e9t\u00e9, en mettant l\u2019accent sur leurs interd\u00e9pendances dynamiques. Cette perspective favorise ainsi un programme de recherche transversal, capable d\u2019articuler diff\u00e9rents domaines sociologiques (famille, emploi, mobilit\u00e9s, migrations, sant\u00e9, etc.) dans un cadre analytique commun.<\/p>\n<p style=\"font-weight: 400;\">Enfin, cette approche repose sur des m\u00e9thodologies adapt\u00e9es \u00e0 la temporalit\u00e9 des ph\u00e9nom\u00e8nes \u00e9tudi\u00e9s. Les analyses de s\u00e9quences, des r\u00e9seaux de sociabilit\u00e9 et les m\u00e9thodes mixtes s\u2019av\u00e8rent particuli\u00e8rement pertinentes pour explorer les trajectoires de vie dans toute leur richesse et leur complexit\u00e9.<\/p>\n<\/div><\/div><\/div><\/section>\n<section class='av_toggle_section av-83g4v5-a76a22fa43f75f4c35aa01a3e27f4137'  itemscope=\"itemscope\" itemtype=\"https:\/\/schema.org\/CreativeWork\" ><div role=\"tablist\" class=\"single_toggle\" data-tags=\"{Tout} \"  ><p id='toggle-toggle-id-2' data-fake-id='#toggle-id-2' class='toggler  av-title-above '  itemprop=\"headline\"  role='tab' tabindex='0' aria-controls='toggle-id-2' data-slide-speed=\"200\" data-title=\"Objectifs\" data-title-open=\"\" data-aria_collapsed=\"Cliquez pour \u00e9tendre : Objectifs\" data-aria_expanded=\"Cliquez pour r\u00e9duire : Objectifs\">Objectifs<span class=\"toggle_icon\"><span class=\"vert_icon\"><\/span><span class=\"hor_icon\"><\/span><\/span><\/p><div id='toggle-id-2' aria-labelledby='toggle-toggle-id-2' role='region' class='toggle_wrap  av-title-above'  ><div class='toggle_content invers-color '  itemprop=\"text\" ><p style=\"font-weight: 400;\">Le comit\u00e9 de recherche a pour ambition de renforcer et d\u2019animer un dialogue interdisciplinaire autour de la perspective des parcours de vie. En favorisant les \u00e9changes entre chercheur\u00b7e\u00b7s issu\u00b7e\u00b7s de diff\u00e9rents horizons, il vise \u00e0 stimuler l\u2019\u00e9mergence de collaborations innovantes et \u00e0 encourager la mise en place de projets de recherche collectifs.<\/p>\n<p style=\"font-weight: 400;\">Au-del\u00e0 du d\u00e9cloisonnement disciplinaire, le comit\u00e9 soutient activement le partage de m\u00e9thodes, la mutualisation des outils analytiques et l\u2019adoption de d\u00e9marches int\u00e9gratives. Il s\u2019attache \u00e9galement \u00e0 diffuser largement les r\u00e9sultats produits, tant dans les sph\u00e8res acad\u00e9miques que dans l\u2019espace public, en rendant visibles les apports de cette perspective pour comprendre les transformations sociales contemporaines.<\/p>\n<\/div><\/div><\/div><\/section>\n<section class='av_toggle_section av-5ynuz5-8ce1e5a8a147e3be8e6830326889765e'  itemscope=\"itemscope\" itemtype=\"https:\/\/schema.org\/CreativeWork\" ><div role=\"tablist\" class=\"single_toggle\" data-tags=\"{Tout} \"  ><p id='toggle-toggle-id-3' data-fake-id='#toggle-id-3' class='toggler  av-title-above '  itemprop=\"headline\"  role='tab' tabindex='0' aria-controls='toggle-id-3' data-slide-speed=\"200\" data-title=\"Adh\u00e9sion \/ contact\" data-title-open=\"\" data-aria_collapsed=\"Cliquez pour \u00e9tendre : Adh\u00e9sion \/ contact\" data-aria_expanded=\"Cliquez pour r\u00e9duire : Adh\u00e9sion \/ contact\">Adh\u00e9sion \/ contact<span class=\"toggle_icon\"><span class=\"vert_icon\"><\/span><span class=\"hor_icon\"><\/span><\/span><\/p><div id='toggle-id-3' aria-labelledby='toggle-toggle-id-3' role='region' class='toggle_wrap  av-title-above'  ><div class='toggle_content invers-color '  itemprop=\"text\" ><p>Toute personne concern\u00e9e par la th\u00e9matique et les objectifs du comit\u00e9 de recherche est encourag\u00e9e \u00e0 s&rsquo;adresser la personne de contact dont les coordonn\u00e9es sont indiqu\u00e9es ci-dessous.<\/p>\n\n<style type=\"text\/css\" data-created_by=\"avia_inline_auto\" id=\"style-css-av-3tuxxt-6302a489c8cfdf26579ad45b355d91a3\">\n#top .hr.hr-invisible.av-3tuxxt-6302a489c8cfdf26579ad45b355d91a3{\nheight:30px;\n}\n<\/style>\n<div  class='hr av-3tuxxt-6302a489c8cfdf26579ad45b355d91a3 hr-invisible  avia-builder-el-6  avia-builder-el-no-sibling '><span class='hr-inner '><span class=\"hr-inner-style\"><\/span><\/span><\/div>\n<h3>Julia Sauter<\/h3>\n<p>Universit\u00e9 de Lausanne<br \/>\nLIVES-ISS<br \/>\nB\u00e2timent G\u00e9opolis<br \/>\n1015 Lausanne<\/p>\n<p>Email: <a href=\"mailto:lifecourse@sgs-sss.ch\">lifecourse@sgs-sss.ch<\/a><\/p>\n<\/div><\/div><\/div><\/section>\n<section class='av_toggle_section av-1tpmup-612312e5ee85b875d0cd5527a493866c'  itemscope=\"itemscope\" itemtype=\"https:\/\/schema.org\/CreativeWork\" ><div role=\"tablist\" class=\"single_toggle\" data-tags=\"{Tout} \"  ><p id='toggle-toggle-id-4' data-fake-id='#toggle-id-4' class='toggler  av-title-above '  itemprop=\"headline\"  role='tab' tabindex='0' aria-controls='toggle-id-4' data-slide-speed=\"200\" data-title=\"Membres fondateurs\" data-title-open=\"\" data-aria_collapsed=\"Cliquez pour \u00e9tendre : Membres fondateurs\" data-aria_expanded=\"Cliquez pour r\u00e9duire : Membres fondateurs\">Membres fondateurs<span class=\"toggle_icon\"><span class=\"vert_icon\"><\/span><span class=\"hor_icon\"><\/span><\/span><\/p><div id='toggle-id-4' aria-labelledby='toggle-toggle-id-4' role='region' class='toggle_wrap  av-title-above'  ><div class='toggle_content invers-color '  itemprop=\"text\" ><p>Les chercheuses et les chercheurs ci-dessous ont apport\u00e9 leur soutien \u00e0 la cr\u00e9ation du comit\u00e9 de recherche sur les parcours de vie.<\/p>\n<ul>\n<li>Prof. Claudine Burton Jeangros, Unige, <a href=\"mailto:claudine.jeangros@unige.ch\">claudine.jeangros@unige.ch<\/a><\/li>\n<li>Dr Cornelia Hummel, Unige, <a href=\"mailto:cornelia.hummel@unige.ch\">cornelia.hummel@unige.ch<\/a><\/li>\n<li>Prof. Daniel Oesch, Unil, <a href=\"mailto:daniel.oesch@unil.ch\">daniel.oesch@unil.ch<\/a><\/li>\n<li>Prof. Dominique Joye, Unil, <a href=\"mailto:dominique.joye@unil.ch\">dominique.joye@unil.ch<\/a><\/li>\n<li>Prof. Eric Widmer, Unige, <a href=\"mailto:eric.widmer@unige.ch\">eric.widmer@unige.ch<\/a><\/li>\n<li>Prof. Felix B\u00fchlmann, Unil, <a href=\"mailto:felix.buhlmann@unil.ch\">felix.buhlmann@unil.ch<\/a><\/li>\n<li>Dr Ir\u00e8ne Kriesi, Unizh, <a href=\"mailto:kriesi@jacobscenter.unizh.ch\">kriesi@jacobscenter.unizh.ch<\/a><\/li>\n<li>Prof. Jan Skrobanek, Unizh, <a href=\"mailto:skrobanek@soziologie.uzh.ch\">skrobanek@soziologie.uzh.ch<\/a><\/li>\n<li>Prof. Jean-Fran\u00e7ois Bickel, Hef-ts, <a href=\"mailto:jean-francois.bickel@hef-ts.ch\">jean-francois.bickel@hef-ts.ch<\/a><\/li>\n<li>Prof. Laura Bernardi, Unil, <a href=\"mailto:laura.bernardi@unil.ch\">laura.bernardi@unil.ch<\/a><\/li>\n<li>Prof. Marlise Buchmann, Unizh, <a href=\"mailto:buchmann@soziologie.uzh.ch\">buchmann@soziologie.uzh.ch<\/a><\/li>\n<li>Prof. Max Bergmann, Unibas, <a href=\"mailto:max.bergman@unibas.ch\">max.bergman@unibas.ch<\/a><\/li>\n<li>Prof. Michel Oris, Unige, <a href=\"mailto:michel.oris@unige.ch\">michel.oris@unige.ch<\/a><\/li>\n<li>Dr Sandra Hupka-Brunner, Unibas, <a href=\"mailto:sandra.hupka@unibas.ch\">sandra.hupka@unibas.ch<\/a><\/li>\n<\/ul>\n<\/div><\/div><\/div><\/section>\n<\/div><\/p><\/div><\/div><!--close column table wrapper. Autoclose: 1 -->\n","protected":false},"excerpt":{"rendered":"","protected":false},"author":1,"featured_media":0,"parent":655,"menu_order":0,"comment_status":"closed","ping_status":"closed","template":"","meta":{"footnotes":""},"class_list":["post-1057","page","type-page","status-publish","hentry"],"_links":{"self":[{"href":"https:\/\/www.sgs-sss.ch\/fr\/wp-json\/wp\/v2\/pages\/1057","targetHints":{"allow":["GET"]}}],"collection":[{"href":"https:\/\/www.sgs-sss.ch\/fr\/wp-json\/wp\/v2\/pages"}],"about":[{"href":"https:\/\/www.sgs-sss.ch\/fr\/wp-json\/wp\/v2\/types\/page"}],"author":[{"embeddable":true,"href":"https:\/\/www.sgs-sss.ch\/fr\/wp-json\/wp\/v2\/users\/1"}],"replies":[{"embeddable":true,"href":"https:\/\/www.sgs-sss.ch\/fr\/wp-json\/wp\/v2\/comments?post=1057"}],"version-history":[{"count":10,"href":"https:\/\/www.sgs-sss.ch\/fr\/wp-json\/wp\/v2\/pages\/1057\/revisions"}],"predecessor-version":[{"id":1058,"href":"https:\/\/www.sgs-sss.ch\/fr\/wp-json\/wp\/v2\/pages\/1057\/revisions\/1058"}],"up":[{"embeddable":true,"href":"https:\/\/www.sgs-sss.ch\/fr\/wp-json\/wp\/v2\/pages\/655"}],"wp:attachment":[{"href":"https:\/\/www.sgs-sss.ch\/fr\/wp-json\/wp\/v2\/media?parent=1057"}],"curies":[{"name":"wp","href":"https:\/\/api.w.org\/{rel}","templated":true}]}}