{"id":2033,"date":"2016-10-18T14:58:09","date_gmt":"2016-10-18T12:58:09","guid":{"rendered":"https:\/\/www.sgs-sss.ch\/fr\/bachelor-studium\/"},"modified":"2020-10-08T17:14:00","modified_gmt":"2020-10-08T15:14:00","slug":"bachelor-studium","status":"publish","type":"page","link":"https:\/\/www.sgs-sss.ch\/fr\/bachelor-studium\/","title":{"rendered":"Programmes de Bachelor"},"content":{"rendered":"<div id='av_section_1'  class='avia-section av-av_section-4812a9956d6b860f6d215a53234f5880 main_color avia-section-default avia-no-shadow  avia-builder-el-0  avia-builder-el-no-sibling  avia-bg-style-scroll container_wrap fullsize'  ><div class='container av-section-cont-open' ><main  role=\"main\" itemprop=\"mainContentOfPage\"  class='template-page content  av-content-full alpha units'><div class='post-entry post-entry-type-page post-entry-2033'><div class='entry-content-wrapper clearfix'>\n\n<style type=\"text\/css\" data-created_by=\"avia_inline_auto\" id=\"style-css-av-av_heading-e3c94317d442f18532d7e5995a1f1af7\">\n#top .av-special-heading.av-av_heading-e3c94317d442f18532d7e5995a1f1af7{\npadding-bottom:10px;\n}\nbody .av-special-heading.av-av_heading-e3c94317d442f18532d7e5995a1f1af7 .av-special-heading-tag .heading-char{\nfont-size:25px;\n}\n.av-special-heading.av-av_heading-e3c94317d442f18532d7e5995a1f1af7 .av-subheading{\nfont-size:15px;\n}\n<\/style>\n<div  class='av-special-heading av-av_heading-e3c94317d442f18532d7e5995a1f1af7 av-special-heading-h2  avia-builder-el-1  el_before_av_one_full  avia-builder-el-first '><h2 class='av-special-heading-tag '  itemprop=\"headline\"  >Programmes de Bachelor<\/h2><div class=\"special-heading-border\"><div class=\"special-heading-inner-border\"><\/div><\/div><\/div>\n\n<style type=\"text\/css\" data-created_by=\"avia_inline_auto\" id=\"style-css-av-av_one_full-6126cab7d8fab8d08143dd2dacdf673c\">\n.flex_column.av-av_one_full-6126cab7d8fab8d08143dd2dacdf673c{\nborder-radius:0px 0px 0px 0px;\npadding:0px 0px 0px 0px;\n}\n<\/style>\n<div  class='flex_column av-av_one_full-6126cab7d8fab8d08143dd2dacdf673c av_one_full  avia-builder-el-2  el_after_av_heading  el_before_av_one_full  first flex_column_div av-zero-column-padding  '     ><p><section  class='av_textblock_section av-av_textblock-0366cc7376be6c9e82a3e9cc8987b64f '   itemscope=\"itemscope\" itemtype=\"https:\/\/schema.org\/CreativeWork\" ><div class='avia_textblock'  itemprop=\"text\" ><p>Vous trouverez ci-dessous les programmes de Bachelor comprenant un enseignement en sociologie, pour chaque universit\u00e9 de Suisse.<\/p>\n<\/div><\/section><br \/>\n<div  class='togglecontainer av-av_toggle_container-8e0c6e39d39b619a829887bd54fff3ed  avia-builder-el-4  el_after_av_textblock  avia-builder-el-last  toggle_close_all' >\n<section class='av_toggle_section av-av_toggle-e8a5afda8f3e27e21fefcf0298908c04'  itemscope=\"itemscope\" itemtype=\"https:\/\/schema.org\/CreativeWork\" ><div role=\"tablist\" class=\"single_toggle\" data-tags=\"{Tout} \"  ><p id='toggle-toggle-id-1' data-fake-id='#toggle-id-1' class='toggler  av-title-above '  itemprop=\"headline\"  role='tab' tabindex='0' aria-controls='toggle-id-1' data-slide-speed=\"200\" data-title=\"Universit\u00e9 de Fribourg\" data-title-open=\"\" data-aria_collapsed=\"Cliquez pour \u00e9tendre : Universit\u00e9 de Fribourg\" data-aria_expanded=\"Cliquez pour r\u00e9duire : Universit\u00e9 de Fribourg\">Universit\u00e9 de Fribourg<span class=\"toggle_icon\"><span class=\"vert_icon\"><\/span><span class=\"hor_icon\"><\/span><\/span><\/p><div id='toggle-id-1' aria-labelledby='toggle-toggle-id-1' role='region' class='toggle_wrap  av-title-above'  ><div class='toggle_content invers-color '  itemprop=\"text\" ><h2 style=\"text-align: center;\">BACHELOR OF ARTS EN SOCIOLOGIE<\/h2>\n<p>Il s\u2019agit d\u2019un Bachelor en sociologie qui comprend 120 ECTS de sociologie et 60 ECTS dans une autre discipline au choix. Cela correspond \u00e0 la structure des BA de l\u2019Universit\u00e9 de Fribourg. Il est donc \u00e0 la fois disciplinaire (pas de tronc commun avec d\u2019autres disciplines), mais comprend une autre discipline et des ouvertures avec deux modules interdisciplinaires. La sociologie est aussi offerte \u00e0 60 ECTS comme branche secondaire.<\/p>\n<p>Par ailleurs, il existe \u00e9galement un Bachelor \u00ab\u00a0Soziologie\u00a0\u00bb \u2013 en allemand \u2013 qui offre des cours un peu diff\u00e9rent des ceux propos\u00e9s pour le cursus francophone (cliquez ici pour plus d\u2019informations).<\/p>\n<h3 style=\"text-align: center;\">Caract\u00e9ristiques g\u00e9n\u00e9rales de la fili\u00e8re<\/h3>\n<p>Dans le cadre du\u00a0Bachelor en sociologie,\u00a0il possible de suivre\u00a0une\u00a0Branche principale 120 ECTS\u00a0ou\u00a0une\u00a0Branche secondaire\u00a060 ECTS.\u00a0Il\u00a0peut \u00eatre suivi en fran\u00e7ais, en allemand ou en bilingue.<\/p>\n<p><strong><em>Sp\u00e9cialisations de la fili\u00e8re :\u00a0<\/em><\/strong>Sociologie des relations interethniques, des interactions, du travail, de la famille, de la jeunesse.<\/p>\n<p><strong><em>Fili\u00e8re explicitement internationale :<\/em><\/strong>\u00a0Non.<\/p>\n<p><strong><em>Fili\u00e8re explicitement interdisciplinaire :<\/em><\/strong>\u00a0Oui.<\/p>\n<p><strong><em>Combinaison de branches :\u00a0<\/em><\/strong>La structure des BA \u00e0 l\u2019Universit\u00e9 de Fribourg permet de combiner une branche \u00e0 120 ECTS (la sociologie) avec toutes les autres branches offertes \u00e0 60 ECTS au sein de l\u2019Universit\u00e9, quelle que soit la Facult\u00e9.\u00a0Pour plus d\u2019informations, voir le\u00a0<a href=\"http:\/\/studies.unifr.ch\/fr\/bachelor\/soc\/sociologyfrench\"><strong>site de la fili\u00e8re<\/strong><\/a>.<\/p>\n<h3><\/h3>\n<h3 style=\"text-align: center;\">Admission aux \u00e9tudes<\/h3>\n<p>Les \u00e9tudes peuvent \u00eatre d\u00e9but\u00e9es indiff\u00e9remment aux semestres de printemps ou d\u2019hiver. Il n\u2019y a pas de limites particuli\u00e8res aux admissions, au-del\u00e0 de la d\u00e9tention d\u2019une maturit\u00e9.<\/p>\n<h3 style=\"text-align: center;\">Offres compl\u00e9mentaires<\/h3>\n<p><strong><em>Stage :\u00a0<\/em><\/strong>Pas de stage au niveau Bachelor.<\/p>\n<p><strong><em>Semestres \u00e0 l\u2019\u00e9tranger :\u00a0<\/em><\/strong>Non obligatoire mais possible de partir en \u00e9change 1 ou 2 semestres.<\/p>\n<p><strong><em>Mesures d\u2019accompagnement :\u00a0<\/em><\/strong>Conseil aux \u00e9tudes pour les questions g\u00e9n\u00e9rales d\u2019orientation et tutorat disponible pour suivi de la r\u00e9daction de travaux ou pr\u00e9paration d\u2019examens.<\/p>\n<p>Pour plus d\u2019informations, voir le\u00a0<a href=\"http:\/\/studies.unifr.ch\/fr\/bachelor\/soc\/sociologyfrench\"><strong>site de la Sociologie<\/strong><\/a>\u00a0\u00e0 l\u2019Universit\u00e9 de Fribourg.<\/p>\n<\/div><\/div><\/div><\/section>\n<section class='av_toggle_section av-av_toggle-40ed419aa39c9c48fc3ebfbde2219ffb'  itemscope=\"itemscope\" itemtype=\"https:\/\/schema.org\/CreativeWork\" ><div role=\"tablist\" class=\"single_toggle\" data-tags=\"{Tout} \"  ><p id='toggle-toggle-id-2' data-fake-id='#toggle-id-2' class='toggler  av-title-above '  itemprop=\"headline\"  role='tab' tabindex='0' aria-controls='toggle-id-2' data-slide-speed=\"200\" data-title=\"Universit\u00e9 de Gen\u00e8ve\" data-title-open=\"\" data-aria_collapsed=\"Cliquez pour \u00e9tendre : Universit\u00e9 de Gen\u00e8ve\" data-aria_expanded=\"Cliquez pour r\u00e9duire : Universit\u00e9 de Gen\u00e8ve\">Universit\u00e9 de Gen\u00e8ve<span class=\"toggle_icon\"><span class=\"vert_icon\"><\/span><span class=\"hor_icon\"><\/span><\/span><\/p><div id='toggle-id-2' aria-labelledby='toggle-toggle-id-2' role='region' class='toggle_wrap  av-title-above'  ><div class='toggle_content invers-color '  itemprop=\"text\" ><h2 style=\"text-align: center;\">BACHELOR OF ARTS EN SOCIOLOGIE<\/h2>\n<p>Le Baccalaur\u00e9at universitaire en sociologie a pour objectif de permettre \u00e0 l\u2019\u00e9tudiant-e d\u2019acqu\u00e9rir des connaissances fondamentales en sociologie. Il permet d\u2019acqu\u00e9rir les connaissances li\u00e9es aux ph\u00e9nom\u00e8nes sociaux et les comp\u00e9tences pour int\u00e9grer divers secteurs de l\u2019administration publique (i.e. action sociale, \u00e9ducation, am\u00e9nagement, travail), pour rejoindre des milieux associatifs, les organisations internationales, des entreprises priv\u00e9es (i.e. ressources humaines, organisation, communication) ou encore des industries, des m\u00e9dias ou entreprises dans le domaine de la communication.<\/p>\n<p>Il constitue l\u2019\u00e9tape pr\u00e9alable aux \u00e9tudes de Master en sociologie qui forment aussi bien des praticien-ne-s de la recherche sociologique que des analystes capables d\u2019\u00e9valuer des probl\u00e8mes sociaux ou des politiques sociales, ou encore forment des professionnel-le-s dans les organisations r\u00e9gionales, nationales ou internationales. Il permet \u00e9galement d\u2019acc\u00e9der aux \u00e9tudes de Ma\u00eetrise universitaire disciplinaires (i.e. Master en sociologie) ou sp\u00e9cialis\u00e9es (i.e. Socio-\u00e9conomie, D\u00e9mographie, Communication, Administration publique, etc.) \u00e0 Gen\u00e8ve, en Suisse et \u00e0 l\u2019\u00e9tranger.<\/p>\n<h3 style=\"text-align: center;\">Caract\u00e9ristiques g\u00e9n\u00e9rales de la fili\u00e8re<\/h3>\n<p>Le Baccalaur\u00e9at universitaire en Sociologie est subdivis\u00e9 en deux parties. Une premi\u00e8re partie, qui permet d&rsquo;acqu\u00e9rir 60 cr\u00e9dits ECTS en tronc commun pour introduire les \u00e9tudiant(e)s aux autres disciplines proches comme la science politique, la g\u00e9ographie et l&rsquo;histoire \u00e9conomique et sociale. La deuxi\u00e8me partie, (deux ans), permet d&rsquo;acqu\u00e9rir 120 cr\u00e9dits ECTS avec des enseignements obligatoires, des enseignements th\u00e9matiques \u00e0 choix, des options libres ainsi que le Projet de recherche en sociologie<\/p>\n<p><strong><em>Sp\u00e9cialisations de la fili\u00e8re :\u00a0<\/em><\/strong>Le\u00a0baccalaur\u00e9at propose une offre g\u00e9n\u00e9raliste en sociologie, incluant des enseignements en sociologie des organisations, sociologie politique, sociologie \u00e9conomique, sociologie de la famille, sociologie de la sant\u00e9, sociologie urbaine, sociologie des migrations, etc.<\/p>\n<p><strong><em>Fili\u00e8re explicitement internationale :<\/em><\/strong>\u00a0Non.<\/p>\n<p><strong><em>Fili\u00e8re explicitement interdisciplinaire :<\/em><\/strong>\u00a0Oui. La premi\u00e8re ann\u00e9e (60 cr\u00e9dits) consiste en un tronc commun avec les 3 autres disciplines de la facult\u00e9.<\/p>\n<p><strong><em>Combinaison de branches :\u00a0<\/em><\/strong>La sociologie peut \u00eatre une orientation (mineure) pour les trois autres disciplines de la facult\u00e9 (science politique, g\u00e9ographie et environnement, histoire-\u00e9conomie-soci\u00e9t\u00e9.<\/p>\n<h3><\/h3>\n<h3 style=\"text-align: center;\">Admission aux \u00e9tudes<\/h3>\n<p>Les \u00e9tudes peuvent \u00eatre d\u00e9but\u00e9es au semestre d\u2019hiver. Il n\u2019y a pas de limites particuli\u00e8res aux admissions, au-del\u00e0 de la d\u00e9tention d\u2019une maturit\u00e9.<\/p>\n<p><strong><em>Exigences linguistiques :<\/em><\/strong>\u00a0Des examens de fran\u00e7ais peuvent \u00eatre demand\u00e9s aux \u00e9tudiant-e-s non francophones.<\/p>\n<h3><\/h3>\n<h3 style=\"text-align: center;\">Offres compl\u00e9mentaires<\/h3>\n<p><strong><em>Stage :<\/em><\/strong>\u00a0Non.<\/p>\n<p><strong><em>Semestres \u00e0 l\u2019\u00e9tranger :\u00a0<\/em><\/strong>Possibilit\u00e9 de semestre \u00e0 l\u2019\u00e9tranger, mais non obligatoire, semestres 3 \u00e0 6.<\/p>\n<p><strong><em>Mesures d\u2019accompagnement :<\/em><\/strong><\/p>\n<p>Aucune.<\/p>\n<p>Pour plus d\u2019informations, voir le\u00a0<a href=\"http:\/\/www.unige.ch\/sciences-societe\/socio\/fr\/enseignements\/bac\/\"><strong>site de la fili\u00e8re<\/strong><\/a><\/p>\n<\/div><\/div><\/div><\/section>\n<section class='av_toggle_section av-av_toggle-ec3998500d30645f72b93718121e4f57'  itemscope=\"itemscope\" itemtype=\"https:\/\/schema.org\/CreativeWork\" ><div role=\"tablist\" class=\"single_toggle\" data-tags=\"{Tout} \"  ><p id='toggle-toggle-id-3' data-fake-id='#toggle-id-3' class='toggler  av-title-above '  itemprop=\"headline\"  role='tab' tabindex='0' aria-controls='toggle-id-3' data-slide-speed=\"200\" data-title=\"Universit\u00e9 de Lausanne\" data-title-open=\"\" data-aria_collapsed=\"Cliquez pour \u00e9tendre : Universit\u00e9 de Lausanne\" data-aria_expanded=\"Cliquez pour r\u00e9duire : Universit\u00e9 de Lausanne\">Universit\u00e9 de Lausanne<span class=\"toggle_icon\"><span class=\"vert_icon\"><\/span><span class=\"hor_icon\"><\/span><\/span><\/p><div id='toggle-id-3' aria-labelledby='toggle-toggle-id-3' role='region' class='toggle_wrap  av-title-above'  ><div class='toggle_content invers-color '  itemprop=\"text\" ><h2 style=\"text-align: center;\">Bachelor of Arts en Sciences sociales<\/h2>\n<p>Le cursus vise une large interdisciplinarit\u00e9, apte \u00e0 rendre compte tant du fonctionnement g\u00e9n\u00e9ral des soci\u00e9t\u00e9s que de leur diversit\u00e9. Cette interdisciplinarit\u00e9 conduit \u00e9galement \u00e0 l\u2019analyse des repr\u00e9sentations et pratiques des individus, en relation avec leurs conditions de vie sociales, d\u2019ordre culturel, \u00e9conomique, politique.<\/p>\n<h3 style=\"text-align: center;\">Caract\u00e9ristiques g\u00e9n\u00e9rales de la fili\u00e8re<\/h3>\n<p>Dans le cadre du Bachelor en sciences sociales, il est possible de suivre une branche majeure 120 ECTS ou une branche mineure 60 ECTS (70 ECTS si l\u2019\u00e9tudiant-e choisit en guise de mineure une discipline en Facult\u00e9 des lettres).<\/p>\n<p><strong>Sp\u00e9cialisations de la fili\u00e8re :<\/strong> Les th\u00e9matiques\u00a0: travail, famille, \u00e9ducation, sant\u00e9, politiques sociales, communication, culture, identit\u00e9 et rapports entre groupes\u00a0; Les perspectives analytiques\u00a0: stratification sociale, \u00e9tudes genre, \u00e9tudes comparatives, parcours de vie.<\/p>\n<p><strong>Fili\u00e8re explicitement internationale :<\/strong> Oui.<\/p>\n<p><strong>Fili\u00e8re explicitement interdisciplinaire :<\/strong>\u00a0Oui. Les trois autres disciplines sont\u00a0: l\u2019anthropologie culturelle et sociale, la politique sociale, la psychologie sociale.Pour plus de d\u00e9tails voir le <a href=\"http:\/\/www.unil.ch\/ssp\/lang\/fr\/pid\/11420\">site de la fili\u00e8re<\/a>.<\/p>\n<h3 style=\"text-align: center;\">Admission aux \u00e9tudes<\/h3>\n<p>Les \u00e9tudes peuvent \u00eatre d\u00e9but\u00e9es au semestre d\u2019hiver. Il n\u2019y a pas de limites particuli\u00e8res aux admissions, au-del\u00e0 de la d\u00e9tention d\u2019une maturit\u00e9.<\/p>\n<p><strong>Exigences linguistiques :<\/strong> Une bonne connaissance du fran\u00e7ais, au minimum du niveau B1 du Cadre europ\u00e9en commun de r\u00e9f\u00e9rence.<\/p>\n<h3 style=\"text-align: center;\">Offres compl\u00e9mentaires<\/h3>\n<p><strong>Stage :<\/strong>\u00a0 L\u2019\u00e9tudiant-e a la possibilit\u00e9 de r\u00e9aliser un stage facultatif \u00e0 la place d\u2019un s\u00e9minaire de sciences sociales. Pour plus de d\u00e9tails, voir le\u00a0<a href=\"http:\/\/www.unil.ch\/ssp\/lang\/fr\/pid\/11420\">site de la fili\u00e8re<\/a>.<\/p>\n<p><strong>Semestres \u00e0 l\u2019\u00e9tranger :<\/strong>\u00a0Les \u00e9tudiant-es de Bachelor ont la possibilit\u00e9 d\u2019effectuer un s\u00e9jour de mobilit\u00e9 d\u2019un semestre ou de deux semestres durant le Bachelor (mobilit\u00e9 suisse, SEMP ou autre). La mobilit\u00e9 se fait en troisi\u00e8me ann\u00e9e (sauf pour la mobilit\u00e9 suisse, o\u00f9 l\u2019\u00e9tudiant-e peut partir d\u00e8s le deuxi\u00e8me semestre de sa deuxi\u00e8me ann\u00e9e\u00a0Pour plus de d\u00e9tails, voir les pages concernant la\u00a0<a href=\"http:\/\/www.unil.ch\/ssp\/mobilite-out\">mobilit\u00e9<\/a>\u00a0et les\u00a0<a href=\"http:\/\/www.unil.ch\/echanges\/home.html\">\u00e9changes internationaux<\/a>\u00a0sur le site de l\u2019Universit\u00e9 de Lausanne.<\/p>\n<p><strong>Mesures d\u2019accompagnement :<\/strong>\u00a0Des tutorats sont organis\u00e9s par l\u2019association des \u00e9tudiant-e-s de SSP. Th\u00e8mes\u00a0: prise de notes \/ Lecture acad\u00e9mique \/ Dissertation \/ Pr\u00e9sentation orale \/ Recherche documentaire \/ Zotero \/ Gestion du temps et pr\u00e9paration aux examens.\u00a0Des espace de r\u00e9visions et\u00a0de rencontres sont \u00e9galement mis \u00e0 disposition. L\u2019\u00e9tudiant-e peut b\u00e9n\u00e9ficier des prestations du\u00a0<a href=\"http:\/\/www.unil.ch\/soc\/home.html\">Service d\u2019orientation et carri\u00e8re<\/a>, ainsi que de l\u2019enqu\u00eate \u00ab\u00a0Comment allez-vous ?\u00a0\u00bb qui vise \u00e0 prendre contact par t\u00e9l\u00e9phone avec tout nouvel \u00e9tudiant.<\/p>\n<p>Pour plus d\u2019informations, voir le <a href=\"http:\/\/www.unil.ch\/ssp\/lang\/fr\/pid\/11420\">site de la fili\u00e8re<\/a>.<\/p>\n<\/div><\/div><\/div><\/section>\n<section class='av_toggle_section av-av_toggle-26b56cec1900e56089cec28519db6f16'  itemscope=\"itemscope\" itemtype=\"https:\/\/schema.org\/CreativeWork\" ><div role=\"tablist\" class=\"single_toggle\" data-tags=\"{Tout} \"  ><p id='toggle-toggle-id-4' data-fake-id='#toggle-id-4' class='toggler  av-title-above '  itemprop=\"headline\"  role='tab' tabindex='0' aria-controls='toggle-id-4' data-slide-speed=\"200\" data-title=\"Universit\u00e9 de Neuch\u00e2tel\" data-title-open=\"\" data-aria_collapsed=\"Cliquez pour \u00e9tendre : Universit\u00e9 de Neuch\u00e2tel\" data-aria_expanded=\"Cliquez pour r\u00e9duire : Universit\u00e9 de Neuch\u00e2tel\">Universit\u00e9 de Neuch\u00e2tel<span class=\"toggle_icon\"><span class=\"vert_icon\"><\/span><span class=\"hor_icon\"><\/span><\/span><\/p><div id='toggle-id-4' aria-labelledby='toggle-toggle-id-4' role='region' class='toggle_wrap  av-title-above'  ><div class='toggle_content invers-color '  itemprop=\"text\" ><h2 style=\"text-align: center;\">BACHELOR OF ARTS EN LETTRES ET SCIENCES HUMAINES (PILIERS SOCIOLOGIE)<\/h2>\n<p>La sociologie est l\u2019\u00e9tude des fondements de la soci\u00e9t\u00e9, de la vie sociale et de ses structures. S\u2019attachant aux domaines les plus divers (travail, consommation, famille, religion, formation, loisirs, m\u00e9dias, environnement, etc.), elle se penche tout particuli\u00e8rement sur les grandes pr\u00e9occupations actuelles telles que les in\u00e9galit\u00e9s, la migration, le d\u00e9veloppement durable, les transformations ou encore la violence.<\/p>\n<p>L\u2019enseignement en premi\u00e8re ann\u00e9e de Bachelor est orient\u00e9 vers l\u2019introduction \u00e0 la sociologie, et aux disciplines voisines\u00a0: \u00e9conomie politique, sciences politiques, d\u00e9mographie avec une initiation aux m\u00e9thodes en sciences sociales. Les deux ann\u00e9es suivantes, de grandes th\u00e9matiques sont abord\u00e9es (i.e._ changements sociaux, pouvoir, mondialisation et relations Nord-Sud, in\u00e9galit\u00e9s sociales, etc.). Cette formation offre les comp\u00e9tences th\u00e9oriques, analytiques et critiques n\u00e9cessaires \u00e0 l\u2019analyse et \u00e0 la compr\u00e9hension des transformations sociales et ouvre favorablement les champs de perfectionnement et de possibilit\u00e9s professionnelles.<\/p>\n<h3 style=\"text-align: center;\">Caract\u00e9ristiques g\u00e9n\u00e9rales de la fili\u00e8re<\/h3>\n<p>Au sein du Bachelor of Arts en lettres et sciences humaines, la sociologie peut \u00eatre suivie en tant que \u00ab\u00a0Pilier principal renforc\u00e9\u00a0\u00bb (90 ECTS), \u00ab\u00a0Pilier principal\u00a0\u00bb (70 ECTS) ou \u00ab\u00a0Pilier secondaire\u00a0\u00bb (40 ECTS).<\/p>\n<p><strong><em>Sp\u00e9cialisations de la fili\u00e8re :\u00a0<\/em><\/strong>Sociologie g\u00e9n\u00e9rale \u2013 avec un certain accent sur la sociologie \u00e9conomique.<\/p>\n<p><strong><em>Fili\u00e8re explicitement internationale<\/em><\/strong><em>\u00a0<\/em>: Non.<\/p>\n<p><strong><em>Fili\u00e8re explicitement interdisciplinaire :<\/em><\/strong>\u00a0Oui.\u00a0\u00c9conomie\u00a0politique, d\u00e9mographie, approches socio-historiques du sport, questions \u00e9conomiques en sciences sociales<\/p>\n<p><strong><em>Combinaison de branches :\u00a0<\/em><\/strong>Ethnologie, g\u00e9ographie, psychologie et \u00e9ducation, \u00e9conomie, management, science de l\u2019information et de la communication, histoire, histoire de l\u2019art, arch\u00e9ologie, science du sport, philosophie, math\u00e9matiques, biologie, science du langage, langue et litt\u00e9rature, logop\u00e9die.<\/p>\n<p>Pour plus de d\u00e9tails, voir le site du\u00a0<a href=\"http:\/\/www.unine.ch\/unine\/home\/formation\/bachelors\/lettres_et_sciences_humaines.html\"><strong>Bachelor en lettres et sciences humaines<\/strong><\/a>.<\/p>\n<h3 style=\"text-align: center;\">Admission aux \u00e9tudes<\/h3>\n<p>Les \u00e9tudes peuvent \u00eatre d\u00e9but\u00e9es\u00a0 indiff\u00e9remment au semestre d\u2019hiver et au semestre d\u2019\u00e9t\u00e9.\u00a0Il n\u2019y a pas de limites particuli\u00e8res aux admissions, au-del\u00e0 de la d\u00e9tention d\u2019une maturit\u00e9.<\/p>\n<h3 style=\"text-align: center;\">Offres compl\u00e9mentaires<\/h3>\n<p><strong><em>Stage :<\/em><\/strong>\u00a0Non.<\/p>\n<p><strong><em>Semestres \u00e0 l\u2019\u00e9tranger :\u00a0<\/em><\/strong>Facultatif, mais la d\u00e9marche est encourag\u00e9e par l\u2019Universit\u00e9 de Neuch\u00e2tel. Possibilit\u00e9 de partir un ou deux semestres.<\/p>\n<p><strong><em>Mesures d\u2019accompagnement :\u00a0<\/em><\/strong>Pr\u00e9sence d\u2019un moniteur ou monitrice qui r\u00e9pond aux questions des \u00e9tudiant-e-s, les accompagne dans leur cursus, r\u00e9alise des pr\u00e9sentations en d\u00e9but d\u2019ann\u00e9e pour expliquer le fonctionnement de l\u2019Institut et de l\u2019Universit\u00e9, possibilit\u00e9 d\u2019entretiens avec chacun, etc. De plus, chaque semestre un-e professeur-e ou assistant-e doctorant-e ou charg\u00e9-e d\u2019enseignement est nomm\u00e9-e pour des renseignements et conseils.<\/p>\n<p>Pour plus d\u2019informations, voir les pages d\u00e9di\u00e9s \u00e0 la\u00a0<a href=\"http:\/\/www.unine.ch\/cms\/render\/live\/fr\/sites\/unine\/home\/formation\/bachelors\/lettres_et_sciences_humaines\/sociologie.html\"><strong>Sociologie<\/strong><\/a>\u00a0et au\u00a0<a href=\"http:\/\/www.unine.ch\/unine\/home\/formation\/bachelors\/lettres_et_sciences_humaines.html\"><strong>Pilier\u00a0sociologie<\/strong><\/a>\u00a0de l\u2019Universit\u00e9 de Neuch\u00e2tel.<\/p>\n<\/div><\/div><\/div><\/section>\n<\/div><\/p><\/div>\n<style type=\"text\/css\" data-created_by=\"avia_inline_auto\" id=\"style-css-av-av_one_full-6126cab7d8fab8d08143dd2dacdf673c\">\n.flex_column.av-av_one_full-6126cab7d8fab8d08143dd2dacdf673c{\nborder-radius:0px 0px 0px 0px;\npadding:0px 0px 0px 0px;\n}\n<\/style>\n<div  class='flex_column av-av_one_full-6126cab7d8fab8d08143dd2dacdf673c av_one_full  avia-builder-el-5  el_after_av_one_full  el_before_av_one_full  first flex_column_div av-zero-column-padding  column-top-margin'     ><div  class='hr av-av_hr-dcd2069817a0e3d34ae04cad8f3443c7 hr-default  avia-builder-el-6  avia-builder-el-no-sibling '><span class='hr-inner '><span class=\"hr-inner-style\"><\/span><\/span><\/div><\/div>\n<style type=\"text\/css\" data-created_by=\"avia_inline_auto\" id=\"style-css-av-av_one_full-6126cab7d8fab8d08143dd2dacdf673c\">\n.flex_column.av-av_one_full-6126cab7d8fab8d08143dd2dacdf673c{\nborder-radius:0px 0px 0px 0px;\npadding:0px 0px 0px 0px;\n}\n<\/style>\n<div  class='flex_column av-av_one_full-6126cab7d8fab8d08143dd2dacdf673c av_one_full  avia-builder-el-7  el_after_av_one_full  avia-builder-el-last  first flex_column_div av-zero-column-padding  column-top-margin'     ><\/div>\n","protected":false},"excerpt":{"rendered":"","protected":false},"author":3,"featured_media":0,"parent":0,"menu_order":0,"comment_status":"closed","ping_status":"closed","template":"","meta":{"footnotes":""},"class_list":["post-2033","page","type-page","status-publish","hentry"],"_links":{"self":[{"href":"https:\/\/www.sgs-sss.ch\/fr\/wp-json\/wp\/v2\/pages\/2033","targetHints":{"allow":["GET"]}}],"collection":[{"href":"https:\/\/www.sgs-sss.ch\/fr\/wp-json\/wp\/v2\/pages"}],"about":[{"href":"https:\/\/www.sgs-sss.ch\/fr\/wp-json\/wp\/v2\/types\/page"}],"author":[{"embeddable":true,"href":"https:\/\/www.sgs-sss.ch\/fr\/wp-json\/wp\/v2\/users\/3"}],"replies":[{"embeddable":true,"href":"https:\/\/www.sgs-sss.ch\/fr\/wp-json\/wp\/v2\/comments?post=2033"}],"version-history":[{"count":28,"href":"https:\/\/www.sgs-sss.ch\/fr\/wp-json\/wp\/v2\/pages\/2033\/revisions"}],"predecessor-version":[{"id":14509,"href":"https:\/\/www.sgs-sss.ch\/fr\/wp-json\/wp\/v2\/pages\/2033\/revisions\/14509"}],"wp:attachment":[{"href":"https:\/\/www.sgs-sss.ch\/fr\/wp-json\/wp\/v2\/media?parent=2033"}],"curies":[{"name":"wp","href":"https:\/\/api.w.org\/{rel}","templated":true}]}}