{"id":2048,"date":"2016-10-18T16:13:07","date_gmt":"2016-10-18T14:13:07","guid":{"rendered":"https:\/\/www.sgs-sss.ch\/fr\/master-studium\/"},"modified":"2020-10-26T18:57:39","modified_gmt":"2020-10-26T17:57:39","slug":"master-studium","status":"publish","type":"page","link":"https:\/\/www.sgs-sss.ch\/fr\/master-studium\/","title":{"rendered":"Programmes de Master"},"content":{"rendered":"<div id='av_section_1'  class='avia-section av-av_section-f9970df933edba37d4124954f5bf5ae0 main_color avia-section-default avia-no-shadow  avia-builder-el-0  avia-builder-el-no-sibling  avia-bg-style-scroll av-minimum-height av-minimum-height-50 av-height-50  container_wrap fullsize'   data-av_minimum_height_pc='50' data-av_min_height_opt='50'><div class='container av-section-cont-open' ><main  role=\"main\" itemprop=\"mainContentOfPage\"  class='template-page content  av-content-full alpha units'><div class='post-entry post-entry-type-page post-entry-2048'><div class='entry-content-wrapper clearfix'>\n\n<style type=\"text\/css\" data-created_by=\"avia_inline_auto\" id=\"style-css-av-av_heading-e8fbef66f0b8feb6e8e7c04ae9aed5ae\">\n#top .av-special-heading.av-av_heading-e8fbef66f0b8feb6e8e7c04ae9aed5ae{\npadding-bottom:10px;\n}\nbody .av-special-heading.av-av_heading-e8fbef66f0b8feb6e8e7c04ae9aed5ae .av-special-heading-tag .heading-char{\nfont-size:25px;\n}\n.av-special-heading.av-av_heading-e8fbef66f0b8feb6e8e7c04ae9aed5ae .av-subheading{\nfont-size:15px;\n}\n<\/style>\n<div  class='av-special-heading av-av_heading-e8fbef66f0b8feb6e8e7c04ae9aed5ae av-special-heading-h2  avia-builder-el-1  el_before_av_one_full  avia-builder-el-first '><h2 class='av-special-heading-tag '  itemprop=\"headline\"  >Programmes de Master<\/h2><div class=\"special-heading-border\"><div class=\"special-heading-inner-border\"><\/div><\/div><\/div>\n\n<style type=\"text\/css\" data-created_by=\"avia_inline_auto\" id=\"style-css-av-av_one_full-9497bbf8bff73ea4c6992cc17fa9ec36\">\n.flex_column.av-av_one_full-9497bbf8bff73ea4c6992cc17fa9ec36{\nborder-radius:0px 0px 0px 0px;\npadding:0px 0px 0px 0px;\n}\n<\/style>\n<div  class='flex_column av-av_one_full-9497bbf8bff73ea4c6992cc17fa9ec36 av_one_full  avia-builder-el-2  el_after_av_heading  avia-builder-el-last  first flex_column_div av-zero-column-padding  '     ><p><section  class='av_textblock_section av-av_textblock-0366cc7376be6c9e82a3e9cc8987b64f '   itemscope=\"itemscope\" itemtype=\"https:\/\/schema.org\/CreativeWork\" ><div class='avia_textblock'  itemprop=\"text\" ><p>Vous trouverez ci-dessous les programmes de\u00a0Master comprenant un enseignement en sociologie, pour chaque universit\u00e9 de Suisse.<\/p>\n<\/div><\/section><br \/>\n<div  class='togglecontainer av-av_toggle_container-8e0c6e39d39b619a829887bd54fff3ed  avia-builder-el-4  el_after_av_textblock  avia-builder-el-last  toggle_close_all' >\n<section class='av_toggle_section av-av_toggle-e8a5afda8f3e27e21fefcf0298908c04'  itemscope=\"itemscope\" itemtype=\"https:\/\/schema.org\/CreativeWork\" ><div role=\"tablist\" class=\"single_toggle\" data-tags=\"{Tout} \"  ><p id='toggle-toggle-id-1' data-fake-id='#toggle-id-1' class='toggler  av-title-above '  itemprop=\"headline\"  role='tab' tabindex='0' aria-controls='toggle-id-1' data-slide-speed=\"200\" data-title=\"Universit\u00e9 de Fribourg\" data-title-open=\"\" data-aria_collapsed=\"Cliquez pour \u00e9tendre : Universit\u00e9 de Fribourg\" data-aria_expanded=\"Cliquez pour r\u00e9duire : Universit\u00e9 de Fribourg\">Universit\u00e9 de Fribourg<span class=\"toggle_icon\"><span class=\"vert_icon\"><\/span><span class=\"hor_icon\"><\/span><\/span><\/p><div id='toggle-id-1' aria-labelledby='toggle-toggle-id-1' role='region' class='toggle_wrap  av-title-above'  ><div class='toggle_content invers-color '  itemprop=\"text\" ><h2 style=\"text-align: center;\">Master of Arts en sciences sociales : Soci\u00e9t\u00e9s plurielles : cultures, politique et religions<\/h2>\n<p>Le programme de ce Master est unique en Suisse. Interdisciplinaire, il offre une formation originale et innovante qui combine les disciplines de la sociologie, de l&rsquo;anthropologie sociale et de la science des religions. Son objectif est d&rsquo;\u00e9tudier les d\u00e9veloppements des soci\u00e9t\u00e9s plurielles et globalis\u00e9es, cons\u00e9quents aux mutations socio-\u00e9conomiques, \u00e0 la transformation des Etats-nations et \u00e0 la mobilit\u00e9 des populations. Les \u00e9tudiantes et \u00e9tudiants acqui\u00e8rent les connaissances et comp\u00e9tences pour expliquer les transformations des sph\u00e8res politiques, juridiques et religieuses et pour comprendre les \u00e9volutions r\u00e9centes des rapports sociaux.<\/p>\n<p>Le programme offre trois options. Les \u00e9tudiantes et \u00e9tudiants se d\u00e9terminent pour l&rsquo;une d&rsquo;entre elle, lors de leur inscription:<\/p>\n<ol>\n<li>Dynamiques sociales et culturelles: cette option \u00e9tudie les modalit\u00e9s et enjeux du \u00abvivre ensemble\u00bb et la diversit\u00e9 dans toutes ses dimensions (sociale, culturelle, \u00e9conomique, politique, etc.) dotant les \u00e9tudiantes et \u00e9tudiants des comp\u00e9tences pour les g\u00e9rer dans leur pratique professionnelle future;<\/li>\n<li>(D\u00e9s)ordres politiques et normatifs: dans cette option les \u00e9tudiantes et \u00e9tudiants abordent un large \u00e9ventail de probl\u00e9matiques contemporaines centr\u00e9es sur le politique, le normatif et le juridique;<\/li>\n<li>Religion et soci\u00e9t\u00e9: cette option analyse et approfondit l&rsquo;\u00e9tude de la religion comme \u00e9l\u00e9ment structurant des soci\u00e9t\u00e9s contemporaines.<\/li>\n<\/ol>\n<p>Ce cursus, valorisant les enqu\u00eates de terrains et les exp\u00e9riences formatives originales, peut \u00eatre suivi en fran\u00e7ais, en allemand ou dans les deux langues pour l&rsquo;obtention de la mention \u00ab\u00c9tudes bilingues\u00bb.<\/p>\n<ol>\n<li>Option <strong>Dynamiques sociales et culturelles<\/strong><br \/>\nCette option transmet des connaissances et des outils d&rsquo;analyse, issus principalement de la sociologie, pour \u00e9tudier la pluralit\u00e9 sociale et forme les \u00e9tudiantes et \u00e9tudiants \u00e0 l&rsquo;\u00e9tude des aspects les plus visibles de cette diversit\u00e9: les ph\u00e9nom\u00e8nes migratoires, les relations interethniques, la standardisation ou la diversification culturelle, les in\u00e9galit\u00e9s socio-\u00e9conomiques, les nouvelles formes de citoyennet\u00e9 et leurs effets sur les individus. De fa\u00e7on plus large, cette option \u00e9tudie les styles de vie et les valeurs qui \u00e9mergent dans diff\u00e9rentes sph\u00e8res de la soci\u00e9t\u00e9: familles, r\u00e9seaux sociaux, groupes de jeunes, associations, communaut\u00e9s migrantes, institutions publiques, groupes professionnels et entreprises. Elle s&rsquo;int\u00e9resse aux nouvelles formes du \u00abvivre-ensemble\u00bb et aux rapports entre les individus et les groupes, telles que les relations interethniques, interg\u00e9n\u00e9rationnelles, interprofessionnelles et de genre. Les \u00e9tudiantes et \u00e9tudiants poss\u00e8dent les comp\u00e9tences pour d\u00e9coder les enjeux de l&rsquo;espace public et des m\u00e9dias, savent analyser les interactions et la communication au sein des institutions (politiques, juridiques, sanitaires) et ont les moyens d&rsquo;\u00e9valuer les mutations du monde du travail.<br \/>\nLes enseignements interactifs et les techniques d&rsquo;enqu\u00eate empiriques qualitatives men\u00e9es au sein des institutions et aupr\u00e8s des populations concern\u00e9es forment les \u00e9tudiantes et \u00e9tudiants aux entretiens individuels, aux focus groups, aux r\u00e9cits de vie, \u00e0 l&rsquo;analyse de documents institutionnels et aux techniques audio-visuelles.<\/li>\n<\/ol>\n<p>Pour plus d\u2019informations cliquez-<a href=\"http:\/\/studies.unifr.ch\/fr\/master\/soc\/sociologyfrench\">ici<\/a>.<\/p>\n<\/div><\/div><\/div><\/section>\n<section class='av_toggle_section av-av_toggle-40ed419aa39c9c48fc3ebfbde2219ffb'  itemscope=\"itemscope\" itemtype=\"https:\/\/schema.org\/CreativeWork\" ><div role=\"tablist\" class=\"single_toggle\" data-tags=\"{Tout} \"  ><p id='toggle-toggle-id-2' data-fake-id='#toggle-id-2' class='toggler  av-title-above '  itemprop=\"headline\"  role='tab' tabindex='0' aria-controls='toggle-id-2' data-slide-speed=\"200\" data-title=\"Universit\u00e9 de Gen\u00e8ve\" data-title-open=\"\" data-aria_collapsed=\"Cliquez pour \u00e9tendre : Universit\u00e9 de Gen\u00e8ve\" data-aria_expanded=\"Cliquez pour r\u00e9duire : Universit\u00e9 de Gen\u00e8ve\">Universit\u00e9 de Gen\u00e8ve<span class=\"toggle_icon\"><span class=\"vert_icon\"><\/span><span class=\"hor_icon\"><\/span><\/span><\/p><div id='toggle-id-2' aria-labelledby='toggle-toggle-id-2' role='region' class='toggle_wrap  av-title-above'  ><div class='toggle_content invers-color '  itemprop=\"text\" ><h2 style=\"text-align: center;\">Master en Sociologie<\/h2>\n<p>Le Master aux\u00a0\u00e9tudiant-es des outils et des moyens critiques pour penser les dynamiques soci\u00e9tales, organisationnelles et individuelles dans les sph\u00e8res \u00e9conomiques, politiques et sociales du monde\u00a0 contemporain.\u00a0 Les\u00a0\u00e9tudiant-es acqui\u00e8rent la capacit\u00e9 \u00e0 formuler les termes d\u2019une recherche et \u00e0 la concr\u00e9tiser.<\/p>\n<h3 style=\"text-align: center;\">Caract\u00e9ristiques g\u00e9n\u00e9rales de la fili\u00e8re<\/h3>\n<p>L\u2019originalit\u00e9 du Master s\u2019articule autour de quatre points forts\u00a0:<\/p>\n<ul>\n<li>Les ateliers de recherche et le \u00ab\u00a0learning by doing\u00a0\u00bb<\/li>\n<li>L\u2019enseignement approfondi des m\u00e9thodes du sociologue<\/li>\n<li>Des stages cibl\u00e9s<\/li>\n<li>Un coaching individualis\u00e9 de chaque \u00e9tudiant par les enseignant-es du Master<\/li>\n<\/ul>\n<p>Le Master de sociologie comporte 90 cr\u00e9dits ECTS. 3 semestres sont n\u00e9cessaires pour r\u00e9aliser l\u2019ensemble des travaux requis.<\/p>\n<p><strong>D\u00e9tails de l\u2019inscription\u00a0: <\/strong><a href=\"https:\/\/www.unige.ch\/sciences-societe\/formations\/inscription\/admissionmaster\/\">https:\/\/www.unige.ch\/sciences-societe\/formations\/inscription\/admissionmaster\/<\/a><\/p>\n<p><strong>Le d\u00e9lai unique pour toutes les candidatures est fix\u00e9 au 28 f\u00e9vrier de chaque ann\u00e9e<\/strong><strong>.<\/strong><\/p>\n<p><a href=\"https:\/\/www.unige.ch\/sciences-societe\/formations\/masters\/sociologie\">https:\/\/www.unige.ch\/sciences-societe\/formations\/masters\/sociologie<\/a><\/p>\n<\/div><\/div><\/div><\/section>\n<section class='av_toggle_section av-av_toggle-ec3998500d30645f72b93718121e4f57'  itemscope=\"itemscope\" itemtype=\"https:\/\/schema.org\/CreativeWork\" ><div role=\"tablist\" class=\"single_toggle\" data-tags=\"{Tout} \"  ><p id='toggle-toggle-id-3' data-fake-id='#toggle-id-3' class='toggler  av-title-above '  itemprop=\"headline\"  role='tab' tabindex='0' aria-controls='toggle-id-3' data-slide-speed=\"200\" data-title=\"Universit\u00e9 de Lausanne\" data-title-open=\"\" data-aria_collapsed=\"Cliquez pour \u00e9tendre : Universit\u00e9 de Lausanne\" data-aria_expanded=\"Cliquez pour r\u00e9duire : Universit\u00e9 de Lausanne\">Universit\u00e9 de Lausanne<span class=\"toggle_icon\"><span class=\"vert_icon\"><\/span><span class=\"hor_icon\"><\/span><\/span><\/p><div id='toggle-id-3' aria-labelledby='toggle-toggle-id-3' role='region' class='toggle_wrap  av-title-above'  ><div class='toggle_content invers-color '  itemprop=\"text\" ><h2 style=\"text-align: center;\">Ma\u00eetrise universitaire en Sciences sociales<\/h2>\n<p>La Ma\u00eetrise universitaire (master) en sciences sociales est constitu\u00e9e d&rsquo;un tronc commun (30 cr\u00e9dits ECTS), d&rsquo;une orientation sp\u00e9cifique (60 cr\u00e9dits ECTS) et d&rsquo;un m\u00e9moire (30 cr\u00e9dits ECTS).<\/p>\n<h3 style=\"text-align: center;\">Caract\u00e9ristiques g\u00e9n\u00e9rales de la fili\u00e8re<\/h3>\n<p>Les orientations sp\u00e9cifiques propos\u00e9es sont les suivantes et comprennent 60 cr\u00e9dits ECTS:<\/p>\n<ul>\n<li><a href=\"https:\/\/www.unil.ch\/ssp\/parcours-vie-politiques-sociales\">Parcours de vie et politiques sociales<\/a><\/li>\n<li><a href=\"https:\/\/www.unil.ch\/ssp\/corps-medecines-technologies-sante\">Corps, science et sant\u00e9<\/a><\/li>\n<li><a href=\"https:\/\/www.unil.ch\/ssp\/culture-communication-medias\">Culture, communication et m\u00e9dias<\/a><\/li>\n<li><a href=\"https:\/\/www.unil.ch\/ssp\/droits-humains-diversite-globalisation\">Droits humains, diversit\u00e9 et globalisation<\/a><\/li>\n<\/ul>\n<\/div><\/div><\/div><\/section>\n<section class='av_toggle_section av-av_toggle-26b56cec1900e56089cec28519db6f16'  itemscope=\"itemscope\" itemtype=\"https:\/\/schema.org\/CreativeWork\" ><div role=\"tablist\" class=\"single_toggle\" data-tags=\"{Tout} \"  ><p id='toggle-toggle-id-4' data-fake-id='#toggle-id-4' class='toggler  av-title-above '  itemprop=\"headline\"  role='tab' tabindex='0' aria-controls='toggle-id-4' data-slide-speed=\"200\" data-title=\"Universit\u00e9 de Neuch\u00e2tel\" data-title-open=\"\" data-aria_collapsed=\"Cliquez pour \u00e9tendre : Universit\u00e9 de Neuch\u00e2tel\" data-aria_expanded=\"Cliquez pour r\u00e9duire : Universit\u00e9 de Neuch\u00e2tel\">Universit\u00e9 de Neuch\u00e2tel<span class=\"toggle_icon\"><span class=\"vert_icon\"><\/span><span class=\"hor_icon\"><\/span><\/span><\/p><div id='toggle-id-4' aria-labelledby='toggle-toggle-id-4' role='region' class='toggle_wrap  av-title-above'  ><div class='toggle_content invers-color '  itemprop=\"text\" ><h2 style=\"text-align: center;\"><strong>Le Master en sciences sociales<\/strong><\/h2>\n<h2 style=\"text-align: center;\"><strong>\u00ab\u00a0pillier sociologie\u00a0\u00bb<\/strong><\/h2>\n<p>Le Master en sciences sociales (MA ScS) vous offre une formation interdisciplinaire.<\/p>\n<p>L\u2019organisation du Master en un tronc commun et des piliers disciplinaires offre une approche interdisciplinaire de ces enjeux, tout en proposant une sp\u00e9cialisation disciplinaire avanc\u00e9e.<\/p>\n<h3 style=\"text-align: center;\">Caract\u00e9ristiques g\u00e9n\u00e9rales du pilier en sociologie<\/h3>\n<p>Le pilier \u00ab sociologie \u00bb veut consolider et approfondir les connaissances th\u00e9oriques en sociologie en les appliquant aux grands enjeux du monde contemporain. Il vise \u00e0 stimuler l\u2019imagination sociologique tout en vous donnant les outils th\u00e9oriques et m\u00e9thodologiques n\u00e9cessaires \u00e0 une d\u00e9marche scientifique rigoureuse. En termes d\u2019enseignement, ceux-ci se font en trois temps. Un cours obligatoire traite des principales orientations th\u00e9oriques dans la sociologie contemporaine et les applique \u00e0 des objets d\u2019\u00e9tudes divers. Ensuite, un ensemble de cours approfondit la th\u00e9matique des transformations socio-\u00e9conomiques d\u2019aujourd\u2019hui sous diff\u00e9rents angles : la sociologie \u00e9conomique (march\u00e9s, consommation), les in\u00e9galit\u00e9s (relations Nord-Sud), la mondialisation, les changements initi\u00e9s par les nouvelles technologies, et les processus de contestation politique et sociale. La plupart de ces enseignements sont d\u00e9velopp\u00e9s en rapport \u00e9troit avec des projets de recherches effectu\u00e9s par les \u00e9quipes de chercheurs et chercheuses de l\u2019institut de sociologie. Finalement, l\u2019enseignement met un fort accent sur les connaissances des m\u00e9thodes d\u2019analyse empirique, \u00e0 la fois qualitatives et quantitatives.<\/p>\n<p><a href=\"https:\/\/www.unine.ch\/maps\/home\/ma-scs\/piliers\/socio.html\">https:\/\/www.unine.ch\/maps\/home\/ma-scs\/piliers\/socio.html<\/a><\/p>\n<\/div><\/div><\/div><\/section>\n<\/div><\/p><\/div>\n","protected":false},"excerpt":{"rendered":"","protected":false},"author":73,"featured_media":0,"parent":0,"menu_order":0,"comment_status":"closed","ping_status":"closed","template":"","meta":{"footnotes":""},"class_list":["post-2048","page","type-page","status-publish","hentry"],"_links":{"self":[{"href":"https:\/\/www.sgs-sss.ch\/fr\/wp-json\/wp\/v2\/pages\/2048","targetHints":{"allow":["GET"]}}],"collection":[{"href":"https:\/\/www.sgs-sss.ch\/fr\/wp-json\/wp\/v2\/pages"}],"about":[{"href":"https:\/\/www.sgs-sss.ch\/fr\/wp-json\/wp\/v2\/types\/page"}],"author":[{"embeddable":true,"href":"https:\/\/www.sgs-sss.ch\/fr\/wp-json\/wp\/v2\/users\/73"}],"replies":[{"embeddable":true,"href":"https:\/\/www.sgs-sss.ch\/fr\/wp-json\/wp\/v2\/comments?post=2048"}],"version-history":[{"count":8,"href":"https:\/\/www.sgs-sss.ch\/fr\/wp-json\/wp\/v2\/pages\/2048\/revisions"}],"predecessor-version":[{"id":14540,"href":"https:\/\/www.sgs-sss.ch\/fr\/wp-json\/wp\/v2\/pages\/2048\/revisions\/14540"}],"wp:attachment":[{"href":"https:\/\/www.sgs-sss.ch\/fr\/wp-json\/wp\/v2\/media?parent=2048"}],"curies":[{"name":"wp","href":"https:\/\/api.w.org\/{rel}","templated":true}]}}