{"id":586,"date":"2016-01-18T11:18:58","date_gmt":"2016-01-18T10:18:58","guid":{"rendered":"http:\/\/new.sgs-sss.ch\/new\/fr\/werden-sie-mitglied\/"},"modified":"2025-09-02T12:29:00","modified_gmt":"2025-09-02T10:29:00","slug":"devenir-membre","status":"publish","type":"page","link":"https:\/\/www.sgs-sss.ch\/fr\/la-societe\/devenir-membre\/","title":{"rendered":"Devenir membre"},"content":{"rendered":"\n<style type=\"text\/css\" data-created_by=\"avia_inline_auto\" id=\"style-css-av-671ydu-a2a64a3b35defe37fce805038ef53219\">\n.avia-section.av-671ydu-a2a64a3b35defe37fce805038ef53219{\nbackground-color:#ffffff;\nbackground-image:unset;\n}\n<\/style>\n<div id='av_section_1'  class='avia-section av-671ydu-a2a64a3b35defe37fce805038ef53219 main_color avia-section-default avia-no-shadow  avia-builder-el-0  el_before_av_section  avia-builder-el-first  avia-bg-style-scroll container_wrap fullsize'  ><div class='container av-section-cont-open' ><main  role=\"main\" itemprop=\"mainContentOfPage\"  class='template-page content  av-content-full alpha units'><div class='post-entry post-entry-type-page post-entry-586'><div class='entry-content-wrapper clearfix'>\n\n<style type=\"text\/css\" data-created_by=\"avia_inline_auto\" id=\"style-css-av-lkgm2-d779dddbc2a813a4f63464986fd702e5\">\n#top .av-special-heading.av-lkgm2-d779dddbc2a813a4f63464986fd702e5{\npadding-bottom:25px;\n}\nbody .av-special-heading.av-lkgm2-d779dddbc2a813a4f63464986fd702e5 .av-special-heading-tag .heading-char{\nfont-size:25px;\n}\n.av-special-heading.av-lkgm2-d779dddbc2a813a4f63464986fd702e5 .av-subheading{\nfont-size:15px;\n}\n<\/style>\n<div  class='av-special-heading av-lkgm2-d779dddbc2a813a4f63464986fd702e5 av-special-heading-h2  avia-builder-el-1  el_before_av_two_third  avia-builder-el-first '><h2 class='av-special-heading-tag '  itemprop=\"headline\"  >DEVENIR MEMBRE<\/h2><div class=\"special-heading-border\"><div class=\"special-heading-inner-border\"><\/div><\/div><\/div>\n\n<style type=\"text\/css\" data-created_by=\"avia_inline_auto\" id=\"style-css-av-5uzl1e-5a594c5a3141be349e276b36354b3da6\">\n.flex_column.av-5uzl1e-5a594c5a3141be349e276b36354b3da6{\nborder-radius:0px 0px 0px 0px;\npadding:20px 20px 20px 20px;\n}\n<\/style>\n<div  class='flex_column av-5uzl1e-5a594c5a3141be349e276b36354b3da6 av_two_third  avia-builder-el-2  el_after_av_heading  el_before_av_one_third  first flex_column_div  '     ><p><section  class='av_textblock_section av-5ojni2-eaa96c8077d72efa8144869923521241 '   itemscope=\"itemscope\" itemtype=\"https:\/\/schema.org\/CreativeWork\" ><div class='avia_textblock'  itemprop=\"text\" ><p>Tout<b>\/<\/b>e sociologue ou ami de la sociologie est cordialement invit\u00e9\/e \u00e0 devenir membre de la SSS!<\/p>\n<p>Consultez le <a href=\"https:\/\/www.sgs-sss.ch\/wp-content\/uploads\/2023\/11\/doc_A5_FR.pdf\">d\u00e9pliant du SSS<\/a>.<\/p>\n<p style=\"font-weight: 400;\">A partir de 2023, la SSS a le plaisir d&rsquo;annoncer de nouveaux tarifs de cotisation. Nous avons d\u00e9sormais des tarifs r\u00e9duits pour les \u00e9tudiants et tous les membres, ainsi qu&rsquo;une simplification des cat\u00e9gories de membres.<\/p>\n<p style=\"font-weight: 400;\">Par ailleurs, \u00e0 partir de 2023, la Revue suisse de sociologie ne sera plus publi\u00e9e qu&rsquo;en ligne. En pr\u00e9vision de ce changement, la version \u00e9lectronique de la Revue suisse de sociologie ne sera disponible que sur la base d&rsquo;une contribution suppl\u00e9mentaire (+50 CHF par membre).<\/p>\n<h4>Cotisations annuelles:<\/h4>\n<\/div><\/section><br \/>\n<div class='avia-data-table-wrap av-5ipjgi-bdaaedaf28f998d28f63ee5234e9da76 avia_responsive_table avia-table-1'><table  class='avia-table avia-data-table avia_pricing_default  avia-builder-el-4  el_after_av_textblock  el_before_av_textblock '  itemscope=\"itemscope\" itemtype=\"https:\/\/schema.org\/Table\" ><tbody><tr class=''><td class=''>Etudiant-e-s (en bachelor ou master, doctorant-e-s, assistants-doctorant-e-s)<\/td><td class=''>CHF 50.-<\/td><\/tr><tr class=''><td class=''>Membres sous contrat \u00e0 dur\u00e9e d\u00e9termin\u00e9e, Membres sans contrat de travail (\u00e0 la retraite, sans emploi)<\/td><td class=''>CHF 150.-<\/td><\/tr><tr class=''><td class=''>Membres sous contrat permanent<\/td><td class=''>CHF 200.-<\/td><\/tr><tr class=''><td class=''>Frais suppl\u00e9mentaires pour l&rsquo;exemplaire imprim\u00e9 de la Revue suisse de sociologie <\/td><td class=''>CHF 50.-<\/td><\/tr><tr class=''><td class=''>Membre institutionnel ( y compris la Revue suisse de sociologie)<br \/>\n( seulement disponible pour les institutions ; cela ne comprend pas l&rsquo;adh\u00e9sion individuelle du personnel de l&rsquo;institut )<\/td><td class=''>CHF 300.-<\/td><\/tr><\/tbody><\/table><\/div><br \/>\n<section  class='av_textblock_section av-2wj1l6-0ea26f264956af0c599e51ca174e30da '   itemscope=\"itemscope\" itemtype=\"https:\/\/schema.org\/CreativeWork\" ><div class='avia_textblock'  itemprop=\"text\" ><p style=\"font-weight: 400;\">Les dons institutionnels suppl\u00e9mentaires sont les bienvenus, veuillez \u00e9crire \u00e0 notre secr\u00e9tariat pour plus d&rsquo;informations sur la mani\u00e8re de faire un don (info@sgs-sss.ch).<\/p>\n<h3>Sont compris dans la cotisation:<\/h3>\n<ul>\n<li>des informations r\u00e9guli\u00e8res sur la Revue suisse de sociologie (3 num\u00e9ros par an, en ligne seulement)<\/li>\n<li>le Bulletin \u00e9lectronique de la Soci\u00e9t\u00e9 (2 \u00e9ditions par an)<\/li>\n<li>la Newsletter \u00e9lectronique (au moins 3 \u00e9ditions par an)<\/li>\n<li>un rabais de 50% sur un livre publi\u00e9 par SEISMO<\/li>\n<li>\u00a0un tarif r\u00e9duit pour le congr\u00e8s de la SSS<\/li>\n<li>\n<div><span lang=\"FR-CH\">\u00eatre membre de nos<\/span>\u00a0comit\u00e9s de la recherche, selon votre int\u00e9r\u00eat<\/div>\n<\/li>\n<\/ul>\n<p>Devenez membre et faites entendre la voix de la sociologie en Suisse!<\/p>\n<\/div><\/section><\/p><\/div>\n<style type=\"text\/css\" data-created_by=\"avia_inline_auto\" id=\"style-css-av-2s6u4q-f6aac2f75bbfe5432290fb76c4fc8264\">\n.flex_column.av-2s6u4q-f6aac2f75bbfe5432290fb76c4fc8264{\nborder-radius:0px 0px 0px 0px;\npadding:20px 20px 20px 20px;\n}\n<\/style>\n<div  class='flex_column av-2s6u4q-f6aac2f75bbfe5432290fb76c4fc8264 av_one_third  avia-builder-el-6  el_after_av_two_third  avia-builder-el-last  flex_column_div  '     ><section  class='av_textblock_section av-2ljczm-ce916c7c403d790c1d9ef7b8eb7e6865 '   itemscope=\"itemscope\" itemtype=\"https:\/\/schema.org\/CreativeWork\" ><div class='avia_textblock'  itemprop=\"text\" ><p><a href=\"https:\/\/www.sgs-sss.ch\/wp-content\/uploads\/2023\/12\/Bildschirmfoto-2023-12-04-um-17.46.13.png\"><img loading=\"lazy\" decoding=\"async\" class=\"alignnone size-full wp-image-20083\" src=\"https:\/\/www.sgs-sss.ch\/wp-content\/uploads\/2023\/12\/Bildschirmfoto-2023-12-04-um-17.46.13.png\" alt=\"\" width=\"926\" height=\"1310\" srcset=\"https:\/\/www.sgs-sss.ch\/wp-content\/uploads\/2023\/12\/Bildschirmfoto-2023-12-04-um-17.46.13.png 926w, https:\/\/www.sgs-sss.ch\/wp-content\/uploads\/2023\/12\/Bildschirmfoto-2023-12-04-um-17.46.13-212x300.png 212w, https:\/\/www.sgs-sss.ch\/wp-content\/uploads\/2023\/12\/Bildschirmfoto-2023-12-04-um-17.46.13-728x1030.png 728w, https:\/\/www.sgs-sss.ch\/wp-content\/uploads\/2023\/12\/Bildschirmfoto-2023-12-04-um-17.46.13-768x1086.png 768w, https:\/\/www.sgs-sss.ch\/wp-content\/uploads\/2023\/12\/Bildschirmfoto-2023-12-04-um-17.46.13-498x705.png 498w, https:\/\/www.sgs-sss.ch\/wp-content\/uploads\/2023\/12\/Bildschirmfoto-2023-12-04-um-17.46.13-450x637.png 450w\" sizes=\"auto, (max-width: 926px) 100vw, 926px\" \/><\/a><\/p>\n<\/div><\/section><\/div>\n\n<\/div><\/div><\/main><!-- close content main element --><\/div><\/div>\n<style type=\"text\/css\" data-created_by=\"avia_inline_auto\" id=\"style-css-av-2cv2pe-dd36cda20dafee2e33a9923e757510cc\">\n.avia-section.av-2cv2pe-dd36cda20dafee2e33a9923e757510cc{\nbackground-color:#eeeeee;\nbackground-image:unset;\n}\n<\/style>\n<div id='av_section_2'  class='avia-section av-2cv2pe-dd36cda20dafee2e33a9923e757510cc main_color avia-section-default avia-no-shadow  avia-builder-el-8  el_after_av_section  avia-builder-el-last  avia-bg-style-scroll container_wrap fullsize'  ><div class='container av-section-cont-open' ><div class='template-page content  av-content-full alpha units'><div class='post-entry post-entry-type-page post-entry-586'><div class='entry-content-wrapper clearfix'>\n\n<style type=\"text\/css\" data-created_by=\"avia_inline_auto\" id=\"style-css-av-2ap22a-b0deaf15b5e4b52ef206055729e90159\">\n#top .av-special-heading.av-2ap22a-b0deaf15b5e4b52ef206055729e90159{\npadding-bottom:25px;\n}\nbody .av-special-heading.av-2ap22a-b0deaf15b5e4b52ef206055729e90159 .av-special-heading-tag .heading-char{\nfont-size:25px;\n}\n.av-special-heading.av-2ap22a-b0deaf15b5e4b52ef206055729e90159 .av-subheading{\nfont-size:15px;\n}\n<\/style>\n<div  class='av-special-heading av-2ap22a-b0deaf15b5e4b52ef206055729e90159 av-special-heading-h2  avia-builder-el-9  el_before_av_contact  avia-builder-el-first '><h2 class='av-special-heading-tag '  itemprop=\"headline\"  >INSCRIPTION<\/h2><div class=\"special-heading-border\"><div class=\"special-heading-inner-border\"><\/div><\/div><\/div>\n<form action=\"https:\/\/www.sgs-sss.ch\/fr\/la-societe\/devenir-membre\/\" method=\"post\" data-fields-with-error=\"Erreurs trouv\u00e9es dans les champs suivants :\" class=\"avia_ajax_form av-form-labels-hidden   avia-builder-el-10  el_after_av_heading  el_before_av_hr   \" data-avia-form-id=\"1\" data-avia-redirect='' ><fieldset><p class='  first_form  form_element form_element_half' id='element_avia_1_1'><label for=\"avia_1_1\">Nom <abbr class=\"required\" title=\"requis(e)\">*<\/abbr><\/label> <input name=\"avia_1_1\" class=\"text_input is_empty\" type=\"text\" id=\"avia_1_1\" value=\"\"  placeholder='Nom*'\/><\/p><p class='  form_element form_element_half' id='element_avia_2_1'><label for=\"avia_2_1\">Pr\u00e9nom(s) <abbr class=\"required\" title=\"requis(e)\">*<\/abbr><\/label> <input name=\"avia_2_1\" class=\"text_input is_empty\" type=\"text\" id=\"avia_2_1\" value=\"\"  placeholder='Pr\u00e9nom(s)*'\/><\/p><p class='  first_form  form_element form_element_half' id='element_avia_3_1'><label for=\"avia_3_1\">Titre acad\u00e9mique<\/label> <input name=\"avia_3_1\" class=\"text_input \" type=\"text\" id=\"avia_3_1\" value=\"\"  placeholder='Titre acad\u00e9mique'\/><\/p><p class='  form_element form_element_half' id='element_avia_4_1'><label for=\"avia_4_1\">Profession <abbr class=\"required\" title=\"requis(e)\">*<\/abbr><\/label> <input name=\"avia_4_1\" class=\"text_input is_empty\" type=\"text\" id=\"avia_4_1\" value=\"\"  placeholder='Profession*'\/><\/p><p class='  first_form  form_element form_element_half' id='element_avia_5_1'><label for=\"avia_5_1\">Rue <abbr class=\"required\" title=\"requis(e)\">*<\/abbr><\/label> <input name=\"avia_5_1\" class=\"text_input is_empty\" type=\"text\" id=\"avia_5_1\" value=\"\"  placeholder='Rue*'\/><\/p><p class='  form_element form_element_half' id='element_avia_6_1'><label for=\"avia_6_1\">Code postal et lieu <abbr class=\"required\" title=\"requis(e)\">*<\/abbr><\/label> <input name=\"avia_6_1\" class=\"text_input is_empty\" type=\"text\" id=\"avia_6_1\" value=\"\"  placeholder='Code postal et lieu*'\/><\/p><p class='  first_form  form_element form_element_half' id='element_avia_7_1'><label for=\"avia_7_1\">Adresse e-mail <abbr class=\"required\" title=\"requis(e)\">*<\/abbr><\/label> <input name=\"avia_7_1\" class=\"text_input is_email\" type=\"text\" id=\"avia_7_1\" value=\"\"  placeholder='Adresse e-mail*'\/><\/p><p class='  form_element form_element_half' id='element_avia_8_1'><label for=\"avia_8_1\">Site internet<\/label> <input name=\"avia_8_1\" class=\"text_input \" type=\"text\" id=\"avia_8_1\" value=\"\"  placeholder='Site internet'\/><\/p><p class='  first_form  form_element form_fullwidth' id='element_avia_9_1'><label for=\"avia_9_1\">Quelle cotisation allez-vous payer?  <abbr class=\"required\" title=\"requis(e)\">*<\/abbr><\/label><select  name=\"avia_9_1\" class=\"select is_empty\" id=\"avia_9_1\"><option class=\"av-placeholder\" disabled=\"disabled\" selected=\"selected\" value=''>Quelle cotisation allez-vous payer? *<\/option><option   value='\u00c9tudiant-e-s \/doctorant-e-s'>\u00c9tudiant-e-s \/doctorant-e-s<\/option><option   value='assistants-doctorant-e-s: CHF 50.-'>assistants-doctorant-e-s: CHF 50.-<\/option><option   value='Membres sous contrat \u00e0 dur\u00e9e d\u00e9termin\u00e9e \/ Membres sans contrat de travail (\u00e0 la retraite \/ sans emploi): CHF 150.-'>Membres sous contrat \u00e0 dur\u00e9e d\u00e9termin\u00e9e \/ Membres sans contrat de travail (\u00e0 la retraite \/ sans emploi): CHF 150.-<\/option><option   value='Membres sous contrat permanent: CHF 200.-'>Membres sous contrat permanent: CHF 200.-<\/option><option   value='Membres collectifs: CHF 300.-'>Membres collectifs: CHF 300.-<\/option><\/select><\/p><p class='  first_form  form_element form_fullwidth' id='element_avia_10_1'><input  name=\"avia_10_1\" class=\"input_checkbox \" type=\"checkbox\" id=\"avia_10_1\" value=\"true\"\/><label class=\"input_checkbox_label\" for=\"avia_10_1\">Frais suppl\u00e9mentaires pour l\u2019exemplaire imprim\u00e9 de la Revue (3 num\u00e9ros par an) CHF 50.00<\/label><\/p><p class='  first_form  form_element form_fullwidth av-last-visible-form-element' id='element_avia_11_1'><label for=\"avia_11_1\">Par quel groupe de recherche \u00eates-vous prioritairement int\u00e9ress\u00e9(e) ?<\/label><select  name=\"avia_11_1\" class=\"select \" id=\"avia_11_1\"><option class=\"av-placeholder\" disabled=\"disabled\" selected=\"selected\" value=''>Par quel groupe de recherche \u00eates-vous prioritairement int\u00e9ress\u00e9(e) ?<\/option><option   value='Etude de genre'>Etude de genre<\/option><option   value='Migrations-Minorit\u00e9s'>Migrations-Minorit\u00e9s<\/option><option   value='Organisation et soci\u00e9t\u00e9'>Organisation et soci\u00e9t\u00e9<\/option><option   value='Parcours de vie'>Parcours de vie<\/option><option   value='Probl\u00e8mes sociaux'>Probl\u00e8mes sociaux<\/option><option   value='Religion et Soci\u00e9t\u00e9'>Religion et Soci\u00e9t\u00e9<\/option><option   value='Sociologie des arts et de la culture'>Sociologie des arts et de la culture<\/option><option   value='Sociologie du droit'>Sociologie du droit<\/option><option   value='Sociologie de l\u2019\u00e9ducation'>Sociologie de l\u2019\u00e9ducation<\/option><option   value='Sociologie \u00e9conomique'>Sociologie \u00e9conomique<\/option><option   value='Sociologies interpr\u00e9tatives'>Sociologies interpr\u00e9tatives<\/option><option   value='Sociologie de la Sant\u00e9 et de la m\u00e9decine'>Sociologie de la Sant\u00e9 et de la m\u00e9decine<\/option><option   value='Sociologie des sports'>Sociologie des sports<\/option><option   value='Sociologie urbaine'>Sociologie urbaine<\/option><option   value='Th\u00e9orie sociologique'>Th\u00e9orie sociologique<\/option><\/select><\/p><p class=\"hidden\"><input type=\"text\" name=\"avia_12_1\" class=\"hidden \" id=\"avia_12_1\" value=\"\" \/><\/p><p class=\"form_element \"><input type=\"hidden\" value=\"1\" name=\"avia_generated_form1\" \/><input type=\"submit\" value=\"Envoyer\" class=\"button\"  data-sending-label=\"Envoi\"\/><\/p><\/fieldset><\/form><div id=\"ajaxresponse_1\" class=\"ajaxresponse ajaxresponse_1 hidden\"><\/div>\n<div  class='hr av-hfv2q-facc1edc67f67d78363a820d4359a7fb hr-default  avia-builder-el-11  el_after_av_contact  el_before_av_textblock '><span class='hr-inner '><span class=\"hr-inner-style\"><\/span><\/span><\/div>\n<section  class='av_textblock_section av-16rsy-42b0db29dd6812a7cafbf57a9cb62267 '   itemscope=\"itemscope\" itemtype=\"https:\/\/schema.org\/CreativeWork\" ><div class='avia_textblock'  itemprop=\"text\" ><h4>Vous pouvez nous \u00e9crire \u00e0 l&rsquo;adresse suivante:<\/h4>\n<p style=\"padding-left: 30px; padding-top: 20px;\">Soci\u00e9t\u00e9 Suisse de Sociologie<br \/>\nSecr\u00e9tariat<br \/>\nc\/o Seismo Verlag<br \/>\nSozialwissenschaften und Gesellschaftsfragen AG<br \/>\nZeltweg 27<br \/>\nCH-8032 Z\u00fcrich<\/p>\n<p><strong>ou par courriel \u00e0: info@sgs-sss.ch<\/strong><\/p>\n<\/div><\/section>\n\n","protected":false},"excerpt":{"rendered":"","protected":false},"author":1,"featured_media":0,"parent":588,"menu_order":0,"comment_status":"closed","ping_status":"closed","template":"","meta":{"footnotes":""},"class_list":["post-586","page","type-page","status-publish","hentry"],"_links":{"self":[{"href":"https:\/\/www.sgs-sss.ch\/fr\/wp-json\/wp\/v2\/pages\/586","targetHints":{"allow":["GET"]}}],"collection":[{"href":"https:\/\/www.sgs-sss.ch\/fr\/wp-json\/wp\/v2\/pages"}],"about":[{"href":"https:\/\/www.sgs-sss.ch\/fr\/wp-json\/wp\/v2\/types\/page"}],"author":[{"embeddable":true,"href":"https:\/\/www.sgs-sss.ch\/fr\/wp-json\/wp\/v2\/users\/1"}],"replies":[{"embeddable":true,"href":"https:\/\/www.sgs-sss.ch\/fr\/wp-json\/wp\/v2\/comments?post=586"}],"version-history":[{"count":32,"href":"https:\/\/www.sgs-sss.ch\/fr\/wp-json\/wp\/v2\/pages\/586\/revisions"}],"predecessor-version":[{"id":22077,"href":"https:\/\/www.sgs-sss.ch\/fr\/wp-json\/wp\/v2\/pages\/586\/revisions\/22077"}],"up":[{"embeddable":true,"href":"https:\/\/www.sgs-sss.ch\/fr\/wp-json\/wp\/v2\/pages\/588"}],"wp:attachment":[{"href":"https:\/\/www.sgs-sss.ch\/fr\/wp-json\/wp\/v2\/media?parent=586"}],"curies":[{"name":"wp","href":"https:\/\/api.w.org\/{rel}","templated":true}]}}