{"id":646,"date":"2016-01-19T22:13:23","date_gmt":"2016-01-19T21:13:23","guid":{"rendered":"http:\/\/new.sgs-sss.ch\/new\/fr\/kunst-und-kultursoziologie\/"},"modified":"2025-10-01T13:54:08","modified_gmt":"2025-10-01T11:54:08","slug":"sociologie-des-arts-et-de-la-culture","status":"publish","type":"page","link":"https:\/\/www.sgs-sss.ch\/fr\/comites-de-recherche\/sociologie-des-arts-et-de-la-culture\/","title":{"rendered":"Sociologie des arts et de la culture (CR-SAC \/ Foko-KUKUSO)"},"content":{"rendered":"\n<style type=\"text\/css\" data-created_by=\"avia_inline_auto\" id=\"style-css-av-av_section-fb37fa88fbca848c7e29aff3fecdfcf1\">\n.avia-section.av-av_section-fb37fa88fbca848c7e29aff3fecdfcf1{\nbackground-color:#ffffff;\nbackground-image:unset;\n}\n<\/style>\n<div id='av_section_1'  class='avia-section av-av_section-fb37fa88fbca848c7e29aff3fecdfcf1 main_color avia-section-default avia-no-shadow  avia-builder-el-0  avia-builder-el-no-sibling  avia-bg-style-scroll container_wrap fullsize'  ><div class='container av-section-cont-open' ><main  role=\"main\" itemprop=\"mainContentOfPage\"  class='template-page content  av-content-full alpha units'><div class='post-entry post-entry-type-page post-entry-646'><div class='entry-content-wrapper clearfix'>\n\n<style type=\"text\/css\" data-created_by=\"avia_inline_auto\" id=\"style-css-av-mg7xhmgh-074fd6e90dbf5c61f5aa4677ffaa9ee5\">\n#top .av-special-heading.av-mg7xhmgh-074fd6e90dbf5c61f5aa4677ffaa9ee5{\npadding-bottom:25px;\n}\nbody .av-special-heading.av-mg7xhmgh-074fd6e90dbf5c61f5aa4677ffaa9ee5 .av-special-heading-tag .heading-char{\nfont-size:25px;\n}\n.av-special-heading.av-mg7xhmgh-074fd6e90dbf5c61f5aa4677ffaa9ee5 .av-subheading{\nfont-size:15px;\n}\n<\/style>\n<div  class='av-special-heading av-mg7xhmgh-074fd6e90dbf5c61f5aa4677ffaa9ee5 av-special-heading-h2  avia-builder-el-1  el_before_av_one_full  avia-builder-el-first '><h2 class='av-special-heading-tag '  itemprop=\"headline\"  >SOCIOLOGIE DES ARTS ET DE LA CULTURE (CR-SAC \/ Foko-KUKUSO)<\/h2><div class=\"special-heading-border\"><div class=\"special-heading-inner-border\"><\/div><\/div><\/div>\n<div class='flex_column_table av-av_one_full-637497d8078788bf7892f1875f6d3165 sc-av_one_full av-equal-height-column-flextable'>\n<style type=\"text\/css\" data-created_by=\"avia_inline_auto\" id=\"style-css-av-av_one_full-637497d8078788bf7892f1875f6d3165\">\n.flex_column.av-av_one_full-637497d8078788bf7892f1875f6d3165{\nborder-radius:0px 0px 0px 0px;\npadding:20px 20px 20px 20px;\n}\n<\/style>\n<div  class='flex_column av-av_one_full-637497d8078788bf7892f1875f6d3165 av_one_full  avia-builder-el-2  el_after_av_heading  avia-builder-el-last  first no_margin flex_column_table_cell av-equal-height-column av-align-top  '     ><div  class='togglecontainer av-av_toggle_container-1c5f05ce43bbf21457da42746a25c01a  avia-builder-el-3  avia-builder-el-no-sibling ' >\n<section class='av_toggle_section av-av_toggle-8d2bc646572e54a000395e5fbcd5bf39'  itemscope=\"itemscope\" itemtype=\"https:\/\/schema.org\/CreativeWork\" ><div role=\"tablist\" class=\"single_toggle\" data-tags=\"{Tout} \"  ><p id='toggle-toggle-id-1' data-fake-id='#toggle-id-1' class='toggler  activeTitle av-title-above '  itemprop=\"headline\"  role='tab' tabindex='0' aria-controls='toggle-id-1' data-slide-speed=\"200\" data-title=\"Actuel\" data-title-open=\"\" data-aria_collapsed=\"Cliquez pour \u00e9tendre : Actuel\" data-aria_expanded=\"Cliquez pour r\u00e9duire : Actuel\">Actuel<span class=\"toggle_icon\"><span class=\"vert_icon\"><\/span><span class=\"hor_icon\"><\/span><\/span><\/p><div id='toggle-id-1' aria-labelledby='toggle-toggle-id-1' role='region' class='toggle_wrap  active_tc av-title-above' style='display:block;' ><div class='toggle_content invers-color '  itemprop=\"text\" ><p>Bienvenue sur le site du <strong>CR-SAC Comit\u00e9 de recherche Sociologie des arts et de la culture<\/strong>\u00a0(ou Foko-KUKUSO) de la SSS !<\/p>\n<p>Seule la page en anglais est tenue \u00e0 jour, merci de vous y rendre:<\/p>\n<p><strong>&gt; <a href=\"https:\/\/www.sgs-sss.ch\/fr\/comites-de-recherche\/sociologie-des-arts-et-de-la-culture\/#toggle-id-6\">Aller \u00e0 la page du Foko-KUKUSO en anglais<\/a><br \/>\n<\/strong><\/p>\n<\/div><\/div><\/div><\/section>\n<section class='av_toggle_section av-av_toggle-a48a2a5e90ac831067f79b079ef201e8'  itemscope=\"itemscope\" itemtype=\"https:\/\/schema.org\/CreativeWork\" ><div role=\"tablist\" class=\"single_toggle\" data-tags=\"{Tout} \"  ><p id='toggle-toggle-id-2' data-fake-id='#toggle-id-2' class='toggler  av-title-above '  itemprop=\"headline\"  role='tab' tabindex='0' aria-controls='toggle-id-2' data-slide-speed=\"200\" data-title=\"Personne de contact\" data-title-open=\"\" data-aria_collapsed=\"Cliquez pour \u00e9tendre : Personne de contact\" data-aria_expanded=\"Cliquez pour r\u00e9duire : Personne de contact\">Personne de contact<span class=\"toggle_icon\"><span class=\"vert_icon\"><\/span><span class=\"hor_icon\"><\/span><\/span><\/p><div id='toggle-id-2' aria-labelledby='toggle-toggle-id-2' role='region' class='toggle_wrap  av-title-above'  ><div class='toggle_content invers-color '  itemprop=\"text\" ><p>Si vous travaillez dans le domaine de la sociologie des arts et de la culture et que vous souhaitez <strong>devenir membre<\/strong> du Foko-KUKUSO ou \u00eatre inform\u00e9-e sur ses activit\u00e9s, ou pour toute autre question, contactez<\/p>\n<p><strong>Dr. Olivier MOESCHLER<br \/>\n<\/strong>Pr\u00e9sident<br \/>\nLACCUS Laboratoire capitalisme, culture et soci\u00e9t\u00e9s<br \/>\nUniversit\u00e9 de Lausanne<br \/>\nBatiment G\u00e9opolis, CH-1015 Lausanne, Suisse<br \/>\n<span style=\"white-space: nowrap;\">+41 79 566 70 27<\/span><a style=\"white-space: nowrap; margin: 0px; border: currentcolor; left: 0px; top: 0px; width: 16px; height: 16px; right: 0px; bottom: 0px; overflow: hidden; vertical-align: middle; float: none; display: inline; position: static !important;\" title=\"Appeler : +41 79 566 70 27\" href=\"#\"><img decoding=\"async\" style=\"margin: 0px; border: currentcolor; left: 0px; top: 0px; width: 16px; height: 16px; right: 0px; bottom: 0px; overflow: hidden; vertical-align: middle; float: none; display: inline; position: static !important;\" title=\"Appeler : +41 79 566 70 27\" src=\"data:image\/png;base64,iVBORw0KGgoAAAANSUhEUgAAABAAAAAQCAYAAAAf8\/9hAAABcklEQVR4XpXTPUvDUBTH4aR2c2hBQXGpTiIORhBcBOvgYKf0Awi+4Ggr1MVPIIrYdnEpShddHIyLi6AVXVxsRRDRwbi4KNgu4lCIv8i\/i6QRDzycy+09555LqOl5nhEUptPoJe1iDHU8oYlrlDw79m4QEbSLPexzsIc8hDRm8YBjLpj4q8EgxQdab+MNd4ghhQ2adIc1+ORAFEnWWfTDRp7GDfImlsIavKALLuqoqMGUCs4wHtagiQ5uc8kDyCOBKlP1k78QNTOZnMXCQRxWsbjl6iuskV41SQG2Gj9rikvcR1WcgKFDBa1LOEUK56hqv8BUFV3SGWkVS9JQ6Dsv4wQ1DKMPORUvkm78BhdQMI1CTa5I0yrcwSFqFD+SZ7DQesIkCG5S\/JpkHYERQRmuNsrZ7Grc+Ef8\/Bcoslkfae8Wc7CUHZ++TuAEBj86pHntjaDKXllPy6PW\/gkKFaThwp\/K87N8hDcQTTKKFTioSxqB8Q2BNX5JtAljwgAAAABJRU5ErkJggg==\" \/><\/a><\/p>\n<p><strong><a href=\"mailto: culture@sgs-sss.ch\">culture@sgs-sss.ch<\/a><\/strong>\u00a0ou\u00a0<strong><a href=\"olivier.moeschler@unil.ch\">olivier.moeschler@unil.ch<\/a><\/strong><\/p>\n<p>La personne de contact est bilingue fran\u00e7ais-allemand et communique aussi en anglais.<\/p>\n<\/div><\/div><\/div><\/section>\n<\/div><\/div><\/div><!--close column table wrapper. Autoclose: 1 -->\n","protected":false},"excerpt":{"rendered":"","protected":false},"author":1,"featured_media":0,"parent":655,"menu_order":0,"comment_status":"closed","ping_status":"closed","template":"","meta":{"footnotes":""},"class_list":["post-646","page","type-page","status-publish","hentry"],"_links":{"self":[{"href":"https:\/\/www.sgs-sss.ch\/fr\/wp-json\/wp\/v2\/pages\/646","targetHints":{"allow":["GET"]}}],"collection":[{"href":"https:\/\/www.sgs-sss.ch\/fr\/wp-json\/wp\/v2\/pages"}],"about":[{"href":"https:\/\/www.sgs-sss.ch\/fr\/wp-json\/wp\/v2\/types\/page"}],"author":[{"embeddable":true,"href":"https:\/\/www.sgs-sss.ch\/fr\/wp-json\/wp\/v2\/users\/1"}],"replies":[{"embeddable":true,"href":"https:\/\/www.sgs-sss.ch\/fr\/wp-json\/wp\/v2\/comments?post=646"}],"version-history":[{"count":39,"href":"https:\/\/www.sgs-sss.ch\/fr\/wp-json\/wp\/v2\/pages\/646\/revisions"}],"predecessor-version":[{"id":22276,"href":"https:\/\/www.sgs-sss.ch\/fr\/wp-json\/wp\/v2\/pages\/646\/revisions\/22276"}],"up":[{"embeddable":true,"href":"https:\/\/www.sgs-sss.ch\/fr\/wp-json\/wp\/v2\/pages\/655"}],"wp:attachment":[{"href":"https:\/\/www.sgs-sss.ch\/fr\/wp-json\/wp\/v2\/media?parent=646"}],"curies":[{"name":"wp","href":"https:\/\/api.w.org\/{rel}","templated":true}]}}