{"id":649,"date":"2016-02-11T18:23:57","date_gmt":"2016-02-11T17:23:57","guid":{"rendered":"http:\/\/new.sgs-sss.ch\/new\/fr\/religion\/"},"modified":"2023-06-28T16:02:16","modified_gmt":"2023-06-28T14:02:16","slug":"religion-et-societe","status":"publish","type":"page","link":"https:\/\/www.sgs-sss.ch\/fr\/comites-de-recherche\/religion-et-societe\/","title":{"rendered":"Religion et soci\u00e9t\u00e9"},"content":{"rendered":"\n<style type=\"text\/css\" data-created_by=\"avia_inline_auto\" id=\"style-css-av-av_section-fb37fa88fbca848c7e29aff3fecdfcf1\">\n.avia-section.av-av_section-fb37fa88fbca848c7e29aff3fecdfcf1{\nbackground-color:#ffffff;\nbackground-image:unset;\n}\n<\/style>\n<div id='av_section_1'  class='avia-section av-av_section-fb37fa88fbca848c7e29aff3fecdfcf1 main_color avia-section-default avia-no-shadow  avia-builder-el-0  avia-builder-el-no-sibling  avia-bg-style-scroll container_wrap fullsize'  ><div class='container av-section-cont-open' ><main  role=\"main\" itemprop=\"mainContentOfPage\"  class='template-page content  av-content-full alpha units'><div class='post-entry post-entry-type-page post-entry-649'><div class='entry-content-wrapper clearfix'>\n\n<style type=\"text\/css\" data-created_by=\"avia_inline_auto\" id=\"style-css-av-av_heading-1b067f9dc4aac5e62afe9f229bd5740a\">\n#top .av-special-heading.av-av_heading-1b067f9dc4aac5e62afe9f229bd5740a{\npadding-bottom:25px;\n}\nbody .av-special-heading.av-av_heading-1b067f9dc4aac5e62afe9f229bd5740a .av-special-heading-tag .heading-char{\nfont-size:25px;\n}\n.av-special-heading.av-av_heading-1b067f9dc4aac5e62afe9f229bd5740a .av-subheading{\nfont-size:15px;\n}\n<\/style>\n<div  class='av-special-heading av-av_heading-1b067f9dc4aac5e62afe9f229bd5740a av-special-heading-h2  avia-builder-el-1  el_before_av_one_full  avia-builder-el-first '><h2 class='av-special-heading-tag '  itemprop=\"headline\"  >RELIGION ET SOCI\u00c9T\u00c9<\/h2><div class=\"special-heading-border\"><div class=\"special-heading-inner-border\"><\/div><\/div><\/div>\n<div class='flex_column_table av-av_one_full-637497d8078788bf7892f1875f6d3165 sc-av_one_full av-equal-height-column-flextable'>\n<style type=\"text\/css\" data-created_by=\"avia_inline_auto\" id=\"style-css-av-av_one_full-637497d8078788bf7892f1875f6d3165\">\n.flex_column.av-av_one_full-637497d8078788bf7892f1875f6d3165{\nborder-radius:0px 0px 0px 0px;\npadding:20px 20px 20px 20px;\n}\n<\/style>\n<div  class='flex_column av-av_one_full-637497d8078788bf7892f1875f6d3165 av_one_full  avia-builder-el-2  el_after_av_heading  avia-builder-el-last  first no_margin flex_column_table_cell av-equal-height-column av-align-top  '     ><section  class='av_textblock_section av-av_textblock-0366cc7376be6c9e82a3e9cc8987b64f '   itemscope=\"itemscope\" itemtype=\"https:\/\/schema.org\/CreativeWork\" ><div class='avia_textblock'  itemprop=\"text\" ><blockquote>\n<h3><strong>Pr\u00e9sentation \u00bb <\/strong><strong>Fondation\u2028\u2028<\/strong><\/h3>\n<p>Le Comit\u00e9 de recherche Religion et Soci\u00e9t\u00e9 (RES) na\u00eet de la dissolution de l&rsquo;Association Suisse des Sociologues de la Religion (ASSOREL), fond\u00e9e en 1969. La d\u00e9cision de constituer un Comit\u00e9 de recherche faisant partie de la Soci\u00e9t\u00e9 suisse de sociologie a \u00e9t\u00e9 prise le 18 mars 2004, \u00e0 Lausanne. La fondation du Comit\u00e9 RES a \u00e9t\u00e9 officialis\u00e9e par le Comit\u00e9 directeur de la Soci\u00e9t\u00e9 Suisse de Sociologie.<\/p>\n<\/blockquote>\n<\/div><\/section><br \/>\n\n<style type=\"text\/css\" data-created_by=\"avia_inline_auto\" id=\"style-css-av-av_hr-bd84104f09c397338597807ab31c6aca\">\n#top .hr.hr-invisible.av-av_hr-bd84104f09c397338597807ab31c6aca{\nheight:15px;\n}\n<\/style>\n<div  class='hr av-av_hr-bd84104f09c397338597807ab31c6aca hr-invisible  avia-builder-el-4  el_after_av_textblock  el_before_av_toggle_container '><span class='hr-inner '><span class=\"hr-inner-style\"><\/span><\/span><\/div><br \/>\n<div  class='togglecontainer av-av_toggle_container-1c5f05ce43bbf21457da42746a25c01a  avia-builder-el-5  el_after_av_hr  avia-builder-el-last ' >\n<section class='av_toggle_section av-av_toggle-81c627add115d33a773dcf3d767f8939'  itemscope=\"itemscope\" itemtype=\"https:\/\/schema.org\/CreativeWork\" ><div role=\"tablist\" class=\"single_toggle\" data-tags=\"{Tout} \"  ><p id='toggle-toggle-id-1' data-fake-id='#toggle-id-1' class='toggler  activeTitle av-title-above '  itemprop=\"headline\"  role='tab' tabindex='0' aria-controls='toggle-id-1' data-slide-speed=\"200\" data-title=\"Buts\" data-title-open=\"\" data-aria_collapsed=\"Cliquez pour \u00e9tendre : Buts\" data-aria_expanded=\"Cliquez pour r\u00e9duire : Buts\">Buts<span class=\"toggle_icon\"><span class=\"vert_icon\"><\/span><span class=\"hor_icon\"><\/span><\/span><\/p><div id='toggle-id-1' aria-labelledby='toggle-toggle-id-1' role='region' class='toggle_wrap  active_tc av-title-above' style='display:block;' ><div class='toggle_content invers-color '  itemprop=\"text\" ><p>Les buts de ce Comit\u00e9 de recherche sont:<\/p>\n<ul>\n<li>La promotion de la recherche sur les religions en Suisse, dans une perspective sociologique et empirique.<\/li>\n<li>La constitution d&rsquo;un forum international pour des personnes qui travaillent et s\u2019int\u00e9resse aux domaines pr\u00e9cit\u00e9s<\/li>\n<li>Une pr\u00e9sence structurelle au sein de la Soci\u00e9t\u00e9 Suisse de Sociologie et de la Soci\u00e9t\u00e9 Suisse pour la Science des Religions, en interaction avec la Soci\u00e9t\u00e9 Internationale de Sociologie des Religions (SISR).<\/li>\n<\/ul>\n<\/div><\/div><\/div><\/section>\n<section class='av_toggle_section av-av_toggle-3b8ba121cd830600f6d94aa0fcfbe883'  itemscope=\"itemscope\" itemtype=\"https:\/\/schema.org\/CreativeWork\" ><div role=\"tablist\" class=\"single_toggle\" data-tags=\"{Tout} \"  ><p id='toggle-toggle-id-2' data-fake-id='#toggle-id-2' class='toggler  av-title-above '  itemprop=\"headline\"  role='tab' tabindex='0' aria-controls='toggle-id-2' data-slide-speed=\"200\" data-title=\"\u2028Moyens\" data-title-open=\"\" data-aria_collapsed=\"Cliquez pour \u00e9tendre : \u2028Moyens\" data-aria_expanded=\"Cliquez pour r\u00e9duire : \u2028Moyens\">\u2028Moyens<span class=\"toggle_icon\"><span class=\"vert_icon\"><\/span><span class=\"hor_icon\"><\/span><\/span><\/p><div id='toggle-id-2' aria-labelledby='toggle-toggle-id-2' role='region' class='toggle_wrap  av-title-above'  ><div class='toggle_content invers-color '  itemprop=\"text\" ><p>Pour atteindre ses buts, le Comit\u00e9 se donne les moyens suivants:<\/p>\n<ul>\n<li>Des colloques dans lesquels sont pr\u00e9sent\u00e9es les recherches des membres du Comit\u00e9 ou de chercheuses et chercheurs externes.<\/li>\n<li>Des workshops dans lesquels sont pr\u00e9sent\u00e9s des r\u00e9flexions th\u00e9oriques et m\u00e9thodologiques. Ils sont aussi l\u2019occasion de discuter de projets de recherche en cours.<\/li>\n<li>Un site Internet<\/li>\n<li>Une liste de diffusion \u00e9lectronique par laquelle seront communiqu\u00e9es des informations sur les activit\u00e9s du Comit\u00e9 et signal\u00e9es les publications r\u00e9centes qui pourraient int\u00e9resser ses membres.<\/li>\n<\/ul>\n<\/div><\/div><\/div><\/section>\n<section class='av_toggle_section av-av_toggle-dab25b90b91d58b0377a2e637068e98f'  itemscope=\"itemscope\" itemtype=\"https:\/\/schema.org\/CreativeWork\" ><div role=\"tablist\" class=\"single_toggle\" data-tags=\"{Tout} \"  ><p id='toggle-toggle-id-3' data-fake-id='#toggle-id-3' class='toggler  av-title-above '  itemprop=\"headline\"  role='tab' tabindex='0' aria-controls='toggle-id-3' data-slide-speed=\"200\" data-title=\"\u2028Organisation\" data-title-open=\"\" data-aria_collapsed=\"Cliquez pour \u00e9tendre : \u2028Organisation\" data-aria_expanded=\"Cliquez pour r\u00e9duire : \u2028Organisation\">\u2028Organisation<span class=\"toggle_icon\"><span class=\"vert_icon\"><\/span><span class=\"hor_icon\"><\/span><\/span><\/p><div id='toggle-id-3' aria-labelledby='toggle-toggle-id-3' role='region' class='toggle_wrap  av-title-above'  ><div class='toggle_content invers-color '  itemprop=\"text\" ><p>Le Comit\u00e9 est organis\u00e9 de la mani\u00e8re suivante:<\/p>\n<ul>\n<li>Le Comit\u00e9 de recherche dispose de 3 coordinateurs (1 pour la Suisse romande, 1 pour la Suisse al\u00e9manique et 1 membre de l&rsquo;ORS) \u00e9lus par l&rsquo;Assembl\u00e9e pour une p\u00e9riode de deux ans. Leur mandat est renouvelable tacitement.<\/li>\n<li>Le Comit\u00e9 de recherche dispose d&rsquo;un secr\u00e9tariat qui s&rsquo;occupe du travail administratif et de la gestion du site Internet.<\/li>\n<li>Le Comit\u00e9 tient normalement une Assembl\u00e9e g\u00e9n\u00e9rale annuelle suivant une manifestation scientifique.<\/li>\n<\/ul>\n<\/div><\/div><\/div><\/section>\n<section class='av_toggle_section av-av_toggle-6a8e89f7f4c9c6a65557054697fcebb7'  itemscope=\"itemscope\" itemtype=\"https:\/\/schema.org\/CreativeWork\" ><div role=\"tablist\" class=\"single_toggle\" data-tags=\"{Tout} \"  ><p id='toggle-toggle-id-4' data-fake-id='#toggle-id-4' class='toggler  av-title-above '  itemprop=\"headline\"  role='tab' tabindex='0' aria-controls='toggle-id-4' data-slide-speed=\"200\" data-title=\"Affiliation\u2028\u2028\" data-title-open=\"\" data-aria_collapsed=\"Cliquez pour \u00e9tendre : Affiliation\u2028\u2028\" data-aria_expanded=\"Cliquez pour r\u00e9duire : Affiliation\u2028\u2028\">Affiliation\u2028\u2028<span class=\"toggle_icon\"><span class=\"vert_icon\"><\/span><span class=\"hor_icon\"><\/span><\/span><\/p><div id='toggle-id-4' aria-labelledby='toggle-toggle-id-4' role='region' class='toggle_wrap  av-title-above'  ><div class='toggle_content invers-color '  itemprop=\"text\" ><p>Sont membres du comit\u00e9 de recherche:<\/p>\n<p>Une demande \u00e9crite d&rsquo;affiliation au Comit\u00e9 de recherche doit \u00eatre accompagn\u00e9e par une CV, une liste des publications et une indication des domaines de travail et d&rsquo;int\u00e9r\u00eat. Les int\u00e9ress\u00e9s doivent normalement \u00eatre des \u00e9tudiants ou poss\u00e9der un titre d&rsquo;\u00e9tude Universitaire. L&rsquo;admission est ratifi\u00e9e par l&rsquo;Assemble g\u00e9n\u00e9rale du Comit\u00e9.<\/p>\n<\/div><\/div><\/div><\/section>\n<section class='av_toggle_section av-av_toggle-adc8dc0f6ee808cf4c633a3f29925e67'  itemscope=\"itemscope\" itemtype=\"https:\/\/schema.org\/CreativeWork\" ><div role=\"tablist\" class=\"single_toggle\" data-tags=\"{Tout} \"  ><p id='toggle-toggle-id-5' data-fake-id='#toggle-id-5' class='toggler  av-title-above '  itemprop=\"headline\"  role='tab' tabindex='0' aria-controls='toggle-id-5' data-slide-speed=\"200\" data-title=\"Finances\u2028\u2028\" data-title-open=\"\" data-aria_collapsed=\"Cliquez pour \u00e9tendre : Finances\u2028\u2028\" data-aria_expanded=\"Cliquez pour r\u00e9duire : Finances\u2028\u2028\">Finances\u2028\u2028<span class=\"toggle_icon\"><span class=\"vert_icon\"><\/span><span class=\"hor_icon\"><\/span><\/span><\/p><div id='toggle-id-5' aria-labelledby='toggle-toggle-id-5' role='region' class='toggle_wrap  av-title-above'  ><div class='toggle_content invers-color '  itemprop=\"text\" ><p>Le Comit\u00e9 de recherche dispose des ressources suivantes:<\/p>\n<p>Les activit\u00e9s du Comit\u00e9 de recherche sont financ\u00e9es par des sources diverses.<\/p>\n<\/div><\/div><\/div><\/section>\n<section class='av_toggle_section av-av_toggle-65e1b46fa632cf0d6fb0fe27ee8ee914'  itemscope=\"itemscope\" itemtype=\"https:\/\/schema.org\/CreativeWork\" ><div role=\"tablist\" class=\"single_toggle\" data-tags=\"{Tout} \"  ><p id='toggle-toggle-id-6' data-fake-id='#toggle-id-6' class='toggler  av-title-above '  itemprop=\"headline\"  role='tab' tabindex='0' aria-controls='toggle-id-6' data-slide-speed=\"200\" data-title=\" P\u00e9riode actuelle\u2028\u2028\" data-title-open=\"\" data-aria_collapsed=\"Cliquez pour \u00e9tendre :  P\u00e9riode actuelle\u2028\u2028\" data-aria_expanded=\"Cliquez pour r\u00e9duire :  P\u00e9riode actuelle\u2028\u2028\"> P\u00e9riode actuelle\u2028\u2028<span class=\"toggle_icon\"><span class=\"vert_icon\"><\/span><span class=\"hor_icon\"><\/span><\/span><\/p><div id='toggle-id-6' aria-labelledby='toggle-toggle-id-6' role='region' class='toggle_wrap  av-title-above'  ><div class='toggle_content invers-color '  itemprop=\"text\" ><p>Actuellement, les coordinateurs sont:<\/p>\n<ul>\n<li>Andrea Rota,\u00a0Bern<\/li>\n<li>Rafael Walthert, Z\u00fcrich<\/li>\n<\/ul>\n<p>Le secr\u00e9tariat est tenu par Andrea Rota.<\/p>\n<\/div><\/div><\/div><\/section>\n<section class='av_toggle_section av-av_toggle-252743451755b36a21a596173783516c'  itemscope=\"itemscope\" itemtype=\"https:\/\/schema.org\/CreativeWork\" ><div role=\"tablist\" class=\"single_toggle\" data-tags=\"{Tout} \"  ><p id='toggle-toggle-id-7' data-fake-id='#toggle-id-7' class='toggler  av-title-above '  itemprop=\"headline\"  role='tab' tabindex='0' aria-controls='toggle-id-7' data-slide-speed=\"200\" data-title=\"Contact\" data-title-open=\"\" data-aria_collapsed=\"Cliquez pour \u00e9tendre : Contact\" data-aria_expanded=\"Cliquez pour r\u00e9duire : Contact\">Contact<span class=\"toggle_icon\"><span class=\"vert_icon\"><\/span><span class=\"hor_icon\"><\/span><\/span><\/p><div id='toggle-id-7' aria-labelledby='toggle-toggle-id-7' role='region' class='toggle_wrap  av-title-above'  ><div class='toggle_content invers-color '  itemprop=\"text\" ><div class=\"ApplePlainTextBody\">Dr. Andrea Rota<\/div>\n<div class=\"ApplePlainTextBody\">Universit\u00e4t Bern<\/div>\n<div class=\"ApplePlainTextBody\">Institut f\u00fcr Religionswissenschaft<\/div>\n<div class=\"ApplePlainTextBody\">Lerchenweg 36<\/div>\n<div class=\"ApplePlainTextBody\">Postfach<\/div>\n<div class=\"ApplePlainTextBody\">3000 Bern 9<\/div>\n<div class=\"ApplePlainTextBody\"><a href=\"mailto:religion@sgs-sss.ch\">religion@sgs-sss.ch<\/a><\/div>\n<\/div><\/div><\/div><\/section>\n<section class='av_toggle_section av-av_toggle-72f3b3371917bc6ed24396973c324888'  itemscope=\"itemscope\" itemtype=\"https:\/\/schema.org\/CreativeWork\" ><div role=\"tablist\" class=\"single_toggle\" data-tags=\"{Tout} \"  ><p id='toggle-toggle-id-8' data-fake-id='#toggle-id-8' class='toggler  av-title-above '  itemprop=\"headline\"  role='tab' tabindex='0' aria-controls='toggle-id-8' data-slide-speed=\"200\" data-title=\"Membres\u2028\" data-title-open=\"\" data-aria_collapsed=\"Cliquez pour \u00e9tendre : Membres\u2028\" data-aria_expanded=\"Cliquez pour r\u00e9duire : Membres\u2028\">Membres\u2028<span class=\"toggle_icon\"><span class=\"vert_icon\"><\/span><span class=\"hor_icon\"><\/span><\/span><\/p><div id='toggle-id-8' aria-labelledby='toggle-toggle-id-8' role='region' class='toggle_wrap  av-title-above'  ><div class='toggle_content invers-color '  itemprop=\"text\" ><ul>\n<li>Amiotte-Suchet Laurent, <a href=\"mailto:laurent.amiotte-suchet@unil.ch\">laurent.amiotte-suchet@unil.ch<\/a><\/li>\n<li>B\u00e4nziger Maria, <a href=\"mailto:maria.baenziger@uzh.ch\">maria.baenziger@uzh.ch<\/a><\/li>\n<li>Basset Jean-Claude (SSSR), <a href=\"mailto:jean-Claude.Basset@dtheol.unil.ch\">jean-Claude.Basset@dtheol.unil.ch<\/a><\/li>\n<li>Bastian Jean-Pierre, <a href=\"mailto:bastian@umb.u-strasbg.fr\">bastian@umb.u-strasbg.fr<\/a><\/li>\n<li>Bovay Claude (SSS), <a href=\"mailto:cbovay@eesp.ch\">cbovay@eesp.ch<\/a><\/li>\n<li>Brandt Pierre-Yves, <a href=\"mailto:pierre-Yves.Brandt@.unil.ch\">pierre-Yves.Brandt@.unil.ch<\/a><\/li>\n<li>Campiche Roland, <a href=\"mailto:roland.campiche@unil.ch\">roland.campiche@unil.ch<\/a><\/li>\n<li>Dubach Alfred, <a href=\"mailto:alfred.dubach@kath.ch\">alfred.dubach@kath.ch<\/a><\/li>\n<li>Durisch Gauthier Nicole, <a href=\"mailto:nicole.durisch-gauthier@cic-info.ch\">nicole.durisch-gauthier@cic-info.ch<\/a><\/li>\n<li>Favre Olivier, <a href=\"mailto:eea.ne@swissonline.ch\">eea.ne@swissonline.ch<\/a><\/li>\n<li>Frank, Katharina, <a href=\"mailto:katharina.frank@access.uzh.ch\">katharina.frank@access.uzh.ch<\/a><\/li>\n<li>Geiser Jo\u00ebl, <a href=\"mailto:joel.geiser@wanadoo.fr\">joel.geiser@wanadoo.fr<\/a><\/li>\n<li>Hassab Alla Waheed, <a href=\"mailto:waheed@urbanet.ch\">waheed@urbanet.ch<\/a><\/li>\n<li>Hofer, Janina Maris, <a href=\"mailto:janina.m.hofer@gmail.com\">janina.m.hofer@gmail.com<\/a><\/li>\n<li>Jenny Magali, <a href=\"mailto:magali.jenny@unifr.ch\">magali.jenny@unifr.ch<\/a><\/li>\n<li>J\u00f6dicke Ansgar (SGR), <a href=\"mailto:ansgar.joedicke@unifr.ch\">ansgar.joedicke@unifr.ch<\/a><\/li>\n<li>Jung Fran\u00e7ois, <a href=\"mailto:catchall@formations.ch\">catchall@formations.ch<\/a><\/li>\n<li>Knobel Brigitte, <a href=\"mailto:brigitte.knobel@cic-info.ch\">brigitte.knobel@cic-info.ch<\/a><\/li>\n<li>Kr\u00fcggeler Michael (SGS), <a href=\"mailto:m.krueggeler@kath.ch\">m.krueggeler@kath.ch<\/a><\/li>\n<li>Lalive d\u2019Epinay Christian, <a href=\"mailto:christian.lalive@unige.ch\">christian.lalive@unige.ch<\/a><\/li>\n<li>Lambert Arthur, <a href=\"mailto:arthurlambert@bluewin.ch\">arthurlambert@bluewin.ch<\/a><\/li>\n<li>Lathion St\u00e9phane, <a href=\"mailto:lathion_stephane@yahoo.com\">lathion_stephane@yahoo.com<\/a><\/li>\n<li>L\u00fcddeckens Dorothea (SGR), <a href=\"mailto:dorothea.lueddeckens@uzh.ch\">dorothea.lueddeckens@uzh.ch<\/a><\/li>\n<li>Matter Christine, <a href=\"mailto:christine.matter@bluewin.ch\">christine.matter@bluewin.ch<\/a><\/li>\n<li>Michel Simon, <a class=\"moz-txt-link-abbreviated\" href=\"mailto:seimnm@gmail.com\">seimnm@gmail.com<\/a><\/li>\n<li>Monnot Christophe, <a href=\"mailto:christophe.monnot@unil.ch\">christophe.monnot@unil.ch<\/a><\/li>\n<li>Morier-Genoud Eric, <a href=\"mailto:emorierd@bluewin.ch\">emorierd@bluewin.ch<\/a><\/li>\n<li>Narbel Nathalie, <a href=\"mailto:nathalie.narbel@cic-info.ch\">nathalie.narbel@cic-info.ch<\/a><\/li>\n<li>Odermatt Anastas, <a href=\"mailto:anastas.odermatt@unilu.ch\">anastas.odermatt@unilu.ch<\/a><\/li>\n<li>Pirri-Simonian Tenny, <a href=\"mailto:ourrusun@bluewin.ch\">ourrusun@bluewin.ch<\/a><\/li>\n<li>Radvanszky Andrea, <a href=\"mailto:radvansky@soz.unibe.ch\">radvansky@soz.unibe.ch<\/a><\/li>\n<li>Rota Andrea, <a href=\"mailto:andrea.rota@unifr.ch\">andrea.rota@unifr.ch<\/a><\/li>\n<li>Rudolph Ulrich, <a href=\"mailto:u.rudolph@access.uzh.ch\">u.rudolph@access.uzh.ch<\/a><\/li>\n<li>Schnurrenberger, Severin, <a class=\"\" href=\"mailto:severin.schnurrenberger@unilu.ch\">severin.schnurrenberger@unilu.ch<\/a><\/li>\n<li>Sheikhzadegan,\u00a0Amir, <a href=\"mailto:amir.sheikhzadegan@unifr.ch\">amir.sheikhzadegan@unifr.ch<\/a><\/li>\n<li>Stolz J\u00f6rg, <a href=\"mailto:joerg.stolz@unil.ch\">joerg.stolz@unil.ch<\/a><\/li>\n<li>Uelinger Christoph, <a href=\"mailto:christoph.uehlinger@access.uzh.ch\">christoph.uehlinger@access.uzh.ch<\/a><\/li>\n<li>Wagner\u00a0Constantin,\u00a0<a href=\"mailto:constantin.wagner@unisg.ch\">constantin.wagner@unisg.ch<\/a><\/li>\n<li>Walthert Rafael, <a href=\"mailto:rafael.walthert@uzh.ch\">rafael.walthert@uzh.ch<\/a><\/li>\n<li>Weibel Rolf, <a href=\"mailto:weibel-spirig@bluewin.ch\">weibel-spirig@bluewin.ch<\/a><\/li>\n<\/ul>\n<\/div><\/div><\/div><\/section>\n<\/div><\/p><\/div><\/div><!--close column table wrapper. Autoclose: 1 -->\n","protected":false},"excerpt":{"rendered":"","protected":false},"author":1,"featured_media":0,"parent":655,"menu_order":0,"comment_status":"closed","ping_status":"closed","template":"","meta":{"footnotes":""},"class_list":["post-649","page","type-page","status-publish","hentry"],"_links":{"self":[{"href":"https:\/\/www.sgs-sss.ch\/fr\/wp-json\/wp\/v2\/pages\/649","targetHints":{"allow":["GET"]}}],"collection":[{"href":"https:\/\/www.sgs-sss.ch\/fr\/wp-json\/wp\/v2\/pages"}],"about":[{"href":"https:\/\/www.sgs-sss.ch\/fr\/wp-json\/wp\/v2\/types\/page"}],"author":[{"embeddable":true,"href":"https:\/\/www.sgs-sss.ch\/fr\/wp-json\/wp\/v2\/users\/1"}],"replies":[{"embeddable":true,"href":"https:\/\/www.sgs-sss.ch\/fr\/wp-json\/wp\/v2\/comments?post=649"}],"version-history":[{"count":15,"href":"https:\/\/www.sgs-sss.ch\/fr\/wp-json\/wp\/v2\/pages\/649\/revisions"}],"predecessor-version":[{"id":19065,"href":"https:\/\/www.sgs-sss.ch\/fr\/wp-json\/wp\/v2\/pages\/649\/revisions\/19065"}],"up":[{"embeddable":true,"href":"https:\/\/www.sgs-sss.ch\/fr\/wp-json\/wp\/v2\/pages\/655"}],"wp:attachment":[{"href":"https:\/\/www.sgs-sss.ch\/fr\/wp-json\/wp\/v2\/media?parent=649"}],"curies":[{"name":"wp","href":"https:\/\/api.w.org\/{rel}","templated":true}]}}