{"id":704,"date":"2016-01-19T15:34:03","date_gmt":"2016-01-19T14:34:03","guid":{"rendered":"http:\/\/new.sgs-sss.ch\/new\/fr\/links\/"},"modified":"2023-10-18T12:21:53","modified_gmt":"2023-10-18T10:21:53","slug":"liens","status":"publish","type":"page","link":"https:\/\/www.sgs-sss.ch\/fr\/liens\/","title":{"rendered":"Liens"},"content":{"rendered":"\n<style type=\"text\/css\" data-created_by=\"avia_inline_auto\" id=\"style-css-av-av_section-fb37fa88fbca848c7e29aff3fecdfcf1\">\n.avia-section.av-av_section-fb37fa88fbca848c7e29aff3fecdfcf1{\nbackground-color:#ffffff;\nbackground-image:unset;\n}\n<\/style>\n<div id='av_section_1'  class='avia-section av-av_section-fb37fa88fbca848c7e29aff3fecdfcf1 main_color avia-section-default avia-no-shadow  avia-builder-el-0  avia-builder-el-no-sibling  avia-bg-style-scroll container_wrap fullsize'  ><div class='container av-section-cont-open' ><main  role=\"main\" itemprop=\"mainContentOfPage\"  class='template-page content  av-content-full alpha units'><div class='post-entry post-entry-type-page post-entry-704'><div class='entry-content-wrapper clearfix'>\n\n<style type=\"text\/css\" data-created_by=\"avia_inline_auto\" id=\"style-css-av-av_heading-1dafc504a533cbca8f6c459dcae66542\">\n#top .av-special-heading.av-av_heading-1dafc504a533cbca8f6c459dcae66542{\npadding-bottom:25px;\n}\nbody .av-special-heading.av-av_heading-1dafc504a533cbca8f6c459dcae66542 .av-special-heading-tag .heading-char{\nfont-size:25px;\n}\n.av-special-heading.av-av_heading-1dafc504a533cbca8f6c459dcae66542 .av-subheading{\nfont-size:15px;\n}\n<\/style>\n<div  class='av-special-heading av-av_heading-1dafc504a533cbca8f6c459dcae66542 av-special-heading-h2  avia-builder-el-1  el_before_av_toggle_container  avia-builder-el-first '><h2 class='av-special-heading-tag '  itemprop=\"headline\"  >LIENS<\/h2><div class=\"special-heading-border\"><div class=\"special-heading-inner-border\"><\/div><\/div><\/div>\n<div  class='togglecontainer av-av_toggle_container-1c5f05ce43bbf21457da42746a25c01a  avia-builder-el-2  el_after_av_heading  avia-builder-el-last ' >\n<section class='av_toggle_section av-av_toggle-54282dc1fb170ad7106180f21c4552c7'  itemscope=\"itemscope\" itemtype=\"https:\/\/schema.org\/CreativeWork\" ><div role=\"tablist\" class=\"single_toggle\" data-tags=\"{Tout} \"  ><p id='toggle-toggle-id-1' data-fake-id='#toggle-id-1' class='toggler  activeTitle av-title-above '  itemprop=\"headline\"  role='tab' tabindex='0' aria-controls='toggle-id-1' data-slide-speed=\"200\" data-title=\"Instituts et D\u00e9partements de sociologie dans les Hautes Ecoles suisses\" data-title-open=\"\" data-aria_collapsed=\"Cliquez pour \u00e9tendre : Instituts et D\u00e9partements de sociologie dans les Hautes Ecoles suisses\" data-aria_expanded=\"Cliquez pour r\u00e9duire : Instituts et D\u00e9partements de sociologie dans les Hautes Ecoles suisses\">Instituts et D\u00e9partements de sociologie dans les Hautes Ecoles suisses<span class=\"toggle_icon\"><span class=\"vert_icon\"><\/span><span class=\"hor_icon\"><\/span><\/span><\/p><div id='toggle-id-1' aria-labelledby='toggle-toggle-id-1' role='region' class='toggle_wrap  active_tc av-title-above' style='display:block;' ><div class='toggle_content invers-color '  itemprop=\"text\" ><ul>\n<li><a title=\"http:\/\/www.soz.unibe.ch\/\" href=\"http:\/\/www.soz.unibe.ch\/\" target=\"_blank\" rel=\"noopener noreferrer\">Bern<\/a><\/li>\n<li><a title=\"http:\/\/www.soziologie.unibas.ch\/\" href=\"http:\/\/www.soziologie.unibas.ch\/\" target=\"_blank\" rel=\"noopener noreferrer\">Basel<\/a><\/li>\n<li><a href=\"https:\/\/www.unifr.ch\/socio\/fr\/\">Fribourg<\/a><\/li>\n<li><a href=\"https:\/\/www.unige.ch\/sciences-societe\/socio\/fr\/bienvenue\/\">Gen\u00e8ve<\/a><\/li>\n<li><a title=\"http:\/\/www.unil.ch\/ias\" href=\"http:\/\/www.unil.ch\/iss\" target=\"_blank\" rel=\"noopener noreferrer\">Lausanne<\/a><\/li>\n<li><a href=\"https:\/\/www.unilu.ch\/studium\/studienangebot\/bachelor\/kultur-und-sozialwissenschaftliche-fakultaet\/soziologie\/\">Luzern<\/a><\/li>\n<li><a title=\"http:\/\/www.unine.ch\/socio\/welcome.html\" href=\"http:\/\/www2.unine.ch\/socio\/cms\/op\/edit\/lang\/fr\/pid\/3243\" target=\"_blank\" rel=\"noopener noreferrer\">Neuch\u00e2tel<\/a><\/li>\n<li><a title=\"http:\/\/www.sfs.unisg.ch\" href=\"http:\/\/www.sfs.unisg.ch\/\" target=\"_blank\" rel=\"noopener noreferrer\">St.Gallen<\/a><\/li>\n<li><a href=\"http:\/\/www.suz.uzh.ch\/\">Z\u00fcrich<\/a><\/li>\n<\/ul>\n<\/div><\/div><\/div><\/section>\n<section class='av_toggle_section av-av_toggle-ac006bf9c0c04f9b282bab88f7c03059'  itemscope=\"itemscope\" itemtype=\"https:\/\/schema.org\/CreativeWork\" ><div role=\"tablist\" class=\"single_toggle\" data-tags=\"{Tout} \"  ><p id='toggle-toggle-id-2' data-fake-id='#toggle-id-2' class='toggler  av-title-above '  itemprop=\"headline\"  role='tab' tabindex='0' aria-controls='toggle-id-2' data-slide-speed=\"200\" data-title=\"La sociologie dans les Hautes \u00e9coles sp\u00e9cialis\u00e9es et les \u00e9coles de formation des enseignants\" data-title-open=\"\" data-aria_collapsed=\"Cliquez pour \u00e9tendre : La sociologie dans les Hautes \u00e9coles sp\u00e9cialis\u00e9es et les \u00e9coles de formation des enseignants\" data-aria_expanded=\"Cliquez pour r\u00e9duire : La sociologie dans les Hautes \u00e9coles sp\u00e9cialis\u00e9es et les \u00e9coles de formation des enseignants\">La sociologie dans les Hautes \u00e9coles sp\u00e9cialis\u00e9es et les \u00e9coles de formation des enseignants<span class=\"toggle_icon\"><span class=\"vert_icon\"><\/span><span class=\"hor_icon\"><\/span><\/span><\/p><div id='toggle-id-2' aria-labelledby='toggle-toggle-id-2' role='region' class='toggle_wrap  av-title-above'  ><div class='toggle_content invers-color '  itemprop=\"text\" ><ul>\n<li>Le <a href=\"https:\/\/www.hes-so.ch\/recherche-innovation\/instituts-de-recherche\/detail-institut\/laress-laboratoire-de-recherche-sante-social-de-la-haute-ecole-de-travail-social-et-de-la-sante-lausanne\">Laboratoire de Recherche Sant\u00e9-Social (LaReSS)<\/a> de la Haute \u00e9cole de travail social et de la sant\u00e9 EESP Lausanne (HES\u00b7SO)<\/li>\n<li>Le<a href=\"https:\/\/www.hesge.ch\/hets\/recherche\/ceres\"> Centre de recherche sociale (CERES)<\/a> de la Haute \u00e9cole de travail social de Gen\u00e8ve (HES\u00b7SO)<\/li>\n<li>Le <a href=\"https:\/\/www.hes-so.ch\/recherche-innovation\/instituts-de-recherche\/detail-institut\/departement-de-recherche-appliquee-et-developpement-de-la-hets-fr\">D\u00e9partement de Recherche appliqu\u00e9e et d\u00e9veloppement<\/a> de la Haute \u00e9cole fribourgeoise de travail social (HES\u00b7SO)<\/li>\n<li><a href=\"https:\/\/www.hevs.ch\/fr\/hautes-ecoles\/haute-ecole-de-travail-social\/\">Haute Ecole et Ecole Sup\u00e9rieure de Travail Social (HESTS)<\/a> HES\u00b7SO Valais<\/li>\n<li>Le <a href=\"https:\/\/www.fhnw.ch\/de\/forschung-und-dienstleistungen\/soziale-arbeit\">D\u00e9partement Forschung und Dienstleistungen &#8211; Soziale Arbeit<\/a> de la Universit\u00e9 des sciences appliqu\u00e9es (FHNW)<\/li>\n<li><a href=\"https:\/\/www.fhnw.ch\/de\/die-fhnw\/hochschulen\/ph\/institute\/institut-sekundarstufe-1-und-2\/professuren-am-isek\/professur-bildungssoziologie\">Chaire de sociologie de l&rsquo;\u00e9ducation<\/a>, Universit\u00e9 des sciences appliqu\u00e9es (FHNW)<\/li>\n<li>Le <a href=\"https:\/\/www.bfh.ch\/fr\/recherche\/domaines-de-recherche\/pole-recherche-travail-social\/\">p\u00f4le de recherche Travail Social <\/a>de la Haute \u00e9cole sp\u00e9cialis\u00e9e bernoise, (BFH)<\/li>\n<li>Le <a href=\"https:\/\/www.hslu.ch\/de-ch\/soziale-arbeit\/forschung\/\">d\u00e9partement Forschung \u2013 Soziale Arbeit<\/a> de la Hochschule Luzern (HSLU)<\/li>\n<li>Le <a href=\"https:\/\/www.zhaw.ch\/de\/sozialearbeit\/forschung\/\">d\u00e9partement Forschung\u00a0 und Entwicklung \u2013 Soziale Arbeit<\/a> de la Zurcher Hochschule f\u00fcr Angewande Wissenschaften (ZHAW)<\/li>\n<li>L&rsquo;<a href=\"https:\/\/www.ost.ch\/de\/forschung-und-dienstleistungen\/soziale-arbeit\/ifsar-institut-fuer-soziale-arbeit-und-raeume\">Institut f\u00fcr Soziale Arbeit und R\u00e4ume (IFSAR)<\/a> de la Ostschweizer Fachhochschule<\/li>\n<li>Le <a href=\"https:\/\/www.supsi.ch\/it\/clws\">Centro competenze lavoro, welfare e societ\u00e0 (CLWS)<\/a> de la \u00a0Scuola universitaria professionale della Svizzera italiana (SUPSI)<\/li>\n<li>Le <a href=\"https:\/\/www.supsi.ch\/it\/cpps\">Centro competenze pratiche e politiche sanitarie (CPPS)<\/a> de la \u00a0Scuola universitaria professionale della Svizzera italiana (SUPSI)<\/li>\n<li>Le <a href=\"https:\/\/phzh.ch\/de\/Forschung\/forschungsschwerpunkte\/\">Forschungsschwerpunkt Bildungswissenschaftliche Forschung<\/a> de la P\u00e4dagogische Hochschule Z\u00fcrich (PHZH)<\/li>\n<\/ul>\n<\/div><\/div><\/div><\/section>\n<section class='av_toggle_section av-av_toggle-25af0e8750a10cc468a665ca56a57b45'  itemscope=\"itemscope\" itemtype=\"https:\/\/schema.org\/CreativeWork\" ><div role=\"tablist\" class=\"single_toggle\" data-tags=\"{Tout} \"  ><p id='toggle-toggle-id-3' data-fake-id='#toggle-id-3' class='toggler  av-title-above '  itemprop=\"headline\"  role='tab' tabindex='0' aria-controls='toggle-id-3' data-slide-speed=\"200\" data-title=\" Bureaux de recherche priv\u00e9s\" data-title-open=\"\" data-aria_collapsed=\"Cliquez pour \u00e9tendre :  Bureaux de recherche priv\u00e9s\" data-aria_expanded=\"Cliquez pour r\u00e9duire :  Bureaux de recherche priv\u00e9s\"> Bureaux de recherche priv\u00e9s<span class=\"toggle_icon\"><span class=\"vert_icon\"><\/span><span class=\"hor_icon\"><\/span><\/span><\/p><div id='toggle-id-3' aria-labelledby='toggle-toggle-id-3' role='region' class='toggle_wrap  av-title-above'  ><div class='toggle_content invers-color '  itemprop=\"text\" ><ul>\n<li><a href=\"http:\/\/www.culturprospectiv.ch\/\" target=\"_blank\" rel=\"noopener noreferrer\">cultur prospectiv<\/a><\/li>\n<li><a title=\"CUE SOZIALFORSCHUNG\" href=\"http:\/\/www.cue-sozialforschung.ch\/\" target=\"_blank\" rel=\"noopener noreferrer\">Cue Sozialforschung<\/a><\/li>\n<li><a title=\"LANDERT &amp; PARTNER\" href=\"http:\/\/www.lfp.ch\/\" target=\"_blank\" rel=\"noopener noreferrer\">Landert &amp; Partner<\/a><\/li>\n<li><a title=\"SOZIOANALYSE\" href=\"http:\/\/www.sozioanalyse.ch\" target=\"_blank\" rel=\"noopener noreferrer\">B\u00fcro f\u00fcr Sozioanalyse<\/a><\/li>\n<\/ul>\n<\/div><\/div><\/div><\/section>\n<section class='av_toggle_section av-av_toggle-03ee591eb8d1b15c60786b8f6153fc8b'  itemscope=\"itemscope\" itemtype=\"https:\/\/schema.org\/CreativeWork\" ><div role=\"tablist\" class=\"single_toggle\" data-tags=\"{Tout} \"  ><p id='toggle-toggle-id-4' data-fake-id='#toggle-id-4' class='toggler  av-title-above '  itemprop=\"headline\"  role='tab' tabindex='0' aria-controls='toggle-id-4' data-slide-speed=\"200\" data-title=\"Institutions de recherche et bases de donn\u00e9es\" data-title-open=\"\" data-aria_collapsed=\"Cliquez pour \u00e9tendre : Institutions de recherche et bases de donn\u00e9es\" data-aria_expanded=\"Cliquez pour r\u00e9duire : Institutions de recherche et bases de donn\u00e9es\">Institutions de recherche et bases de donn\u00e9es<span class=\"toggle_icon\"><span class=\"vert_icon\"><\/span><span class=\"hor_icon\"><\/span><\/span><\/p><div id='toggle-id-4' aria-labelledby='toggle-toggle-id-4' role='region' class='toggle_wrap  av-title-above'  ><div class='toggle_content invers-color '  itemprop=\"text\" ><ul>\n<li><a title=\"http:\/\/www.swisspanel.ch\/\" href=\"http:\/\/www.swisspanel.ch\/\" target=\"_blank\" rel=\"noopener noreferrer\">FORS SwissPanel<\/a><\/li>\n<li><a href=\"https:\/\/www.snf.ch\/fr\/FKhU9kAtfXx7w9AI\/page\/home\">Fonds national suisse<\/a><\/li>\n<li><a href=\"https:\/\/www.bfs.admin.ch\/bfs\/fr\/home.html\">Office f\u00e9d\u00e9ral de la statistique<\/a><\/li>\n<li><a title=\"http:\/\/www.ec.europa.eu\/erc\/index_en.cfm\" href=\"http:\/\/ec.europa.eu\/index_en.htm\" target=\"_blank\" rel=\"noopener noreferrer\">European Research Council<\/a><\/li>\n<li><a href=\"http:\/\/sociologie.cuso.ch\/\" target=\"_blank\" rel=\"noopener noreferrer\">Programme Doctoral Romand en Sociologie (PDRS)<\/a><\/li>\n<\/ul>\n<\/div><\/div><\/div><\/section>\n<section class='av_toggle_section av-av_toggle-7ef058f547a3b45ad153199dde5d75e6'  itemscope=\"itemscope\" itemtype=\"https:\/\/schema.org\/CreativeWork\" ><div role=\"tablist\" class=\"single_toggle\" data-tags=\"{Tout} \"  ><p id='toggle-toggle-id-5' data-fake-id='#toggle-id-5' class='toggler  av-title-above '  itemprop=\"headline\"  role='tab' tabindex='0' aria-controls='toggle-id-5' data-slide-speed=\"200\" data-title=\"Maisons d\u2019\u00e9ditions suisses en sciences sociales\" data-title-open=\"\" data-aria_collapsed=\"Cliquez pour \u00e9tendre : Maisons d\u2019\u00e9ditions suisses en sciences sociales\" data-aria_expanded=\"Cliquez pour r\u00e9duire : Maisons d\u2019\u00e9ditions suisses en sciences sociales\">Maisons d\u2019\u00e9ditions suisses en sciences sociales<span class=\"toggle_icon\"><span class=\"vert_icon\"><\/span><span class=\"hor_icon\"><\/span><\/span><\/p><div id='toggle-id-5' aria-labelledby='toggle-toggle-id-5' role='region' class='toggle_wrap  av-title-above'  ><div class='toggle_content invers-color '  itemprop=\"text\" ><ul>\n<li><a href=\"https:\/\/seismoverlag.ch\/fr\/\">Editions Seismo<\/a><\/li>\n<li><a href=\"https:\/\/www.socialinfo.ch\">Editions Socialinfo<\/a><\/li>\n<li><a title=\"http:\/\/www.soziothek.ch\" href=\"http:\/\/www.soziothek.ch\/\" target=\"_blank\" rel=\"noopener noreferrer\">Edition Soziothek<\/a><\/li>\n<li><a href=\"http:\/\/antipodes.ch\">Editions Antipodes<\/a><\/li>\n<li><a href=\"https:\/\/www.alphil.com\">Editions Alphil<\/a><\/li>\n<\/ul>\n<\/div><\/div><\/div><\/section>\n<section class='av_toggle_section av-av_toggle-1d51165445ba8aeae9851172e0c1584c'  itemscope=\"itemscope\" itemtype=\"https:\/\/schema.org\/CreativeWork\" ><div role=\"tablist\" class=\"single_toggle\" data-tags=\"{Tout} \"  ><p id='toggle-toggle-id-6' data-fake-id='#toggle-id-6' class='toggler  av-title-above '  itemprop=\"headline\"  role='tab' tabindex='0' aria-controls='toggle-id-6' data-slide-speed=\"200\" data-title=\"Associations de sociologie\" data-title-open=\"\" data-aria_collapsed=\"Cliquez pour \u00e9tendre : Associations de sociologie\" data-aria_expanded=\"Cliquez pour r\u00e9duire : Associations de sociologie\">Associations de sociologie<span class=\"toggle_icon\"><span class=\"vert_icon\"><\/span><span class=\"hor_icon\"><\/span><\/span><\/p><div id='toggle-id-6' aria-labelledby='toggle-toggle-id-6' role='region' class='toggle_wrap  av-title-above'  ><div class='toggle_content invers-color '  itemprop=\"text\" ><p>La SSS est membres des associations internationales de sociologie suivantes :<\/p>\n<ul>\n<li><a title=\"http:\/\/www.valt.helsinki.fi\/esa\/\" href=\"http:\/\/www.europeansociology.org\/\" target=\"_blank\" rel=\"noopener noreferrer\">ESA: European Sociological Association<\/a><\/li>\n<li><a title=\"http:\/\/www.ucm.es\/info\/isa\/\" href=\"http:\/\/www.isa-sociology.org\/\" target=\"_blank\" rel=\"noopener noreferrer\">ISA: International Sociological Association<\/a><\/li>\n<\/ul>\n<p>Autres associations :<\/p>\n<ul>\n<li><a href=\"https:\/\/afs-socio.fr\">AFS: Association Fran\u00e7aise de Sociologie<\/a><\/li>\n<li><a title=\"http:\/\/www.ais-sociologia.it\" href=\"http:\/\/www.ais-sociologia.it\/\" target=\"_blank\" rel=\"noopener noreferrer\">AIS: Associazione Italiana di Sociologia <\/a><\/li>\n<li><a title=\"http:\/\/www.univ-tlse2.fr\/aislf\" href=\"http:\/\/www.aislf.org\/\" target=\"_blank\" rel=\"noopener noreferrer\">AISLF: L\u2019Association internationale des sociologies de langue fran\u00e7aise <\/a><\/li>\n<li><a title=\"http:\/\/www.asanet.org\" href=\"http:\/\/www.asanet.org\/\" target=\"_blank\" rel=\"noopener noreferrer\">ASA: American Sociological Association<\/a><\/li>\n<li><a href=\"https:\/\/www.soziologie-deutschland.net\">Berufsverband Deutscher Soziologinnen und Soziologen<\/a><\/li>\n<li><a title=\"http:\/\/www.aacsnet.org\/wp\" href=\"http:\/\/www.aacsnet.net\/\" target=\"_blank\" rel=\"noopener noreferrer\">Association for Applied and Clinical Sociology<\/a><\/li>\n<li><a href=\"http:\/\/www.britsoc.co.uk\/\" target=\"_blank\" rel=\"noopener noreferrer\">BSA: British Sociological Association<\/a><\/li>\n<li><a title=\"http:\/\/www.soziologie.de\" href=\"http:\/\/www.soziologie.de\/\" target=\"_blank\" rel=\"noopener noreferrer\">DGS: Deutsche Gesellschaft f\u00fcr Soziologie<\/a><\/li>\n<li><a title=\"http:\/\/www.oegs.ac.at\" href=\"http:\/\/www.oegs.ac.at\/\" target=\"_blank\" rel=\"noopener noreferrer\">\u00d6GS: \u00d6sterreichische Gesellschaft f\u00fcr Soziologie<\/a><\/li>\n<\/ul>\n<\/div><\/div><\/div><\/section>\n<section class='av_toggle_section av-av_toggle-66a248a9db28151dc82d56655a044229'  itemscope=\"itemscope\" itemtype=\"https:\/\/schema.org\/CreativeWork\" ><div role=\"tablist\" class=\"single_toggle\" data-tags=\"{Tout} \"  ><p id='toggle-toggle-id-7' data-fake-id='#toggle-id-7' class='toggler  av-title-above '  itemprop=\"headline\"  role='tab' tabindex='0' aria-controls='toggle-id-7' data-slide-speed=\"200\" data-title=\"Divers\" data-title-open=\"\" data-aria_collapsed=\"Cliquez pour \u00e9tendre : Divers\" data-aria_expanded=\"Cliquez pour r\u00e9duire : Divers\">Divers<span class=\"toggle_icon\"><span class=\"vert_icon\"><\/span><span class=\"hor_icon\"><\/span><\/span><\/p><div id='toggle-id-7' aria-labelledby='toggle-toggle-id-7' role='region' class='toggle_wrap  av-title-above'  ><div class='toggle_content invers-color '  itemprop=\"text\" ><div id=\"main_content\">\n<ul>\n<li><a title=\"http:\/\/www.socio.ch\" href=\"http:\/\/www.socio.ch\/\" target=\"_blank\" rel=\"noopener noreferrer\">Sociology in Switzerland<\/a><\/li>\n<li><a title=\"World Society Foundation\" href=\"http:\/\/www.worldsociety.ch\/doku.php\" target=\"_blank\" rel=\"noopener noreferrer\">World Society Foundation<\/a><\/li>\n<li><a href=\"http:\/\/www.orlux-ag.ch\/?page_id=32\" target=\"_blank\" rel=\"noopener noreferrer\">Orlux AG<\/a><\/li>\n<\/ul>\n<\/div>\n<div class=\"spacer\"><\/div>\n<div id=\"footer\"><\/div>\n<\/div><\/div><\/div><\/section>\n<\/div>\n\n","protected":false},"excerpt":{"rendered":"","protected":false},"author":1,"featured_media":0,"parent":0,"menu_order":0,"comment_status":"closed","ping_status":"closed","template":"","meta":{"footnotes":""},"class_list":["post-704","page","type-page","status-publish","hentry"],"_links":{"self":[{"href":"https:\/\/www.sgs-sss.ch\/fr\/wp-json\/wp\/v2\/pages\/704","targetHints":{"allow":["GET"]}}],"collection":[{"href":"https:\/\/www.sgs-sss.ch\/fr\/wp-json\/wp\/v2\/pages"}],"about":[{"href":"https:\/\/www.sgs-sss.ch\/fr\/wp-json\/wp\/v2\/types\/page"}],"author":[{"embeddable":true,"href":"https:\/\/www.sgs-sss.ch\/fr\/wp-json\/wp\/v2\/users\/1"}],"replies":[{"embeddable":true,"href":"https:\/\/www.sgs-sss.ch\/fr\/wp-json\/wp\/v2\/comments?post=704"}],"version-history":[{"count":42,"href":"https:\/\/www.sgs-sss.ch\/fr\/wp-json\/wp\/v2\/pages\/704\/revisions"}],"predecessor-version":[{"id":19661,"href":"https:\/\/www.sgs-sss.ch\/fr\/wp-json\/wp\/v2\/pages\/704\/revisions\/19661"}],"wp:attachment":[{"href":"https:\/\/www.sgs-sss.ch\/fr\/wp-json\/wp\/v2\/media?parent=704"}],"curies":[{"name":"wp","href":"https:\/\/api.w.org\/{rel}","templated":true}]}}